{"id":30720,"date":"2024-03-11T17:33:48","date_gmt":"2024-03-11T16:33:48","guid":{"rendered":"https:\/\/artentika.art\/authentifizierung\/"},"modified":"2024-03-31T18:58:23","modified_gmt":"2024-03-31T16:58:23","slug":"authentifizierung","status":"publish","type":"page","link":"https:\/\/artentika.art\/de\/authentifizierung\/","title":{"rendered":"Authentifizierung"},"content":{"rendered":"<p>[et_pb_section fb_built=&#8220;1&#8243; _builder_version=&#8220;4.24.2&#8243; _module_preset=&#8220;default&#8220; background_color=&#8220;#F9FBFD&#8220; da_disable_devices=&#8220;off|off|off&#8220; border_width_bottom=&#8220;1px&#8220; border_color_bottom=&#8220;#7569CC&#8220; global_colors_info=&#8220;{}&#8220; da_is_popup=&#8220;off&#8220; da_exit_intent=&#8220;off&#8220; da_has_close=&#8220;on&#8220; da_alt_close=&#8220;off&#8220; da_dark_close=&#8220;off&#8220; da_not_modal=&#8220;on&#8220; da_is_singular=&#8220;off&#8220; da_with_loader=&#8220;off&#8220; da_has_shadow=&#8220;on&#8220;][et_pb_row _builder_version=&#8220;4.24.2&#8243; _module_preset=&#8220;default&#8220; global_colors_info=&#8220;{}&#8220;][et_pb_column type=&#8220;4_4&#8243; _builder_version=&#8220;4.24.2&#8243; _module_preset=&#8220;default&#8220; global_colors_info=&#8220;{}&#8220;][et_pb_text _builder_version=&#8220;4.24.2&#8243; _module_preset=&#8220;default&#8220; header_font=&#8220;|700|||||||&#8220; header_text_align=&#8220;center&#8220; header_font_size=&#8220;67px&#8220; header_font_size_tablet=&#8220;60px&#8220; header_font_size_phone=&#8220;38px&#8220; header_font_size_last_edited=&#8220;on|phone&#8220; global_colors_info=&#8220;{}&#8220;]<\/p>\n<h1><span style=\"color: #2d73c8;\">Authentifizierung<\/span><\/h1>\n<p>[\/et_pb_text][\/et_pb_column][\/et_pb_row][\/et_pb_section][et_pb_section fb_built=&#8220;1&#8243; _builder_version=&#8220;4.24.2&#8243; _module_preset=&#8220;default&#8220; background_color=&#8220;#F9FBFD&#8220; custom_padding=&#8220;||2px|||&#8220; da_disable_devices=&#8220;off|off|off&#8220; global_colors_info=&#8220;{}&#8220; da_is_popup=&#8220;off&#8220; da_exit_intent=&#8220;off&#8220; da_has_close=&#8220;on&#8220; da_alt_close=&#8220;off&#8220; da_dark_close=&#8220;off&#8220; da_not_modal=&#8220;on&#8220; da_is_singular=&#8220;off&#8220; da_with_loader=&#8220;off&#8220; da_has_shadow=&#8220;on&#8220;][et_pb_row _builder_version=&#8220;4.24.2&#8243; _module_preset=&#8220;default&#8220; global_colors_info=&#8220;{}&#8220;][et_pb_column type=&#8220;4_4&#8243; _builder_version=&#8220;4.24.2&#8243; _module_preset=&#8220;default&#8220; global_colors_info=&#8220;{}&#8220;][et_pb_text _builder_version=&#8220;4.24.2&#8243; _module_preset=&#8220;default&#8220; text_text_color=&#8220;#0A0A0A&#8220; text_font_size=&#8220;18px&#8220; hover_enabled=&#8220;0&#8243; global_colors_info=&#8220;{}&#8220; sticky_enabled=&#8220;0&#8243;]<\/p>\n<p>Der Kunstauthentifizierungsdienst Artentika wird eingesetzt, um die Echtheit und Zuordnung von Kunstwerken zu bestimmen. Wir nutzen k\u00fcnstliche Intelligenz f\u00fcr eine vorl\u00e4ufige Bewertung, und wenn weitere Untersuchungen erforderlich sind, wird ein f\u00fchrender Experte f\u00fcr den jeweiligen K\u00fcnstler hinzugezogen.<\/p>\n<p>[\/et_pb_text][\/et_pb_column][\/et_pb_row][\/et_pb_section][et_pb_section fb_built=&#8220;1&#8243; _builder_version=&#8220;4.24.2&#8243; _module_preset=&#8220;default&#8220; background_color=&#8220;#F9FBFD&#8220; custom_padding=&#8220;||5px|||&#8220; da_disable_devices=&#8220;off|off|off&#8220; global_colors_info=&#8220;{}&#8220; da_is_popup=&#8220;off&#8220; da_exit_intent=&#8220;off&#8220; da_has_close=&#8220;on&#8220; da_alt_close=&#8220;off&#8220; da_dark_close=&#8220;off&#8220; da_not_modal=&#8220;on&#8220; da_is_singular=&#8220;off&#8220; da_with_loader=&#8220;off&#8220; da_has_shadow=&#8220;on&#8220;][et_pb_row _builder_version=&#8220;4.24.2&#8243; _module_preset=&#8220;default&#8220; global_colors_info=&#8220;{}&#8220;][et_pb_column type=&#8220;4_4&#8243; _builder_version=&#8220;4.24.2&#8243; _module_preset=&#8220;default&#8220; global_colors_info=&#8220;{}&#8220;][et_pb_text _builder_version=&#8220;4.24.2&#8243; _module_preset=&#8220;default&#8220; header_2_font=&#8220;|700|||||||&#8220; header_2_font_size=&#8220;42px&#8220; custom_margin=&#8220;||15px|||&#8220; global_colors_info=&#8220;{}&#8220;]<\/p>\n<h2>Der Artentika-Prozess<\/h2>\n<p>[\/et_pb_text][et_pb_divider color=&#8220;#7569CC&#8220; _builder_version=&#8220;4.24.2&#8243; _module_preset=&#8220;default&#8220; global_colors_info=&#8220;{}&#8220;][\/et_pb_divider][et_pb_text _builder_version=&#8220;4.24.2&#8243; _module_preset=&#8220;default&#8220; text_text_color=&#8220;#0A0A0A&#8220; text_font_size=&#8220;18px&#8220; ol_font=&#8220;||||||||&#8220; header_6_font=&#8220;|800|||||||&#8220; header_6_text_align=&#8220;left&#8220; header_6_text_color=&#8220;#7569CC&#8220; header_6_font_size=&#8220;26px&#8220; global_colors_info=&#8220;{}&#8220;]<\/p>\n<h6>1 M\u00fchelose Fotoeinreichung<\/h6>\n<p>Nehmen Sie ein hochwertiges Foto Ihres Kunstwerks mit einer Standardkamera oder unserer intuitiven Artentika Art Management App auf. Die App vereinfacht den Prozess, indem sie Ihr Bild automatisch hochl\u00e4dt und Hinweise zur Fotoqualit\u00e4t gibt. Unser System bewertet sofort, ob Ihr Foto f\u00fcr unsere Analyse geeignet ist, und gibt Ihnen ein unmittelbares Feedback.<\/p>\n<p>&nbsp;<\/p>\n<h6>2 KI-gest\u00fctzte Vorabanalyse<\/h6>\n<p>Sobald Ihr Foto genehmigt ist, wird es unserer hochmodernen KI-Analyse unterzogen. In dieser Phase wird effizient ermittelt, ob eine umfassende Untersuchung gerechtfertigt ist.<\/p>\n<p>&nbsp;<\/p>\n<h6>3 Angebot f\u00fcr weitere Untersuchungen<\/h6>\n<p>Sollten unsere AI-Ergebnisse eine eingehendere Pr\u00fcfung rechtfertigen, werden wir ein detailliertes Angebot mit Angaben zum Umfang der vorgeschlagenen Untersuchung vorlegen. Sie haben immer die Wahl, weiterzumachen oder nicht.<\/p>\n<p>&nbsp;<\/p>\n<h6>4 Umfassende, globale Authentifizierung<\/h6>\n<p><span>Unsere Fachleute werden Ihr Kunstwerk pers\u00f6nlich und unabh\u00e4ngig von seinem Standort genauestens untersuchen. Hochmoderne, nicht-invasive Scanner werden eingesetzt, um subtile Details aufzudecken, die zur Best\u00e4tigung der Echtheit erforderlich sind. Unser wissenschaftlicher Authentifizierungsbericht wird von einer international anerkannten Autorit\u00e4t auf dem Gebiet des jeweiligen K\u00fcnstlers gepr\u00fcft. Der Abschlussbericht wird von dem Sachverst\u00e4ndigen und Artentika gemeinsam unterzeichnet. Schlie\u00dflich erhalten Sie ein f\u00e4lschungssicheres Zertifikat, das die Echtheit Ihres Kunstwerks dokumentiert.<\/span><\/p>\n<p>&nbsp;<\/p>\n<p>[\/et_pb_text][\/et_pb_column][\/et_pb_row][\/et_pb_section][et_pb_section fb_built=&#8220;1&#8243; custom_padding_last_edited=&#8220;on|phone&#8220; _builder_version=&#8220;4.24.2&#8243; _module_preset=&#8220;default&#8220; background_color=&#8220;#F9FBFD&#8220; custom_padding_tablet=&#8220;&#8220; custom_padding_phone=&#8220;0px||||false|false&#8220; da_disable_devices=&#8220;off|off|off&#8220; global_colors_info=&#8220;{}&#8220; da_is_popup=&#8220;off&#8220; da_exit_intent=&#8220;off&#8220; da_has_close=&#8220;on&#8220; da_alt_close=&#8220;off&#8220; da_dark_close=&#8220;off&#8220; da_not_modal=&#8220;on&#8220; da_is_singular=&#8220;off&#8220; da_with_loader=&#8220;off&#8220; da_has_shadow=&#8220;on&#8220;][et_pb_row _builder_version=&#8220;4.24.2&#8243; _module_preset=&#8220;default&#8220; global_colors_info=&#8220;{}&#8220;][et_pb_column type=&#8220;4_4&#8243; _builder_version=&#8220;4.24.2&#8243; _module_preset=&#8220;default&#8220; global_colors_info=&#8220;{}&#8220;][et_pb_text _builder_version=&#8220;4.24.2&#8243; _module_preset=&#8220;default&#8220; text_text_color=&#8220;#0A0A0A&#8220; text_font_size=&#8220;18px&#8220; header_2_font=&#8220;|700|||||||&#8220; header_2_font_size=&#8220;42px&#8220; custom_margin=&#8220;||15px|||&#8220; global_colors_info=&#8220;{}&#8220;]<\/p>\n<h2>Der Artentika-Vorteil<\/h2>\n<p>&nbsp;<\/p>\n<p>Wir bieten c<span>Kommunikation, Kostentransparenz und Flexibilit\u00e4t in jeder Phase. Unsere firmeneigene Methodik erm\u00f6glicht eine effiziente, automatisierte Foto-Vorbewertung, gefolgt von einem eingehenden Authentifizierungsprozess, falls dies gerechtfertigt ist. Wo auch immer sich Ihr Kunstwerk befindet, die technische Pr\u00fcfung vor Ort in Verbindung mit einer fachkundigen Kontrolle schafft einen Weltklasse-Standard der Strenge.<\/span><\/p>\n<p>[\/et_pb_text][\/et_pb_column][\/et_pb_row][et_pb_row _builder_version=&#8220;4.24.2&#8243; _module_preset=&#8220;default&#8220; custom_padding=&#8220;100px|||||&#8220; global_colors_info=&#8220;{}&#8220;][et_pb_column type=&#8220;4_4&#8243; _builder_version=&#8220;4.24.2&#8243; _module_preset=&#8220;default&#8220; global_colors_info=&#8220;{}&#8220;][et_pb_text _builder_version=&#8220;4.24.2&#8243; _module_preset=&#8220;default&#8220; text_font=&#8220;|600|||||||&#8220; text_text_color=&#8220;#0A0A0A&#8220; text_font_size=&#8220;32px&#8220; text_orientation=&#8220;center&#8220; custom_margin=&#8220;||64px|||&#8220; hover_enabled=&#8220;0&#8243; global_colors_info=&#8220;{}&#8220; sticky_enabled=&#8220;0&#8243;]<\/p>\n<p>Sind Sie bereit, Ihr Kunstwerk beglaubigen zu lassen?<\/p>\n<p>[\/et_pb_text][et_pb_button button_url=&#8220;https:\/\/artentika.art\/de\/kontakt\/&#8220; button_text=&#8220;Buchen Sie eine kostenlose Beratung&#8220; button_alignment=&#8220;center&#8220; _builder_version=&#8220;4.24.2&#8243; _module_preset=&#8220;default&#8220; custom_button=&#8220;on&#8220; button_text_size=&#8220;22px&#8220; button_text_color=&#8220;#FFFFFE&#8220; button_bg_color=&#8220;#2D73C8&#8243; button_border_width=&#8220;0px&#8220; button_border_color=&#8220;RGBA(255,255,255,0)&#8220; button_border_radius=&#8220;14px&#8220; button_icon=&#8220;&#x3d;||divi||400&#8243; custom_margin=&#8220;||||false|false&#8220; custom_margin_tablet=&#8220;||||false|false&#8220; custom_margin_phone=&#8220;|||0px|false|false&#8220; custom_margin_last_edited=&#8220;on|desktop&#8220; custom_padding=&#8220;9px||9px||true|false&#8220; global_colors_info=&#8220;{}&#8220;][\/et_pb_button][\/et_pb_column][\/et_pb_row][\/et_pb_section]<\/p>\n","protected":false},"excerpt":{"rendered":"<p>AuthentifizierungDer Kunstauthentifizierungsdienst Artentika wird eingesetzt, um die Echtheit und Zuordnung von Kunstwerken zu bestimmen. Wir nutzen k\u00fcnstliche Intelligenz f\u00fcr eine vorl\u00e4ufige Bewertung, und wenn weitere Untersuchungen erforderlich sind, wird ein f\u00fchrender Experte f\u00fcr den jeweiligen K\u00fcnstler hinzugezogen.Der Artentika-Prozess1 M\u00fchelose Fotoeinreichung Nehmen Sie ein hochwertiges Foto Ihres Kunstwerks mit einer Standardkamera oder unserer intuitiven Artentika Art [&hellip;]<\/p>\n","protected":false},"author":1,"featured_media":0,"parent":0,"menu_order":0,"comment_status":"closed","ping_status":"closed","template":"","meta":{"_et_pb_use_builder":"on","_et_pb_old_content":"","_et_gb_content_width":"","footnotes":""},"class_list":["post-30720","page","type-page","status-publish","hentry"],"_links":{"self":[{"href":"https:\/\/artentika.art\/de\/wp-json\/wp\/v2\/pages\/30720","targetHints":{"allow":["GET"]}}],"collection":[{"href":"https:\/\/artentika.art\/de\/wp-json\/wp\/v2\/pages"}],"about":[{"href":"https:\/\/artentika.art\/de\/wp-json\/wp\/v2\/types\/page"}],"author":[{"embeddable":true,"href":"https:\/\/artentika.art\/de\/wp-json\/wp\/v2\/users\/1"}],"replies":[{"embeddable":true,"href":"https:\/\/artentika.art\/de\/wp-json\/wp\/v2\/comments?post=30720"}],"version-history":[{"count":9,"href":"https:\/\/artentika.art\/de\/wp-json\/wp\/v2\/pages\/30720\/revisions"}],"predecessor-version":[{"id":32141,"href":"https:\/\/artentika.art\/de\/wp-json\/wp\/v2\/pages\/30720\/revisions\/32141"}],"wp:attachment":[{"href":"https:\/\/artentika.art\/de\/wp-json\/wp\/v2\/media?parent=30720"}],"curies":[{"name":"wp","href":"https:\/\/api.w.org\/{rel}","templated":true}]}}