{"id":30748,"date":"2024-03-11T17:33:48","date_gmt":"2024-03-11T16:33:48","guid":{"rendered":"https:\/\/artentika.art\/ueberpruefung\/"},"modified":"2024-03-31T18:58:27","modified_gmt":"2024-03-31T16:58:27","slug":"ueberpruefung","status":"publish","type":"page","link":"https:\/\/artentika.art\/de\/ueberpruefung\/","title":{"rendered":"\u00dcberpr\u00fcfung"},"content":{"rendered":"<p>[et_pb_section fb_built=&#8220;1&#8243; _builder_version=&#8220;4.24.2&#8243; _module_preset=&#8220;default&#8220; background_color=&#8220;#F9FBFD&#8220; custom_padding=&#8220;54px||56px|||&#8220; da_disable_devices=&#8220;off|off|off&#8220; border_width_bottom=&#8220;1px&#8220; border_color_bottom=&#8220;#7569CC&#8220; global_colors_info=&#8220;{}&#8220; da_is_popup=&#8220;off&#8220; da_exit_intent=&#8220;off&#8220; da_has_close=&#8220;on&#8220; da_alt_close=&#8220;off&#8220; da_dark_close=&#8220;off&#8220; da_not_modal=&#8220;on&#8220; da_is_singular=&#8220;off&#8220; da_with_loader=&#8220;off&#8220; da_has_shadow=&#8220;on&#8220;][et_pb_row _builder_version=&#8220;4.24.2&#8243; _module_preset=&#8220;default&#8220; global_colors_info=&#8220;{}&#8220;][et_pb_column type=&#8220;4_4&#8243; _builder_version=&#8220;4.24.2&#8243; _module_preset=&#8220;default&#8220; global_colors_info=&#8220;{}&#8220;][et_pb_text _builder_version=&#8220;4.24.2&#8243; _module_preset=&#8220;default&#8220; header_font=&#8220;|700|||||||&#8220; header_text_align=&#8220;center&#8220; header_font_size=&#8220;67px&#8220; header_font_size_tablet=&#8220;60px&#8220; header_font_size_phone=&#8220;38px&#8220; header_font_size_last_edited=&#8220;on|phone&#8220; global_colors_info=&#8220;{}&#8220;]<\/p>\n<h1><span style=\"color: #2d73c8;\">Verifizierung <span style=\"color: #0a0000;\"> und Kuratierung <\/span><\/span><\/h1>\n<p>[\/et_pb_text][\/et_pb_column][\/et_pb_row][\/et_pb_section][et_pb_section fb_built=&#8220;1&#8243; _builder_version=&#8220;4.24.2&#8243; _module_preset=&#8220;default&#8220; background_color=&#8220;#F9FBFD&#8220; custom_padding=&#8220;||0px|||&#8220; da_disable_devices=&#8220;off|off|off&#8220; global_colors_info=&#8220;{}&#8220; da_is_popup=&#8220;off&#8220; da_exit_intent=&#8220;off&#8220; da_has_close=&#8220;on&#8220; da_alt_close=&#8220;off&#8220; da_dark_close=&#8220;off&#8220; da_not_modal=&#8220;on&#8220; da_is_singular=&#8220;off&#8220; da_with_loader=&#8220;off&#8220; da_has_shadow=&#8220;on&#8220;][et_pb_row column_structure=&#8220;1_2,1_2&#8243; _builder_version=&#8220;4.24.2&#8243; _module_preset=&#8220;default&#8220; global_colors_info=&#8220;{}&#8220;][et_pb_column type=&#8220;1_2&#8243; _builder_version=&#8220;4.24.2&#8243; _module_preset=&#8220;default&#8220; global_colors_info=&#8220;{}&#8220;][et_pb_text _builder_version=&#8220;4.24.2&#8243; _module_preset=&#8220;default&#8220; text_font=&#8220;||||||||&#8220; text_text_color=&#8220;#0A0A0A&#8220; text_font_size=&#8220;18px&#8220; custom_margin=&#8220;||-2px|||&#8220; custom_padding=&#8220;||35px|||&#8220; border_color_bottom=&#8220;#7569CC&#8220; global_colors_info=&#8220;{}&#8220;]<\/p>\n<p>Unser Verifizierungsdienst erm\u00f6glicht den Vergleich von zwei Bildern eines Kunstwerks, die in einem bestimmten Zeitraum entstanden sind. Wir k\u00f6nnen eventuelle Sch\u00e4den oder Ver\u00e4nderungen am Kunstwerk feststellen. Diese One-2-One\u2122-Technologie hat viele verschiedene Anwendungen, wie z. B. Konservierung und Kuratierung, und kann f\u00fcr viele Parteien von Interesse sein &#8211; f\u00fcr <strong>Kunstschaffende, Gutachter, Galerien, Makler und andere, die unten aufgef\u00fchrt sind. <\/strong>Die \u00dcberpr\u00fcfung ist ein automatisierter Prozess \u00fcber die Artentika Art Managment App.<\/p>\n<p>[\/et_pb_text][et_pb_text _builder_version=&#8220;4.24.2&#8243; _module_preset=&#8220;default&#8220; header_4_font=&#8220;|600|||||||&#8220; header_4_text_color=&#8220;#0A0A0A&#8220; header_4_font_size=&#8220;32px&#8220; global_colors_info=&#8220;{}&#8220;]<\/p>\n<h4>Sehen Sie die <span style=\"color: #2d73c8;\">Artentika-App<\/span> in Aktion!<\/h4>\n<p>[\/et_pb_text][et_pb_button button_url=&#8220;https:\/\/artentika.art\/de\/kontakt\/&#8220; button_text=&#8220;Buchen Sie eine kostenlose Beratung&#8220; _builder_version=&#8220;4.24.2&#8243; _module_preset=&#8220;default&#8220; custom_button=&#8220;on&#8220; button_text_size=&#8220;22px&#8220; button_text_color=&#8220;#FFFFFE&#8220; button_bg_color=&#8220;#2D73C8&#8243; button_border_width=&#8220;0px&#8220; button_border_color=&#8220;RGBA(255,255,255,0)&#8220; button_border_radius=&#8220;14px&#8220; button_icon=&#8220;&#x3d;||divi||400&#8243; custom_margin=&#8220;||||false|false&#8220; custom_padding=&#8220;9px||9px||true|false&#8220; global_colors_info=&#8220;{}&#8220;][\/et_pb_button][\/et_pb_column][et_pb_column type=&#8220;1_2&#8243; _builder_version=&#8220;4.24.2&#8243; _module_preset=&#8220;default&#8220; global_colors_info=&#8220;{}&#8220;][et_pb_image src=&#8220;https:\/\/artentika.art\/wp-content\/uploads\/2024\/03\/Artentika-phone-2.png&#8220; title_text=&#8220;Artentika Telefon 2&#8243; align=&#8220;center&#8220; _builder_version=&#8220;4.24.2&#8243; _module_preset=&#8220;default&#8220; max_height=&#8220;800px&#8220; global_colors_info=&#8220;{}&#8220;][\/et_pb_image][\/et_pb_column][\/et_pb_row][\/et_pb_section][et_pb_section fb_built=&#8220;1&#8243; _builder_version=&#8220;4.24.2&#8243; _module_preset=&#8220;default&#8220; background_color=&#8220;#F9FBFD&#8220; da_disable_devices=&#8220;off|off|off&#8220; global_colors_info=&#8220;{}&#8220; da_is_popup=&#8220;off&#8220; da_exit_intent=&#8220;off&#8220; da_has_close=&#8220;on&#8220; da_alt_close=&#8220;off&#8220; da_dark_close=&#8220;off&#8220; da_not_modal=&#8220;on&#8220; da_is_singular=&#8220;off&#8220; da_with_loader=&#8220;off&#8220; da_has_shadow=&#8220;on&#8220;][et_pb_row column_structure=&#8220;1_3,1_3,1_3&#8243; _builder_version=&#8220;4.24.2&#8243; _module_preset=&#8220;default&#8220; max_width=&#8220;1600px&#8220; global_colors_info=&#8220;{}&#8220;][et_pb_column type=&#8220;1_3&#8243; _builder_version=&#8220;4.24.2&#8243; _module_preset=&#8220;default&#8220; border_width_all=&#8220;2px&#8220; border_color_all=&#8220;#7569CC&#8220; global_colors_info=&#8220;{}&#8220;][et_pb_blurb title=&#8220;Museen&#8220; use_icon=&#8220;on&#8220; font_icon=&#8220;&#xf557;||fa||900&#8243; icon_color=&#8220;#7569CC&#8220; image_icon_background_color=&#8220;RGBA(255,255,255,0)&#8220; image_icon_width=&#8220;64px&#8220; _builder_version=&#8220;4.24.2&#8243; _module_preset=&#8220;default&#8220; header_font=&#8220;|700|||||||&#8220; header_font_size=&#8220;28px&#8220; body_text_color=&#8220;#0A0A0A&#8220; body_font_size=&#8220;18px&#8220; custom_margin=&#8220;||0px|||&#8220; custom_padding=&#8220;35px|35px|35px|35px|true|true&#8220; border_radii=&#8220;on|48px|48px|48px|48px&#8220; border_color_all=&#8220;#7569CC&#8220; global_colors_info=&#8220;{}&#8220;]<\/p>\n<p><span>Gehen Sie \u00fcber die Authentifizierung einzelner Werke hinaus. Arbeiten Sie mit Artentika zusammen, um eine nahtlose \u00dcberwachung der gesamten Sammlung mithilfe unserer einzigartigen Smartphone-gesteuerten Analyse zu erm\u00f6glichen.<\/span><\/p>\n<p>[\/et_pb_blurb][et_pb_button button_url=&#8220;https:\/\/artentika.art\/de\/museen\/&#8220; button_text=&#8220;Mehr erfahren&#8220; button_alignment=&#8220;center&#8220; _builder_version=&#8220;4.24.2&#8243; _module_preset=&#8220;default&#8220; custom_button=&#8220;on&#8220; button_text_size=&#8220;22px&#8220; button_text_color=&#8220;#7569CC&#8220; button_bg_color=&#8220;#FFFFFE&#8220; button_border_width=&#8220;2px&#8220; button_border_color=&#8220;#7569CC&#8220; button_border_radius=&#8220;13px&#8220; button_font=&#8220;|700|||||||&#8220; button_icon=&#8220;&#x3d;||divi||400&#8243; custom_margin=&#8220;||35px||false|false&#8220; global_colors_info=&#8220;{}&#8220;][\/et_pb_button][\/et_pb_column][et_pb_column type=&#8220;1_3&#8243; _builder_version=&#8220;4.24.2&#8243; _module_preset=&#8220;default&#8220; border_width_all=&#8220;2px&#8220; border_color_all=&#8220;#7569CC&#8220; global_colors_info=&#8220;{}&#8220;][et_pb_blurb title=&#8220;Firmen- und Privatsammler&#8220; use_icon=&#8220;on&#8220; font_icon=&#8220;&#xf007;||fa||900&#8243; icon_color=&#8220;#7569CC&#8220; image_icon_background_color=&#8220;RGBA(255,255,255,0)&#8220; image_icon_width=&#8220;64px&#8220; _builder_version=&#8220;4.24.2&#8243; _module_preset=&#8220;default&#8220; header_font=&#8220;|700|||||||&#8220; header_font_size=&#8220;28px&#8220; body_text_color=&#8220;#0A0A0A&#8220; body_font_size=&#8220;18px&#8220; custom_margin=&#8220;||0px|||&#8220; custom_padding=&#8220;35px|35px|35px|35px|true|true&#8220; border_radii=&#8220;on|48px|48px|48px|48px&#8220; border_color_all=&#8220;#7569CC&#8220; locked=&#8220;off&#8220; global_colors_info=&#8220;{}&#8220;]<\/p>\n<p><span>Erhalten Sie die Sch\u00f6nheit und den langfristigen Wert Ihrer wertvollen Sammlung mit der wissenschaftlich strengen j\u00e4hrlichen Bewertung durch Artentika.<\/span><\/p>\n<p>[\/et_pb_blurb][et_pb_button button_url=&#8220;https:\/\/artentika.art\/de\/sammler\/&#8220; button_text=&#8220;Mehr erfahren&#8220; button_alignment=&#8220;center&#8220; _builder_version=&#8220;4.24.2&#8243; _module_preset=&#8220;default&#8220; custom_button=&#8220;on&#8220; button_text_size=&#8220;22px&#8220; button_text_color=&#8220;#7569CC&#8220; button_bg_color=&#8220;#FFFFFE&#8220; button_border_width=&#8220;2px&#8220; button_border_color=&#8220;#7569CC&#8220; button_border_radius=&#8220;13px&#8220; button_font=&#8220;|700|||||||&#8220; button_icon=&#8220;&#x3d;||divi||400&#8243; custom_margin=&#8220;||35px||false|false&#8220; global_colors_info=&#8220;{}&#8220;][\/et_pb_button][\/et_pb_column][et_pb_column type=&#8220;1_3&#8243; _builder_version=&#8220;4.24.2&#8243; _module_preset=&#8220;default&#8220; border_width_all=&#8220;2px&#8220; border_color_all=&#8220;#7569CC&#8220; global_colors_info=&#8220;{}&#8220;][et_pb_blurb title=&#8220;Auktionsh\u00e4user&#8220; use_icon=&#8220;on&#8220; font_icon=&#8220;&#xf54f;||fa||900&#8243; icon_color=&#8220;#7569CC&#8220; image_icon_background_color=&#8220;RGBA(255,255,255,0)&#8220; image_icon_width=&#8220;64px&#8220; _builder_version=&#8220;4.24.2&#8243; _module_preset=&#8220;default&#8220; header_font=&#8220;|700|||||||&#8220; header_font_size=&#8220;28px&#8220; body_text_color=&#8220;#0A0A0A&#8220; body_font_size=&#8220;18px&#8220; custom_margin=&#8220;||0px|||&#8220; custom_padding=&#8220;35px|35px|35px|35px|true|true&#8220; border_radii=&#8220;on|48px|48px|48px|48px&#8220; border_color_all=&#8220;#7569CC&#8220; locked=&#8220;off&#8220; global_colors_info=&#8220;{}&#8220;]<\/p>\n<p>Optimieren Sie den Vertrieb, bauen Sie das Vertrauen der K\u00e4ufer auf und maximieren Sie den Umsatz. Die Smartphone-gest\u00fctzte \u00dcberpr\u00fcfung von Artentika bietet Auktionsh\u00e4usern einen entscheidenden Vorteil.<\/p>\n<p>[\/et_pb_blurb][et_pb_button button_url=&#8220;https:\/\/artentika.art\/de\/auktionshaeuser\/&#8220; button_text=&#8220;Mehr erfahren&#8220; button_alignment=&#8220;center&#8220; _builder_version=&#8220;4.24.2&#8243; _module_preset=&#8220;default&#8220; custom_button=&#8220;on&#8220; button_text_size=&#8220;22px&#8220; button_text_color=&#8220;#7569CC&#8220; button_bg_color=&#8220;#FFFFFE&#8220; button_border_width=&#8220;2px&#8220; button_border_color=&#8220;#7569CC&#8220; button_border_radius=&#8220;13px&#8220; button_font=&#8220;|700|||||||&#8220; button_icon=&#8220;&#x3d;||divi||400&#8243; custom_margin=&#8220;||35px||false|false&#8220; global_colors_info=&#8220;{}&#8220;][\/et_pb_button][\/et_pb_column][\/et_pb_row][et_pb_row column_structure=&#8220;1_3,1_3,1_3&#8243; make_equal=&#8220;on&#8220; _builder_version=&#8220;4.24.2&#8243; _module_preset=&#8220;default&#8220; max_width=&#8220;1600px&#8220; global_colors_info=&#8220;{}&#8220;][et_pb_column type=&#8220;1_3&#8243; _builder_version=&#8220;4.24.2&#8243; _module_preset=&#8220;default&#8220; border_width_all=&#8220;2px&#8220; border_color_all=&#8220;#7569CC&#8220; global_colors_info=&#8220;{}&#8220;][et_pb_blurb title=&#8220;Kunstversicherung &amp; R\u00fcckversicherung&#8220; use_icon=&#8220;on&#8220; font_icon=&#8220;&#xf0d6;||fa||900&#8243; icon_color=&#8220;#7569CC&#8220; image_icon_background_color=&#8220;RGBA(255,255,255,0)&#8220; image_icon_width=&#8220;64px&#8220; _builder_version=&#8220;4.24.2&#8243; _module_preset=&#8220;default&#8220; header_font=&#8220;|700|||||||&#8220; header_font_size=&#8220;28px&#8220; body_text_color=&#8220;#0A0A0A&#8220; body_font_size=&#8220;18px&#8220; custom_margin=&#8220;||0px|||&#8220; custom_padding=&#8220;35px|35px|35px|35px|true|true&#8220; global_colors_info=&#8220;{}&#8220;]<\/p>\n<p>Reduzieren Sie das Risiko und optimieren Sie die Ertr\u00e4ge. Artentika erm\u00f6glicht es Versicherern, Risiken dynamisch zu bewerten und die Genauigkeit der Bewertungen zu erh\u00f6hen.<\/p>\n<p>[\/et_pb_blurb][et_pb_button button_url=&#8220;https:\/\/artentika.art\/de\/kunstversicherung\/&#8220; button_text=&#8220;Mehr erfahren&#8220; button_alignment=&#8220;center&#8220; _builder_version=&#8220;4.24.2&#8243; _module_preset=&#8220;default&#8220; custom_button=&#8220;on&#8220; button_text_size=&#8220;22px&#8220; button_text_color=&#8220;#7569CC&#8220; button_bg_color=&#8220;#FFFFFE&#8220; button_border_width=&#8220;2px&#8220; button_border_color=&#8220;#7569CC&#8220; button_border_radius=&#8220;13px&#8220; button_font=&#8220;|700|||||||&#8220; button_icon=&#8220;&#x3d;||divi||400&#8243; custom_margin=&#8220;||35px||false|false&#8220; global_colors_info=&#8220;{}&#8220;][\/et_pb_button][\/et_pb_column][et_pb_column type=&#8220;1_3&#8243; _builder_version=&#8220;4.24.2&#8243; _module_preset=&#8220;default&#8220; border_width_all=&#8220;2px&#8220; border_color_all=&#8220;#7569CC&#8220; global_colors_info=&#8220;{}&#8220;][et_pb_blurb title=&#8220;Erkennung von Sch\u00e4den in der Logistik und Substitution&#8220; use_icon=&#8220;on&#8220; font_icon=&#8220;&#xf0d1;||fa||900&#8243; icon_color=&#8220;#7569CC&#8220; image_icon_background_color=&#8220;RGBA(255,255,255,0)&#8220; image_icon_width=&#8220;64px&#8220; _builder_version=&#8220;4.24.2&#8243; _module_preset=&#8220;default&#8220; header_font=&#8220;|700|||||||&#8220; header_font_size=&#8220;28px&#8220; body_text_color=&#8220;#0A0A0A&#8220; body_font_size=&#8220;18px&#8220; custom_margin=&#8220;||0px|||&#8220; custom_padding=&#8220;35px|35px|35px|35px|true|true&#8220; border_radii=&#8220;on|48px|48px|48px|48px&#8220; border_color_all=&#8220;#7569CC&#8220; locked=&#8220;off&#8220; global_colors_info=&#8220;{}&#8220;]<\/p>\n<p>Sichern Sie Ihre Kunst beim Transport. Vermeiden Sie kostspielige Streitigkeiten und sch\u00fctzen Sie die Integrit\u00e4t Ihrer Kunstwerke w\u00e4hrend des Transports mit der einfachen Smartphone-gesteuerten L\u00f6sung von Artentika.<\/p>\n<p>[\/et_pb_blurb][et_pb_button button_url=&#8220;https:\/\/artentika.art\/de\/logistik\/&#8220; button_text=&#8220;Mehr erfahren&#8220; button_alignment=&#8220;center&#8220; _builder_version=&#8220;4.24.2&#8243; _module_preset=&#8220;default&#8220; custom_button=&#8220;on&#8220; button_text_size=&#8220;22px&#8220; button_text_color=&#8220;#7569CC&#8220; button_bg_color=&#8220;#FFFFFE&#8220; button_border_width=&#8220;2px&#8220; button_border_color=&#8220;#7569CC&#8220; button_border_radius=&#8220;13px&#8220; button_font=&#8220;|700|||||||&#8220; button_icon=&#8220;&#x3d;||divi||400&#8243; custom_margin=&#8220;||35px||false|false&#8220; global_colors_info=&#8220;{}&#8220;][\/et_pb_button][\/et_pb_column][et_pb_column type=&#8220;1_3&#8243; _builder_version=&#8220;4.24.2&#8243; _module_preset=&#8220;default&#8220; border_width_all=&#8220;2px&#8220; border_color_all=&#8220;#7569CC&#8220; global_colors_info=&#8220;{}&#8220;][et_pb_blurb title=&#8220;Eigentumsnachweis und Urheberrechtsschutz&#8220; use_icon=&#8220;on&#8220; font_icon=&#8220;&#xf1f9;||fa||400&#8243; icon_color=&#8220;#7569CC&#8220; image_icon_background_color=&#8220;RGBA(255,255,255,0)&#8220; image_icon_width=&#8220;64px&#8220; _builder_version=&#8220;4.24.2&#8243; _module_preset=&#8220;default&#8220; header_font=&#8220;|700|||||||&#8220; header_font_size=&#8220;28px&#8220; body_text_color=&#8220;#0A0A0A&#8220; body_font_size=&#8220;18px&#8220; custom_margin=&#8220;||0px|||&#8220; custom_padding=&#8220;35px|35px|35px|35px|true|true&#8220; border_radii=&#8220;on|48px|48px|48px|48px&#8220; border_color_all=&#8220;#7569CC&#8220; locked=&#8220;off&#8220; global_colors_info=&#8220;{}&#8220;]<\/p>\n<p>Sichern Sie Ihre Rechte dank gesicherter Berichte, die einen unanfechtbaren Nachweis zur Durchsetzung und Verteidigung Ihrer k\u00fcnstlerischen und finanziellen Rechte liefern.<\/p>\n<p>[\/et_pb_blurb][et_pb_button button_url=&#8220;https:\/\/artentika.art\/de\/schutz-des-urheberrechts\/&#8220; button_text=&#8220;Mehr erfahren&#8220; button_alignment=&#8220;center&#8220; _builder_version=&#8220;4.24.2&#8243; _module_preset=&#8220;default&#8220; custom_button=&#8220;on&#8220; button_text_size=&#8220;22px&#8220; button_text_color=&#8220;#7569CC&#8220; button_bg_color=&#8220;#FFFFFE&#8220; button_border_width=&#8220;2px&#8220; button_border_color=&#8220;#7569CC&#8220; button_border_radius=&#8220;13px&#8220; button_font=&#8220;|700|||||||&#8220; button_icon=&#8220;&#x3d;||divi||400&#8243; custom_margin=&#8220;||35px||false|false&#8220; global_colors_info=&#8220;{}&#8220;][\/et_pb_button][\/et_pb_column][\/et_pb_row][et_pb_row column_structure=&#8220;1_3,1_3,1_3&#8243; _builder_version=&#8220;4.24.2&#8243; _module_preset=&#8220;default&#8220; max_width=&#8220;1600px&#8220; global_colors_info=&#8220;{}&#8220;][et_pb_column type=&#8220;1_3&#8243; _builder_version=&#8220;4.24.2&#8243; _module_preset=&#8220;default&#8220; global_colors_info=&#8220;{}&#8220;][\/et_pb_column][et_pb_column type=&#8220;1_3&#8243; _builder_version=&#8220;4.24.2&#8243; _module_preset=&#8220;default&#8220; border_width_all=&#8220;2px&#8220; border_color_all=&#8220;#7569CC&#8220; global_colors_info=&#8220;{}&#8220;][et_pb_blurb title=&#8220;Rechtsstreitigkeiten in der Kunst&#8220; use_icon=&#8220;on&#8220; font_icon=&#8220;&#xf0e3;||fa||900&#8243; icon_color=&#8220;#7569CC&#8220; image_icon_background_color=&#8220;RGBA(255,255,255,0)&#8220; image_icon_width=&#8220;64px&#8220; _builder_version=&#8220;4.24.2&#8243; _module_preset=&#8220;default&#8220; header_font=&#8220;|700|||||||&#8220; header_font_size=&#8220;28px&#8220; body_text_color=&#8220;#0A0A0A&#8220; body_font_size=&#8220;18px&#8220; custom_margin=&#8220;||0px|||&#8220; custom_padding=&#8220;35px|35px|35px|35px|true|true&#8220; border_radii=&#8220;on|48px|48px|48px|48px&#8220; border_color_all=&#8220;#7569CC&#8220; global_colors_info=&#8220;{}&#8220;]<\/p>\n<p>Das Kunstrecht ist komplex und viele F\u00e4lle erfordern eine eingehende Analyse von Kunstwerken.  <span>Artentika bietet eine wissenschaftlich fundierte L\u00f6sung, die von f\u00fchrenden Kunstkennern best\u00e4tigt wurde.<\/span><\/p>\n<p>[\/et_pb_blurb][et_pb_button button_url=&#8220;https:\/\/artentika.art\/de\/rechtsstreitigkeiten-in-der-kunst\/&#8220; button_text=&#8220;Mehr erfahren&#8220; button_alignment=&#8220;center&#8220; _builder_version=&#8220;4.24.2&#8243; _module_preset=&#8220;default&#8220; custom_button=&#8220;on&#8220; button_text_size=&#8220;22px&#8220; button_text_color=&#8220;#7569CC&#8220; button_bg_color=&#8220;#FFFFFE&#8220; button_border_width=&#8220;2px&#8220; button_border_color=&#8220;#7569CC&#8220; button_border_radius=&#8220;13px&#8220; button_font=&#8220;|700|||||||&#8220; button_icon=&#8220;&#x3d;||divi||400&#8243; custom_margin=&#8220;||35px||false|false&#8220; global_colors_info=&#8220;{}&#8220;][\/et_pb_button][\/et_pb_column][et_pb_column type=&#8220;1_3&#8243; _builder_version=&#8220;4.24.2&#8243; _module_preset=&#8220;default&#8220; global_colors_info=&#8220;{}&#8220;][\/et_pb_column][\/et_pb_row][\/et_pb_section]<\/p>\n","protected":false},"excerpt":{"rendered":"<p>Verifizierung und Kuratierung Unser Verifizierungsdienst erm\u00f6glicht den Vergleich von zwei Bildern eines Kunstwerks, die in einem bestimmten Zeitraum entstanden sind. Wir k\u00f6nnen eventuelle Sch\u00e4den oder Ver\u00e4nderungen am Kunstwerk feststellen. Diese One-2-One\u2122-Technologie hat viele verschiedene Anwendungen, wie z. B. Konservierung und Kuratierung, und kann f\u00fcr viele Parteien von Interesse sein &#8211; f\u00fcr Kunstschaffende, Gutachter, Galerien, Makler [&hellip;]<\/p>\n","protected":false},"author":1,"featured_media":0,"parent":0,"menu_order":0,"comment_status":"closed","ping_status":"closed","template":"","meta":{"_et_pb_use_builder":"on","_et_pb_old_content":"","_et_gb_content_width":"","footnotes":""},"class_list":["post-30748","page","type-page","status-publish","hentry"],"_links":{"self":[{"href":"https:\/\/artentika.art\/de\/wp-json\/wp\/v2\/pages\/30748","targetHints":{"allow":["GET"]}}],"collection":[{"href":"https:\/\/artentika.art\/de\/wp-json\/wp\/v2\/pages"}],"about":[{"href":"https:\/\/artentika.art\/de\/wp-json\/wp\/v2\/types\/page"}],"author":[{"embeddable":true,"href":"https:\/\/artentika.art\/de\/wp-json\/wp\/v2\/users\/1"}],"replies":[{"embeddable":true,"href":"https:\/\/artentika.art\/de\/wp-json\/wp\/v2\/comments?post=30748"}],"version-history":[{"count":13,"href":"https:\/\/artentika.art\/de\/wp-json\/wp\/v2\/pages\/30748\/revisions"}],"predecessor-version":[{"id":32198,"href":"https:\/\/artentika.art\/de\/wp-json\/wp\/v2\/pages\/30748\/revisions\/32198"}],"wp:attachment":[{"href":"https:\/\/artentika.art\/de\/wp-json\/wp\/v2\/media?parent=30748"}],"curies":[{"name":"wp","href":"https:\/\/api.w.org\/{rel}","templated":true}]}}