{"id":30788,"date":"2024-03-17T15:26:06","date_gmt":"2024-03-17T14:26:06","guid":{"rendered":"https:\/\/artentika.art\/sammlung\/"},"modified":"2024-03-31T18:58:24","modified_gmt":"2024-03-31T16:58:24","slug":"sammlung","status":"publish","type":"page","link":"https:\/\/artentika.art\/de\/sammlung\/","title":{"rendered":"Sammlung"},"content":{"rendered":"<p>[et_pb_section fb_built=&#8220;1&#8243; _builder_version=&#8220;4.24.2&#8243; _module_preset=&#8220;default&#8220; background_color=&#8220;#F9FBFD&#8220; da_disable_devices=&#8220;off|off|off&#8220; border_width_bottom=&#8220;1px&#8220; border_color_bottom=&#8220;#7569CC&#8220; global_colors_info=&#8220;{}&#8220; da_is_popup=&#8220;off&#8220; da_exit_intent=&#8220;off&#8220; da_has_close=&#8220;on&#8220; da_alt_close=&#8220;off&#8220; da_dark_close=&#8220;off&#8220; da_not_modal=&#8220;on&#8220; da_is_singular=&#8220;off&#8220; da_with_loader=&#8220;off&#8220; da_has_shadow=&#8220;on&#8220;][et_pb_row _builder_version=&#8220;4.24.2&#8243; _module_preset=&#8220;default&#8220; global_colors_info=&#8220;{}&#8220;][et_pb_column type=&#8220;4_4&#8243; _builder_version=&#8220;4.24.2&#8243; _module_preset=&#8220;default&#8220; global_colors_info=&#8220;{}&#8220;][et_pb_text content_tablet=&#8220;<\/p>\n<h1><span style=%22color: #2d73c8;%22>Die Artentika zeitgen\u00f6ssische<br \/>Kunstsammlung<\/span><\/h1>\n<p>&#8220; content_phone=&#8220;<\/p>\n<h1><span style=%22color: #2d73c8;%22>Die Sammlung Artentika Zeitgen\u00f6ssische Kunst<\/span><\/h1>\n<p>&#8220; content_last_edited=&#8220;on|phone&#8220; _builder_version=&#8220;4.24.2&#8243; _module_preset=&#8220;default&#8220; header_font=&#8220;|700|||||||&#8220; header_text_align=&#8220;center&#8220; header_font_size=&#8220;67px&#8220; hover_enabled=&#8220;0&#8243; header_font_size_tablet=&#8220;60px&#8220; header_font_size_phone=&#8220;38px&#8220; header_font_size_last_edited=&#8220;on|phone&#8220; global_colors_info=&#8220;{}&#8220; sticky_enabled=&#8220;0&#8243;]<\/p>\n<h1><span style=\"color: #2d73c8;\">Die Sammlung Artentika<\/span><\/h1>\n<div id=\"gtx-trans\" style=\"position: absolute; left: 67px; top: 112.438px;\">\n<div class=\"gtx-trans-icon\"><\/div>\n<\/div>\n<p>[\/et_pb_text][\/et_pb_column][\/et_pb_row][\/et_pb_section][et_pb_section fb_built=&#8220;1&#8243; _builder_version=&#8220;4.24.2&#8243; _module_preset=&#8220;default&#8220; background_color=&#8220;#F9FBFD&#8220; da_disable_devices=&#8220;off|off|off&#8220; global_colors_info=&#8220;{}&#8220; da_is_popup=&#8220;off&#8220; da_exit_intent=&#8220;off&#8220; da_has_close=&#8220;on&#8220; da_alt_close=&#8220;off&#8220; da_dark_close=&#8220;off&#8220; da_not_modal=&#8220;on&#8220; da_is_singular=&#8220;off&#8220; da_with_loader=&#8220;off&#8220; da_has_shadow=&#8220;on&#8220;][et_pb_row column_structure=&#8220;1_2,1_2&#8243; _builder_version=&#8220;4.24.2&#8243; _module_preset=&#8220;default&#8220; global_colors_info=&#8220;{}&#8220;][et_pb_column type=&#8220;1_2&#8243; _builder_version=&#8220;4.24.2&#8243; _module_preset=&#8220;default&#8220; global_colors_info=&#8220;{}&#8220;][et_pb_text _builder_version=&#8220;4.24.2&#8243; _module_preset=&#8220;default&#8220; text_text_color=&#8220;#0A0A0A&#8220; text_font_size=&#8220;22px&#8220; header_2_font=&#8220;|700|||||||&#8220; header_2_font_size=&#8220;34px&#8220; global_colors_info=&#8220;{}&#8220;]<\/p>\n<p>Artentika hat die Finanzierung f\u00fcr den Erwerb einer Reihe von Investitionskunstwerken gesichert. Kurzfristig werden diese Werke unsere F\u00e4higkeiten unter Beweis stellen, sei es in der Kunstkennerschaft, der Kunsttechnologie oder im Bereich Kunst und Finanzen. Langfristiges Ziel ist es, eine erstklassige Sammlung zu schaffen, die in Museen und online in der virtuellen Galerie von Artentika ausgestellt werden kann.<\/p>\n<p>Wenden Sie sich an uns, wenn Sie Werke mit einem Marktwert von bis zu 2 Millionen Dollar zu verkaufen haben.<\/p>\n<p>[\/et_pb_text][et_pb_button button_url=&#8220;https:\/\/artentika.art\/de\/kontakt\/&#8220; button_text=&#8220;Verkaufen Sie Ihre Kunstwerke!&#8220; button_alignment=&#8220;left&#8220; button_alignment_tablet=&#8220;left&#8220; button_alignment_phone=&#8220;center&#8220; button_alignment_last_edited=&#8220;on|phone&#8220; _builder_version=&#8220;4.24.2&#8243; _module_preset=&#8220;default&#8220; custom_button=&#8220;on&#8220; button_text_size=&#8220;22px&#8220; button_text_color=&#8220;#FFFFFE&#8220; button_bg_color=&#8220;#2D73C8&#8243; button_border_width=&#8220;0px&#8220; button_border_color=&#8220;RGBA(255,255,255,0)&#8220; button_border_radius=&#8220;14px&#8220; button_icon=&#8220;&#x3d;||divi||400&#8243; custom_padding=&#8220;9px||9px||true|false&#8220; global_colors_info=&#8220;{}&#8220;][\/et_pb_button][\/et_pb_column][et_pb_column type=&#8220;1_2&#8243; _builder_version=&#8220;4.24.2&#8243; _module_preset=&#8220;default&#8220; global_colors_info=&#8220;{}&#8220;][et_pb_image src=&#8220;https:\/\/artentika.art\/wp-content\/uploads\/2024\/03\/alexis-preller-90a3d18d-f01e-4be3-97ba-0990a8ee5aa-resize-750.jpeg&#8220; title_text=&#8220;alexis-preller-90a3d18d-f01e-4be3-97ba-0990a8ee5aa-resize-750&#8243; _builder_version=&#8220;4.24.2&#8243; _module_preset=&#8220;default&#8220; transform_scale=&#8220;118%|118%&#8220; global_colors_info=&#8220;{}&#8220;][\/et_pb_image][\/et_pb_column][\/et_pb_row][\/et_pb_section][et_pb_section fb_built=&#8220;1&#8243; _builder_version=&#8220;4.24.2&#8243; _module_preset=&#8220;default&#8220; background_color=&#8220;#F9FBFD&#8220; da_disable_devices=&#8220;off|off|off&#8220; global_colors_info=&#8220;{}&#8220; da_is_popup=&#8220;off&#8220; da_exit_intent=&#8220;off&#8220; da_has_close=&#8220;on&#8220; da_alt_close=&#8220;off&#8220; da_dark_close=&#8220;off&#8220; da_not_modal=&#8220;on&#8220; da_is_singular=&#8220;off&#8220; da_with_loader=&#8220;off&#8220; da_has_shadow=&#8220;on&#8220;][et_pb_row _builder_version=&#8220;4.24.2&#8243; _module_preset=&#8220;default&#8220; global_colors_info=&#8220;{}&#8220;][et_pb_column type=&#8220;4_4&#8243; _builder_version=&#8220;4.24.2&#8243; _module_preset=&#8220;default&#8220; global_colors_info=&#8220;{}&#8220;][et_pb_text _builder_version=&#8220;4.24.2&#8243; _module_preset=&#8220;default&#8220; text_text_color=&#8220;#0A0A0A&#8220; text_font_size=&#8220;22px&#8220; link_text_color=&#8220;#2D73C8&#8243; header_2_font=&#8220;|700|||||||&#8220; header_2_font_size=&#8220;42px&#8220; hover_enabled=&#8220;0&#8243; global_colors_info=&#8220;{}&#8220; sticky_enabled=&#8220;0&#8243;]<\/p>\n<h2>Ma\u00dfgeschneiderte virtuelle Museen und Galerien f\u00fcr Sammler<\/h2>\n<p>&nbsp;<\/p>\n<p>In K\u00fcrze k\u00f6nnen Sie die virtuelle Galerie von Artentika besuchen und ihre leistungsstarken Funktionen kennen lernen. Haben Sie <em>Kunstgegenst\u00e4nde<\/em>, die Sie online in einem immersiven Raum ausstellen m\u00f6chten, um sie rund um die Uhr einem weltweiten Publikum zu zeigen? Ihr Museum oder Ihre Galerie kann in jedem beliebigen Stil und in der von Ihnen gew\u00fcnschten Aufteilung gestaltet werden, von barock bis futuristisch. Die Besucher werden auf eine gef\u00fchrte Tour mitgenommen, und Sie erhalten eine umfassende Metrik. Wenn Sie es w\u00fcnschen, k\u00f6nnen Sie eine digitale Kopie oder eine NFT Ihrer Arbeit zum Verkauf anbieten.<\/p>\n<p>[\/et_pb_text][et_pb_button button_url=&#8220;https:\/\/artentika.art\/de\/kontakt\/&#8220; button_text=&#8220;Kontaktieren Sie uns f\u00fcr Informationen&#8220; button_alignment=&#8220;center&#8220; _builder_version=&#8220;4.24.2&#8243; _module_preset=&#8220;default&#8220; custom_button=&#8220;on&#8220; button_text_size=&#8220;22px&#8220; button_text_color=&#8220;#FFFFFE&#8220; button_bg_color=&#8220;#2D73C8&#8243; button_border_width=&#8220;0px&#8220; button_border_color=&#8220;RGBA(255,255,255,0)&#8220; button_border_radius=&#8220;14px&#8220; button_icon=&#8220;&#x3d;||divi||400&#8243; custom_margin=&#8220;||||false|false&#8220; custom_padding=&#8220;9px||9px||true|false&#8220; global_colors_info=&#8220;{}&#8220;][\/et_pb_button][\/et_pb_column][\/et_pb_row][\/et_pb_section]<\/p>\n","protected":false},"excerpt":{"rendered":"<p>Die Sammlung Artentika Artentika hat die Finanzierung f\u00fcr den Erwerb einer Reihe von Investitionskunstwerken gesichert. Kurzfristig werden diese Werke unsere F\u00e4higkeiten unter Beweis stellen, sei es in der Kunstkennerschaft, der Kunsttechnologie oder im Bereich Kunst und Finanzen. Langfristiges Ziel ist es, eine erstklassige Sammlung zu schaffen, die in Museen und online in der virtuellen Galerie [&hellip;]<\/p>\n","protected":false},"author":1,"featured_media":0,"parent":0,"menu_order":0,"comment_status":"closed","ping_status":"closed","template":"","meta":{"_et_pb_use_builder":"on","_et_pb_old_content":"","_et_gb_content_width":"","footnotes":""},"class_list":["post-30788","page","type-page","status-publish","hentry"],"_links":{"self":[{"href":"https:\/\/artentika.art\/de\/wp-json\/wp\/v2\/pages\/30788","targetHints":{"allow":["GET"]}}],"collection":[{"href":"https:\/\/artentika.art\/de\/wp-json\/wp\/v2\/pages"}],"about":[{"href":"https:\/\/artentika.art\/de\/wp-json\/wp\/v2\/types\/page"}],"author":[{"embeddable":true,"href":"https:\/\/artentika.art\/de\/wp-json\/wp\/v2\/users\/1"}],"replies":[{"embeddable":true,"href":"https:\/\/artentika.art\/de\/wp-json\/wp\/v2\/comments?post=30788"}],"version-history":[{"count":16,"href":"https:\/\/artentika.art\/de\/wp-json\/wp\/v2\/pages\/30788\/revisions"}],"predecessor-version":[{"id":32156,"href":"https:\/\/artentika.art\/de\/wp-json\/wp\/v2\/pages\/30788\/revisions\/32156"}],"wp:attachment":[{"href":"https:\/\/artentika.art\/de\/wp-json\/wp\/v2\/media?parent=30788"}],"curies":[{"name":"wp","href":"https:\/\/api.w.org\/{rel}","templated":true}]}}