{"id":30834,"date":"2024-03-13T18:13:20","date_gmt":"2024-03-13T17:13:20","guid":{"rendered":"https:\/\/artentika.art\/app\/"},"modified":"2024-03-26T18:02:01","modified_gmt":"2024-03-26T17:02:01","slug":"app","status":"publish","type":"page","link":"https:\/\/artentika.art\/de\/app\/","title":{"rendered":"App"},"content":{"rendered":"<p>[et_pb_section fb_built=&#8220;1&#8243; _builder_version=&#8220;4.24.2&#8243; _module_preset=&#8220;default&#8220; background_color=&#8220;#F9FBFD&#8220; da_disable_devices=&#8220;off|off|off&#8220; border_width_bottom=&#8220;1px&#8220; border_color_bottom=&#8220;#7569CC&#8220; global_colors_info=&#8220;{}&#8220; da_is_popup=&#8220;off&#8220; da_exit_intent=&#8220;off&#8220; da_has_close=&#8220;on&#8220; da_alt_close=&#8220;off&#8220; da_dark_close=&#8220;off&#8220; da_not_modal=&#8220;on&#8220; da_is_singular=&#8220;off&#8220; da_with_loader=&#8220;off&#8220; da_has_shadow=&#8220;on&#8220;][et_pb_row _builder_version=&#8220;4.24.2&#8243; _module_preset=&#8220;default&#8220; global_colors_info=&#8220;{}&#8220;][et_pb_column type=&#8220;4_4&#8243; _builder_version=&#8220;4.24.2&#8243; _module_preset=&#8220;default&#8220; global_colors_info=&#8220;{}&#8220;][et_pb_text content_last_edited=&#8220;off|desktop&#8220; _builder_version=&#8220;4.24.2&#8243; _module_preset=&#8220;default&#8220; header_font=&#8220;|700|||||||&#8220; header_text_align=&#8220;center&#8220; header_font_size=&#8220;67px&#8220; hover_enabled=&#8220;0&#8243; header_font_size_tablet=&#8220;60px&#8220; header_font_size_phone=&#8220;38px&#8220; header_font_size_last_edited=&#8220;on|phone&#8220; global_colors_info=&#8220;{}&#8220; sticky_enabled=&#8220;0&#8243;]<\/p>\n<h1><span style=\"color: #2d73c8;\">Artentika Kunstmanagement App<\/span><\/h1>\n<p>[\/et_pb_text][\/et_pb_column][\/et_pb_row][\/et_pb_section][et_pb_section fb_built=&#8220;1&#8243; _builder_version=&#8220;4.24.2&#8243; _module_preset=&#8220;default&#8220; background_color=&#8220;#F9FBFD&#8220; da_disable_devices=&#8220;off|off|off&#8220; global_colors_info=&#8220;{}&#8220; da_is_popup=&#8220;off&#8220; da_exit_intent=&#8220;off&#8220; da_has_close=&#8220;on&#8220; da_alt_close=&#8220;off&#8220; da_dark_close=&#8220;off&#8220; da_not_modal=&#8220;on&#8220; da_is_singular=&#8220;off&#8220; da_with_loader=&#8220;off&#8220; da_has_shadow=&#8220;on&#8220;][et_pb_row column_structure=&#8220;1_2,1_2&#8243; _builder_version=&#8220;4.24.2&#8243; _module_preset=&#8220;default&#8220; global_colors_info=&#8220;{}&#8220;][et_pb_column type=&#8220;1_2&#8243; _builder_version=&#8220;4.24.2&#8243; _module_preset=&#8220;default&#8220; global_colors_info=&#8220;{}&#8220;][et_pb_text _builder_version=&#8220;4.24.2&#8243; _module_preset=&#8220;default&#8220; text_text_color=&#8220;#0A0A0A&#8220; text_font_size=&#8220;18px&#8220; global_colors_info=&#8220;{}&#8220;]<\/p>\n<p>AAMA ist eine umfassende Smartphone-Anwendung, die eine Reihe von integrierten Werkzeugen f\u00fcr ein sicheres Kunstmanagement bietet. Es bietet Kunsteigent\u00fcmern und -beteiligten einen robusten, optimierten Rahmen f\u00fcr die Dokumentation, Verfolgung und Sicherung ihrer wertvollen Verm\u00f6genswerte. Durch die Integration von Authentifizierungs-, Verifizierungs-, Verfolgungs- und Freigabefunktionen entsteht eine sichere All-in-One-L\u00f6sung f\u00fcr das Kunstmanagement. AAMA ist mit Android und iOS kompatibel, eine erweiterte Unterst\u00fctzung f\u00fcr Windows, MacOS und Linux ist geplant.<\/p>\n<p>Das Backend der App verf\u00fcgt \u00fcber eine robuste One-to-Many-Identifikationsfunktion. Diese Funktion erm\u00f6glicht es dem System, alle eingehenden Bildeinsendungen mit der gesamten bestehenden Datenbank abzugleichen. Auf diese Weise kann AAMA feststellen, ob ein Kunstwerk bereits von einem anderen Nutzer oder in einem anderen Zusammenhang registriert wurde. Die Ergebnisse werden den zust\u00e4ndigen Stellen mitgeteilt.<\/p>\n<p>[\/et_pb_text][\/et_pb_column][et_pb_column type=&#8220;1_2&#8243; _builder_version=&#8220;4.24.2&#8243; _module_preset=&#8220;default&#8220; global_colors_info=&#8220;{}&#8220;][et_pb_text _builder_version=&#8220;4.24.2&#8243; _module_preset=&#8220;default&#8220; text_text_color=&#8220;#0A0A0A&#8220; text_font_size=&#8220;18px&#8220; global_colors_info=&#8220;{}&#8220;]<\/p>\n<p>Wesentliche Merkmale:<\/p>\n<ul>\n<li>Authentifizierung: Kunden \u00fcbermitteln Bilder und Dokumente von Kunstwerken sicher direkt \u00fcber die App, wodurch der Authentifizierungsprozess eingeleitet wird. Die weitere Kommunikation erfolgt direkt zwischen dem Kunden und Artentika \u00fcber einen verschl\u00fcsselten Kanal zur Erh\u00f6hung der Sicherheit.<\/li>\n<li>Verifizierung, Kuratierung und Konservierung: AAMA bietet einen automatisierten Arbeitsablauf f\u00fcr diese Dienstleistungen, der nur minimale menschliche Eingriffe erfordert. Die Kunden laden Fotos und relevante Details zu ihrem Kunstwerk (K\u00fcnstler, Medium, Ma\u00dfe) hoch und erhalten sofort eine R\u00fcckmeldung.<\/li>\n<li>One2One\u2122-Pr\u00fcfung: Diese firmeneigene Software erm\u00f6glicht den automatischen Vergleich von aufeinanderfolgenden Scans von Druckvorlagen. Es erkennt die kleinsten Abweichungen zwischen zwei Fotos eines Kunstwerks, bis hin zu einem einzelnen Blatt in einem Wald. Es wird ein \u00fcberpr\u00fcfbarer, mit einem Zeitstempel versehener historischer Datensatz erstellt, der die Identifizierung von \u00c4nderungen an dem Kunstwerk im Laufe der Zeit erleichtert. Diese robuste Verfolgung ist sowohl in station\u00e4ren als auch in Transitszenarien wertvoll.<\/li>\n<li>Kollaboration: AAMA bietet einen nahtlosen Scan-Austausch zwischen den Nutzern, f\u00f6rdert die Zusammenarbeit und bereichert das Kunstverst\u00e4ndnis in ausgew\u00e4hlten Netzwerken.<\/li>\n<\/ul>\n<p>[\/et_pb_text][\/et_pb_column][\/et_pb_row][\/et_pb_section][et_pb_section fb_built=&#8220;1&#8243; _builder_version=&#8220;4.24.2&#8243; _module_preset=&#8220;default&#8220; background_color=&#8220;#F9FBFD&#8220; custom_margin_tablet=&#8220;&#8220; custom_margin_phone=&#8220;||||false|false&#8220; custom_margin_last_edited=&#8220;on|phone&#8220; custom_padding=&#8220;0px||||false|false&#8220; da_disable_devices=&#8220;off|off|off&#8220; global_colors_info=&#8220;{}&#8220; da_is_popup=&#8220;off&#8220; da_exit_intent=&#8220;off&#8220; da_has_close=&#8220;on&#8220; da_alt_close=&#8220;off&#8220; da_dark_close=&#8220;off&#8220; da_not_modal=&#8220;on&#8220; da_is_singular=&#8220;off&#8220; da_with_loader=&#8220;off&#8220; da_has_shadow=&#8220;on&#8220;][et_pb_row column_structure=&#8220;1_3,1_3,1_3&#8243; _builder_version=&#8220;4.24.2&#8243; _module_preset=&#8220;default&#8220; global_colors_info=&#8220;{}&#8220;][et_pb_column type=&#8220;1_3&#8243; _builder_version=&#8220;4.24.2&#8243; _module_preset=&#8220;default&#8220; global_colors_info=&#8220;{}&#8220;][et_pb_blurb title=&#8220;Abbildung 1: Home Page&#8220; image=&#8220;https:\/\/artentika.art\/wp-content\/uploads\/2024\/03\/screenshot12.png&#8220; image_icon_width_tablet=&#8220;60%&#8220; image_icon_width_phone=&#8220;60%&#8220; image_icon_width_last_edited=&#8220;on|tablet&#8220; _builder_version=&#8220;4.24.2&#8243; _module_preset=&#8220;default&#8220; header_text_align=&#8220;center&#8220; header_font_size=&#8220;22px&#8220; global_colors_info=&#8220;{}&#8220;][\/et_pb_blurb][\/et_pb_column][et_pb_column type=&#8220;1_3&#8243; _builder_version=&#8220;4.24.2&#8243; _module_preset=&#8220;default&#8220; global_colors_info=&#8220;{}&#8220;][et_pb_blurb title=&#8220;Abbildung 2: Hinzuf\u00fcgen eines Werks I&#8220; image=&#8220;https:\/\/artentika.art\/wp-content\/uploads\/2024\/03\/screenshot22.png&#8220; image_icon_width_tablet=&#8220;60%&#8220; image_icon_width_phone=&#8220;60%&#8220; image_icon_width_last_edited=&#8220;on|tablet&#8220; _builder_version=&#8220;4.24.2&#8243; _module_preset=&#8220;default&#8220; header_text_align=&#8220;center&#8220; header_font_size=&#8220;22px&#8220; global_colors_info=&#8220;{}&#8220;][\/et_pb_blurb][\/et_pb_column][et_pb_column type=&#8220;1_3&#8243; _builder_version=&#8220;4.24.2&#8243; _module_preset=&#8220;default&#8220; global_colors_info=&#8220;{}&#8220;][et_pb_blurb title=&#8220;Abbildung 3: Hinzuf\u00fcgen eines Werks II&#8220; image=&#8220;https:\/\/artentika.art\/wp-content\/uploads\/2024\/03\/screenshot32.png&#8220; image_icon_width_tablet=&#8220;60%&#8220; image_icon_width_phone=&#8220;60%&#8220; image_icon_width_last_edited=&#8220;on|tablet&#8220; _builder_version=&#8220;4.24.2&#8243; _module_preset=&#8220;default&#8220; header_text_align=&#8220;center&#8220; header_font_size=&#8220;22px&#8220; global_colors_info=&#8220;{}&#8220;][\/et_pb_blurb][\/et_pb_column][\/et_pb_row][et_pb_row column_structure=&#8220;1_3,1_3,1_3&#8243; _builder_version=&#8220;4.24.2&#8243; _module_preset=&#8220;default&#8220; global_colors_info=&#8220;{}&#8220;][et_pb_column type=&#8220;1_3&#8243; _builder_version=&#8220;4.24.2&#8243; _module_preset=&#8220;default&#8220; global_colors_info=&#8220;{}&#8220;][et_pb_blurb title=&#8220;Abbildung 4: Ansicht eines Objekts&#8220; image=&#8220;https:\/\/artentika.art\/wp-content\/uploads\/2024\/03\/screenshot42.jpg&#8220; image_icon_width_tablet=&#8220;60%&#8220; image_icon_width_phone=&#8220;60%&#8220; image_icon_width_last_edited=&#8220;on|tablet&#8220; _builder_version=&#8220;4.24.2&#8243; _module_preset=&#8220;default&#8220; header_text_align=&#8220;center&#8220; header_font_size=&#8220;22px&#8220; global_colors_info=&#8220;{}&#8220;][\/et_pb_blurb][\/et_pb_column][et_pb_column type=&#8220;1_3&#8243; _builder_version=&#8220;4.24.2&#8243; _module_preset=&#8220;default&#8220; global_colors_info=&#8220;{}&#8220;][et_pb_blurb title=&#8220;Abbildung 5: Vergleichsergebnis&#8220; image=&#8220;https:\/\/artentika.art\/wp-content\/uploads\/2024\/03\/screenshotresults.jpg&#8220; image_icon_width_tablet=&#8220;60%&#8220; image_icon_width_phone=&#8220;60%&#8220; image_icon_width_last_edited=&#8220;on|tablet&#8220; _builder_version=&#8220;4.24.2&#8243; _module_preset=&#8220;default&#8220; header_text_align=&#8220;center&#8220; header_font_size=&#8220;22px&#8220; global_colors_info=&#8220;{}&#8220;][\/et_pb_blurb][\/et_pb_column][et_pb_column type=&#8220;1_3&#8243; _builder_version=&#8220;4.24.2&#8243; _module_preset=&#8220;default&#8220; global_colors_info=&#8220;{}&#8220;][et_pb_blurb title=&#8220;Abbildung 6: Scanverlauf&#8220; image=&#8220;https:\/\/artentika.art\/wp-content\/uploads\/2024\/03\/screenshot62.jpg&#8220; image_icon_width_tablet=&#8220;60%&#8220; image_icon_width_phone=&#8220;60%&#8220; image_icon_width_last_edited=&#8220;on|tablet&#8220; _builder_version=&#8220;4.24.2&#8243; _module_preset=&#8220;default&#8220; header_text_align=&#8220;center&#8220; header_font_size=&#8220;22px&#8220; global_colors_info=&#8220;{}&#8220;][\/et_pb_blurb][\/et_pb_column][\/et_pb_row][et_pb_row column_structure=&#8220;1_3,1_3,1_3&#8243; _builder_version=&#8220;4.24.2&#8243; _module_preset=&#8220;default&#8220; max_width=&#8220;1600px&#8220; global_colors_info=&#8220;{}&#8220;][et_pb_column type=&#8220;1_3&#8243; _builder_version=&#8220;4.24.2&#8243; _module_preset=&#8220;default&#8220; global_colors_info=&#8220;{}&#8220;][et_pb_blurb title=&#8220;Abbildung 7: Referenzbild&#8220; image=&#8220;https:\/\/artentika.art\/wp-content\/uploads\/2024\/03\/reference.jpg&#8220; image_icon_width_tablet=&#8220;60%&#8220; image_icon_width_phone=&#8220;60%&#8220; image_icon_width_last_edited=&#8220;on|tablet&#8220; _builder_version=&#8220;4.24.2&#8243; _module_preset=&#8220;default&#8220; header_text_align=&#8220;center&#8220; header_font_size=&#8220;22px&#8220; body_text_align=&#8220;center&#8220; body_font_size=&#8220;18px&#8220; global_colors_info=&#8220;{}&#8220;]<\/p>\n<p><span>Datum: 10-02-2023<\/span><br \/><span>Ger\u00e4t: iPhone 13<\/span><\/p>\n<p>[\/et_pb_blurb][\/et_pb_column][et_pb_column type=&#8220;1_3&#8243; _builder_version=&#8220;4.24.2&#8243; _module_preset=&#8220;default&#8220; global_colors_info=&#8220;{}&#8220;][et_pb_blurb title=&#8220;Abbildung 8: Bild mit Diskrepanz&#8220; image=&#8220;https:\/\/artentika.art\/wp-content\/uploads\/2024\/03\/newscanwithredsquare.jpg&#8220; image_icon_width_tablet=&#8220;60%&#8220; image_icon_width_phone=&#8220;60%&#8220; image_icon_width_last_edited=&#8220;on|tablet&#8220; _builder_version=&#8220;4.24.2&#8243; _module_preset=&#8220;default&#8220; header_text_align=&#8220;center&#8220; header_font_size=&#8220;22px&#8220; body_text_align=&#8220;center&#8220; body_font_size=&#8220;18px&#8220; global_colors_info=&#8220;{}&#8220;]<\/p>\n<p><span>Datum: 22-02-2024  <\/span><br \/><span>Ger\u00e4t: OnePlus 8<\/span><\/p>\n<p>[\/et_pb_blurb][\/et_pb_column][et_pb_column type=&#8220;1_3&#8243; _builder_version=&#8220;4.24.2&#8243; _module_preset=&#8220;default&#8220; global_colors_info=&#8220;{}&#8220;][et_pb_blurb title=&#8220;Abbildung 9: Zoom der Diskrepanz&#8220; image=&#8220;https:\/\/artentika.art\/wp-content\/uploads\/2024\/03\/damagezoomedin1.jpg&#8220; image_icon_width_tablet=&#8220;60%&#8220; image_icon_width_phone=&#8220;60%&#8220; image_icon_width_last_edited=&#8220;on|tablet&#8220; _builder_version=&#8220;4.24.2&#8243; _module_preset=&#8220;default&#8220; header_text_align=&#8220;center&#8220; header_font_size=&#8220;22px&#8220; global_colors_info=&#8220;{}&#8220;][\/et_pb_blurb][\/et_pb_column][\/et_pb_row][\/et_pb_section]<\/p>\n","protected":false},"excerpt":{"rendered":"<p>Artentika Kunstmanagement AppAAMA ist eine umfassende Smartphone-Anwendung, die eine Reihe von integrierten Werkzeugen f\u00fcr ein sicheres Kunstmanagement bietet. Es bietet Kunsteigent\u00fcmern und -beteiligten einen robusten, optimierten Rahmen f\u00fcr die Dokumentation, Verfolgung und Sicherung ihrer wertvollen Verm\u00f6genswerte. Durch die Integration von Authentifizierungs-, Verifizierungs-, Verfolgungs- und Freigabefunktionen entsteht eine sichere All-in-One-L\u00f6sung f\u00fcr das Kunstmanagement. AAMA ist mit [&hellip;]<\/p>\n","protected":false},"author":1,"featured_media":0,"parent":0,"menu_order":0,"comment_status":"closed","ping_status":"closed","template":"","meta":{"_et_pb_use_builder":"on","_et_pb_old_content":"","_et_gb_content_width":"","footnotes":""},"class_list":["post-30834","page","type-page","status-publish","hentry"],"_links":{"self":[{"href":"https:\/\/artentika.art\/de\/wp-json\/wp\/v2\/pages\/30834","targetHints":{"allow":["GET"]}}],"collection":[{"href":"https:\/\/artentika.art\/de\/wp-json\/wp\/v2\/pages"}],"about":[{"href":"https:\/\/artentika.art\/de\/wp-json\/wp\/v2\/types\/page"}],"author":[{"embeddable":true,"href":"https:\/\/artentika.art\/de\/wp-json\/wp\/v2\/users\/1"}],"replies":[{"embeddable":true,"href":"https:\/\/artentika.art\/de\/wp-json\/wp\/v2\/comments?post=30834"}],"version-history":[{"count":8,"href":"https:\/\/artentika.art\/de\/wp-json\/wp\/v2\/pages\/30834\/revisions"}],"predecessor-version":[{"id":30866,"href":"https:\/\/artentika.art\/de\/wp-json\/wp\/v2\/pages\/30834\/revisions\/30866"}],"wp:attachment":[{"href":"https:\/\/artentika.art\/de\/wp-json\/wp\/v2\/media?parent=30834"}],"curies":[{"name":"wp","href":"https:\/\/api.w.org\/{rel}","templated":true}]}}