{"id":31073,"date":"2024-03-15T15:18:33","date_gmt":"2024-03-15T14:18:33","guid":{"rendered":"https:\/\/artentika.art\/datenschutzbestimmungen\/"},"modified":"2024-03-26T18:42:39","modified_gmt":"2024-03-26T17:42:39","slug":"datenschutzbestimmungen","status":"publish","type":"page","link":"https:\/\/artentika.art\/de\/datenschutzbestimmungen\/","title":{"rendered":"Datenschutzbestimmungen"},"content":{"rendered":"<p>[et_pb_section fb_built=&#8220;1&#8243; _builder_version=&#8220;4.24.2&#8243; _module_preset=&#8220;default&#8220; background_color=&#8220;#F9FBFD&#8220; border_width_bottom=&#8220;1px&#8220; border_color_bottom=&#8220;#7569CC&#8220; global_colors_info=&#8220;{}&#8220;][et_pb_row _builder_version=&#8220;4.24.2&#8243; _module_preset=&#8220;default&#8220; global_colors_info=&#8220;{}&#8220;][et_pb_column type=&#8220;4_4&#8243; _builder_version=&#8220;4.24.2&#8243; _module_preset=&#8220;default&#8220; global_colors_info=&#8220;{}&#8220;][et_pb_text _builder_version=&#8220;4.24.2&#8243; _module_preset=&#8220;default&#8220; header_font=&#8220;|700|||||||&#8220; header_text_align=&#8220;center&#8220; header_font_size=&#8220;60px&#8220; global_colors_info=&#8220;{}&#8220;]<\/p>\n<h1><span style=\"color: #2d73c8;\">Datenschutzbestimmungen<\/span><\/h1>\n<p>[\/et_pb_text][\/et_pb_column][\/et_pb_row][\/et_pb_section][et_pb_section fb_built=&#8220;1&#8243; _builder_version=&#8220;4.24.2&#8243; _module_preset=&#8220;default&#8220; background_color=&#8220;#F9FBFD&#8220; global_colors_info=&#8220;{}&#8220;][et_pb_row _builder_version=&#8220;4.24.2&#8243; _module_preset=&#8220;default&#8220; global_colors_info=&#8220;{}&#8220;][et_pb_column type=&#8220;4_4&#8243; _builder_version=&#8220;4.24.2&#8243; _module_preset=&#8220;default&#8220; global_colors_info=&#8220;{}&#8220;][et_pb_text _builder_version=&#8220;4.24.2&#8243; _module_preset=&#8220;default&#8220; text_text_color=&#8220;#0A0A0A&#8220; text_font_size=&#8220;18px&#8220; header_4_font=&#8220;|600|||||||&#8220; header_4_font_size=&#8220;22px&#8220; hover_enabled=&#8220;0&#8243; global_colors_info=&#8220;{}&#8220; sticky_enabled=&#8220;0&#8243;]<\/p>\n<h4><strong>Artentika (Pty) Limited sch\u00e4tzt Ihre Privatsph\u00e4re und verpflichtet sich zum Schutz Ihrer pers\u00f6nlichen Daten in \u00dcbereinstimmung mit der EU-Datenschutzgrundverordnung (GDPR).<\/strong><\/h4>\n<p><span><\/span><\/p>\n<h4><span>Erhebung und Verarbeitung personenbezogener Daten  <\/span><\/h4>\n<p>Wir sammeln personenbezogene Daten von Kunden, Gesch\u00e4ftspartnern und Nutzern unserer Websites. Dazu geh\u00f6ren auch Daten, die aus \u00f6ffentlich zug\u00e4nglichen Quellen und von Dritten stammen.<\/p>\n<h4>Zweck der Datenverarbeitung<\/h4>\n<p>Wir verarbeiten Daten zur Erf\u00fcllung von Vertr\u00e4gen, zur Einhaltung gesetzlicher Verpflichtungen, zur Erbringung von Dienstleistungen, f\u00fcr Marketingzwecke (mit Zustimmung), f\u00fcr Rechtsanspr\u00fcche und zur Sicherstellung der betrieblichen Abl\u00e4ufe.<\/p>\n<h4>Elektronische Kommunikation<\/h4>\n<p>E-Mails sind nur f\u00fcr den Adressaten bestimmt. Unerlaubte Nutzung oder Verbreitung ist verboten.<\/p>\n<h4>Cookies<\/h4>\n<p>Wir verwenden Cookies auf unseren Websites zu Identifikationszwecken. Sie k\u00f6nnen Ihre Browsereinstellungen so konfigurieren, dass Cookies verwaltet werden.<\/p>\n<h4>Datensicherheit<\/h4>\n<p>Wir haben Sicherheitsma\u00dfnahmen getroffen, um personenbezogene Daten vor unbefugtem Zugriff oder Missbrauch zu sch\u00fctzen.<\/p>\n<h4>Aufbewahrungsfristen<\/h4>\n<p>Personenbezogene Daten werden aufbewahrt, wenn dies gesetzlich vorgeschrieben ist oder aus berechtigten Gesch\u00e4ftsinteressen. Sobald die Daten nicht mehr ben\u00f6tigt werden, werden sie gel\u00f6scht oder anonymisiert.<\/p>\n<h4>Verpflichtung zur Bereitstellung personenbezogener Daten<\/h4>\n<p>Die Bereitstellung der erforderlichen personenbezogenen Daten ist f\u00fcr Gesch\u00e4ftsbeziehungen und vertragliche Verpflichtungen unerl\u00e4sslich.<\/p>\n<h4>Ihre Rechte<\/h4>\n<p>Sie haben das Recht auf Zugang, Berichtigung, L\u00f6schung Ihrer Daten, Einschr\u00e4nkung der Verarbeitung, Widerspruch gegen die Verarbeitung und Daten\u00fcbertragbarkeit. Wenden Sie sich an uns, um Unterst\u00fctzung bei der Wahrnehmung dieser Rechte zu erhalten.<\/p>\n<h4>\u00c4nderungen der Datenschutzrichtlinie<\/h4>\n<p>Diese Datenschutzrichtlinie kann ohne vorherige Ank\u00fcndigung aktualisiert werden. Es gilt die neueste Version auf unserer Website. Gegebenenfalls werden Sie per E-Mail oder auf andere geeignete Weise \u00fcber \u00c4nderungen informiert.<\/p>\n<p>[\/et_pb_text][\/et_pb_column][\/et_pb_row][\/et_pb_section]<\/p>\n","protected":false},"excerpt":{"rendered":"<p>DatenschutzbestimmungenArtentika (Pty) Limited sch\u00e4tzt Ihre Privatsph\u00e4re und verpflichtet sich zum Schutz Ihrer pers\u00f6nlichen Daten in \u00dcbereinstimmung mit der EU-Datenschutzgrundverordnung (GDPR). Erhebung und Verarbeitung personenbezogener Daten Wir sammeln personenbezogene Daten von Kunden, Gesch\u00e4ftspartnern und Nutzern unserer Websites. Dazu geh\u00f6ren auch Daten, die aus \u00f6ffentlich zug\u00e4nglichen Quellen und von Dritten stammen. Zweck der Datenverarbeitung Wir verarbeiten Daten [&hellip;]<\/p>\n","protected":false},"author":1,"featured_media":0,"parent":0,"menu_order":0,"comment_status":"closed","ping_status":"closed","template":"","meta":{"_et_pb_use_builder":"on","_et_pb_old_content":"","_et_gb_content_width":"","footnotes":""},"class_list":["post-31073","page","type-page","status-publish","hentry"],"_links":{"self":[{"href":"https:\/\/artentika.art\/de\/wp-json\/wp\/v2\/pages\/31073","targetHints":{"allow":["GET"]}}],"collection":[{"href":"https:\/\/artentika.art\/de\/wp-json\/wp\/v2\/pages"}],"about":[{"href":"https:\/\/artentika.art\/de\/wp-json\/wp\/v2\/types\/page"}],"author":[{"embeddable":true,"href":"https:\/\/artentika.art\/de\/wp-json\/wp\/v2\/users\/1"}],"replies":[{"embeddable":true,"href":"https:\/\/artentika.art\/de\/wp-json\/wp\/v2\/comments?post=31073"}],"version-history":[{"count":7,"href":"https:\/\/artentika.art\/de\/wp-json\/wp\/v2\/pages\/31073\/revisions"}],"predecessor-version":[{"id":31248,"href":"https:\/\/artentika.art\/de\/wp-json\/wp\/v2\/pages\/31073\/revisions\/31248"}],"wp:attachment":[{"href":"https:\/\/artentika.art\/de\/wp-json\/wp\/v2\/media?parent=31073"}],"curies":[{"name":"wp","href":"https:\/\/api.w.org\/{rel}","templated":true}]}}