{"id":31075,"date":"2024-03-14T13:22:20","date_gmt":"2024-03-14T12:22:20","guid":{"rendered":"https:\/\/artentika.art\/rechtsstreitigkeiten-in-der-kunst\/"},"modified":"2024-03-31T18:22:50","modified_gmt":"2024-03-31T16:22:50","slug":"rechtsstreitigkeiten-in-der-kunst","status":"publish","type":"page","link":"https:\/\/artentika.art\/de\/rechtsstreitigkeiten-in-der-kunst\/","title":{"rendered":"Rechtsstreitigkeiten in der Kunst"},"content":{"rendered":"<p>[et_pb_section fb_built=&#8220;1&#8243; _builder_version=&#8220;4.24.2&#8243; _module_preset=&#8220;default&#8220; background_color=&#8220;#F9FBFD&#8220; border_width_bottom=&#8220;1px&#8220; border_color_bottom=&#8220;#7569CC&#8220; global_colors_info=&#8220;{}&#8220; da_is_popup=&#8220;off&#8220; da_exit_intent=&#8220;off&#8220; da_has_close=&#8220;on&#8220; da_alt_close=&#8220;off&#8220; da_dark_close=&#8220;off&#8220; da_not_modal=&#8220;on&#8220; da_is_singular=&#8220;off&#8220; da_with_loader=&#8220;off&#8220; da_has_shadow=&#8220;on&#8220; da_disable_devices=&#8220;off|off|off&#8220;][et_pb_row _builder_version=&#8220;4.24.2&#8243; _module_preset=&#8220;default&#8220; global_colors_info=&#8220;{}&#8220;][et_pb_column type=&#8220;4_4&#8243; _builder_version=&#8220;4.24.2&#8243; _module_preset=&#8220;default&#8220; global_colors_info=&#8220;{}&#8220;][et_pb_text _builder_version=&#8220;4.24.2&#8243; _module_preset=&#8220;default&#8220; header_font=&#8220;|700|||||||&#8220; header_text_align=&#8220;center&#8220; header_font_size=&#8220;60px&#8220; global_colors_info=&#8220;{}&#8220;]<\/p>\n<h1><span style=\"color: #2d73c8;\"><span style=\"color: #0a0a0a;\">Ihr Partner in<\/span> Kunststreitigkeiten<\/span><\/h1>\n<p>[\/et_pb_text][\/et_pb_column][\/et_pb_row][\/et_pb_section][et_pb_section fb_built=&#8220;1&#8243; _builder_version=&#8220;4.24.2&#8243; _module_preset=&#8220;default&#8220; background_color=&#8220;#F9FBFD&#8220; custom_padding=&#8220;||5px|||&#8220; global_colors_info=&#8220;{}&#8220; da_is_popup=&#8220;off&#8220; da_exit_intent=&#8220;off&#8220; da_has_close=&#8220;on&#8220; da_alt_close=&#8220;off&#8220; da_dark_close=&#8220;off&#8220; da_not_modal=&#8220;on&#8220; da_is_singular=&#8220;off&#8220; da_with_loader=&#8220;off&#8220; da_has_shadow=&#8220;on&#8220; da_disable_devices=&#8220;off|off|off&#8220;][et_pb_row _builder_version=&#8220;4.24.2&#8243; _module_preset=&#8220;default&#8220; custom_padding=&#8220;||18px|||&#8220; global_colors_info=&#8220;{}&#8220;][et_pb_column type=&#8220;4_4&#8243; _builder_version=&#8220;4.24.2&#8243; _module_preset=&#8220;default&#8220; global_colors_info=&#8220;{}&#8220;][et_pb_text _builder_version=&#8220;4.24.2&#8243; _module_preset=&#8220;default&#8220; text_text_color=&#8220;#0A0A0A&#8220; text_font_size=&#8220;18px&#8220; global_colors_info=&#8220;{}&#8220;]<\/p>\n<p>In der komplexen Welt des Kunstrechts, in der Authentizit\u00e4t, Eigentumsstreitigkeiten, Urheberrechtsanspr\u00fcche und Restitutionsf\u00e4lle von einer gr\u00fcndlichen Analyse abh\u00e4ngen, bietet Artentika eine wissenschaftlich fundierte und von f\u00fchrenden Kunstkennern validierte L\u00f6sung:<\/p>\n<ul>\n<li>Hochmoderne Analyse: Wir nutzen modernste Bildgebungs- und Materialanalysetechniken, die die M\u00f6glichkeiten der herk\u00f6mmlichen menschlichen Inspektion \u00fcbertreffen. Dabei werden subtile Anomalien, Restaurierungsspuren und Ungereimtheiten aufgedeckt, die auf F\u00e4lschungen oder Besch\u00e4digungen hindeuten k\u00f6nnten.<\/li>\n<li>KI-gest\u00fctzte Einblicke: Unsere Algorithmen der k\u00fcnstlichen Intelligenz verarbeiten riesige Datenmengen, erkennen Muster und identifizieren potenzielle Anzeichen f\u00fcr Probleme, die mit blo\u00dfem Auge \u00fcbersehen werden.<\/li>\n<li>Die menschliche Note: Keine Technologie ersetzt das scharfsinnige Auge und das profunde Wissen eines Kunstexperten. Aus diesem Grund wird jede Artentika-Analyse von einem auf den jeweiligen K\u00fcnstler spezialisierten Kunstkenner Zeile f\u00fcr Zeile gepr\u00fcft.<\/li>\n<li>Doppelte Sicherheit: Wenn ein Werk unser kombiniertes technologisches und menschliches Authentifizierungsverfahren durchl\u00e4uft, werden die Ergebnisse in einem Bericht festgehalten, der sowohl von dem Kunstexperten als auch von unserem leitenden Wissenschaftler unterzeichnet wird. Dieses Ma\u00df an nachpr\u00fcfbaren Beweisen schafft unvergleichliches Vertrauen.<\/li>\n<\/ul>\n<p>[\/et_pb_text][et_pb_divider color=&#8220;#7569CC&#8220; _builder_version=&#8220;4.24.2&#8243; _module_preset=&#8220;default&#8220; custom_margin=&#8220;||-6px|||&#8220; custom_padding=&#8220;||0px|||&#8220; global_colors_info=&#8220;{}&#8220;][\/et_pb_divider][et_pb_text _builder_version=&#8220;4.24.2&#8243; _module_preset=&#8220;default&#8220; text_text_color=&#8220;#0A0A0A&#8220; text_font_size=&#8220;18px&#8220; custom_margin=&#8220;29px|||||&#8220; global_colors_info=&#8220;{}&#8220;]<\/p>\n<p>Vorteile f\u00fcr Anwaltskanzleien:<\/p>\n<ul>\n<li>Unanfechtbare Authentizit\u00e4tsbewertung: Untermauern oder bestreiten Sie die Herkunft von Kunstwerken mit einer \u00fcberzeugenden Mischung aus KI-gesteuerten Beweisen und Expertenauthentifizierung. Untermauern Sie Restitutionsanspr\u00fcche oder wehren Sie sie mit unwiderlegbaren Unterlagen \u00fcber die Herkunft eines Kunstwerks ab.<\/li>\n<li>Pr\u00e4zise Schadensbewertung: Beurteilen Sie das Ausma\u00df des Schadens, erkennen Sie Wiederherstellungsversuche und beziffern Sie Anspr\u00fcche auf objektive, wissenschaftlich nachpr\u00fcfbare Weise.<\/li>\n<li>Untermauern Sie Ihre Argumente mit unanfechtbarer Dokumentation: Unsere umfassenden Berichte untermauern Ihre Anspr\u00fcche in Bezug auf Rechtsverletzungen, faire Nutzungsrechte und rechtm\u00e4\u00dfiges Eigentum bei Urheberrechtsstreitigkeiten. Unterst\u00fctzen Sie historische Argumente \u00fcber die Herkunft eines Kunstwerks in komplexen Restitutionsf\u00e4llen.<\/li>\n<li>Risikominderung durch Due Diligence: Identifizieren Sie proaktiv potenzielle Schwachstellen in Bezug auf die Echtheit oder den Zustand eines Kunstwerks und sch\u00fctzen Sie so die erheblichen Investitionen Ihrer Kunden.<\/li>\n<\/ul>\n<p>[\/et_pb_text][\/et_pb_column][\/et_pb_row][\/et_pb_section][et_pb_section fb_built=&#8220;1&#8243; _builder_version=&#8220;4.24.2&#8243; _module_preset=&#8220;default&#8220; background_color=&#8220;#F9FBFD&#8220; global_colors_info=&#8220;{}&#8220; da_is_popup=&#8220;off&#8220; da_exit_intent=&#8220;off&#8220; da_has_close=&#8220;on&#8220; da_alt_close=&#8220;off&#8220; da_dark_close=&#8220;off&#8220; da_not_modal=&#8220;on&#8220; da_is_singular=&#8220;off&#8220; da_with_loader=&#8220;off&#8220; da_has_shadow=&#8220;on&#8220; da_disable_devices=&#8220;off|off|off&#8220;][et_pb_row _builder_version=&#8220;4.24.2&#8243; _module_preset=&#8220;default&#8220; global_colors_info=&#8220;{}&#8220;][et_pb_column type=&#8220;4_4&#8243; _builder_version=&#8220;4.24.2&#8243; _module_preset=&#8220;default&#8220; global_colors_info=&#8220;{}&#8220;][et_pb_text _builder_version=&#8220;4.24.2&#8243; _module_preset=&#8220;default&#8220; header_4_font=&#8220;|600|||||||&#8220; header_4_text_align=&#8220;center&#8220; header_4_font_size=&#8220;32px&#8220; text_orientation=&#8220;center&#8220; hover_enabled=&#8220;0&#8243; global_colors_info=&#8220;{}&#8220; sticky_enabled=&#8220;0&#8243;]<\/p>\n<h4>Wie k\u00f6nnen wir Ihnen helfen?<\/h4>\n<div id=\"gtx-trans\" style=\"position: absolute; left: 270px; top: 43.2656px;\">\n<div class=\"gtx-trans-icon\"><\/div>\n<\/div>\n<p>[\/et_pb_text][et_pb_button button_url=&#8220;https:\/\/artentika.art\/de\/kontakt\/&#8220; button_text=&#8220;Buchen Sie eine kostenlose Beratung&#8220; button_alignment=&#8220;center&#8220; _builder_version=&#8220;4.24.2&#8243; _module_preset=&#8220;default&#8220; custom_button=&#8220;on&#8220; button_text_size=&#8220;22px&#8220; button_text_color=&#8220;#FFFFFE&#8220; button_bg_color=&#8220;#2D73C8&#8243; button_border_width=&#8220;0px&#8220; button_border_color=&#8220;RGBA(255,255,255,0)&#8220; button_border_radius=&#8220;14px&#8220; button_icon=&#8220;&#x3d;||divi||400&#8243; custom_margin=&#8220;|||30px|false|false&#8220; custom_padding=&#8220;9px||9px||true|false&#8220; global_colors_info=&#8220;{}&#8220;][\/et_pb_button][\/et_pb_column][\/et_pb_row][\/et_pb_section]<\/p>\n","protected":false},"excerpt":{"rendered":"<p>Ihr Partner in KunststreitigkeitenIn der komplexen Welt des Kunstrechts, in der Authentizit\u00e4t, Eigentumsstreitigkeiten, Urheberrechtsanspr\u00fcche und Restitutionsf\u00e4lle von einer gr\u00fcndlichen Analyse abh\u00e4ngen, bietet Artentika eine wissenschaftlich fundierte und von f\u00fchrenden Kunstkennern validierte L\u00f6sung: Hochmoderne Analyse: Wir nutzen modernste Bildgebungs- und Materialanalysetechniken, die die M\u00f6glichkeiten der herk\u00f6mmlichen menschlichen Inspektion \u00fcbertreffen. Dabei werden subtile Anomalien, Restaurierungsspuren und Ungereimtheiten [&hellip;]<\/p>\n","protected":false},"author":1,"featured_media":0,"parent":0,"menu_order":0,"comment_status":"closed","ping_status":"closed","template":"","meta":{"_et_pb_use_builder":"on","_et_pb_old_content":"","_et_gb_content_width":"","footnotes":""},"class_list":["post-31075","page","type-page","status-publish","hentry"],"_links":{"self":[{"href":"https:\/\/artentika.art\/de\/wp-json\/wp\/v2\/pages\/31075","targetHints":{"allow":["GET"]}}],"collection":[{"href":"https:\/\/artentika.art\/de\/wp-json\/wp\/v2\/pages"}],"about":[{"href":"https:\/\/artentika.art\/de\/wp-json\/wp\/v2\/types\/page"}],"author":[{"embeddable":true,"href":"https:\/\/artentika.art\/de\/wp-json\/wp\/v2\/users\/1"}],"replies":[{"embeddable":true,"href":"https:\/\/artentika.art\/de\/wp-json\/wp\/v2\/comments?post=31075"}],"version-history":[{"count":13,"href":"https:\/\/artentika.art\/de\/wp-json\/wp\/v2\/pages\/31075\/revisions"}],"predecessor-version":[{"id":31992,"href":"https:\/\/artentika.art\/de\/wp-json\/wp\/v2\/pages\/31075\/revisions\/31992"}],"wp:attachment":[{"href":"https:\/\/artentika.art\/de\/wp-json\/wp\/v2\/media?parent=31075"}],"curies":[{"name":"wp","href":"https:\/\/api.w.org\/{rel}","templated":true}]}}