{"id":31077,"date":"2024-03-14T13:18:29","date_gmt":"2024-03-14T12:18:29","guid":{"rendered":"https:\/\/artentika.art\/auktionshaeuser\/"},"modified":"2024-03-31T18:22:50","modified_gmt":"2024-03-31T16:22:50","slug":"auktionshaeuser","status":"publish","type":"page","link":"https:\/\/artentika.art\/de\/auktionshaeuser\/","title":{"rendered":"Auktionsh\u00e4user"},"content":{"rendered":"<p>[et_pb_section fb_built=&#8220;1&#8243; _builder_version=&#8220;4.24.2&#8243; _module_preset=&#8220;default&#8220; background_color=&#8220;#F9FBFD&#8220; da_disable_devices=&#8220;off|off|off&#8220; border_width_bottom=&#8220;1px&#8220; border_color_bottom=&#8220;#7569CC&#8220; global_colors_info=&#8220;{}&#8220; da_is_popup=&#8220;off&#8220; da_exit_intent=&#8220;off&#8220; da_has_close=&#8220;on&#8220; da_alt_close=&#8220;off&#8220; da_dark_close=&#8220;off&#8220; da_not_modal=&#8220;on&#8220; da_is_singular=&#8220;off&#8220; da_with_loader=&#8220;off&#8220; da_has_shadow=&#8220;on&#8220;][et_pb_row _builder_version=&#8220;4.24.2&#8243; _module_preset=&#8220;default&#8220; global_colors_info=&#8220;{}&#8220;][et_pb_column type=&#8220;4_4&#8243; _builder_version=&#8220;4.24.2&#8243; _module_preset=&#8220;default&#8220; global_colors_info=&#8220;{}&#8220;][et_pb_text _builder_version=&#8220;4.24.2&#8243; _module_preset=&#8220;default&#8220; header_font=&#8220;|700|||||||&#8220; header_text_align=&#8220;center&#8220; header_font_size=&#8220;60px&#8220; global_colors_info=&#8220;{}&#8220;]<\/p>\n<h1><span style=\"color: #2d73c8;\">Auktionsh\u00e4user<\/span><\/h1>\n<p>[\/et_pb_text][\/et_pb_column][\/et_pb_row][\/et_pb_section][et_pb_section fb_built=&#8220;1&#8243; _builder_version=&#8220;4.24.2&#8243; _module_preset=&#8220;default&#8220; background_color=&#8220;#F9FBFD&#8220; custom_padding=&#8220;||100px|||&#8220; da_disable_devices=&#8220;off|off|off&#8220; global_colors_info=&#8220;{}&#8220; da_is_popup=&#8220;off&#8220; da_exit_intent=&#8220;off&#8220; da_has_close=&#8220;on&#8220; da_alt_close=&#8220;off&#8220; da_dark_close=&#8220;off&#8220; da_not_modal=&#8220;on&#8220; da_is_singular=&#8220;off&#8220; da_with_loader=&#8220;off&#8220; da_has_shadow=&#8220;on&#8220;][et_pb_row _builder_version=&#8220;4.24.2&#8243; _module_preset=&#8220;default&#8220; custom_padding=&#8220;||18px|||&#8220; global_colors_info=&#8220;{}&#8220;][et_pb_column type=&#8220;4_4&#8243; _builder_version=&#8220;4.24.2&#8243; _module_preset=&#8220;default&#8220; global_colors_info=&#8220;{}&#8220;][et_pb_text _builder_version=&#8220;4.24.2&#8243; _module_preset=&#8220;default&#8220; text_text_color=&#8220;#0A0A0A&#8220; text_font_size=&#8220;18px&#8220; global_colors_info=&#8220;{}&#8220;]<\/p>\n<p><span>Die Smartphone-gest\u00fctzte \u00dcberpr\u00fcfung von Artentika bietet Auktionsh\u00e4usern einen entscheidenden Vorteil:  <\/span><\/p>\n<ul>\n<li><span>Nahtloser Prozess: Einlieferer und Auktionator dokumentieren den Zustand der Kunstwerke einfach mit Fotos und stellen so \u00fcberpr\u00fcfbare Unterlagen f\u00fcr die gesamte Verkaufskette bereit.  <\/span><\/li>\n<li><span>Risikominimierung: Erkennen Sie potenzielle Diskrepanzen bei der Erfassung, verbessern Sie die Transparenz der Artikel und minimieren Sie Streitigkeiten nach dem Verkauf.<\/span><\/li>\n<li><span>Vertrauen des K\u00e4ufers: Die Blockchain-Integration st\u00e4rkt die Dokumentation der Provenienz und damit den langfristigen Wert des Kunstwerks.<\/span><\/li>\n<li><span>Kosteneffektiv &amp; skalierbar: Die optimierte L\u00f6sung von Artentika verbindet Benutzerfreundlichkeit mit Erschwinglichkeit und erm\u00f6glicht den routinem\u00e4\u00dfigen Einsatz f\u00fcr Ihr gesamtes Erfassungsvolumen.<\/span><\/li>\n<li><span>Potenzieller Umsatzzuwachs: Umstellung der Authentifizierung von einem Kostenfaktor auf einen Mehrwertdienst. Millennials und Gen Z sind technikaffin und werden sich von Ihren Angeboten angezogen f\u00fchlen, was das Umsatzpotenzial erh\u00f6ht.<\/span><\/li>\n<\/ul>\n<p>[\/et_pb_text][et_pb_divider color=&#8220;#7569CC&#8220; _builder_version=&#8220;4.24.2&#8243; _module_preset=&#8220;default&#8220; custom_margin=&#8220;||-6px|||&#8220; global_colors_info=&#8220;{}&#8220;][\/et_pb_divider][\/et_pb_column][\/et_pb_row][et_pb_row _builder_version=&#8220;4.24.2&#8243; _module_preset=&#8220;default&#8220; custom_margin=&#8220;-2px|auto||auto||&#8220; global_colors_info=&#8220;{}&#8220;][et_pb_column type=&#8220;4_4&#8243; _builder_version=&#8220;4.24.2&#8243; _module_preset=&#8220;default&#8220; global_colors_info=&#8220;{}&#8220;][et_pb_text _builder_version=&#8220;4.24.2&#8243; _module_preset=&#8220;default&#8220; header_4_font=&#8220;|700|||||||&#8220; header_4_text_align=&#8220;center&#8220; header_4_font_size=&#8220;22px&#8220; global_colors_info=&#8220;{}&#8220;]<\/p>\n<h4>Arbeitsablauf<\/h4>\n<div id=\"gtx-trans\" style=\"position: absolute; left: -42px; top: 43.2656px;\">\n<div class=\"gtx-trans-icon\"><\/div>\n<\/div>\n<p>[\/et_pb_text][et_pb_image src=&#8220;https:\/\/artentika.art\/wp-content\/uploads\/2024\/03\/One2OneWorkflowauctionhouse-removebg-preview.png&#8220; title_text=&#8220;One2OneWorkflowauktionshaus-entfernenbg-vorschau&#8220; align=&#8220;center&#8220; _builder_version=&#8220;4.24.2&#8243; _module_preset=&#8220;default&#8220; min_height=&#8220;350px&#8220; global_colors_info=&#8220;{}&#8220;][\/et_pb_image][\/et_pb_column][\/et_pb_row][\/et_pb_section][et_pb_section fb_built=&#8220;1&#8243; _builder_version=&#8220;4.24.2&#8243; _module_preset=&#8220;default&#8220; background_color=&#8220;#F9FBFD&#8220; da_disable_devices=&#8220;off|off|off&#8220; global_colors_info=&#8220;{}&#8220; da_is_popup=&#8220;off&#8220; da_exit_intent=&#8220;off&#8220; da_has_close=&#8220;on&#8220; da_alt_close=&#8220;off&#8220; da_dark_close=&#8220;off&#8220; da_not_modal=&#8220;on&#8220; da_is_singular=&#8220;off&#8220; da_with_loader=&#8220;off&#8220; da_has_shadow=&#8220;on&#8220;][et_pb_row _builder_version=&#8220;4.24.2&#8243; _module_preset=&#8220;default&#8220; global_colors_info=&#8220;{}&#8220;][et_pb_column type=&#8220;4_4&#8243; _builder_version=&#8220;4.24.2&#8243; _module_preset=&#8220;default&#8220; global_colors_info=&#8220;{}&#8220;][et_pb_text _builder_version=&#8220;4.24.2&#8243; _module_preset=&#8220;default&#8220; header_4_font=&#8220;|600|||||||&#8220; header_4_text_align=&#8220;center&#8220; header_4_font_size=&#8220;32px&#8220; text_orientation=&#8220;center&#8220; hover_enabled=&#8220;0&#8243; global_colors_info=&#8220;{}&#8220; sticky_enabled=&#8220;0&#8243;]<\/p>\n<h4>Wie k\u00f6nnen wir Ihnen helfen?<\/h4>\n<div id=\"gtx-trans\" style=\"position: absolute; left: 147px; top: 43.2656px;\">\n<div class=\"gtx-trans-icon\"><\/div>\n<\/div>\n<p>[\/et_pb_text][et_pb_button button_text=&#8220;Buchen Sie eine kostenlose Beratung&#8220; button_alignment=&#8220;center&#8220; _builder_version=&#8220;4.24.2&#8243; _module_preset=&#8220;default&#8220; custom_button=&#8220;on&#8220; button_text_size=&#8220;22px&#8220; button_text_color=&#8220;#FFFFFE&#8220; button_bg_color=&#8220;#2D73C8&#8243; button_border_width=&#8220;0px&#8220; button_border_color=&#8220;RGBA(255,255,255,0)&#8220; button_border_radius=&#8220;14px&#8220; button_icon=&#8220;&#x3d;||divi||400&#8243; custom_margin=&#8220;|||30px|false|false&#8220; custom_padding=&#8220;9px||9px||true|false&#8220; global_colors_info=&#8220;{}&#8220;][\/et_pb_button][\/et_pb_column][\/et_pb_row][\/et_pb_section]<\/p>\n","protected":false},"excerpt":{"rendered":"<p>Auktionsh\u00e4userDie Smartphone-gest\u00fctzte \u00dcberpr\u00fcfung von Artentika bietet Auktionsh\u00e4usern einen entscheidenden Vorteil: Nahtloser Prozess: Einlieferer und Auktionator dokumentieren den Zustand der Kunstwerke einfach mit Fotos und stellen so \u00fcberpr\u00fcfbare Unterlagen f\u00fcr die gesamte Verkaufskette bereit. Risikominimierung: Erkennen Sie potenzielle Diskrepanzen bei der Erfassung, verbessern Sie die Transparenz der Artikel und minimieren Sie Streitigkeiten nach dem Verkauf. Vertrauen [&hellip;]<\/p>\n","protected":false},"author":1,"featured_media":0,"parent":0,"menu_order":0,"comment_status":"closed","ping_status":"closed","template":"","meta":{"_et_pb_use_builder":"on","_et_pb_old_content":"","_et_gb_content_width":"","footnotes":""},"class_list":["post-31077","page","type-page","status-publish","hentry"],"_links":{"self":[{"href":"https:\/\/artentika.art\/de\/wp-json\/wp\/v2\/pages\/31077","targetHints":{"allow":["GET"]}}],"collection":[{"href":"https:\/\/artentika.art\/de\/wp-json\/wp\/v2\/pages"}],"about":[{"href":"https:\/\/artentika.art\/de\/wp-json\/wp\/v2\/types\/page"}],"author":[{"embeddable":true,"href":"https:\/\/artentika.art\/de\/wp-json\/wp\/v2\/users\/1"}],"replies":[{"embeddable":true,"href":"https:\/\/artentika.art\/de\/wp-json\/wp\/v2\/comments?post=31077"}],"version-history":[{"count":15,"href":"https:\/\/artentika.art\/de\/wp-json\/wp\/v2\/pages\/31077\/revisions"}],"predecessor-version":[{"id":31999,"href":"https:\/\/artentika.art\/de\/wp-json\/wp\/v2\/pages\/31077\/revisions\/31999"}],"wp:attachment":[{"href":"https:\/\/artentika.art\/de\/wp-json\/wp\/v2\/media?parent=31077"}],"curies":[{"name":"wp","href":"https:\/\/api.w.org\/{rel}","templated":true}]}}