{"id":31335,"date":"2024-03-11T17:33:48","date_gmt":"2024-03-11T16:33:48","guid":{"rendered":"https:\/\/artentika.art\/dienstleistungen\/"},"modified":"2024-03-26T18:42:51","modified_gmt":"2024-03-26T17:42:51","slug":"dienstleistungen","status":"publish","type":"page","link":"https:\/\/artentika.art\/de\/dienstleistungen\/","title":{"rendered":"Dienstleistungen"},"content":{"rendered":"<p>[et_pb_section fb_built=&#8220;1&#8243; _builder_version=&#8220;4.24.2&#8243; _module_preset=&#8220;default&#8220; background_color=&#8220;#F9FBFD&#8220; border_width_bottom=&#8220;1px&#8220; border_color_bottom=&#8220;#7569CC&#8220; global_colors_info=&#8220;{}&#8220; da_is_popup=&#8220;off&#8220; da_exit_intent=&#8220;off&#8220; da_has_close=&#8220;on&#8220; da_alt_close=&#8220;off&#8220; da_dark_close=&#8220;off&#8220; da_not_modal=&#8220;on&#8220; da_is_singular=&#8220;off&#8220; da_with_loader=&#8220;off&#8220; da_has_shadow=&#8220;on&#8220; da_disable_devices=&#8220;off|off|off&#8220;][et_pb_row _builder_version=&#8220;4.24.2&#8243; _module_preset=&#8220;default&#8220; global_colors_info=&#8220;{}&#8220;][et_pb_column type=&#8220;4_4&#8243; _builder_version=&#8220;4.24.2&#8243; _module_preset=&#8220;default&#8220; global_colors_info=&#8220;{}&#8220;][et_pb_text _builder_version=&#8220;4.24.2&#8243; _module_preset=&#8220;default&#8220; header_font=&#8220;|700|||||||&#8220; header_text_align=&#8220;center&#8220; header_font_size=&#8220;60px&#8220; global_colors_info=&#8220;{}&#8220;]<\/p>\n<h1><span style=\"color: #2d73c8;\">Dienstleistungen<\/span><\/h1>\n<p>[\/et_pb_text][\/et_pb_column][\/et_pb_row][\/et_pb_section][et_pb_section fb_built=&#8220;1&#8243; _builder_version=&#8220;4.24.2&#8243; _module_preset=&#8220;default&#8220; background_color=&#8220;#F9FBFD&#8220; global_colors_info=&#8220;{}&#8220; da_is_popup=&#8220;off&#8220; da_exit_intent=&#8220;off&#8220; da_has_close=&#8220;on&#8220; da_alt_close=&#8220;off&#8220; da_dark_close=&#8220;off&#8220; da_not_modal=&#8220;on&#8220; da_is_singular=&#8220;off&#8220; da_with_loader=&#8220;off&#8220; da_has_shadow=&#8220;on&#8220; da_disable_devices=&#8220;off|off|off&#8220;][et_pb_row column_structure=&#8220;1_2,1_2&#8243; _builder_version=&#8220;4.24.2&#8243; _module_preset=&#8220;default&#8220; global_colors_info=&#8220;{}&#8220;][et_pb_column type=&#8220;1_2&#8243; _builder_version=&#8220;4.24.2&#8243; _module_preset=&#8220;default&#8220; border_radii=&#8220;on|48px|48px|48px|48px&#8220; border_width_all=&#8220;2px&#8220; border_color_all=&#8220;#7569CC&#8220; global_colors_info=&#8220;{}&#8220;][et_pb_blurb title=&#8220;Authentifizierung&#8220; use_icon=&#8220;on&#8220; font_icon=&#8220;&#x68;||divi||400&#8243; icon_color=&#8220;#7569CC&#8220; _builder_version=&#8220;4.24.2&#8243; _module_preset=&#8220;default&#8220; header_font=&#8220;|700|||||||&#8220; header_text_color=&#8220;#0A0A0A&#8220; header_font_size=&#8220;26px&#8220; body_text_color=&#8220;#0A0A0A&#8220; body_font_size=&#8220;18px&#8220; custom_margin=&#8220;||0px||false|false&#8220; custom_padding=&#8220;35px|35px|35px|35px|true|true&#8220; global_colors_info=&#8220;{}&#8220;]<\/p>\n<p>Artentika bietet Kunstauthentifizierungsdienste zur Feststellung der Echtheit eines Kunstwerks an. Wir nutzen KI in Verbindung mit menschlichem Fachwissen, um ein schnelles und genaues Ergebnis zu erzielen.<\/p>\n<p>[\/et_pb_blurb][et_pb_button button_url=&#8220;https:\/\/artentika.art\/de\/authentifizierung\/&#8220; button_text=&#8220;Mehr erfahren&#8220; button_alignment=&#8220;center&#8220; _builder_version=&#8220;4.24.2&#8243; _module_preset=&#8220;default&#8220; custom_button=&#8220;on&#8220; button_text_size=&#8220;22px&#8220; button_text_color=&#8220;#7569CC&#8220; button_bg_color=&#8220;#FFFFFE&#8220; button_border_width=&#8220;2px&#8220; button_border_color=&#8220;#7569CC&#8220; button_border_radius=&#8220;13px&#8220; button_icon=&#8220;&#x3d;||divi||400&#8243; custom_margin=&#8220;||35px||false|false&#8220; hover_enabled=&#8220;0&#8243; global_colors_info=&#8220;{}&#8220; sticky_enabled=&#8220;0&#8243;][\/et_pb_button][\/et_pb_column][et_pb_column type=&#8220;1_2&#8243; _builder_version=&#8220;4.24.2&#8243; _module_preset=&#8220;default&#8220; border_radii=&#8220;on|48px|48px|48px|48px&#8220; border_width_all=&#8220;2px&#8220; border_color_all=&#8220;#7569CC&#8220; global_colors_info=&#8220;{}&#8220;][et_pb_blurb title=&#8220;\u00dcberpr\u00fcfung&#8220; use_icon=&#8220;on&#8220; font_icon=&#8220;&#x55;||divi||400&#8243; icon_color=&#8220;#7569CC&#8220; _builder_version=&#8220;4.24.2&#8243; _module_preset=&#8220;default&#8220; header_font=&#8220;|700|||||||&#8220; header_text_color=&#8220;#0A0A0A&#8220; header_font_size=&#8220;26px&#8220; body_text_color=&#8220;#0A0A0A&#8220; body_font_size=&#8220;18px&#8220; custom_margin=&#8220;||0px||false|false&#8220; custom_padding=&#8220;35px|35px|35px|35px|true|true&#8220; global_colors_info=&#8220;{}&#8220;]<\/p>\n<p>Wir bieten auch Verifizierungsdienste an. Wir k\u00f6nnen Sch\u00e4den oder Ver\u00e4nderungen an einem Kunstwerk erkennen, indem wir es mit einem fr\u00fcheren Foto vergleichen und sogar ein menschliches Haar erkennen.<\/p>\n<p>[\/et_pb_blurb][et_pb_button button_url=&#8220;https:\/\/artentika.art\/de\/ueberpruefung\/&#8220; button_text=&#8220;Mehr erfahren&#8220; button_alignment=&#8220;center&#8220; _builder_version=&#8220;4.24.2&#8243; _module_preset=&#8220;default&#8220; custom_button=&#8220;on&#8220; button_text_size=&#8220;22px&#8220; button_text_color=&#8220;#7569CC&#8220; button_bg_color=&#8220;#FFFFFE&#8220; button_border_width=&#8220;2px&#8220; button_border_color=&#8220;#7569CC&#8220; button_border_radius=&#8220;13px&#8220; button_icon=&#8220;&#x3d;||divi||400&#8243; custom_margin=&#8220;||35px||false|false&#8220; hover_enabled=&#8220;0&#8243; global_colors_info=&#8220;{}&#8220; sticky_enabled=&#8220;0&#8243;][\/et_pb_button][\/et_pb_column][\/et_pb_row][\/et_pb_section]<\/p>\n","protected":false},"excerpt":{"rendered":"<p>DienstleistungenArtentika bietet Kunstauthentifizierungsdienste zur Feststellung der Echtheit eines Kunstwerks an. Wir nutzen KI in Verbindung mit menschlichem Fachwissen, um ein schnelles und genaues Ergebnis zu erzielen.Wir bieten auch Verifizierungsdienste an. Wir k\u00f6nnen Sch\u00e4den oder Ver\u00e4nderungen an einem Kunstwerk erkennen, indem wir es mit einem fr\u00fcheren Foto vergleichen und sogar ein menschliches Haar erkennen.<\/p>\n","protected":false},"author":1,"featured_media":0,"parent":0,"menu_order":0,"comment_status":"closed","ping_status":"closed","template":"","meta":{"_et_pb_use_builder":"on","_et_pb_old_content":"","_et_gb_content_width":"","footnotes":""},"class_list":["post-31335","page","type-page","status-publish","hentry"],"_links":{"self":[{"href":"https:\/\/artentika.art\/de\/wp-json\/wp\/v2\/pages\/31335","targetHints":{"allow":["GET"]}}],"collection":[{"href":"https:\/\/artentika.art\/de\/wp-json\/wp\/v2\/pages"}],"about":[{"href":"https:\/\/artentika.art\/de\/wp-json\/wp\/v2\/types\/page"}],"author":[{"embeddable":true,"href":"https:\/\/artentika.art\/de\/wp-json\/wp\/v2\/users\/1"}],"replies":[{"embeddable":true,"href":"https:\/\/artentika.art\/de\/wp-json\/wp\/v2\/comments?post=31335"}],"version-history":[{"count":7,"href":"https:\/\/artentika.art\/de\/wp-json\/wp\/v2\/pages\/31335\/revisions"}],"predecessor-version":[{"id":31392,"href":"https:\/\/artentika.art\/de\/wp-json\/wp\/v2\/pages\/31335\/revisions\/31392"}],"wp:attachment":[{"href":"https:\/\/artentika.art\/de\/wp-json\/wp\/v2\/media?parent=31335"}],"curies":[{"name":"wp","href":"https:\/\/api.w.org\/{rel}","templated":true}]}}