{"id":31336,"date":"2024-03-13T16:42:20","date_gmt":"2024-03-13T15:42:20","guid":{"rendered":"https:\/\/artentika.art\/patent\/"},"modified":"2024-03-26T18:42:50","modified_gmt":"2024-03-26T17:42:50","slug":"patent","status":"publish","type":"page","link":"https:\/\/artentika.art\/de\/patent\/","title":{"rendered":"Patent"},"content":{"rendered":"<p>[et_pb_section fb_built=&#8220;1&#8243; _builder_version=&#8220;4.24.2&#8243; _module_preset=&#8220;default&#8220; background_color=&#8220;#F9FBFD&#8220; border_width_bottom=&#8220;1px&#8220; border_color_bottom=&#8220;#7569CC&#8220; global_colors_info=&#8220;{}&#8220; da_is_popup=&#8220;off&#8220; da_exit_intent=&#8220;off&#8220; da_has_close=&#8220;on&#8220; da_alt_close=&#8220;off&#8220; da_dark_close=&#8220;off&#8220; da_not_modal=&#8220;on&#8220; da_is_singular=&#8220;off&#8220; da_with_loader=&#8220;off&#8220; da_has_shadow=&#8220;on&#8220; da_disable_devices=&#8220;off|off|off&#8220;][et_pb_row _builder_version=&#8220;4.24.2&#8243; _module_preset=&#8220;default&#8220; global_colors_info=&#8220;{}&#8220;][et_pb_column type=&#8220;4_4&#8243; _builder_version=&#8220;4.24.2&#8243; _module_preset=&#8220;default&#8220; global_colors_info=&#8220;{}&#8220;][et_pb_text _builder_version=&#8220;4.24.2&#8243; _module_preset=&#8220;default&#8220; header_font=&#8220;|700|||||||&#8220; header_text_align=&#8220;center&#8220; header_font_size=&#8220;60px&#8220; global_colors_info=&#8220;{}&#8220;]<\/p>\n<h1><span style=\"color: #2d73c8;\">Patent<\/span><\/h1>\n<p>[\/et_pb_text][\/et_pb_column][\/et_pb_row][\/et_pb_section][et_pb_section fb_built=&#8220;1&#8243; _builder_version=&#8220;4.24.2&#8243; _module_preset=&#8220;default&#8220; background_color=&#8220;#F9FBFD&#8220; global_colors_info=&#8220;{}&#8220; da_is_popup=&#8220;off&#8220; da_exit_intent=&#8220;off&#8220; da_has_close=&#8220;on&#8220; da_alt_close=&#8220;off&#8220; da_dark_close=&#8220;off&#8220; da_not_modal=&#8220;on&#8220; da_is_singular=&#8220;off&#8220; da_with_loader=&#8220;off&#8220; da_has_shadow=&#8220;on&#8220; da_disable_devices=&#8220;off|off|off&#8220;][et_pb_row column_structure=&#8220;1_2,1_2&#8243; _builder_version=&#8220;4.24.2&#8243; _module_preset=&#8220;default&#8220; global_colors_info=&#8220;{}&#8220;][et_pb_column type=&#8220;1_2&#8243; _builder_version=&#8220;4.24.2&#8243; _module_preset=&#8220;default&#8220; global_colors_info=&#8220;{}&#8220;][et_pb_text _builder_version=&#8220;4.24.2&#8243; _module_preset=&#8220;default&#8220; text_text_color=&#8220;#0A0A0A&#8220; text_font_size=&#8220;18px&#8220; header_2_font=&#8220;|700|||||||&#8220; header_2_font_size=&#8220;30px&#8220; global_colors_info=&#8220;{}&#8220;]<\/p>\n<h2>US20210042703A1<\/h2>\n<p>&nbsp;<\/p>\n<p>Artentika wurde von CEO Albertus Geldenhuys erfunden und ist das einzige Unternehmen weltweit, das ein US-Patent f\u00fcr eine Technologie zur Kunstauthentifizierung erhalten hat. Es betrifft die &#8222;Verarbeitung digitaler Minutien f\u00fcr die Analyse von Kulturg\u00fctern&#8220; und ist bis zum 17.01.2039 g\u00fcltig. Das Patent ist ein sehr wertvolles Gut, unter anderem weil die USA fast die H\u00e4lfte des weltweiten Kunstmarktes repr\u00e4sentieren. Die wichtigsten Wettbewerbsvorteile, die unser Patent auf dem weltweiten Markt f\u00fcr Kulturerhaltung bietet, lassen sich wie folgt zusammenfassen. Wir weisen noch einmal darauf hin, dass unsere digitale Analyse eines Werks von einem Experten f\u00fcr den K\u00fcnstler gepr\u00fcft wird, bevor ein Bericht erstellt wird.<\/p>\n<p>[\/et_pb_text][\/et_pb_column][et_pb_column type=&#8220;1_2&#8243; _builder_version=&#8220;4.24.2&#8243; _module_preset=&#8220;default&#8220; global_colors_info=&#8220;{}&#8220;][et_pb_image src=&#8220;https:\/\/artentika.art\/wp-content\/uploads\/2024\/03\/patent.png&#8220; title_text=&#8220;Patent&#8220; align=&#8220;center&#8220; _builder_version=&#8220;4.24.2&#8243; _module_preset=&#8220;default&#8220; max_height=&#8220;600px&#8220; hover_enabled=&#8220;0&#8243; global_colors_info=&#8220;{}&#8220; sticky_enabled=&#8220;0&#8243;][\/et_pb_image][\/et_pb_column][\/et_pb_row][\/et_pb_section][et_pb_section fb_built=&#8220;1&#8243; _builder_version=&#8220;4.24.2&#8243; _module_preset=&#8220;default&#8220; background_color=&#8220;#F9FBFD&#8220; custom_padding=&#8220;||100px|||&#8220; global_colors_info=&#8220;{}&#8220; da_is_popup=&#8220;off&#8220; da_exit_intent=&#8220;off&#8220; da_has_close=&#8220;on&#8220; da_alt_close=&#8220;off&#8220; da_dark_close=&#8220;off&#8220; da_not_modal=&#8220;on&#8220; da_is_singular=&#8220;off&#8220; da_with_loader=&#8220;off&#8220; da_has_shadow=&#8220;on&#8220; da_disable_devices=&#8220;off|off|off&#8220;][et_pb_row column_structure=&#8220;1_2,1_2&#8243; use_custom_gutter=&#8220;on&#8220; gutter_width=&#8220;4&#8243; _builder_version=&#8220;4.24.2&#8243; _module_preset=&#8220;default&#8220; max_width=&#8220;1600px&#8220; global_colors_info=&#8220;{}&#8220;][et_pb_column type=&#8220;1_2&#8243; _builder_version=&#8220;4.24.2&#8243; _module_preset=&#8220;default&#8220; global_colors_info=&#8220;{}&#8220;][et_pb_text _builder_version=&#8220;4.24.2&#8243; _module_preset=&#8220;default&#8220; text_font_size=&#8220;18px&#8220; header_3_font=&#8220;|600|||||||&#8220; header_3_font_size=&#8220;23px&#8220; header_3_line_height=&#8220;1.7em&#8220; background_color=&#8220;#E5E8F6&#8243; custom_padding=&#8220;30px|40px|30px|40px|true|true&#8220; border_radii=&#8220;on|48px|48px|48px|48px&#8220; border_width_all=&#8220;2px&#8220; border_color_all=&#8220;#7569CC&#8220; global_colors_info=&#8220;{}&#8220;]<\/p>\n<h3>Neuartige und innovative Technologie<\/h3>\n<p><span style=\"color: #0a0a0a;\">Die einzigartige Methode des Patents zur Verarbeitung digitaler Datenminutien bietet einen revolution\u00e4ren Ansatz f\u00fcr die Artefaktanalyse und -authentifizierung, der ein Ma\u00df an Genauigkeit und Pr\u00e4zision bietet, das von herk\u00f6mmlichen Methoden nicht erreicht wird.<\/span><\/p>\n<p>[\/et_pb_text][\/et_pb_column][et_pb_column type=&#8220;1_2&#8243; _builder_version=&#8220;4.24.2&#8243; _module_preset=&#8220;default&#8220; global_colors_info=&#8220;{}&#8220;][et_pb_text _builder_version=&#8220;4.24.2&#8243; _module_preset=&#8220;default&#8220; text_font_size=&#8220;18px&#8220; header_3_font=&#8220;|600|||||||&#8220; header_3_font_size=&#8220;23px&#8220; header_3_line_height=&#8220;1.7em&#8220; background_color=&#8220;#E5E8F6&#8243; custom_padding=&#8220;30px|40px|30px|40px|true|true&#8220; border_radii=&#8220;on|48px|48px|48px|48px&#8220; border_width_all=&#8220;2px&#8220; border_color_all=&#8220;#7569CC&#8220; locked=&#8220;off&#8220; global_colors_info=&#8220;{}&#8220;]<\/p>\n<h3>Verbesserte Artefaktanalyse und Authentifizierung  <\/h3>\n<p><span style=\"color: #0a0000;\">Die Technologie des Patents erm\u00f6glicht die Extraktion von aussagekr\u00e4ftigen Merkmalen und Informationen aus kulturellen Artefakten, was zu verbesserten Ergebnissen bei der Authentifizierung, Klassifizierung und Erhaltung f\u00fchrt.  <\/span><\/p>\n<p>[\/et_pb_text][\/et_pb_column][\/et_pb_row][et_pb_row column_structure=&#8220;1_2,1_2&#8243; use_custom_gutter=&#8220;on&#8220; gutter_width=&#8220;4&#8243; _builder_version=&#8220;4.24.2&#8243; _module_preset=&#8220;default&#8220; max_width=&#8220;1600px&#8220; global_colors_info=&#8220;{}&#8220;][et_pb_column type=&#8220;1_2&#8243; _builder_version=&#8220;4.24.2&#8243; _module_preset=&#8220;default&#8220; global_colors_info=&#8220;{}&#8220;][et_pb_text _builder_version=&#8220;4.24.2&#8243; _module_preset=&#8220;default&#8220; text_text_color=&#8220;#0A0A0A&#8220; text_font_size=&#8220;18px&#8220; header_3_font=&#8220;|600|||||||&#8220; header_3_font_size=&#8220;23px&#8220; header_3_line_height=&#8220;1.7em&#8220; background_color=&#8220;#eef4fa&#8220; custom_padding=&#8220;30px|40px|30px|40px|true|true&#8220; border_radii=&#8220;on|48px|48px|48px|48px&#8220; border_width_all=&#8220;2px&#8220; border_color_all=&#8220;#2D73C8&#8243; global_colors_info=&#8220;{}&#8220;]<\/p>\n<h3>Proaktive Konservierung von Artefakten<\/h3>\n<p><span style=\"color: #0a0000;\">Durch die \u00dcberwachung des Zustands von Artefakten im Laufe der Zeit erm\u00f6glicht die patentierte Technologie proaktive Erhaltungsma\u00dfnahmen, die den Verfall verhindern und die langfristige Erhaltung des kulturellen Erbes gew\u00e4hrleisten.<\/span><\/p>\n<p>[\/et_pb_text][\/et_pb_column][et_pb_column type=&#8220;1_2&#8243; _builder_version=&#8220;4.24.2&#8243; _module_preset=&#8220;default&#8220; global_colors_info=&#8220;{}&#8220;][et_pb_text _builder_version=&#8220;4.24.2&#8243; _module_preset=&#8220;default&#8220; text_text_color=&#8220;#0A0A0A&#8220; text_font_size=&#8220;18px&#8220; header_3_font=&#8220;|600|||||||&#8220; header_3_font_size=&#8220;23px&#8220; header_3_line_height=&#8220;1.7em&#8220; background_color=&#8220;#eef4fa&#8220; custom_padding=&#8220;30px|40px|30px|40px|true|true&#8220; border_radii=&#8220;on|48px|48px|48px|48px&#8220; border_width_all=&#8220;2px&#8220; border_color_all=&#8220;#2D73C8&#8243; locked=&#8220;off&#8220; global_colors_info=&#8220;{}&#8220;]<\/p>\n<h3>Breite Anwendbarkeit f\u00fcr alle Arten von Artefakten  <\/h3>\n<p>Die Technologie des Patents l\u00e4sst sich auf eine Vielzahl von Kulturg\u00fctern anwenden, von Gem\u00e4lden und Skulpturen bis hin zu T\u00f6pferwaren und Manuskripten, und ist damit ein vielseitiges Werkzeug f\u00fcr Einrichtungen des kulturellen Erbes.  <\/p>\n<p>[\/et_pb_text][\/et_pb_column][\/et_pb_row][et_pb_row column_structure=&#8220;1_2,1_2&#8243; use_custom_gutter=&#8220;on&#8220; gutter_width=&#8220;4&#8243; _builder_version=&#8220;4.24.2&#8243; _module_preset=&#8220;default&#8220; max_width=&#8220;1600px&#8220; global_colors_info=&#8220;{}&#8220;][et_pb_column type=&#8220;1_2&#8243; _builder_version=&#8220;4.24.2&#8243; _module_preset=&#8220;default&#8220; global_colors_info=&#8220;{}&#8220;][et_pb_text _builder_version=&#8220;4.24.2&#8243; _module_preset=&#8220;default&#8220; text_text_color=&#8220;#0A0A0A&#8220; text_font_size=&#8220;18px&#8220; header_3_font=&#8220;|600|||||||&#8220; header_3_font_size=&#8220;23px&#8220; header_3_line_height=&#8220;1.7em&#8220; background_color=&#8220;#E5E8F6&#8243; custom_padding=&#8220;30px|40px|30px|40px|true|true&#8220; border_radii=&#8220;on|48px|48px|48px|48px&#8220; border_width_all=&#8220;2px&#8220; border_color_all=&#8220;#7569CC&#8220; global_colors_info=&#8220;{}&#8220;]<\/p>\n<h3>Potenzial f\u00fcr die Integration in bestehende Systeme  <\/h3>\n<p>Die Technologie des Patents kann in bestehende Systeme zur Verwaltung und Bewahrung von Artefakten integriert werden, wodurch deren F\u00e4higkeiten erweitert werden und eine umfassende L\u00f6sung f\u00fcr Einrichtungen des kulturellen Erbes entsteht.  <\/p>\n<p>[\/et_pb_text][\/et_pb_column][et_pb_column type=&#8220;1_2&#8243; _builder_version=&#8220;4.24.2&#8243; _module_preset=&#8220;default&#8220; global_colors_info=&#8220;{}&#8220;][et_pb_text _builder_version=&#8220;4.24.2&#8243; _module_preset=&#8220;default&#8220; text_text_color=&#8220;#0A0A0A&#8220; text_font_size=&#8220;18px&#8220; header_3_font=&#8220;|600|||||||&#8220; header_3_font_size=&#8220;23px&#8220; header_3_line_height=&#8220;1.7em&#8220; background_color=&#8220;#E5E8F6&#8243; custom_padding=&#8220;30px|40px|30px|40px|true|true&#8220; border_radii=&#8220;on|48px|48px|48px|48px&#8220; border_width_all=&#8220;2px&#8220; border_color_all=&#8220;#7569CC&#8220; locked=&#8220;off&#8220; global_colors_info=&#8220;{}&#8220;]<\/p>\n<h3>Unerreichte Wettbewerbslandschaft<\/h3>\n<p>Der einzigartige Ansatz und die \u00fcberragenden Ergebnisse des Patents positionieren es als f\u00fchrende Technologie auf dem Markt der Kulturerhaltung und bieten einen Wettbewerbsvorteil gegen\u00fcber bestehenden L\u00f6sungen.  <\/p>\n<p>[\/et_pb_text][\/et_pb_column][\/et_pb_row][et_pb_row column_structure=&#8220;1_2,1_2&#8243; use_custom_gutter=&#8220;on&#8220; gutter_width=&#8220;4&#8243; _builder_version=&#8220;4.24.2&#8243; _module_preset=&#8220;default&#8220; max_width=&#8220;1600px&#8220; global_colors_info=&#8220;{}&#8220;][et_pb_column type=&#8220;1_2&#8243; _builder_version=&#8220;4.24.2&#8243; _module_preset=&#8220;default&#8220; global_colors_info=&#8220;{}&#8220;][et_pb_text _builder_version=&#8220;4.24.2&#8243; _module_preset=&#8220;default&#8220; text_text_color=&#8220;#0A0A0A&#8220; text_font_size=&#8220;18px&#8220; header_3_font=&#8220;|600|||||||&#8220; header_3_font_size=&#8220;23px&#8220; header_3_line_height=&#8220;1.7em&#8220; background_color=&#8220;#eef4fa&#8220; custom_padding=&#8220;30px|40px|30px|40px|true|true&#8220; border_radii=&#8220;on|48px|48px|48px|48px&#8220; border_width_all=&#8220;2px&#8220; border_color_all=&#8220;#2D73C8&#8243; global_colors_info=&#8220;{}&#8220;]<\/p>\n<h3>Potenzial f\u00fcr Lizenzvergabe und Einnahmequellen  <\/h3>\n<p>Der Wert des Patents geht \u00fcber seine unmittelbare Anwendung hinaus und bietet M\u00f6glichkeiten f\u00fcr die Lizenzierung an Softwareentwickler und Dienstleistungsanbieter im Bereich des kulturellen Erbes.  <\/p>\n<p>[\/et_pb_text][\/et_pb_column][et_pb_column type=&#8220;1_2&#8243; _builder_version=&#8220;4.24.2&#8243; _module_preset=&#8220;default&#8220; global_colors_info=&#8220;{}&#8220;][et_pb_text _builder_version=&#8220;4.24.2&#8243; _module_preset=&#8220;default&#8220; text_text_color=&#8220;#0A0A0A&#8220; text_font_size=&#8220;18px&#8220; header_3_font=&#8220;|600|||||||&#8220; header_3_font_size=&#8220;23px&#8220; header_3_line_height=&#8220;1.7em&#8220; background_color=&#8220;#eef4fa&#8220; custom_padding=&#8220;30px|40px|30px|40px|true|true&#8220; border_radii=&#8220;on|48px|48px|48px|48px&#8220; border_width_all=&#8220;2px&#8220; border_color_all=&#8220;#2D73C8&#8243; locked=&#8220;off&#8220; global_colors_info=&#8220;{}&#8220;]<\/p>\n<h3>Beitrag zur Erhaltung des kulturellen Erbes  <\/h3>\n<p>Die Technologie des Patents hat das Potenzial, die Art und Weise, wie wir unser kulturelles Erbe bewahren und verstehen, zu revolutionieren und den gesamten Bereich ma\u00dfgeblich zu beeinflussen.<\/p>\n<p>[\/et_pb_text][\/et_pb_column][\/et_pb_row][\/et_pb_section]<\/p>\n","protected":false},"excerpt":{"rendered":"<p>PatentUS20210042703A1 &nbsp; Artentika wurde von CEO Albertus Geldenhuys erfunden und ist das einzige Unternehmen weltweit, das ein US-Patent f\u00fcr eine Technologie zur Kunstauthentifizierung erhalten hat. Es betrifft die &#8222;Verarbeitung digitaler Minutien f\u00fcr die Analyse von Kulturg\u00fctern&#8220; und ist bis zum 17.01.2039 g\u00fcltig. Das Patent ist ein sehr wertvolles Gut, unter anderem weil die USA fast [&hellip;]<\/p>\n","protected":false},"author":1,"featured_media":0,"parent":0,"menu_order":0,"comment_status":"closed","ping_status":"closed","template":"","meta":{"_et_pb_use_builder":"on","_et_pb_old_content":"","_et_gb_content_width":"","footnotes":""},"class_list":["post-31336","page","type-page","status-publish","hentry"],"_links":{"self":[{"href":"https:\/\/artentika.art\/de\/wp-json\/wp\/v2\/pages\/31336","targetHints":{"allow":["GET"]}}],"collection":[{"href":"https:\/\/artentika.art\/de\/wp-json\/wp\/v2\/pages"}],"about":[{"href":"https:\/\/artentika.art\/de\/wp-json\/wp\/v2\/types\/page"}],"author":[{"embeddable":true,"href":"https:\/\/artentika.art\/de\/wp-json\/wp\/v2\/users\/1"}],"replies":[{"embeddable":true,"href":"https:\/\/artentika.art\/de\/wp-json\/wp\/v2\/comments?post=31336"}],"version-history":[{"count":7,"href":"https:\/\/artentika.art\/de\/wp-json\/wp\/v2\/pages\/31336\/revisions"}],"predecessor-version":[{"id":31385,"href":"https:\/\/artentika.art\/de\/wp-json\/wp\/v2\/pages\/31336\/revisions\/31385"}],"wp:attachment":[{"href":"https:\/\/artentika.art\/de\/wp-json\/wp\/v2\/media?parent=31336"}],"curies":[{"name":"wp","href":"https:\/\/api.w.org\/{rel}","templated":true}]}}