{"id":30732,"date":"2024-03-11T17:33:48","date_gmt":"2024-03-11T16:33:48","guid":{"rendered":"https:\/\/artentika.art\/autenticacion\/"},"modified":"2024-03-31T18:58:23","modified_gmt":"2024-03-31T16:58:23","slug":"autenticacion","status":"publish","type":"page","link":"https:\/\/artentika.art\/es\/autenticacion\/","title":{"rendered":"Autenticaci\u00f3n"},"content":{"rendered":"<p>[et_pb_section fb_built=\u00bb1&#8243; _builder_version=\u00bb4.24.2&#8243; _module_preset=\u00bbdefault\u00bb background_color=\u00bb#F9FBFD\u00bb da_disable_devices=\u00bboff|off|off\u00bb border_width_bottom=\u00bb1px\u00bb border_color_bottom=\u00bb#7569CC\u00bb global_colors_info=\u00bb{}\u00bb da_is_popup=\u00bboff\u00bb da_exit_intent=\u00bboff\u00bb da_has_close=\u00bbon\u00bb da_alt_close=\u00bboff\u00bb da_dark_close=\u00bboff\u00bb da_not_modal=\u00bbon\u00bb da_is_singular=\u00bboff\u00bb da_with_loader=\u00bboff\u00bb da_has_shadow=\u00bbon\u00bb][et_pb_row _builder_version=\u00bb4.24.2&#8243; _module_preset=\u00bbdefault\u00bb global_colors_info=\u00bb{}\u00bb][et_pb_column type=\u00bb4_4&#8243; _builder_version=\u00bb4.24.2&#8243; _module_preset=\u00bbdefault\u00bb global_colors_info=\u00bb{}\u00bb][et_pb_text _builder_version=\u00bb4.24.2&#8243; _module_preset=\u00bbdefault\u00bb header_font=\u00bb|700|||||||\u00bb header_text_align=\u00bbcenter\u00bb header_font_size=\u00bb67px\u00bb header_font_size_tablet=\u00bb60px\u00bb header_font_size_phone=\u00bb38px\u00bb header_font_size_last_edited=\u00bbon|phone\u00bb global_colors_info=\u00bb{}\u00bb]<\/p>\n<h1><span style=\"color: #2d73c8;\">Autenticaci\u00f3n<\/span><\/h1>\n<p>[\/et_pb_text][\/et_pb_column][\/et_pb_row][\/et_pb_section][et_pb_section fb_built=\u00bb1&#8243; _builder_version=\u00bb4.24.2&#8243; _module_preset=\u00bbdefault\u00bb background_color=\u00bb#F9FBFD\u00bb custom_padding=\u00bb||2px|||\u00bb da_disable_devices=\u00bboff|off|off\u00bb global_colors_info=\u00bb{}\u00bb da_is_popup=\u00bboff\u00bb da_exit_intent=\u00bboff\u00bb da_has_close=\u00bbon\u00bb da_alt_close=\u00bboff\u00bb da_dark_close=\u00bboff\u00bb da_not_modal=\u00bbon\u00bb da_is_singular=\u00bboff\u00bb da_with_loader=\u00bboff\u00bb da_has_shadow=\u00bbon\u00bb][et_pb_row _builder_version=\u00bb4.24.2&#8243; _module_preset=\u00bbdefault\u00bb global_colors_info=\u00bb{}\u00bb][et_pb_column type=\u00bb4_4&#8243; _builder_version=\u00bb4.24.2&#8243; _module_preset=\u00bbdefault\u00bb global_colors_info=\u00bb{}\u00bb][et_pb_text _builder_version=\u00bb4.24.2&#8243; _module_preset=\u00bbdefault\u00bb text_text_color=\u00bb#0A0A0A\u00bb text_font_size=\u00bb18px\u00bb hover_enabled=\u00bb0&#8243; global_colors_info=\u00bb{}\u00bb sticky_enabled=\u00bb0&#8243;]<\/p>\n<p>El servicio de autenticaci\u00f3n de obras de arte Artentika se utiliza para determinar la autenticidad y atribuci\u00f3n de las obras de arte. Utilizamos la Inteligencia Artificial para una evaluaci\u00f3n preliminar y, si se justifica una investigaci\u00f3n m\u00e1s profunda, se recurre a un experto en el artista en cuesti\u00f3n.<\/p>\n<p>[\/et_pb_text][\/et_pb_column][\/et_pb_row][\/et_pb_section][et_pb_section fb_built=\u00bb1&#8243; _builder_version=\u00bb4.24.2&#8243; _module_preset=\u00bbdefault\u00bb background_color=\u00bb#F9FBFD\u00bb custom_padding=\u00bb||5px|||\u00bb da_disable_devices=\u00bboff|off|off\u00bb global_colors_info=\u00bb{}\u00bb da_is_popup=\u00bboff\u00bb da_exit_intent=\u00bboff\u00bb da_has_close=\u00bbon\u00bb da_alt_close=\u00bboff\u00bb da_dark_close=\u00bboff\u00bb da_not_modal=\u00bbon\u00bb da_is_singular=\u00bboff\u00bb da_with_loader=\u00bboff\u00bb da_has_shadow=\u00bbon\u00bb][et_pb_row _builder_version=\u00bb4.24.2&#8243; _module_preset=\u00bbdefault\u00bb global_colors_info=\u00bb{}\u00bb][et_pb_column type=\u00bb4_4&#8243; _builder_version=\u00bb4.24.2&#8243; _module_preset=\u00bbdefault\u00bb global_colors_info=\u00bb{}\u00bb][et_pb_text _builder_version=\u00bb4.24.2&#8243; _module_preset=\u00bbdefault\u00bb header_2_font=\u00bb|700|||||||\u00bb header_2_font_size=\u00bb42px\u00bb custom_margin=\u00bb||15px|||\u00bb global_colors_info=\u00bb{}\u00bb]<\/p>\n<h2>El proceso Artentika<\/h2>\n<p>[\/et_pb_text][et_pb_divider color=\u00bb#7569CC\u00bb _builder_version=\u00bb4.24.2&#8243; _module_preset=\u00bbdefault\u00bb global_colors_info=\u00bb{}\u00bb][\/et_pb_divider][et_pb_text _builder_version=\u00bb4.24.2&#8243; _module_preset=\u00bbdefault\u00bb text_text_color=\u00bb#0A0A0A\u00bb text_font_size=\u00bb18px\u00bb ol_font=\u00bb||||||||\u00bb header_6_font=\u00bb|800|||||||\u00bb header_6_text_align=\u00bbleft\u00bb header_6_text_color=\u00bb#7569CC\u00bb header_6_font_size=\u00bb26px\u00bb global_colors_info=\u00bb{}\u00bb]<\/p>\n<h6>1 Env\u00edo de fotos sin esfuerzo<\/h6>\n<p>Tome una foto de alta calidad de su obra de arte utilizando una c\u00e1mara est\u00e1ndar o nuestra intuitiva Artentika Art Management App. La aplicaci\u00f3n simplifica el proceso, cargando autom\u00e1ticamente la imagen y ofreciendo orientaci\u00f3n sobre la calidad de la foto. Nuestro sistema eval\u00faa instant\u00e1neamente la idoneidad de su foto para nuestro an\u00e1lisis, proporcion\u00e1ndole informaci\u00f3n inmediata.<\/p>\n<p>&nbsp;<\/p>\n<h6>2 An\u00e1lisis preliminares con IA<\/h6>\n<p>Una vez aprobada su foto, se somete a nuestro vanguardista an\u00e1lisis de IA. Esta fase determina eficazmente si est\u00e1 justificada una investigaci\u00f3n exhaustiva.<\/p>\n<p>&nbsp;<\/p>\n<h6>3 Oferta de investigaci\u00f3n complementaria<\/h6>\n<p>Si los resultados de nuestra IA sugieren que est\u00e1 justificado un examen m\u00e1s profundo, presentaremos un presupuesto detallado en el que se especifique el alcance de la investigaci\u00f3n propuesta. Siempre tienes la opci\u00f3n de proceder o no.<\/p>\n<p>&nbsp;<\/p>\n<h6>4 Autenticaci\u00f3n global e integral<\/h6>\n<p><span>Nuestros especialistas examinar\u00e1n meticulosamente su obra de arte en persona, independientemente de su ubicaci\u00f3n. Se emplean esc\u00e1neres no invasivos de \u00faltima generaci\u00f3n para descubrir detalles sutiles necesarios para confirmar la autenticidad. Nuestro informe de autentificaci\u00f3n cient\u00edfica es revisado por una autoridad reconocida internacionalmente en el artista en cuesti\u00f3n. El informe final lo firman conjuntamente el experto y Artentika. Por \u00faltimo, recibir\u00e1 un certificado a prueba de manipulaciones que documenta si su obra de arte es aut\u00e9ntica o no.<\/span><\/p>\n<p>&nbsp;<\/p>\n<p>[\/et_pb_text][\/et_pb_column][\/et_pb_row][\/et_pb_section][et_pb_section fb_built=\u00bb1&#8243; custom_padding_last_edited=\u00bbon|phone\u00bb _builder_version=\u00bb4.24.2&#8243; _module_preset=\u00bbdefault\u00bb background_color=\u00bb#F9FBFD\u00bb custom_padding_tablet=\u00bb\u00bb custom_padding_phone=\u00bb0px||||false|false\u00bb da_disable_devices=\u00bboff|off|off\u00bb global_colors_info=\u00bb{}\u00bb da_is_popup=\u00bboff\u00bb da_exit_intent=\u00bboff\u00bb da_has_close=\u00bbon\u00bb da_alt_close=\u00bboff\u00bb da_dark_close=\u00bboff\u00bb da_not_modal=\u00bbon\u00bb da_is_singular=\u00bboff\u00bb da_with_loader=\u00bboff\u00bb da_has_shadow=\u00bbon\u00bb][et_pb_row _builder_version=\u00bb4.24.2&#8243; _module_preset=\u00bbdefault\u00bb global_colors_info=\u00bb{}\u00bb][et_pb_column type=\u00bb4_4&#8243; _builder_version=\u00bb4.24.2&#8243; _module_preset=\u00bbdefault\u00bb global_colors_info=\u00bb{}\u00bb][et_pb_text _builder_version=\u00bb4.24.2&#8243; _module_preset=\u00bbdefault\u00bb text_text_color=\u00bb#0A0A0A\u00bb text_font_size=\u00bb18px\u00bb header_2_font=\u00bb|700|||||||\u00bb header_2_font_size=\u00bb42px\u00bb custom_margin=\u00bb||15px|||\u00bb global_colors_info=\u00bb{}\u00bb]<\/p>\n<h2>La ventaja Artentika<\/h2>\n<p>&nbsp;<\/p>\n<p>Ofrecemos c<span>comunicaci\u00f3n clara, transparencia de costes y flexibilidad en todas las fases. Nuestra metodolog\u00eda patentada permite realizar una preevaluaci\u00f3n fotogr\u00e1fica eficaz y automatizada, seguida de un proceso de autenticaci\u00f3n en profundidad si est\u00e1 justificado. Dondequiera que se encuentre su obra de arte, el examen t\u00e9cnico in situ combinado con el escrutinio de expertos crea un nivel de rigor de categor\u00eda mundial.<\/span><\/p>\n<p>[\/et_pb_text][\/et_pb_column][\/et_pb_row][et_pb_row _builder_version=\u00bb4.24.2&#8243; _module_preset=\u00bbdefault\u00bb custom_padding=\u00bb100px|||||\u00bb global_colors_info=\u00bb{}\u00bb][et_pb_column type=\u00bb4_4&#8243; _builder_version=\u00bb4.24.2&#8243; _module_preset=\u00bbdefault\u00bb global_colors_info=\u00bb{}\u00bb][et_pb_text _builder_version=\u00bb4.24.2&#8243; _module_preset=\u00bbdefault\u00bb text_font=\u00bb|600|||||||\u00bb text_text_color=\u00bb#0A0A0A\u00bb text_font_size=\u00bb32px\u00bb text_orientation=\u00bbcenter\u00bb custom_margin=\u00bb||64px|||\u00bb hover_enabled=\u00bb0&#8243; global_colors_info=\u00bb{}\u00bb sticky_enabled=\u00bb0&#8243;]<\/p>\n<p>\u00bfEst\u00e1 listo para autentificar sus obras de arte?<\/p>\n<p>[\/et_pb_text][et_pb_button button_url=\u00bbhttps:\/\/artentika.art\/es\/pongase-en-contacto-con\/\u00bb button_text=\u00bbConcierte una consulta gratuita\u00bb button_alignment=\u00bbcenter\u00bb _builder_version=\u00bb4.24.2&#8243; _module_preset=\u00bbdefault\u00bb custom_button=\u00bbon\u00bb button_text_size=\u00bb22px\u00bb button_text_color=\u00bb#FFFFFE\u00bb button_bg_color=\u00bb#2D73C8&#8243; button_border_width=\u00bb0px\u00bb button_border_color=\u00bbRGBA(255,255,255,0)\u00bb button_border_radius=\u00bb14px\u00bb button_icon=\u00bb&#x3d;||divi||400&#8243; custom_margin=\u00bb||||false|false\u00bb custom_margin_tablet=\u00bb||||false|false\u00bb custom_margin_phone=\u00bb|||0px|false|false\u00bb custom_margin_last_edited=\u00bbon|desktop\u00bb custom_padding=\u00bb9px||9px||true|false\u00bb global_colors_info=\u00bb{}\u00bb][\/et_pb_button][\/et_pb_column][\/et_pb_row][\/et_pb_section]<\/p>\n","protected":false},"excerpt":{"rendered":"<p>Autenticaci\u00f3nEl servicio de autenticaci\u00f3n de obras de arte Artentika se utiliza para determinar la autenticidad y atribuci\u00f3n de las obras de arte. Utilizamos la Inteligencia Artificial para una evaluaci\u00f3n preliminar y, si se justifica una investigaci\u00f3n m\u00e1s profunda, se recurre a un experto en el artista en cuesti\u00f3n.El proceso Artentika1 Env\u00edo de fotos sin esfuerzo [&hellip;]<\/p>\n","protected":false},"author":1,"featured_media":0,"parent":0,"menu_order":0,"comment_status":"closed","ping_status":"closed","template":"","meta":{"_et_pb_use_builder":"on","_et_pb_old_content":"","_et_gb_content_width":"","footnotes":""},"class_list":["post-30732","page","type-page","status-publish","hentry"],"_links":{"self":[{"href":"https:\/\/artentika.art\/es\/wp-json\/wp\/v2\/pages\/30732","targetHints":{"allow":["GET"]}}],"collection":[{"href":"https:\/\/artentika.art\/es\/wp-json\/wp\/v2\/pages"}],"about":[{"href":"https:\/\/artentika.art\/es\/wp-json\/wp\/v2\/types\/page"}],"author":[{"embeddable":true,"href":"https:\/\/artentika.art\/es\/wp-json\/wp\/v2\/users\/1"}],"replies":[{"embeddable":true,"href":"https:\/\/artentika.art\/es\/wp-json\/wp\/v2\/comments?post=30732"}],"version-history":[{"count":5,"href":"https:\/\/artentika.art\/es\/wp-json\/wp\/v2\/pages\/30732\/revisions"}],"predecessor-version":[{"id":32144,"href":"https:\/\/artentika.art\/es\/wp-json\/wp\/v2\/pages\/30732\/revisions\/32144"}],"wp:attachment":[{"href":"https:\/\/artentika.art\/es\/wp-json\/wp\/v2\/media?parent=30732"}],"curies":[{"name":"wp","href":"https:\/\/api.w.org\/{rel}","templated":true}]}}