{"id":30766,"date":"2024-03-11T17:33:48","date_gmt":"2024-03-11T16:33:48","guid":{"rendered":"https:\/\/artentika.art\/verificacion\/"},"modified":"2024-03-31T18:58:27","modified_gmt":"2024-03-31T16:58:27","slug":"verificacion","status":"publish","type":"page","link":"https:\/\/artentika.art\/es\/verificacion\/","title":{"rendered":"Verificaci\u00f3n"},"content":{"rendered":"<p>[et_pb_section fb_built=\u00bb1&#8243; _builder_version=\u00bb4.24.2&#8243; _module_preset=\u00bbdefault\u00bb background_color=\u00bb#F9FBFD\u00bb custom_padding=\u00bb54px||56px|||\u00bb da_disable_devices=\u00bboff|off|off\u00bb border_width_bottom=\u00bb1px\u00bb border_color_bottom=\u00bb#7569CC\u00bb global_colors_info=\u00bb{}\u00bb da_is_popup=\u00bboff\u00bb da_exit_intent=\u00bboff\u00bb da_has_close=\u00bbon\u00bb da_alt_close=\u00bboff\u00bb da_dark_close=\u00bboff\u00bb da_not_modal=\u00bbon\u00bb da_is_singular=\u00bboff\u00bb da_with_loader=\u00bboff\u00bb da_has_shadow=\u00bbon\u00bb][et_pb_row _builder_version=\u00bb4.24.2&#8243; _module_preset=\u00bbdefault\u00bb global_colors_info=\u00bb{}\u00bb][et_pb_column type=\u00bb4_4&#8243; _builder_version=\u00bb4.24.2&#8243; _module_preset=\u00bbdefault\u00bb global_colors_info=\u00bb{}\u00bb][et_pb_text _builder_version=\u00bb4.24.2&#8243; _module_preset=\u00bbdefault\u00bb header_font=\u00bb|700|||||||\u00bb header_text_align=\u00bbcenter\u00bb header_font_size=\u00bb67px\u00bb header_font_size_tablet=\u00bb60px\u00bb header_font_size_phone=\u00bb38px\u00bb header_font_size_last_edited=\u00bbon|phone\u00bb global_colors_info=\u00bb{}\u00bb]<\/p>\n<h1><span style=\"color: #2d73c8;\">Verificaci\u00f3n <span style=\"color: #0a0000;\"> y conservaci\u00f3n <\/span><\/span><\/h1>\n<p>[\/et_pb_text][\/et_pb_column][\/et_pb_row][\/et_pb_section][et_pb_section fb_built=\u00bb1&#8243; _builder_version=\u00bb4.24.2&#8243; _module_preset=\u00bbdefault\u00bb background_color=\u00bb#F9FBFD\u00bb custom_padding=\u00bb||0px|||\u00bb da_disable_devices=\u00bboff|off|off\u00bb global_colors_info=\u00bb{}\u00bb da_is_popup=\u00bboff\u00bb da_exit_intent=\u00bboff\u00bb da_has_close=\u00bbon\u00bb da_alt_close=\u00bboff\u00bb da_dark_close=\u00bboff\u00bb da_not_modal=\u00bbon\u00bb da_is_singular=\u00bboff\u00bb da_with_loader=\u00bboff\u00bb da_has_shadow=\u00bbon\u00bb][et_pb_row column_structure=\u00bb1_2,1_2&#8243; _builder_version=\u00bb4.24.2&#8243; _module_preset=\u00bbdefault\u00bb global_colors_info=\u00bb{}\u00bb][et_pb_column type=\u00bb1_2&#8243; _builder_version=\u00bb4.24.2&#8243; _module_preset=\u00bbdefault\u00bb global_colors_info=\u00bb{}\u00bb][et_pb_text _builder_version=\u00bb4.24.2&#8243; _module_preset=\u00bbdefault\u00bb text_font=\u00bb||||||||\u00bb text_text_color=\u00bb#0A0A0A\u00bb text_font_size=\u00bb18px\u00bb custom_margin=\u00bb||-2px|||\u00bb custom_padding=\u00bb||35px|||\u00bb border_color_bottom=\u00bb#7569CC\u00bb global_colors_info=\u00bb{}\u00bb]<\/p>\n<p>Nuestro servicio de verificaci\u00f3n permite comparar dos im\u00e1genes de una obra de arte separadas por un periodo de tiempo. Podemos detectar cualquier da\u00f1o o alteraci\u00f3n que haya sufrido la obra de arte. Esta tecnolog\u00eda One-2-One\u2122 tiene muchas aplicaciones diversas, como la conservaci\u00f3n y la curaci\u00f3n, y puede ser de inter\u00e9s para muchas partes: <strong>creadores, tasadores, galer\u00edas, intermediarios y otros que se enumeran a continuaci\u00f3n. <\/strong>La verificaci\u00f3n es un proceso automatizado a trav\u00e9s de Artentika Art Managment App.<\/p>\n<p>[\/et_pb_text][et_pb_text _builder_version=\u00bb4.24.2&#8243; _module_preset=\u00bbdefault\u00bb header_4_font=\u00bb|600|||||||\u00bb header_4_text_color=\u00bb#0A0A0A\u00bb header_4_font_size=\u00bb32px\u00bb global_colors_info=\u00bb{}\u00bb]<\/p>\n<h4>Vea la <span style=\"color: #2d73c8;\">aplicaci\u00f3n<\/span> <span style=\"color: #2d73c8;\">Artentika<\/span> en acci\u00f3n<\/h4>\n<p>[\/et_pb_text][et_pb_button button_url=\u00bbhttps:\/\/artentika.art\/es\/pongase-en-contacto-con\/\u00bb button_text=\u00bbConcierte una consulta gratuita\u00bb _builder_version=\u00bb4.24.2&#8243; _module_preset=\u00bbdefault\u00bb custom_button=\u00bbon\u00bb button_text_size=\u00bb22px\u00bb button_text_color=\u00bb#FFFFFE\u00bb button_bg_color=\u00bb#2D73C8&#8243; button_border_width=\u00bb0px\u00bb button_border_color=\u00bbRGBA(255,255,255,0)\u00bb button_border_radius=\u00bb14px\u00bb button_icon=\u00bb&#x3d;||divi||400&#8243; custom_margin=\u00bb||||false|false\u00bb custom_padding=\u00bb9px||9px||true|false\u00bb global_colors_info=\u00bb{}\u00bb][\/et_pb_button][\/et_pb_column][et_pb_column type=\u00bb1_2&#8243; _builder_version=\u00bb4.24.2&#8243; _module_preset=\u00bbdefault\u00bb global_colors_info=\u00bb{}\u00bb][et_pb_image src=\u00bbhttps:\/\/artentika.art\/wp-content\/uploads\/2024\/03\/Artentika-phone-2.png\u00bb title_text=\u00bbArtentika tel\u00e9fono 2&#8243; align=\u00bbcenter\u00bb _builder_version=\u00bb4.24.2&#8243; _module_preset=\u00bbdefault\u00bb max_height=\u00bb800px\u00bb global_colors_info=\u00bb{}\u00bb][\/et_pb_image][\/et_pb_column][\/et_pb_row][\/et_pb_section][et_pb_section fb_built=\u00bb1&#8243; _builder_version=\u00bb4.24.2&#8243; _module_preset=\u00bbdefault\u00bb background_color=\u00bb#F9FBFD\u00bb da_disable_devices=\u00bboff|off|off\u00bb global_colors_info=\u00bb{}\u00bb da_is_popup=\u00bboff\u00bb da_exit_intent=\u00bboff\u00bb da_has_close=\u00bbon\u00bb da_alt_close=\u00bboff\u00bb da_dark_close=\u00bboff\u00bb da_not_modal=\u00bbon\u00bb da_is_singular=\u00bboff\u00bb da_with_loader=\u00bboff\u00bb da_has_shadow=\u00bbon\u00bb][et_pb_row column_structure=\u00bb1_3,1_3,1_3&#8243; _builder_version=\u00bb4.24.2&#8243; _module_preset=\u00bbdefault\u00bb max_width=\u00bb1600px\u00bb global_colors_info=\u00bb{}\u00bb][et_pb_column type=\u00bb1_3&#8243; _builder_version=\u00bb4.24.2&#8243; _module_preset=\u00bbdefault\u00bb border_width_all=\u00bb2px\u00bb border_color_all=\u00bb#7569CC\u00bb global_colors_info=\u00bb{}\u00bb][et_pb_blurb title=\u00bbMuseos\u00bb use_icon=\u00bbon\u00bb font_icon=\u00bb&#xf557;||fa||900&#8243; icon_color=\u00bb#7569CC\u00bb image_icon_background_color=\u00bbRGBA(255,255,255,0)\u00bb image_icon_width=\u00bb64px\u00bb _builder_version=\u00bb4.24.2&#8243; _module_preset=\u00bbdefault\u00bb header_font=\u00bb|700|||||||\u00bb header_font_size=\u00bb28px\u00bb body_text_color=\u00bb#0A0A0A\u00bb body_font_size=\u00bb18px\u00bb custom_margin=\u00bb||0px|||\u00bb custom_padding=\u00bb35px|35px|35px|35px|true|true\u00bb border_radii=\u00bbon|48px|48px|48px|48px\u00bb border_color_all=\u00bb#7569CC\u00bb global_colors_info=\u00bb{}\u00bb]<\/p>\n<p><span>Ir m\u00e1s all\u00e1 de la autentificaci\u00f3n de obras individuales. As\u00f3ciese con Artentika para una supervisi\u00f3n perfecta de toda la colecci\u00f3n mediante nuestro exclusivo an\u00e1lisis basado en tel\u00e9fonos inteligentes.<\/span><\/p>\n<p>[\/et_pb_blurb][et_pb_button button_url=\u00bbhttps:\/\/artentika.art\/es\/museos\/\u00bb button_text=\u00bbM\u00e1s informaci\u00f3n\u00bb button_alignment=\u00bbcenter\u00bb _builder_version=\u00bb4.24.2&#8243; _module_preset=\u00bbdefault\u00bb custom_button=\u00bbon\u00bb button_text_size=\u00bb22px\u00bb button_text_color=\u00bb#7569CC\u00bb button_bg_color=\u00bb#FFFFFE\u00bb button_border_width=\u00bb2px\u00bb button_border_color=\u00bb#7569CC\u00bb button_border_radius=\u00bb13px\u00bb button_font=\u00bb|700|||||||\u00bb button_icon=\u00bb&#x3d;||divi||400&#8243; custom_margin=\u00bb||35px||false|false\u00bb global_colors_info=\u00bb{}\u00bb][\/et_pb_button][\/et_pb_column][et_pb_column type=\u00bb1_3&#8243; _builder_version=\u00bb4.24.2&#8243; _module_preset=\u00bbdefault\u00bb border_width_all=\u00bb2px\u00bb border_color_all=\u00bb#7569CC\u00bb global_colors_info=\u00bb{}\u00bb][et_pb_blurb title=\u00bbColeccionistas privados y empresas\u00bb use_icon=\u00bbon\u00bb font_icon=\u00bb&#xf007;||fa||900&#8243; icon_color=\u00bb#7569CC\u00bb image_icon_background_color=\u00bbRGBA(255,255,255,0)\u00bb image_icon_width=\u00bb64px\u00bb _builder_version=\u00bb4.24.2&#8243; _module_preset=\u00bbdefault\u00bb header_font=\u00bb|700|||||||\u00bb header_font_size=\u00bb28px\u00bb body_text_color=\u00bb#0A0A0A\u00bb body_font_size=\u00bb18px\u00bb custom_margin=\u00bb||0px|||\u00bb custom_padding=\u00bb35px|35px|35px|35px|true|true\u00bb border_radii=\u00bbon|48px|48px|48px|48px\u00bb border_color_all=\u00bb#7569CC\u00bb locked=\u00bboff\u00bb global_colors_info=\u00bb{}\u00bb]<\/p>\n<p><span>Mantenga la belleza y el valor a largo plazo de su preciada colecci\u00f3n con la evaluaci\u00f3n anual cient\u00edficamente rigurosa de Artentika.<\/span><\/p>\n<p>[\/et_pb_blurb][et_pb_button button_url=\u00bbhttps:\/\/artentika.art\/es\/coleccionistas\/\u00bb button_text=\u00bbM\u00e1s informaci\u00f3n\u00bb button_alignment=\u00bbcenter\u00bb _builder_version=\u00bb4.24.2&#8243; _module_preset=\u00bbdefault\u00bb custom_button=\u00bbon\u00bb button_text_size=\u00bb22px\u00bb button_text_color=\u00bb#7569CC\u00bb button_bg_color=\u00bb#FFFFFE\u00bb button_border_width=\u00bb2px\u00bb button_border_color=\u00bb#7569CC\u00bb button_border_radius=\u00bb13px\u00bb button_font=\u00bb|700|||||||\u00bb button_icon=\u00bb&#x3d;||divi||400&#8243; custom_margin=\u00bb||35px||false|false\u00bb global_colors_info=\u00bb{}\u00bb][\/et_pb_button][\/et_pb_column][et_pb_column type=\u00bb1_3&#8243; _builder_version=\u00bb4.24.2&#8243; _module_preset=\u00bbdefault\u00bb border_width_all=\u00bb2px\u00bb border_color_all=\u00bb#7569CC\u00bb global_colors_info=\u00bb{}\u00bb][et_pb_blurb title=\u00bbCasas de subastas\u00bb use_icon=\u00bbon\u00bb font_icon=\u00bb&#xf54f;||fa||900&#8243; icon_color=\u00bb#7569CC\u00bb image_icon_background_color=\u00bbRGBA(255,255,255,0)\u00bb image_icon_width=\u00bb64px\u00bb _builder_version=\u00bb4.24.2&#8243; _module_preset=\u00bbdefault\u00bb header_font=\u00bb|700|||||||\u00bb header_font_size=\u00bb28px\u00bb body_text_color=\u00bb#0A0A0A\u00bb body_font_size=\u00bb18px\u00bb custom_margin=\u00bb||0px|||\u00bb custom_padding=\u00bb35px|35px|35px|35px|true|true\u00bb border_radii=\u00bbon|48px|48px|48px|48px\u00bb border_color_all=\u00bb#7569CC\u00bb locked=\u00bboff\u00bb global_colors_info=\u00bb{}\u00bb]<\/p>\n<p>Agilice las ventas, genere confianza en los compradores y maximice los ingresos. La verificaci\u00f3n mediante smartphone de Artentika ofrece a las casas de subastas una poderosa ventaja.<\/p>\n<p>[\/et_pb_blurb][et_pb_button button_url=\u00bbhttps:\/\/artentika.art\/es\/casas-de-subastas\/\u00bb button_text=\u00bbM\u00e1s informaci\u00f3n\u00bb button_alignment=\u00bbcenter\u00bb _builder_version=\u00bb4.24.2&#8243; _module_preset=\u00bbdefault\u00bb custom_button=\u00bbon\u00bb button_text_size=\u00bb22px\u00bb button_text_color=\u00bb#7569CC\u00bb button_bg_color=\u00bb#FFFFFE\u00bb button_border_width=\u00bb2px\u00bb button_border_color=\u00bb#7569CC\u00bb button_border_radius=\u00bb13px\u00bb button_font=\u00bb|700|||||||\u00bb button_icon=\u00bb&#x3d;||divi||400&#8243; custom_margin=\u00bb||35px||false|false\u00bb global_colors_info=\u00bb{}\u00bb][\/et_pb_button][\/et_pb_column][\/et_pb_row][et_pb_row column_structure=\u00bb1_3,1_3,1_3&#8243; make_equal=\u00bbon\u00bb _builder_version=\u00bb4.24.2&#8243; _module_preset=\u00bbdefault\u00bb max_width=\u00bb1600px\u00bb global_colors_info=\u00bb{}\u00bb][et_pb_column type=\u00bb1_3&#8243; _builder_version=\u00bb4.24.2&#8243; _module_preset=\u00bbdefault\u00bb border_width_all=\u00bb2px\u00bb border_color_all=\u00bb#7569CC\u00bb global_colors_info=\u00bb{}\u00bb][et_pb_blurb title=\u00bbSeguros y reaseguros de arte\u00bb use_icon=\u00bbon\u00bb font_icon=\u00bb&#xf0d6;||fa||900&#8243; icon_color=\u00bb#7569CC\u00bb image_icon_background_color=\u00bbRGBA(255,255,255,0)\u00bb image_icon_width=\u00bb64px\u00bb _builder_version=\u00bb4.24.2&#8243; _module_preset=\u00bbdefault\u00bb header_font=\u00bb|700|||||||\u00bb header_font_size=\u00bb28px\u00bb body_text_color=\u00bb#0A0A0A\u00bb body_font_size=\u00bb18px\u00bb custom_margin=\u00bb||0px|||\u00bb custom_padding=\u00bb35px|35px|35px|35px|true|true\u00bb global_colors_info=\u00bb{}\u00bb]<\/p>\n<p>Reduzca el riesgo y optimice la rentabilidad. Artentika permite a las aseguradoras evaluar el riesgo de forma din\u00e1mica y aumentar la precisi\u00f3n de las evaluaciones.<\/p>\n<p>[\/et_pb_blurb][et_pb_button button_url=\u00bbhttps:\/\/artentika.art\/es\/seguro-de-arte\/\u00bb button_text=\u00bbM\u00e1s informaci\u00f3n\u00bb button_alignment=\u00bbcenter\u00bb _builder_version=\u00bb4.24.2&#8243; _module_preset=\u00bbdefault\u00bb custom_button=\u00bbon\u00bb button_text_size=\u00bb22px\u00bb button_text_color=\u00bb#7569CC\u00bb button_bg_color=\u00bb#FFFFFE\u00bb button_border_width=\u00bb2px\u00bb button_border_color=\u00bb#7569CC\u00bb button_border_radius=\u00bb13px\u00bb button_font=\u00bb|700|||||||\u00bb button_icon=\u00bb&#x3d;||divi||400&#8243; custom_margin=\u00bb||35px||false|false\u00bb global_colors_info=\u00bb{}\u00bb][\/et_pb_button][\/et_pb_column][et_pb_column type=\u00bb1_3&#8243; _builder_version=\u00bb4.24.2&#8243; _module_preset=\u00bbdefault\u00bb border_width_all=\u00bb2px\u00bb border_color_all=\u00bb#7569CC\u00bb global_colors_info=\u00bb{}\u00bb][et_pb_blurb title=\u00bbLog\u00edstica Detecci\u00f3n de Da\u00f1os y Sustituciones\u00bb use_icon=\u00bbon\u00bb font_icon=\u00bb&#xf0d1;||fa||900&#8243; icon_color=\u00bb#7569CC\u00bb image_icon_background_color=\u00bbRGBA(255,255,255,0)\u00bb image_icon_width=\u00bb64px\u00bb _builder_version=\u00bb4.24.2&#8243; _module_preset=\u00bbdefault\u00bb header_font=\u00bb|700|||||||\u00bb header_font_size=\u00bb28px\u00bb body_text_color=\u00bb#0A0A0A\u00bb body_font_size=\u00bb18px\u00bb custom_margin=\u00bb||0px|||\u00bb custom_padding=\u00bb35px|35px|35px|35px|true|true\u00bb border_radii=\u00bbon|48px|48px|48px|48px\u00bb border_color_all=\u00bb#7569CC\u00bb locked=\u00bboff\u00bb global_colors_info=\u00bb{}\u00bb]<\/p>\n<p>Proteja sus obras de arte durante el transporte. Mitigue los costosos litigios y salvaguarde la integridad de sus obras de arte durante el transporte con la sencilla soluci\u00f3n de Artentika basada en tel\u00e9fonos inteligentes.<\/p>\n<p>[\/et_pb_blurb][et_pb_button button_url=\u00bbhttps:\/\/artentika.art\/es\/logistica\/\u00bb button_text=\u00bbM\u00e1s informaci\u00f3n\u00bb button_alignment=\u00bbcenter\u00bb _builder_version=\u00bb4.24.2&#8243; _module_preset=\u00bbdefault\u00bb custom_button=\u00bbon\u00bb button_text_size=\u00bb22px\u00bb button_text_color=\u00bb#7569CC\u00bb button_bg_color=\u00bb#FFFFFE\u00bb button_border_width=\u00bb2px\u00bb button_border_color=\u00bb#7569CC\u00bb button_border_radius=\u00bb13px\u00bb button_font=\u00bb|700|||||||\u00bb button_icon=\u00bb&#x3d;||divi||400&#8243; custom_margin=\u00bb||35px||false|false\u00bb global_colors_info=\u00bb{}\u00bb][\/et_pb_button][\/et_pb_column][et_pb_column type=\u00bb1_3&#8243; _builder_version=\u00bb4.24.2&#8243; _module_preset=\u00bbdefault\u00bb border_width_all=\u00bb2px\u00bb border_color_all=\u00bb#7569CC\u00bb global_colors_info=\u00bb{}\u00bb][et_pb_blurb title=\u00bbPrueba de propiedad y protecci\u00f3n de los derechos de autor\u00bb use_icon=\u00bbon\u00bb font_icon=\u00bb&#xf1f9;||fa||400&#8243; icon_color=\u00bb#7569CC\u00bb image_icon_background_color=\u00bbRGBA(255,255,255,0)\u00bb image_icon_width=\u00bb64px\u00bb _builder_version=\u00bb4.24.2&#8243; _module_preset=\u00bbdefault\u00bb header_font=\u00bb|700|||||||\u00bb header_font_size=\u00bb28px\u00bb body_text_color=\u00bb#0A0A0A\u00bb body_font_size=\u00bb18px\u00bb custom_margin=\u00bb||0px|||\u00bb custom_padding=\u00bb35px|35px|35px|35px|true|true\u00bb border_radii=\u00bbon|48px|48px|48px|48px\u00bb border_color_all=\u00bb#7569CC\u00bb locked=\u00bboff\u00bb global_colors_info=\u00bb{}\u00bb]<\/p>\n<p>Asegure sus derechos gracias a informes seguros que proporcionan un registro indiscutible para hacer valer y defender sus derechos art\u00edsticos y financieros.<\/p>\n<p>[\/et_pb_blurb][et_pb_button button_url=\u00bbhttps:\/\/artentika.art\/es\/proteccion-de-los-derechos-de-autor\/\u00bb button_text=\u00bbM\u00e1s informaci\u00f3n\u00bb button_alignment=\u00bbcenter\u00bb _builder_version=\u00bb4.24.2&#8243; _module_preset=\u00bbdefault\u00bb custom_button=\u00bbon\u00bb button_text_size=\u00bb22px\u00bb button_text_color=\u00bb#7569CC\u00bb button_bg_color=\u00bb#FFFFFE\u00bb button_border_width=\u00bb2px\u00bb button_border_color=\u00bb#7569CC\u00bb button_border_radius=\u00bb13px\u00bb button_font=\u00bb|700|||||||\u00bb button_icon=\u00bb&#x3d;||divi||400&#8243; custom_margin=\u00bb||35px||false|false\u00bb global_colors_info=\u00bb{}\u00bb][\/et_pb_button][\/et_pb_column][\/et_pb_row][et_pb_row column_structure=\u00bb1_3,1_3,1_3&#8243; _builder_version=\u00bb4.24.2&#8243; _module_preset=\u00bbdefault\u00bb max_width=\u00bb1600px\u00bb global_colors_info=\u00bb{}\u00bb][et_pb_column type=\u00bb1_3&#8243; _builder_version=\u00bb4.24.2&#8243; _module_preset=\u00bbdefault\u00bb global_colors_info=\u00bb{}\u00bb][\/et_pb_column][et_pb_column type=\u00bb1_3&#8243; _builder_version=\u00bb4.24.2&#8243; _module_preset=\u00bbdefault\u00bb border_width_all=\u00bb2px\u00bb border_color_all=\u00bb#7569CC\u00bb global_colors_info=\u00bb{}\u00bb][et_pb_blurb title=\u00bbLitigios sobre arte\u00bb use_icon=\u00bbon\u00bb font_icon=\u00bb&#xf0e3;||fa||900&#8243; icon_color=\u00bb#7569CC\u00bb image_icon_background_color=\u00bbRGBA(255,255,255,0)\u00bb image_icon_width=\u00bb64px\u00bb _builder_version=\u00bb4.24.2&#8243; _module_preset=\u00bbdefault\u00bb header_font=\u00bb|700|||||||\u00bb header_font_size=\u00bb28px\u00bb body_text_color=\u00bb#0A0A0A\u00bb body_font_size=\u00bb18px\u00bb custom_margin=\u00bb||0px|||\u00bb custom_padding=\u00bb35px|35px|35px|35px|true|true\u00bb border_radii=\u00bbon|48px|48px|48px|48px\u00bb border_color_all=\u00bb#7569CC\u00bb global_colors_info=\u00bb{}\u00bb]<\/p>\n<p>El Derecho del arte es complejo y muchos casos requieren un an\u00e1lisis en profundidad de las obras de arte.  <span>Artentika ofrece una soluci\u00f3n basada en la ciencia y validada por los principales expertos en arte.<\/span><\/p>\n<p>[\/et_pb_blurb][et_pb_button button_url=\u00bbhttps:\/\/artentika.art\/es\/litigios-sobre-arte\/\u00bb button_text=\u00bbM\u00e1s informaci\u00f3n\u00bb button_alignment=\u00bbcenter\u00bb _builder_version=\u00bb4.24.2&#8243; _module_preset=\u00bbdefault\u00bb custom_button=\u00bbon\u00bb button_text_size=\u00bb22px\u00bb button_text_color=\u00bb#7569CC\u00bb button_bg_color=\u00bb#FFFFFE\u00bb button_border_width=\u00bb2px\u00bb button_border_color=\u00bb#7569CC\u00bb button_border_radius=\u00bb13px\u00bb button_font=\u00bb|700|||||||\u00bb button_icon=\u00bb&#x3d;||divi||400&#8243; custom_margin=\u00bb||35px||false|false\u00bb global_colors_info=\u00bb{}\u00bb][\/et_pb_button][\/et_pb_column][et_pb_column type=\u00bb1_3&#8243; _builder_version=\u00bb4.24.2&#8243; _module_preset=\u00bbdefault\u00bb global_colors_info=\u00bb{}\u00bb][\/et_pb_column][\/et_pb_row][\/et_pb_section]<\/p>\n","protected":false},"excerpt":{"rendered":"<p>Verificaci\u00f3n y conservaci\u00f3n Nuestro servicio de verificaci\u00f3n permite comparar dos im\u00e1genes de una obra de arte separadas por un periodo de tiempo. Podemos detectar cualquier da\u00f1o o alteraci\u00f3n que haya sufrido la obra de arte. Esta tecnolog\u00eda One-2-One\u2122 tiene muchas aplicaciones diversas, como la conservaci\u00f3n y la curaci\u00f3n, y puede ser de inter\u00e9s para muchas [&hellip;]<\/p>\n","protected":false},"author":1,"featured_media":0,"parent":0,"menu_order":0,"comment_status":"closed","ping_status":"closed","template":"","meta":{"_et_pb_use_builder":"on","_et_pb_old_content":"","_et_gb_content_width":"","footnotes":""},"class_list":["post-30766","page","type-page","status-publish","hentry"],"_links":{"self":[{"href":"https:\/\/artentika.art\/es\/wp-json\/wp\/v2\/pages\/30766","targetHints":{"allow":["GET"]}}],"collection":[{"href":"https:\/\/artentika.art\/es\/wp-json\/wp\/v2\/pages"}],"about":[{"href":"https:\/\/artentika.art\/es\/wp-json\/wp\/v2\/types\/page"}],"author":[{"embeddable":true,"href":"https:\/\/artentika.art\/es\/wp-json\/wp\/v2\/users\/1"}],"replies":[{"embeddable":true,"href":"https:\/\/artentika.art\/es\/wp-json\/wp\/v2\/comments?post=30766"}],"version-history":[{"count":5,"href":"https:\/\/artentika.art\/es\/wp-json\/wp\/v2\/pages\/30766\/revisions"}],"predecessor-version":[{"id":32200,"href":"https:\/\/artentika.art\/es\/wp-json\/wp\/v2\/pages\/30766\/revisions\/32200"}],"wp:attachment":[{"href":"https:\/\/artentika.art\/es\/wp-json\/wp\/v2\/media?parent=30766"}],"curies":[{"name":"wp","href":"https:\/\/api.w.org\/{rel}","templated":true}]}}