{"id":30806,"date":"2024-03-17T15:26:06","date_gmt":"2024-03-17T14:26:06","guid":{"rendered":"https:\/\/artentika.art\/coleccion\/"},"modified":"2024-03-31T18:58:24","modified_gmt":"2024-03-31T16:58:24","slug":"coleccion","status":"publish","type":"page","link":"https:\/\/artentika.art\/es\/coleccion\/","title":{"rendered":"Colecci\u00f3n"},"content":{"rendered":"<p>[et_pb_section fb_built=\u00bb1&#8243; _builder_version=\u00bb4.24.2&#8243; _module_preset=\u00bbdefault\u00bb background_color=\u00bb#F9FBFD\u00bb da_disable_devices=\u00bboff|off|off\u00bb border_width_bottom=\u00bb1px\u00bb border_color_bottom=\u00bb#7569CC\u00bb global_colors_info=\u00bb{}\u00bb da_is_popup=\u00bboff\u00bb da_exit_intent=\u00bboff\u00bb da_has_close=\u00bbon\u00bb da_alt_close=\u00bboff\u00bb da_dark_close=\u00bboff\u00bb da_not_modal=\u00bbon\u00bb da_is_singular=\u00bboff\u00bb da_with_loader=\u00bboff\u00bb da_has_shadow=\u00bbon\u00bb][et_pb_row _builder_version=\u00bb4.24.2&#8243; _module_preset=\u00bbdefault\u00bb global_colors_info=\u00bb{}\u00bb][et_pb_column type=\u00bb4_4&#8243; _builder_version=\u00bb4.24.2&#8243; _module_preset=\u00bbdefault\u00bb global_colors_info=\u00bb{}\u00bb][et_pb_text content_tablet=\u00bb<\/p>\n<h1><span style=%22color: #2d73c8;%22>Artentika Contempor\u00e1neo<br \/>Colecci\u00f3n de arte<\/span><\/h1>\n<p>\u00bb content_phone=\u00bb<\/p>\n<h1><span style=%22color: #2d73c8;%22>Colecci\u00f3n de arte contempor\u00e1neo Artentika<\/span><\/h1>\n<p>\u00bb content_last_edited=\u00bbon|phone\u00bb _builder_version=\u00bb4.24.2&#8243; _module_preset=\u00bbdefault\u00bb header_font=\u00bb|700|||||||\u00bb header_text_align=\u00bbcenter\u00bb header_font_size=\u00bb67px\u00bb hover_enabled=\u00bb0&#8243; header_font_size_tablet=\u00bb60px\u00bb header_font_size_phone=\u00bb38px\u00bb header_font_size_last_edited=\u00bbon|phone\u00bb global_colors_info=\u00bb{}\u00bb sticky_enabled=\u00bb0&#8243;]<\/p>\n<h1><span style=\"color: #2d73c8;\">Colecci\u00f3n Artentika<\/span><\/h1>\n<div id=\"gtx-trans\" style=\"position: absolute; left: 67px; top: 112.438px;\">\n<div class=\"gtx-trans-icon\"><\/div>\n<\/div>\n<p>[\/et_pb_text][\/et_pb_column][\/et_pb_row][\/et_pb_section][et_pb_section fb_built=\u00bb1&#8243; _builder_version=\u00bb4.24.2&#8243; _module_preset=\u00bbdefault\u00bb background_color=\u00bb#F9FBFD\u00bb da_disable_devices=\u00bboff|off|off\u00bb global_colors_info=\u00bb{}\u00bb da_is_popup=\u00bboff\u00bb da_exit_intent=\u00bboff\u00bb da_has_close=\u00bbon\u00bb da_alt_close=\u00bboff\u00bb da_dark_close=\u00bboff\u00bb da_not_modal=\u00bbon\u00bb da_is_singular=\u00bboff\u00bb da_with_loader=\u00bboff\u00bb da_has_shadow=\u00bbon\u00bb][et_pb_row column_structure=\u00bb1_2,1_2&#8243; _builder_version=\u00bb4.24.2&#8243; _module_preset=\u00bbdefault\u00bb global_colors_info=\u00bb{}\u00bb][et_pb_column type=\u00bb1_2&#8243; _builder_version=\u00bb4.24.2&#8243; _module_preset=\u00bbdefault\u00bb global_colors_info=\u00bb{}\u00bb][et_pb_text _builder_version=\u00bb4.24.2&#8243; _module_preset=\u00bbdefault\u00bb text_text_color=\u00bb#0A0A0A\u00bb text_font_size=\u00bb22px\u00bb header_2_font=\u00bb|700|||||||\u00bb header_2_font_size=\u00bb34px\u00bb global_colors_info=\u00bb{}\u00bb]<\/p>\n<p>Artentika ha conseguido la financiaci\u00f3n para adquirir una serie de obras de arte de inversi\u00f3n. A corto plazo, estas obras mostrar\u00e1n nuestras capacidades, ya sea en el \u00e1mbito del conocimiento del arte, de la tecnolog\u00eda del arte o del arte y las finanzas. El objetivo a largo plazo es crear una colecci\u00f3n puntera que se exponga en museos y en l\u00ednea en la galer\u00eda virtual de Artentika.<\/p>\n<p>P\u00f3ngase en contacto con nosotros si tiene obras en venta con un valor de mercado de hasta 2 millones de d\u00f3lares.<\/p>\n<p>[\/et_pb_text][et_pb_button button_url=\u00bbhttps:\/\/artentika.art\/es\/pongase-en-contacto-con\/\u00bb button_text=\u00bbVende tus obras\u00bb button_alignment=\u00bbleft\u00bb button_alignment_tablet=\u00bbleft\u00bb button_alignment_phone=\u00bbcenter\u00bb button_alignment_last_edited=\u00bbon|phone\u00bb _builder_version=\u00bb4.24.2&#8243; _module_preset=\u00bbdefault\u00bb custom_button=\u00bbon\u00bb button_text_size=\u00bb22px\u00bb button_text_color=\u00bb#FFFFFE\u00bb button_bg_color=\u00bb#2D73C8&#8243; button_border_width=\u00bb0px\u00bb button_border_color=\u00bbRGBA(255,255,255,0)\u00bb button_border_radius=\u00bb14px\u00bb button_icon=\u00bb&#x3d;||divi||400&#8243; custom_padding=\u00bb9px||9px||true|false\u00bb global_colors_info=\u00bb{}\u00bb][\/et_pb_button][\/et_pb_column][et_pb_column type=\u00bb1_2&#8243; _builder_version=\u00bb4.24.2&#8243; _module_preset=\u00bbdefault\u00bb global_colors_info=\u00bb{}\u00bb][et_pb_image src=\u00bbhttps:\/\/artentika.art\/wp-content\/uploads\/2024\/03\/alexis-preller-90a3d18d-f01e-4be3-97ba-0990a8ee5aa-resize-750.jpeg\u00bb title_text=\u00bbalexis-preller-90a3d18d-f01e-4be3-97ba-0990a8ee5aa-resize-750&#8243; _builder_version=\u00bb4.24.2&#8243; _module_preset=\u00bbdefault\u00bb transform_scale=\u00bb118%|118%\u00bb global_colors_info=\u00bb{}\u00bb][\/et_pb_image][\/et_pb_column][\/et_pb_row][\/et_pb_section][et_pb_section fb_built=\u00bb1&#8243; _builder_version=\u00bb4.24.2&#8243; _module_preset=\u00bbdefault\u00bb background_color=\u00bb#F9FBFD\u00bb da_disable_devices=\u00bboff|off|off\u00bb global_colors_info=\u00bb{}\u00bb da_is_popup=\u00bboff\u00bb da_exit_intent=\u00bboff\u00bb da_has_close=\u00bbon\u00bb da_alt_close=\u00bboff\u00bb da_dark_close=\u00bboff\u00bb da_not_modal=\u00bbon\u00bb da_is_singular=\u00bboff\u00bb da_with_loader=\u00bboff\u00bb da_has_shadow=\u00bbon\u00bb][et_pb_row _builder_version=\u00bb4.24.2&#8243; _module_preset=\u00bbdefault\u00bb global_colors_info=\u00bb{}\u00bb][et_pb_column type=\u00bb4_4&#8243; _builder_version=\u00bb4.24.2&#8243; _module_preset=\u00bbdefault\u00bb global_colors_info=\u00bb{}\u00bb][et_pb_text _builder_version=\u00bb4.24.2&#8243; _module_preset=\u00bbdefault\u00bb text_text_color=\u00bb#0A0A0A\u00bb text_font_size=\u00bb22px\u00bb link_text_color=\u00bb#2D73C8&#8243; header_2_font=\u00bb|700|||||||\u00bb header_2_font_size=\u00bb42px\u00bb hover_enabled=\u00bb0&#8243; global_colors_info=\u00bb{}\u00bb sticky_enabled=\u00bb0&#8243;]<\/p>\n<h2>Museos y galer\u00edas virtuales a medida para coleccionistas<\/h2>\n<p>&nbsp;<\/p>\n<p>En breve, podr\u00e1 visitar la galer\u00eda virtual Artentika y experimentar sus potentes capacidades. \u00bfTiene <em>objetos de arte<\/em> que desea exponer en l\u00ednea en un espacio inmersivo dise\u00f1ado para mostrarlos a un p\u00fablico mundial 24 horas al d\u00eda, 7 d\u00edas a la semana? Su museo o galer\u00eda puede dise\u00f1arse en cualquier estilo y con la disposici\u00f3n que usted elija, desde el barroco hasta el futurista. Los visitantes realizar\u00e1n una visita guiada y recibir\u00e1n todos los datos m\u00e9tricos. Si lo desea, puede poner a la venta una copia digital o NFT de su obra.<\/p>\n<p>[\/et_pb_text][et_pb_button button_url=\u00bbhttps:\/\/artentika.art\/es\/pongase-en-contacto-con\/\u00bb button_text=\u00bbP\u00f3ngase en contacto con nosotros\u00bb button_alignment=\u00bbcenter\u00bb _builder_version=\u00bb4.24.2&#8243; _module_preset=\u00bbdefault\u00bb custom_button=\u00bbon\u00bb button_text_size=\u00bb22px\u00bb button_text_color=\u00bb#FFFFFE\u00bb button_bg_color=\u00bb#2D73C8&#8243; button_border_width=\u00bb0px\u00bb button_border_color=\u00bbRGBA(255,255,255,0)\u00bb button_border_radius=\u00bb14px\u00bb button_icon=\u00bb&#x3d;||divi||400&#8243; custom_margin=\u00bb||||false|false\u00bb custom_padding=\u00bb9px||9px||true|false\u00bb global_colors_info=\u00bb{}\u00bb][\/et_pb_button][\/et_pb_column][\/et_pb_row][\/et_pb_section]<\/p>\n","protected":false},"excerpt":{"rendered":"<p>Colecci\u00f3n Artentika Artentika ha conseguido la financiaci\u00f3n para adquirir una serie de obras de arte de inversi\u00f3n. A corto plazo, estas obras mostrar\u00e1n nuestras capacidades, ya sea en el \u00e1mbito del conocimiento del arte, de la tecnolog\u00eda del arte o del arte y las finanzas. El objetivo a largo plazo es crear una colecci\u00f3n puntera [&hellip;]<\/p>\n","protected":false},"author":1,"featured_media":0,"parent":0,"menu_order":0,"comment_status":"closed","ping_status":"closed","template":"","meta":{"_et_pb_use_builder":"on","_et_pb_old_content":"","_et_gb_content_width":"","footnotes":""},"class_list":["post-30806","page","type-page","status-publish","hentry"],"_links":{"self":[{"href":"https:\/\/artentika.art\/es\/wp-json\/wp\/v2\/pages\/30806","targetHints":{"allow":["GET"]}}],"collection":[{"href":"https:\/\/artentika.art\/es\/wp-json\/wp\/v2\/pages"}],"about":[{"href":"https:\/\/artentika.art\/es\/wp-json\/wp\/v2\/types\/page"}],"author":[{"embeddable":true,"href":"https:\/\/artentika.art\/es\/wp-json\/wp\/v2\/users\/1"}],"replies":[{"embeddable":true,"href":"https:\/\/artentika.art\/es\/wp-json\/wp\/v2\/comments?post=30806"}],"version-history":[{"count":5,"href":"https:\/\/artentika.art\/es\/wp-json\/wp\/v2\/pages\/30806\/revisions"}],"predecessor-version":[{"id":32160,"href":"https:\/\/artentika.art\/es\/wp-json\/wp\/v2\/pages\/30806\/revisions\/32160"}],"wp:attachment":[{"href":"https:\/\/artentika.art\/es\/wp-json\/wp\/v2\/media?parent=30806"}],"curies":[{"name":"wp","href":"https:\/\/api.w.org\/{rel}","templated":true}]}}