{"id":30852,"date":"2024-03-13T18:13:20","date_gmt":"2024-03-13T17:13:20","guid":{"rendered":"https:\/\/artentika.art\/aplicacion\/"},"modified":"2024-03-26T18:02:01","modified_gmt":"2024-03-26T17:02:01","slug":"aplicacion","status":"publish","type":"page","link":"https:\/\/artentika.art\/es\/aplicacion\/","title":{"rendered":"Aplicaci\u00f3n"},"content":{"rendered":"<p>[et_pb_section fb_built=\u00bb1&#8243; _builder_version=\u00bb4.24.2&#8243; _module_preset=\u00bbdefault\u00bb background_color=\u00bb#F9FBFD\u00bb da_disable_devices=\u00bboff|off|off\u00bb border_width_bottom=\u00bb1px\u00bb border_color_bottom=\u00bb#7569CC\u00bb global_colors_info=\u00bb{}\u00bb da_is_popup=\u00bboff\u00bb da_exit_intent=\u00bboff\u00bb da_has_close=\u00bbon\u00bb da_alt_close=\u00bboff\u00bb da_dark_close=\u00bboff\u00bb da_not_modal=\u00bbon\u00bb da_is_singular=\u00bboff\u00bb da_with_loader=\u00bboff\u00bb da_has_shadow=\u00bbon\u00bb][et_pb_row _builder_version=\u00bb4.24.2&#8243; _module_preset=\u00bbdefault\u00bb global_colors_info=\u00bb{}\u00bb][et_pb_column type=\u00bb4_4&#8243; _builder_version=\u00bb4.24.2&#8243; _module_preset=\u00bbdefault\u00bb global_colors_info=\u00bb{}\u00bb][et_pb_text content_last_edited=\u00bboff|desktop\u00bb _builder_version=\u00bb4.24.2&#8243; _module_preset=\u00bbdefault\u00bb header_font=\u00bb|700|||||||\u00bb header_text_align=\u00bbcenter\u00bb header_font_size=\u00bb67px\u00bb hover_enabled=\u00bb0&#8243; header_font_size_tablet=\u00bb60px\u00bb header_font_size_phone=\u00bb38px\u00bb header_font_size_last_edited=\u00bbon|phone\u00bb global_colors_info=\u00bb{}\u00bb sticky_enabled=\u00bb0&#8243;]<\/p>\n<h1><span style=\"color: #2d73c8;\">Artentika Aplicaci\u00f3n de gesti\u00f3n de obras de arte<\/span><\/h1>\n<p>[\/et_pb_text][\/et_pb_column][\/et_pb_row][\/et_pb_section][et_pb_section fb_built=\u00bb1&#8243; _builder_version=\u00bb4.24.2&#8243; _module_preset=\u00bbdefault\u00bb background_color=\u00bb#F9FBFD\u00bb da_disable_devices=\u00bboff|off|off\u00bb global_colors_info=\u00bb{}\u00bb da_is_popup=\u00bboff\u00bb da_exit_intent=\u00bboff\u00bb da_has_close=\u00bbon\u00bb da_alt_close=\u00bboff\u00bb da_dark_close=\u00bboff\u00bb da_not_modal=\u00bbon\u00bb da_is_singular=\u00bboff\u00bb da_with_loader=\u00bboff\u00bb da_has_shadow=\u00bbon\u00bb][et_pb_row column_structure=\u00bb1_2,1_2&#8243; _builder_version=\u00bb4.24.2&#8243; _module_preset=\u00bbdefault\u00bb global_colors_info=\u00bb{}\u00bb][et_pb_column type=\u00bb1_2&#8243; _builder_version=\u00bb4.24.2&#8243; _module_preset=\u00bbdefault\u00bb global_colors_info=\u00bb{}\u00bb][et_pb_text _builder_version=\u00bb4.24.2&#8243; _module_preset=\u00bbdefault\u00bb text_text_color=\u00bb#0A0A0A\u00bb text_font_size=\u00bb18px\u00bb global_colors_info=\u00bb{}\u00bb]<\/p>\n<p>AAMA es una completa aplicaci\u00f3n para smartphone que ofrece un conjunto de herramientas integradas para la gesti\u00f3n segura del arte. Proporciona a los propietarios de obras de arte y a las partes interesadas un marco s\u00f3lido y racionalizado para documentar, rastrear y salvaguardar sus valiosos activos. Su integraci\u00f3n de funciones de autenticaci\u00f3n, verificaci\u00f3n, seguimiento y uso compartido establece una soluci\u00f3n de gesti\u00f3n de obras de arte segura y todo en uno. AAMA es compatible con Android e iOS, y est\u00e1 prevista su ampliaci\u00f3n a Windows, MacOS y Linux.<\/p>\n<p>El backend de la aplicaci\u00f3n posee una s\u00f3lida capacidad de identificaci\u00f3n de uno a muchos. Esta funci\u00f3n permite al sistema cotejar todas las im\u00e1genes enviadas con la totalidad de su base de datos. Esto permite a la AAMA determinar si una obra de arte ha sido registrada anteriormente, ya sea por otro usuario o en un contexto diferente. Los resultados se comunicar\u00e1n a las partes interesadas.<\/p>\n<p>[\/et_pb_text][\/et_pb_column][et_pb_column type=\u00bb1_2&#8243; _builder_version=\u00bb4.24.2&#8243; _module_preset=\u00bbdefault\u00bb global_colors_info=\u00bb{}\u00bb][et_pb_text _builder_version=\u00bb4.24.2&#8243; _module_preset=\u00bbdefault\u00bb text_text_color=\u00bb#0A0A0A\u00bb text_font_size=\u00bb18px\u00bb global_colors_info=\u00bb{}\u00bb]<\/p>\n<p>Caracter\u00edsticas principales:<\/p>\n<ul>\n<li>Autenticaci\u00f3n: Los clientes env\u00edan de forma segura im\u00e1genes de obras de arte y documentaci\u00f3n directamente a trav\u00e9s de la aplicaci\u00f3n, iniciando el proceso de autenticaci\u00f3n. La comunicaci\u00f3n posterior se produce directamente entre el cliente y Artentika a trav\u00e9s de un canal cifrado para mayor seguridad.<\/li>\n<li>Verificaci\u00f3n, conservaci\u00f3n y preservaci\u00f3n: AAMA ofrece un flujo de trabajo automatizado para estos servicios, que requiere una intervenci\u00f3n humana m\u00ednima. Los clientes suben fotograf\u00edas y datos relevantes de la obra (artista, soporte, dimensiones) y reciben respuesta inmediata.<\/li>\n<li>Verificaci\u00f3n One2One\u2122: Este software patentado permite la comparaci\u00f3n autom\u00e1tica de escaneados sucesivos de ilustraciones. Detecta las m\u00e1s m\u00ednimas discrepancias entre dos fotos de una obra de arte, hasta una sola hoja en un bosque. Se crea un registro hist\u00f3rico verificable y con fecha y hora, lo que facilita la identificaci\u00f3n de cualquier modificaci\u00f3n de la obra de arte a lo largo del tiempo. Este s\u00f3lido seguimiento es \u00fatil tanto en situaciones estacionarias como en tr\u00e1nsito.<\/li>\n<li>Colaboraci\u00f3n: AAMA ofrece la posibilidad de compartir escaneos entre usuarios, fomentando la colaboraci\u00f3n y enriqueciendo la apreciaci\u00f3n del arte dentro de redes seleccionadas.<\/li>\n<\/ul>\n<p>[\/et_pb_text][\/et_pb_column][\/et_pb_row][\/et_pb_section][et_pb_section fb_built=\u00bb1&#8243; _builder_version=\u00bb4.24.2&#8243; _module_preset=\u00bbdefault\u00bb background_color=\u00bb#F9FBFD\u00bb custom_margin_tablet=\u00bb\u00bb custom_margin_phone=\u00bb||||false|false\u00bb custom_margin_last_edited=\u00bbon|phone\u00bb custom_padding=\u00bb0px||||false|false\u00bb da_disable_devices=\u00bboff|off|off\u00bb global_colors_info=\u00bb{}\u00bb da_is_popup=\u00bboff\u00bb da_exit_intent=\u00bboff\u00bb da_has_close=\u00bbon\u00bb da_alt_close=\u00bboff\u00bb da_dark_close=\u00bboff\u00bb da_not_modal=\u00bbon\u00bb da_is_singular=\u00bboff\u00bb da_with_loader=\u00bboff\u00bb da_has_shadow=\u00bbon\u00bb][et_pb_row column_structure=\u00bb1_3,1_3,1_3&#8243; _builder_version=\u00bb4.24.2&#8243; _module_preset=\u00bbdefault\u00bb global_colors_info=\u00bb{}\u00bb][et_pb_column type=\u00bb1_3&#8243; _builder_version=\u00bb4.24.2&#8243; _module_preset=\u00bbdefault\u00bb global_colors_info=\u00bb{}\u00bb][et_pb_blurb title=\u00bbFigura 1: P\u00e1gina de inicio\u00bb image=\u00bbhttps:\/\/artentika.art\/wp-content\/uploads\/2024\/03\/screenshot12.png\u00bb image_icon_width_tablet=\u00bb60%\u00bb image_icon_width_phone=\u00bb60%\u00bb image_icon_width_last_edited=\u00bbon|tablet\u00bb _builder_version=\u00bb4.24.2&#8243; _module_preset=\u00bbdefault\u00bb header_text_align=\u00bbcenter\u00bb header_font_size=\u00bb22px\u00bb global_colors_info=\u00bb{}\u00bb][\/et_pb_blurb][\/et_pb_column][et_pb_column type=\u00bb1_3&#8243; _builder_version=\u00bb4.24.2&#8243; _module_preset=\u00bbdefault\u00bb global_colors_info=\u00bb{}\u00bb][et_pb_blurb title=\u00bbFigura 2: A\u00f1adir una obra I\u00bb image=\u00bbhttps:\/\/artentika.art\/wp-content\/uploads\/2024\/03\/screenshot22.png\u00bb image_icon_width_tablet=\u00bb60%\u00bb image_icon_width_phone=\u00bb60%\u00bb image_icon_width_last_edited=\u00bbon|tablet\u00bb _builder_version=\u00bb4.24.2&#8243; _module_preset=\u00bbdefault\u00bb header_text_align=\u00bbcenter\u00bb header_font_size=\u00bb22px\u00bb global_colors_info=\u00bb{}\u00bb][\/et_pb_blurb][\/et_pb_column][et_pb_column type=\u00bb1_3&#8243; _builder_version=\u00bb4.24.2&#8243; _module_preset=\u00bbdefault\u00bb global_colors_info=\u00bb{}\u00bb][et_pb_blurb title=\u00bbFigura 3: A\u00f1adir una obra II\u00bb image=\u00bbhttps:\/\/artentika.art\/wp-content\/uploads\/2024\/03\/screenshot32.png\u00bb image_icon_width_tablet=\u00bb60%\u00bb image_icon_width_phone=\u00bb60%\u00bb image_icon_width_last_edited=\u00bbon|tablet\u00bb _builder_version=\u00bb4.24.2&#8243; _module_preset=\u00bbdefault\u00bb header_text_align=\u00bbcenter\u00bb header_font_size=\u00bb22px\u00bb global_colors_info=\u00bb{}\u00bb][\/et_pb_blurb][\/et_pb_column][\/et_pb_row][et_pb_row column_structure=\u00bb1_3,1_3,1_3&#8243; _builder_version=\u00bb4.24.2&#8243; _module_preset=\u00bbdefault\u00bb global_colors_info=\u00bb{}\u00bb][et_pb_column type=\u00bb1_3&#8243; _builder_version=\u00bb4.24.2&#8243; _module_preset=\u00bbdefault\u00bb global_colors_info=\u00bb{}\u00bb][et_pb_blurb title=\u00bbFigura 4: Visualizaci\u00f3n de un objeto\u00bb image=\u00bbhttps:\/\/artentika.art\/wp-content\/uploads\/2024\/03\/screenshot42.jpg\u00bb image_icon_width_tablet=\u00bb60%\u00bb image_icon_width_phone=\u00bb60%\u00bb image_icon_width_last_edited=\u00bbon|tablet\u00bb _builder_version=\u00bb4.24.2&#8243; _module_preset=\u00bbdefault\u00bb header_text_align=\u00bbcenter\u00bb header_font_size=\u00bb22px\u00bb global_colors_info=\u00bb{}\u00bb][\/et_pb_blurb][\/et_pb_column][et_pb_column type=\u00bb1_3&#8243; _builder_version=\u00bb4.24.2&#8243; _module_preset=\u00bbdefault\u00bb global_colors_info=\u00bb{}\u00bb][et_pb_blurb title=\u00bbFigura 5: Resultado de la comparaci\u00f3n\u00bb image=\u00bbhttps:\/\/artentika.art\/wp-content\/uploads\/2024\/03\/screenshotresults.jpg\u00bb image_icon_width_tablet=\u00bb60%\u00bb image_icon_width_phone=\u00bb60%\u00bb image_icon_width_last_edited=\u00bbon|tablet\u00bb _builder_version=\u00bb4.24.2&#8243; _module_preset=\u00bbdefault\u00bb header_text_align=\u00bbcenter\u00bb header_font_size=\u00bb22px\u00bb global_colors_info=\u00bb{}\u00bb][\/et_pb_blurb][\/et_pb_column][et_pb_column type=\u00bb1_3&#8243; _builder_version=\u00bb4.24.2&#8243; _module_preset=\u00bbdefault\u00bb global_colors_info=\u00bb{}\u00bb][et_pb_blurb title=\u00bbFigura 6: Historial de exploraci\u00f3n\u00bb image=\u00bbhttps:\/\/artentika.art\/wp-content\/uploads\/2024\/03\/screenshot62.jpg\u00bb image_icon_width_tablet=\u00bb60%\u00bb image_icon_width_phone=\u00bb60%\u00bb image_icon_width_last_edited=\u00bbon|tablet\u00bb _builder_version=\u00bb4.24.2&#8243; _module_preset=\u00bbdefault\u00bb header_text_align=\u00bbcenter\u00bb header_font_size=\u00bb22px\u00bb global_colors_info=\u00bb{}\u00bb][\/et_pb_blurb][\/et_pb_column][\/et_pb_row][et_pb_row column_structure=\u00bb1_3,1_3,1_3&#8243; _builder_version=\u00bb4.24.2&#8243; _module_preset=\u00bbdefault\u00bb max_width=\u00bb1600px\u00bb global_colors_info=\u00bb{}\u00bb][et_pb_column type=\u00bb1_3&#8243; _builder_version=\u00bb4.24.2&#8243; _module_preset=\u00bbdefault\u00bb global_colors_info=\u00bb{}\u00bb][et_pb_blurb title=\u00bbFigura 7: Imagen de referencia\u00bb image=\u00bbhttps:\/\/artentika.art\/wp-content\/uploads\/2024\/03\/reference.jpg\u00bb image_icon_width_tablet=\u00bb60%\u00bb image_icon_width_phone=\u00bb60%\u00bb image_icon_width_last_edited=\u00bbon|tablet\u00bb _builder_version=\u00bb4.24.2&#8243; _module_preset=\u00bbdefault\u00bb header_text_align=\u00bbcenter\u00bb header_font_size=\u00bb22px\u00bb body_text_align=\u00bbcenter\u00bb body_font_size=\u00bb18px\u00bb global_colors_info=\u00bb{}\u00bb]<\/p>\n<p><span>Fecha: 10-02-2023<\/span><br \/><span>Dispositivo: iPhone 13<\/span><\/p>\n<p>[\/et_pb_blurb][\/et_pb_column][et_pb_column type=\u00bb1_3&#8243; _builder_version=\u00bb4.24.2&#8243; _module_preset=\u00bbdefault\u00bb global_colors_info=\u00bb{}\u00bb][et_pb_blurb title=\u00bbFigura 8: Imagen con discrepancia\u00bb image=\u00bbhttps:\/\/artentika.art\/wp-content\/uploads\/2024\/03\/newscanwithredsquare.jpg\u00bb image_icon_width_tablet=\u00bb60%\u00bb image_icon_width_phone=\u00bb60%\u00bb image_icon_width_last_edited=\u00bbon|tablet\u00bb _builder_version=\u00bb4.24.2&#8243; _module_preset=\u00bbdefault\u00bb header_text_align=\u00bbcenter\u00bb header_font_size=\u00bb22px\u00bb body_text_align=\u00bbcenter\u00bb body_font_size=\u00bb18px\u00bb global_colors_info=\u00bb{}\u00bb]<\/p>\n<p><span>Fecha: 22-02-2024  <\/span><br \/><span>Dispositivo: OnePlus 8<\/span><\/p>\n<p>[\/et_pb_blurb][\/et_pb_column][et_pb_column type=\u00bb1_3&#8243; _builder_version=\u00bb4.24.2&#8243; _module_preset=\u00bbdefault\u00bb global_colors_info=\u00bb{}\u00bb][et_pb_blurb title=\u00bbFigura 9: Zoom de discrepancia\u00bb image=\u00bbhttps:\/\/artentika.art\/wp-content\/uploads\/2024\/03\/damagezoomedin1.jpg\u00bb image_icon_width_tablet=\u00bb60%\u00bb image_icon_width_phone=\u00bb60%\u00bb image_icon_width_last_edited=\u00bbon|tablet\u00bb _builder_version=\u00bb4.24.2&#8243; _module_preset=\u00bbdefault\u00bb header_text_align=\u00bbcenter\u00bb header_font_size=\u00bb22px\u00bb global_colors_info=\u00bb{}\u00bb][\/et_pb_blurb][\/et_pb_column][\/et_pb_row][\/et_pb_section]<\/p>\n","protected":false},"excerpt":{"rendered":"<p>Artentika Aplicaci\u00f3n de gesti\u00f3n de obras de arteAAMA es una completa aplicaci\u00f3n para smartphone que ofrece un conjunto de herramientas integradas para la gesti\u00f3n segura del arte. Proporciona a los propietarios de obras de arte y a las partes interesadas un marco s\u00f3lido y racionalizado para documentar, rastrear y salvaguardar sus valiosos activos. Su integraci\u00f3n [&hellip;]<\/p>\n","protected":false},"author":1,"featured_media":0,"parent":0,"menu_order":0,"comment_status":"closed","ping_status":"closed","template":"","meta":{"_et_pb_use_builder":"on","_et_pb_old_content":"","_et_gb_content_width":"","footnotes":""},"class_list":["post-30852","page","type-page","status-publish","hentry"],"_links":{"self":[{"href":"https:\/\/artentika.art\/es\/wp-json\/wp\/v2\/pages\/30852","targetHints":{"allow":["GET"]}}],"collection":[{"href":"https:\/\/artentika.art\/es\/wp-json\/wp\/v2\/pages"}],"about":[{"href":"https:\/\/artentika.art\/es\/wp-json\/wp\/v2\/types\/page"}],"author":[{"embeddable":true,"href":"https:\/\/artentika.art\/es\/wp-json\/wp\/v2\/users\/1"}],"replies":[{"embeddable":true,"href":"https:\/\/artentika.art\/es\/wp-json\/wp\/v2\/comments?post=30852"}],"version-history":[{"count":4,"href":"https:\/\/artentika.art\/es\/wp-json\/wp\/v2\/pages\/30852\/revisions"}],"predecessor-version":[{"id":30868,"href":"https:\/\/artentika.art\/es\/wp-json\/wp\/v2\/pages\/30852\/revisions\/30868"}],"wp:attachment":[{"href":"https:\/\/artentika.art\/es\/wp-json\/wp\/v2\/media?parent=30852"}],"curies":[{"name":"wp","href":"https:\/\/api.w.org\/{rel}","templated":true}]}}