{"id":31148,"date":"2024-03-14T13:21:44","date_gmt":"2024-03-14T12:21:44","guid":{"rendered":"https:\/\/artentika.art\/logistica\/"},"modified":"2024-03-31T18:22:50","modified_gmt":"2024-03-31T16:22:50","slug":"logistica","status":"publish","type":"page","link":"https:\/\/artentika.art\/es\/logistica\/","title":{"rendered":"Log\u00edstica"},"content":{"rendered":"<p>[et_pb_section fb_built=\u00bb1&#8243; _builder_version=\u00bb4.24.2&#8243; _module_preset=\u00bbdefault\u00bb background_color=\u00bb#F9FBFD\u00bb da_disable_devices=\u00bboff|off|off\u00bb border_width_bottom=\u00bb1px\u00bb border_color_bottom=\u00bb#7569CC\u00bb global_colors_info=\u00bb{}\u00bb da_is_popup=\u00bboff\u00bb da_exit_intent=\u00bboff\u00bb da_has_close=\u00bbon\u00bb da_alt_close=\u00bboff\u00bb da_dark_close=\u00bboff\u00bb da_not_modal=\u00bbon\u00bb da_is_singular=\u00bboff\u00bb da_with_loader=\u00bboff\u00bb da_has_shadow=\u00bbon\u00bb][et_pb_row _builder_version=\u00bb4.24.2&#8243; _module_preset=\u00bbdefault\u00bb global_colors_info=\u00bb{}\u00bb][et_pb_column type=\u00bb4_4&#8243; _builder_version=\u00bb4.24.2&#8243; _module_preset=\u00bbdefault\u00bb global_colors_info=\u00bb{}\u00bb][et_pb_text _builder_version=\u00bb4.24.2&#8243; _module_preset=\u00bbdefault\u00bb header_font=\u00bb|700|||||||\u00bb header_text_align=\u00bbcenter\u00bb header_font_size=\u00bb60px\u00bb global_colors_info=\u00bb{}\u00bb]<\/p>\n<h1><span style=\"color: #2d73c8;\">Log\u00edstica Da\u00f1os <span style=\"color: #0a0a0a;\">&amp;<\/span> <\/span><\/h1>\n<h1><span style=\"color: #2d73c8;\"><span style=\"color: #949adb;\">Detecci\u00f3n de sustituciones<\/span><\/span><\/h1>\n<p>[\/et_pb_text][\/et_pb_column][\/et_pb_row][\/et_pb_section][et_pb_section fb_built=\u00bb1&#8243; _builder_version=\u00bb4.24.2&#8243; _module_preset=\u00bbdefault\u00bb background_color=\u00bb#F9FBFD\u00bb custom_padding=\u00bb||100px|||\u00bb da_disable_devices=\u00bboff|off|off\u00bb global_colors_info=\u00bb{}\u00bb da_is_popup=\u00bboff\u00bb da_exit_intent=\u00bboff\u00bb da_has_close=\u00bbon\u00bb da_alt_close=\u00bboff\u00bb da_dark_close=\u00bboff\u00bb da_not_modal=\u00bbon\u00bb da_is_singular=\u00bboff\u00bb da_with_loader=\u00bboff\u00bb da_has_shadow=\u00bbon\u00bb][et_pb_row _builder_version=\u00bb4.24.2&#8243; _module_preset=\u00bbdefault\u00bb custom_padding=\u00bb||18px|||\u00bb global_colors_info=\u00bb{}\u00bb][et_pb_column type=\u00bb4_4&#8243; _builder_version=\u00bb4.24.2&#8243; _module_preset=\u00bbdefault\u00bb global_colors_info=\u00bb{}\u00bb][et_pb_text _builder_version=\u00bb4.24.2&#8243; _module_preset=\u00bbdefault\u00bb text_text_color=\u00bb#0A0A0A\u00bb text_font_size=\u00bb18px\u00bb global_colors_info=\u00bb{}\u00bb]<\/p>\n<p>Mitigue los costosos litigios y salvaguarde la integridad de sus obras de arte durante el transporte con la sencilla soluci\u00f3n de Artentika basada en tel\u00e9fonos inteligentes.<\/p>\n<ul>\n<li>Seguimiento perfecto: Las fotos de \u00abantes y despu\u00e9s\u00bb tomadas con nuestra aplicaci\u00f3n crean un registro visual con fecha y hora del estado de la obra en cada etapa de la cadena log\u00edstica.<\/li>\n<li>Alertas inmediatas: Nuestro an\u00e1lisis detecta instant\u00e1neamente cualquier cambio, se\u00f1alando exactamente d\u00f3nde y cu\u00e1ndo pueden haberse producido da\u00f1os potenciales. Y lo que es m\u00e1s importante, no s\u00f3lo detectamos los da\u00f1os f\u00edsicos, sino que detectamos inmediatamente la sustituci\u00f3n en tr\u00e1nsito de una obra por una falsificaci\u00f3n de alta calidad.<\/li>\n<li>Responsabilidad y protecci\u00f3n: Proporcionamos pruebas irrefutables para resolver r\u00e1pidamente las disputas y minimizar las complicaciones de las reclamaciones de seguros.<\/li>\n<\/ul>\n<p>[\/et_pb_text][et_pb_divider color=\u00bb#7569CC\u00bb _builder_version=\u00bb4.24.2&#8243; _module_preset=\u00bbdefault\u00bb custom_margin=\u00bb||-6px|||\u00bb global_colors_info=\u00bb{}\u00bb][\/et_pb_divider][\/et_pb_column][\/et_pb_row][et_pb_row _builder_version=\u00bb4.24.2&#8243; _module_preset=\u00bbdefault\u00bb custom_margin=\u00bb-2px|auto||auto||\u00bb global_colors_info=\u00bb{}\u00bb][et_pb_column type=\u00bb4_4&#8243; _builder_version=\u00bb4.24.2&#8243; _module_preset=\u00bbdefault\u00bb global_colors_info=\u00bb{}\u00bb][et_pb_text _builder_version=\u00bb4.24.2&#8243; _module_preset=\u00bbdefault\u00bb header_4_font=\u00bb|700|||||||\u00bb header_4_text_align=\u00bbcenter\u00bb header_4_font_size=\u00bb22px\u00bb global_colors_info=\u00bb{}\u00bb]<\/p>\n<h4>Flujo de trabajo<\/h4>\n<p>[\/et_pb_text][et_pb_image src=\u00bbhttps:\/\/artentika.art\/wp-content\/uploads\/2024\/03\/One2OneWorkflowlogistics-removebg-preview.png\u00bb title_text=\u00bbOne2OneWorkflowlogistics-removebg-preview\u00bb align=\u00bbcenter\u00bb _builder_version=\u00bb4.24.2&#8243; _module_preset=\u00bbdefault\u00bb min_height=\u00bb360px\u00bb global_colors_info=\u00bb{}\u00bb][\/et_pb_image][\/et_pb_column][\/et_pb_row][\/et_pb_section][et_pb_section fb_built=\u00bb1&#8243; _builder_version=\u00bb4.24.2&#8243; _module_preset=\u00bbdefault\u00bb background_color=\u00bb#F9FBFD\u00bb da_disable_devices=\u00bboff|off|off\u00bb global_colors_info=\u00bb{}\u00bb da_is_popup=\u00bboff\u00bb da_exit_intent=\u00bboff\u00bb da_has_close=\u00bbon\u00bb da_alt_close=\u00bboff\u00bb da_dark_close=\u00bboff\u00bb da_not_modal=\u00bbon\u00bb da_is_singular=\u00bboff\u00bb da_with_loader=\u00bboff\u00bb da_has_shadow=\u00bbon\u00bb][et_pb_row _builder_version=\u00bb4.24.2&#8243; _module_preset=\u00bbdefault\u00bb global_colors_info=\u00bb{}\u00bb][et_pb_column type=\u00bb4_4&#8243; _builder_version=\u00bb4.24.2&#8243; _module_preset=\u00bbdefault\u00bb global_colors_info=\u00bb{}\u00bb][et_pb_text _builder_version=\u00bb4.24.2&#8243; _module_preset=\u00bbdefault\u00bb header_4_font=\u00bb|600|||||||\u00bb header_4_text_align=\u00bbcenter\u00bb header_4_font_size=\u00bb32px\u00bb text_orientation=\u00bbcenter\u00bb hover_enabled=\u00bb0&#8243; global_colors_info=\u00bb{}\u00bb sticky_enabled=\u00bb0&#8243;]<\/p>\n<h4>\u00bfEn qu\u00e9 podemos ayudarle?<\/h4>\n<p>[\/et_pb_text][et_pb_button button_text=\u00bbConcierte una consulta gratuita\u00bb button_alignment=\u00bbcenter\u00bb _builder_version=\u00bb4.24.2&#8243; _module_preset=\u00bbdefault\u00bb custom_button=\u00bbon\u00bb button_text_size=\u00bb22px\u00bb button_text_color=\u00bb#FFFFFE\u00bb button_bg_color=\u00bb#2D73C8&#8243; button_border_width=\u00bb0px\u00bb button_border_color=\u00bbRGBA(255,255,255,0)\u00bb button_border_radius=\u00bb14px\u00bb button_icon=\u00bb&#x3d;||divi||400&#8243; custom_margin=\u00bb|||30px|false|false\u00bb custom_padding=\u00bb9px||9px||true|false\u00bb global_colors_info=\u00bb{}\u00bb][\/et_pb_button][\/et_pb_column][\/et_pb_row][\/et_pb_section]<\/p>\n","protected":false},"excerpt":{"rendered":"<p>Log\u00edstica Da\u00f1os &amp; Detecci\u00f3n de sustitucionesMitigue los costosos litigios y salvaguarde la integridad de sus obras de arte durante el transporte con la sencilla soluci\u00f3n de Artentika basada en tel\u00e9fonos inteligentes. Seguimiento perfecto: Las fotos de \u00abantes y despu\u00e9s\u00bb tomadas con nuestra aplicaci\u00f3n crean un registro visual con fecha y hora del estado de la [&hellip;]<\/p>\n","protected":false},"author":1,"featured_media":0,"parent":0,"menu_order":0,"comment_status":"closed","ping_status":"closed","template":"","meta":{"_et_pb_use_builder":"on","_et_pb_old_content":"","_et_gb_content_width":"","footnotes":""},"class_list":["post-31148","page","type-page","status-publish","hentry"],"_links":{"self":[{"href":"https:\/\/artentika.art\/es\/wp-json\/wp\/v2\/pages\/31148","targetHints":{"allow":["GET"]}}],"collection":[{"href":"https:\/\/artentika.art\/es\/wp-json\/wp\/v2\/pages"}],"about":[{"href":"https:\/\/artentika.art\/es\/wp-json\/wp\/v2\/types\/page"}],"author":[{"embeddable":true,"href":"https:\/\/artentika.art\/es\/wp-json\/wp\/v2\/users\/1"}],"replies":[{"embeddable":true,"href":"https:\/\/artentika.art\/es\/wp-json\/wp\/v2\/comments?post=31148"}],"version-history":[{"count":6,"href":"https:\/\/artentika.art\/es\/wp-json\/wp\/v2\/pages\/31148\/revisions"}],"predecessor-version":[{"id":32011,"href":"https:\/\/artentika.art\/es\/wp-json\/wp\/v2\/pages\/31148\/revisions\/32011"}],"wp:attachment":[{"href":"https:\/\/artentika.art\/es\/wp-json\/wp\/v2\/media?parent=31148"}],"curies":[{"name":"wp","href":"https:\/\/api.w.org\/{rel}","templated":true}]}}