{"id":31203,"date":"2024-03-15T15:18:33","date_gmt":"2024-03-15T14:18:33","guid":{"rendered":"https:\/\/artentika.art\/politica-de-privacidad\/"},"modified":"2024-03-26T18:42:39","modified_gmt":"2024-03-26T17:42:39","slug":"politica-de-privacidad","status":"publish","type":"page","link":"https:\/\/artentika.art\/es\/politica-de-privacidad\/","title":{"rendered":"Pol\u00edtica de privacidad"},"content":{"rendered":"<p>[et_pb_section fb_built=\u00bb1&#8243; _builder_version=\u00bb4.24.2&#8243; _module_preset=\u00bbdefault\u00bb background_color=\u00bb#F9FBFD\u00bb border_width_bottom=\u00bb1px\u00bb border_color_bottom=\u00bb#7569CC\u00bb global_colors_info=\u00bb{}\u00bb][et_pb_row _builder_version=\u00bb4.24.2&#8243; _module_preset=\u00bbdefault\u00bb global_colors_info=\u00bb{}\u00bb][et_pb_column type=\u00bb4_4&#8243; _builder_version=\u00bb4.24.2&#8243; _module_preset=\u00bbdefault\u00bb global_colors_info=\u00bb{}\u00bb][et_pb_text _builder_version=\u00bb4.24.2&#8243; _module_preset=\u00bbdefault\u00bb header_font=\u00bb|700|||||||\u00bb header_text_align=\u00bbcenter\u00bb header_font_size=\u00bb60px\u00bb global_colors_info=\u00bb{}\u00bb]<\/p>\n<h1><span style=\"color: #2d73c8;\">Pol\u00edtica de privacidad<\/span><\/h1>\n<p>[\/et_pb_text][\/et_pb_column][\/et_pb_row][\/et_pb_section][et_pb_section fb_built=\u00bb1&#8243; _builder_version=\u00bb4.24.2&#8243; _module_preset=\u00bbdefault\u00bb background_color=\u00bb#F9FBFD\u00bb global_colors_info=\u00bb{}\u00bb][et_pb_row _builder_version=\u00bb4.24.2&#8243; _module_preset=\u00bbdefault\u00bb global_colors_info=\u00bb{}\u00bb][et_pb_column type=\u00bb4_4&#8243; _builder_version=\u00bb4.24.2&#8243; _module_preset=\u00bbdefault\u00bb global_colors_info=\u00bb{}\u00bb][et_pb_text _builder_version=\u00bb4.24.2&#8243; _module_preset=\u00bbdefault\u00bb text_text_color=\u00bb#0A0A0A\u00bb text_font_size=\u00bb18px\u00bb header_4_font=\u00bb|600|||||||\u00bb header_4_font_size=\u00bb22px\u00bb hover_enabled=\u00bb0&#8243; global_colors_info=\u00bb{}\u00bb sticky_enabled=\u00bb0&#8243;]<\/p>\n<h4><strong>Artentika (Pty) Limited valora su privacidad y se compromete a proteger sus datos personales de conformidad con el Reglamento General de Protecci\u00f3n de Datos de la UE (GDPR).<\/strong><\/h4>\n<p><span><\/span><\/p>\n<h4><span>Recogida y tratamiento de datos personales  <\/span><\/h4>\n<p>Recogemos datos personales de clientes, socios comerciales y usuarios de nuestros sitios web. Esto incluye datos obtenidos de fuentes accesibles al p\u00fablico y de terceros.<\/p>\n<h4>Finalidad del tratamiento de datos<\/h4>\n<p>Tratamos los datos para cumplir contratos, cumplir obligaciones legales, prestar servicios, marketing (con consentimiento), reclamaciones legales y garantizar las funciones operativas.<\/p>\n<h4>Comunicaciones electr\u00f3nicas<\/h4>\n<p>Los correos electr\u00f3nicos van dirigidos exclusivamente a su destinatario. Se proh\u00edbe su uso o distribuci\u00f3n no autorizados.<\/p>\n<h4>Cookies<\/h4>\n<p>En nuestros sitios web utilizamos cookies con fines de identificaci\u00f3n. Puede configurar su navegador para gestionar las cookies.<\/p>\n<h4>Seguridad de los datos<\/h4>\n<p>Hemos implantado medidas de seguridad para proteger los datos personales de accesos no autorizados o usos indebidos.<\/p>\n<h4>Per\u00edodos de conservaci\u00f3n<\/h4>\n<p>Los datos personales se conservan por imperativo legal o por intereses comerciales leg\u00edtimos. Cuando ya no se necesitan, los datos se eliminan o se convierten en an\u00f3nimos.<\/p>\n<h4>Obligaci\u00f3n de facilitar datos personales<\/h4>\n<p>Proporcionar los datos personales necesarios es esencial para las relaciones comerciales y las obligaciones contractuales.<\/p>\n<h4>Sus derechos<\/h4>\n<p>Tiene derechos de acceso, rectificaci\u00f3n, supresi\u00f3n, limitaci\u00f3n del tratamiento, oposici\u00f3n al tratamiento y portabilidad de datos. P\u00f3ngase en contacto con nosotros para que le ayudemos a ejercer estos derechos.<\/p>\n<h4>Modificaciones de la pol\u00edtica de privacidad<\/h4>\n<p>Esta pol\u00edtica de privacidad puede actualizarse sin previo aviso. Se aplica la \u00faltima versi\u00f3n disponible en nuestro sitio web. Si procede, los cambios se le comunicar\u00e1n por correo electr\u00f3nico u otros medios apropiados.<\/p>\n<p>[\/et_pb_text][\/et_pb_column][\/et_pb_row][\/et_pb_section]<\/p>\n","protected":false},"excerpt":{"rendered":"<p>Pol\u00edtica de privacidadArtentika (Pty) Limited valora su privacidad y se compromete a proteger sus datos personales de conformidad con el Reglamento General de Protecci\u00f3n de Datos de la UE (GDPR). Recogida y tratamiento de datos personales Recogemos datos personales de clientes, socios comerciales y usuarios de nuestros sitios web. Esto incluye datos obtenidos de fuentes [&hellip;]<\/p>\n","protected":false},"author":1,"featured_media":0,"parent":0,"menu_order":0,"comment_status":"closed","ping_status":"closed","template":"","meta":{"_et_pb_use_builder":"on","_et_pb_old_content":"","_et_gb_content_width":"","footnotes":""},"class_list":["post-31203","page","type-page","status-publish","hentry"],"_links":{"self":[{"href":"https:\/\/artentika.art\/es\/wp-json\/wp\/v2\/pages\/31203","targetHints":{"allow":["GET"]}}],"collection":[{"href":"https:\/\/artentika.art\/es\/wp-json\/wp\/v2\/pages"}],"about":[{"href":"https:\/\/artentika.art\/es\/wp-json\/wp\/v2\/types\/page"}],"author":[{"embeddable":true,"href":"https:\/\/artentika.art\/es\/wp-json\/wp\/v2\/users\/1"}],"replies":[{"embeddable":true,"href":"https:\/\/artentika.art\/es\/wp-json\/wp\/v2\/comments?post=31203"}],"version-history":[{"count":3,"href":"https:\/\/artentika.art\/es\/wp-json\/wp\/v2\/pages\/31203\/revisions"}],"predecessor-version":[{"id":31260,"href":"https:\/\/artentika.art\/es\/wp-json\/wp\/v2\/pages\/31203\/revisions\/31260"}],"wp:attachment":[{"href":"https:\/\/artentika.art\/es\/wp-json\/wp\/v2\/media?parent=31203"}],"curies":[{"name":"wp","href":"https:\/\/api.w.org\/{rel}","templated":true}]}}