{"id":31211,"date":"2024-03-14T13:22:20","date_gmt":"2024-03-14T12:22:20","guid":{"rendered":"https:\/\/artentika.art\/litigios-sobre-arte\/"},"modified":"2024-03-31T18:22:50","modified_gmt":"2024-03-31T16:22:50","slug":"litigios-sobre-arte","status":"publish","type":"page","link":"https:\/\/artentika.art\/es\/litigios-sobre-arte\/","title":{"rendered":"Litigios sobre arte"},"content":{"rendered":"<p>[et_pb_section fb_built=\u00bb1&#8243; _builder_version=\u00bb4.24.2&#8243; _module_preset=\u00bbdefault\u00bb background_color=\u00bb#F9FBFD\u00bb border_width_bottom=\u00bb1px\u00bb border_color_bottom=\u00bb#7569CC\u00bb global_colors_info=\u00bb{}\u00bb da_is_popup=\u00bboff\u00bb da_exit_intent=\u00bboff\u00bb da_has_close=\u00bbon\u00bb da_alt_close=\u00bboff\u00bb da_dark_close=\u00bboff\u00bb da_not_modal=\u00bbon\u00bb da_is_singular=\u00bboff\u00bb da_with_loader=\u00bboff\u00bb da_has_shadow=\u00bbon\u00bb da_disable_devices=\u00bboff|off|off\u00bb][et_pb_row _builder_version=\u00bb4.24.2&#8243; _module_preset=\u00bbdefault\u00bb global_colors_info=\u00bb{}\u00bb][et_pb_column type=\u00bb4_4&#8243; _builder_version=\u00bb4.24.2&#8243; _module_preset=\u00bbdefault\u00bb global_colors_info=\u00bb{}\u00bb][et_pb_text _builder_version=\u00bb4.24.2&#8243; _module_preset=\u00bbdefault\u00bb header_font=\u00bb|700|||||||\u00bb header_text_align=\u00bbcenter\u00bb header_font_size=\u00bb60px\u00bb global_colors_info=\u00bb{}\u00bb]<\/p>\n<h1><span style=\"color: #2d73c8;\"><span style=\"color: #0a0a0a;\">Su socio en<\/span> litigios sobre obras de arte<\/span><\/h1>\n<p>[\/et_pb_text][\/et_pb_column][\/et_pb_row][\/et_pb_section][et_pb_section fb_built=\u00bb1&#8243; _builder_version=\u00bb4.24.2&#8243; _module_preset=\u00bbdefault\u00bb background_color=\u00bb#F9FBFD\u00bb custom_padding=\u00bb||5px|||\u00bb global_colors_info=\u00bb{}\u00bb da_is_popup=\u00bboff\u00bb da_exit_intent=\u00bboff\u00bb da_has_close=\u00bbon\u00bb da_alt_close=\u00bboff\u00bb da_dark_close=\u00bboff\u00bb da_not_modal=\u00bbon\u00bb da_is_singular=\u00bboff\u00bb da_with_loader=\u00bboff\u00bb da_has_shadow=\u00bbon\u00bb da_disable_devices=\u00bboff|off|off\u00bb][et_pb_row _builder_version=\u00bb4.24.2&#8243; _module_preset=\u00bbdefault\u00bb custom_padding=\u00bb||18px|||\u00bb global_colors_info=\u00bb{}\u00bb][et_pb_column type=\u00bb4_4&#8243; _builder_version=\u00bb4.24.2&#8243; _module_preset=\u00bbdefault\u00bb global_colors_info=\u00bb{}\u00bb][et_pb_text _builder_version=\u00bb4.24.2&#8243; _module_preset=\u00bbdefault\u00bb text_text_color=\u00bb#0A0A0A\u00bb text_font_size=\u00bb18px\u00bb global_colors_info=\u00bb{}\u00bb]<\/p>\n<p>En el complejo mundo del derecho del arte, donde la autenticidad, las disputas sobre la propiedad, las reclamaciones de derechos de autor y los casos de restituci\u00f3n dependen de un an\u00e1lisis en profundidad, Artentika ofrece una soluci\u00f3n basada en la ciencia y validada por los principales expertos en arte:<\/p>\n<ul>\n<li>An\u00e1lisis de vanguardia: Aprovechamos las t\u00e9cnicas m\u00e1s avanzadas de an\u00e1lisis de im\u00e1genes y materiales, superando las capacidades de la inspecci\u00f3n humana tradicional. De este modo se descubren sutiles anomal\u00edas, huellas de restauraci\u00f3n e incoherencias potencialmente indicativas de falsificaci\u00f3n o da\u00f1os.<\/li>\n<li>Inteligencia artificial: Nuestros algoritmos de inteligencia artificial procesan grandes cantidades de datos, reconocen patrones e identifican posibles signos de preocupaci\u00f3n que se pasan por alto a simple vista.<\/li>\n<li>El toque humano: Ninguna tecnolog\u00eda sustituye la mirada perspicaz y los profundos conocimientos de un experto en arte. Por eso, cada an\u00e1lisis de Artentika se somete a una rigurosa validaci\u00f3n l\u00ednea por l\u00ednea por parte de un experto en arte especializado en el artista en cuesti\u00f3n.<\/li>\n<li>Doble garant\u00eda: Cuando una obra supera nuestro proceso combinado de autentificaci\u00f3n tecnol\u00f3gica y humana, los resultados culminan en un informe firmado conjuntamente por el experto en arte y nuestro Cient\u00edfico Jefe. Este nivel de pruebas verificables infunde una confianza sin parang\u00f3n.<\/li>\n<\/ul>\n<p>[\/et_pb_text][et_pb_divider color=\u00bb#7569CC\u00bb _builder_version=\u00bb4.24.2&#8243; _module_preset=\u00bbdefault\u00bb custom_margin=\u00bb||-6px|||\u00bb custom_padding=\u00bb||0px|||\u00bb global_colors_info=\u00bb{}\u00bb][\/et_pb_divider][et_pb_text _builder_version=\u00bb4.24.2&#8243; _module_preset=\u00bbdefault\u00bb text_text_color=\u00bb#0A0A0A\u00bb text_font_size=\u00bb18px\u00bb custom_margin=\u00bb29px|||||\u00bb global_colors_info=\u00bb{}\u00bb]<\/p>\n<p>Ventajas para los bufetes de abogados:<\/p>\n<ul>\n<li>Evaluaci\u00f3n de autenticidad irreprochable: Apoye o cuestione la procedencia de las obras de arte con una convincente combinaci\u00f3n de pruebas basadas en IA y autenticaci\u00f3n experta. Fortalezca las reclamaciones de restituci\u00f3n o defi\u00e9ndase de ellas con documentaci\u00f3n irrefutable sobre los or\u00edgenes de una obra de arte.<\/li>\n<li>Evaluaci\u00f3n precisa de los da\u00f1os: Eval\u00fae el alcance de los da\u00f1os, detecte los intentos de restauraci\u00f3n y cuantifique los siniestros de forma objetiva y cient\u00edficamente verificable.<\/li>\n<li>Refuerce sus argumentos con documentaci\u00f3n irrefutable: Nuestros exhaustivos informes fundamentan sus alegaciones sobre infracci\u00f3n, derechos de uso leg\u00edtimo y titularidad leg\u00edtima en litigios sobre derechos de autor. Apoyar argumentos hist\u00f3ricos sobre los or\u00edgenes de una obra de arte en casos complejos de restituci\u00f3n.<\/li>\n<li>Mitigaci\u00f3n del riesgo mediante la diligencia debida: Identifique de forma proactiva posibles vulnerabilidades relacionadas con la autenticidad o el estado de una obra de arte, salvaguardando las cuantiosas inversiones de sus clientes.<\/li>\n<\/ul>\n<p>[\/et_pb_text][\/et_pb_column][\/et_pb_row][\/et_pb_section][et_pb_section fb_built=\u00bb1&#8243; _builder_version=\u00bb4.24.2&#8243; _module_preset=\u00bbdefault\u00bb background_color=\u00bb#F9FBFD\u00bb global_colors_info=\u00bb{}\u00bb da_is_popup=\u00bboff\u00bb da_exit_intent=\u00bboff\u00bb da_has_close=\u00bbon\u00bb da_alt_close=\u00bboff\u00bb da_dark_close=\u00bboff\u00bb da_not_modal=\u00bbon\u00bb da_is_singular=\u00bboff\u00bb da_with_loader=\u00bboff\u00bb da_has_shadow=\u00bbon\u00bb da_disable_devices=\u00bboff|off|off\u00bb][et_pb_row _builder_version=\u00bb4.24.2&#8243; _module_preset=\u00bbdefault\u00bb global_colors_info=\u00bb{}\u00bb][et_pb_column type=\u00bb4_4&#8243; _builder_version=\u00bb4.24.2&#8243; _module_preset=\u00bbdefault\u00bb global_colors_info=\u00bb{}\u00bb][et_pb_text _builder_version=\u00bb4.24.2&#8243; _module_preset=\u00bbdefault\u00bb header_4_font=\u00bb|600|||||||\u00bb header_4_text_align=\u00bbcenter\u00bb header_4_font_size=\u00bb32px\u00bb text_orientation=\u00bbcenter\u00bb hover_enabled=\u00bb0&#8243; global_colors_info=\u00bb{}\u00bb sticky_enabled=\u00bb0&#8243;]<\/p>\n<h4>\u00bfEn qu\u00e9 podemos ayudarle?<\/h4>\n<div id=\"gtx-trans\" style=\"position: absolute; left: 270px; top: 43.2656px;\">\n<div class=\"gtx-trans-icon\"><\/div>\n<\/div>\n<p>[\/et_pb_text][et_pb_button button_url=\u00bbhttps:\/\/artentika.art\/es\/pongase-en-contacto-con\/\u00bb button_text=\u00bbConcierte una consulta gratuita\u00bb button_alignment=\u00bbcenter\u00bb _builder_version=\u00bb4.24.2&#8243; _module_preset=\u00bbdefault\u00bb custom_button=\u00bbon\u00bb button_text_size=\u00bb22px\u00bb button_text_color=\u00bb#FFFFFE\u00bb button_bg_color=\u00bb#2D73C8&#8243; button_border_width=\u00bb0px\u00bb button_border_color=\u00bbRGBA(255,255,255,0)\u00bb button_border_radius=\u00bb14px\u00bb button_icon=\u00bb&#x3d;||divi||400&#8243; custom_margin=\u00bb|||30px|false|false\u00bb custom_padding=\u00bb9px||9px||true|false\u00bb global_colors_info=\u00bb{}\u00bb][\/et_pb_button][\/et_pb_column][\/et_pb_row][\/et_pb_section]<\/p>\n","protected":false},"excerpt":{"rendered":"<p>Su socio en litigios sobre obras de arteEn el complejo mundo del derecho del arte, donde la autenticidad, las disputas sobre la propiedad, las reclamaciones de derechos de autor y los casos de restituci\u00f3n dependen de un an\u00e1lisis en profundidad, Artentika ofrece una soluci\u00f3n basada en la ciencia y validada por los principales expertos en [&hellip;]<\/p>\n","protected":false},"author":1,"featured_media":0,"parent":0,"menu_order":0,"comment_status":"closed","ping_status":"closed","template":"","meta":{"_et_pb_use_builder":"on","_et_pb_old_content":"","_et_gb_content_width":"","footnotes":""},"class_list":["post-31211","page","type-page","status-publish","hentry"],"_links":{"self":[{"href":"https:\/\/artentika.art\/es\/wp-json\/wp\/v2\/pages\/31211","targetHints":{"allow":["GET"]}}],"collection":[{"href":"https:\/\/artentika.art\/es\/wp-json\/wp\/v2\/pages"}],"about":[{"href":"https:\/\/artentika.art\/es\/wp-json\/wp\/v2\/types\/page"}],"author":[{"embeddable":true,"href":"https:\/\/artentika.art\/es\/wp-json\/wp\/v2\/users\/1"}],"replies":[{"embeddable":true,"href":"https:\/\/artentika.art\/es\/wp-json\/wp\/v2\/comments?post=31211"}],"version-history":[{"count":5,"href":"https:\/\/artentika.art\/es\/wp-json\/wp\/v2\/pages\/31211\/revisions"}],"predecessor-version":[{"id":31998,"href":"https:\/\/artentika.art\/es\/wp-json\/wp\/v2\/pages\/31211\/revisions\/31998"}],"wp:attachment":[{"href":"https:\/\/artentika.art\/es\/wp-json\/wp\/v2\/media?parent=31211"}],"curies":[{"name":"wp","href":"https:\/\/api.w.org\/{rel}","templated":true}]}}