{"id":31219,"date":"2024-03-14T13:19:05","date_gmt":"2024-03-14T12:19:05","guid":{"rendered":"https:\/\/artentika.art\/seguro-de-arte\/"},"modified":"2024-05-06T12:24:53","modified_gmt":"2024-05-06T10:24:53","slug":"seguro-de-arte","status":"publish","type":"page","link":"https:\/\/artentika.art\/es\/seguro-de-arte\/","title":{"rendered":"Seguro de arte"},"content":{"rendered":"<p>[et_pb_section fb_built=\u00bb1&#8243; _builder_version=\u00bb4.24.2&#8243; _module_preset=\u00bbdefault\u00bb background_color=\u00bb#F9FBFD\u00bb da_disable_devices=\u00bboff|off|off\u00bb border_width_bottom=\u00bb1px\u00bb border_color_bottom=\u00bb#7569CC\u00bb global_colors_info=\u00bb{}\u00bb da_is_popup=\u00bboff\u00bb da_exit_intent=\u00bboff\u00bb da_has_close=\u00bbon\u00bb da_alt_close=\u00bboff\u00bb da_dark_close=\u00bboff\u00bb da_not_modal=\u00bbon\u00bb da_is_singular=\u00bboff\u00bb da_with_loader=\u00bboff\u00bb da_has_shadow=\u00bbon\u00bb][et_pb_row _builder_version=\u00bb4.24.2&#8243; _module_preset=\u00bbdefault\u00bb global_colors_info=\u00bb{}\u00bb][et_pb_column type=\u00bb4_4&#8243; _builder_version=\u00bb4.24.2&#8243; _module_preset=\u00bbdefault\u00bb global_colors_info=\u00bb{}\u00bb][et_pb_text _builder_version=\u00bb4.24.2&#8243; _module_preset=\u00bbdefault\u00bb header_font=\u00bb|700|||||||\u00bb header_text_align=\u00bbcenter\u00bb header_font_size=\u00bb60px\u00bb global_colors_info=\u00bb{}\u00bb]<\/p>\n<h1><span style=\"color: #2d73c8;\">Seguros y reaseguros de arte<\/span><\/h1>\n<p>[\/et_pb_text][\/et_pb_column][\/et_pb_row][\/et_pb_section][et_pb_section fb_built=\u00bb1&#8243; _builder_version=\u00bb4.24.2&#8243; _module_preset=\u00bbdefault\u00bb background_color=\u00bb#F9FBFD\u00bb custom_padding=\u00bb||100px|||\u00bb da_disable_devices=\u00bboff|off|off\u00bb global_colors_info=\u00bb{}\u00bb da_is_popup=\u00bboff\u00bb da_exit_intent=\u00bboff\u00bb da_has_close=\u00bbon\u00bb da_alt_close=\u00bboff\u00bb da_dark_close=\u00bboff\u00bb da_not_modal=\u00bbon\u00bb da_is_singular=\u00bboff\u00bb da_with_loader=\u00bboff\u00bb da_has_shadow=\u00bbon\u00bb][et_pb_row _builder_version=\u00bb4.24.2&#8243; _module_preset=\u00bbdefault\u00bb custom_padding=\u00bb||18px|||\u00bb global_colors_info=\u00bb{}\u00bb][et_pb_column type=\u00bb4_4&#8243; _builder_version=\u00bb4.24.2&#8243; _module_preset=\u00bbdefault\u00bb global_colors_info=\u00bb{}\u00bb][et_pb_text _builder_version=\u00bb4.24.2&#8243; _module_preset=\u00bbdefault\u00bb text_text_color=\u00bb#0A0A0A\u00bb text_font_size=\u00bb18px\u00bb global_colors_info=\u00bb{}\u00bb]<\/p>\n<p>Artentika, La ventaja del asegurador:<\/p>\n<ul>\n<li>Valoraciones precisas: Nuestros informes de autentificaci\u00f3n tambi\u00e9n contienen el historial financiero del objeto y detalles sobre su estado. Esto permite realizar valoraciones precisas y actualizadas, respaldando la fijaci\u00f3n de precios de las p\u00f3lizas y minimizando el riesgo de infravaloraci\u00f3n.<\/li>\n<li>Evaluaci\u00f3n din\u00e1mica del riesgo: Las actualizaciones peri\u00f3dicas de blockchain sobre el estado y la ubicaci\u00f3n de las obras de arte permiten a las aseguradoras ajustar proactivamente las condiciones de las p\u00f3lizas, optimizar la cobertura y reducir la exposici\u00f3n.<\/li>\n<li>Mitigaci\u00f3n de siniestros: La documentaci\u00f3n y el an\u00e1lisis hist\u00f3ricos ayudan a verificar r\u00e1pidamente los da\u00f1os, agilizando el proceso de reclamaci\u00f3n y evitando pagos fraudulentos.<\/li>\n<\/ul>\n<p>[\/et_pb_text][et_pb_divider color=\u00bb#7569CC\u00bb _builder_version=\u00bb4.24.2&#8243; _module_preset=\u00bbdefault\u00bb custom_margin=\u00bb||-6px|||\u00bb global_colors_info=\u00bb{}\u00bb][\/et_pb_divider][\/et_pb_column][\/et_pb_row][et_pb_row _builder_version=\u00bb4.24.2&#8243; _module_preset=\u00bbdefault\u00bb custom_margin=\u00bb-2px|auto||auto||\u00bb global_colors_info=\u00bb{}\u00bb][et_pb_column type=\u00bb4_4&#8243; _builder_version=\u00bb4.24.2&#8243; _module_preset=\u00bbdefault\u00bb global_colors_info=\u00bb{}\u00bb][et_pb_text _builder_version=\u00bb4.24.2&#8243; _module_preset=\u00bbdefault\u00bb header_4_font=\u00bb|700|||||||\u00bb header_4_text_align=\u00bbcenter\u00bb header_4_font_size=\u00bb22px\u00bb global_colors_info=\u00bb{}\u00bb]<\/p>\n<h4>Flujo de trabajo<\/h4>\n<p>[\/et_pb_text][et_pb_image src=\u00bbhttps:\/\/artentika.art\/wp-content\/uploads\/2024\/03\/One2OneWorkflowinsurance-removebg-preview.png\u00bb title_text=\u00bbOne2OneWorkflowinsurance-removebg-preview\u00bb align=\u00bbcenter\u00bb _builder_version=\u00bb4.24.2&#8243; _module_preset=\u00bbdefault\u00bb min_height=\u00bb360px\u00bb global_colors_info=\u00bb{}\u00bb][\/et_pb_image][\/et_pb_column][\/et_pb_row][\/et_pb_section][et_pb_section fb_built=\u00bb1&#8243; _builder_version=\u00bb4.24.2&#8243; _module_preset=\u00bbdefault\u00bb background_color=\u00bb#F9FBFD\u00bb da_disable_devices=\u00bboff|off|off\u00bb global_colors_info=\u00bb{}\u00bb da_is_popup=\u00bboff\u00bb da_exit_intent=\u00bboff\u00bb da_has_close=\u00bbon\u00bb da_alt_close=\u00bboff\u00bb da_dark_close=\u00bboff\u00bb da_not_modal=\u00bbon\u00bb da_is_singular=\u00bboff\u00bb da_with_loader=\u00bboff\u00bb da_has_shadow=\u00bbon\u00bb][et_pb_row _builder_version=\u00bb4.24.2&#8243; _module_preset=\u00bbdefault\u00bb global_colors_info=\u00bb{}\u00bb][et_pb_column type=\u00bb4_4&#8243; _builder_version=\u00bb4.24.2&#8243; _module_preset=\u00bbdefault\u00bb global_colors_info=\u00bb{}\u00bb][et_pb_text _builder_version=\u00bb4.24.2&#8243; _module_preset=\u00bbdefault\u00bb header_4_font=\u00bb|600|||||||\u00bb header_4_text_align=\u00bbcenter\u00bb header_4_font_size=\u00bb32px\u00bb text_orientation=\u00bbcenter\u00bb global_colors_info=\u00bb{}\u00bb]<\/p>\n<h4>\u00bfEn qu\u00e9 podemos ayudarle?<\/h4>\n<div id=\"gtx-trans\" style=\"position: absolute; left: 260px; top: 43.2656px;\">\n<div class=\"gtx-trans-icon\"><\/div>\n<\/div>\n<p>[\/et_pb_text][et_pb_button button_text=\u00bbConcierte una consulta gratuita\u00bb button_alignment=\u00bbcenter\u00bb _builder_version=\u00bb4.24.3&#8243; _module_preset=\u00bbdefault\u00bb custom_button=\u00bbon\u00bb button_text_size=\u00bb22px\u00bb button_text_color=\u00bb#FFFFFE\u00bb button_bg_color=\u00bb#2D73C8&#8243; button_border_width=\u00bb0px\u00bb button_border_color=\u00bbRGBA(255,255,255,0)\u00bb button_border_radius=\u00bb14px\u00bb button_icon=\u00bb&#x3d;||divi||400&#8243; custom_padding=\u00bb9px||9px||true|false\u00bb hover_enabled=\u00bb0&#8243; global_colors_info=\u00bb{}\u00bb sticky_enabled=\u00bb0&#8243;][\/et_pb_button][\/et_pb_column][\/et_pb_row][\/et_pb_section]<\/p>\n","protected":false},"excerpt":{"rendered":"<p>Seguros y reaseguros de arteArtentika, La ventaja del asegurador: Valoraciones precisas: Nuestros informes de autentificaci\u00f3n tambi\u00e9n contienen el historial financiero del objeto y detalles sobre su estado. Esto permite realizar valoraciones precisas y actualizadas, respaldando la fijaci\u00f3n de precios de las p\u00f3lizas y minimizando el riesgo de infravaloraci\u00f3n. Evaluaci\u00f3n din\u00e1mica del riesgo: Las actualizaciones peri\u00f3dicas [&hellip;]<\/p>\n","protected":false},"author":1,"featured_media":0,"parent":0,"menu_order":0,"comment_status":"closed","ping_status":"closed","template":"","meta":{"_et_pb_use_builder":"on","_et_pb_old_content":"","_et_gb_content_width":"","footnotes":""},"class_list":["post-31219","page","type-page","status-publish","hentry"],"_links":{"self":[{"href":"https:\/\/artentika.art\/es\/wp-json\/wp\/v2\/pages\/31219","targetHints":{"allow":["GET"]}}],"collection":[{"href":"https:\/\/artentika.art\/es\/wp-json\/wp\/v2\/pages"}],"about":[{"href":"https:\/\/artentika.art\/es\/wp-json\/wp\/v2\/types\/page"}],"author":[{"embeddable":true,"href":"https:\/\/artentika.art\/es\/wp-json\/wp\/v2\/users\/1"}],"replies":[{"embeddable":true,"href":"https:\/\/artentika.art\/es\/wp-json\/wp\/v2\/comments?post=31219"}],"version-history":[{"count":10,"href":"https:\/\/artentika.art\/es\/wp-json\/wp\/v2\/pages\/31219\/revisions"}],"predecessor-version":[{"id":32438,"href":"https:\/\/artentika.art\/es\/wp-json\/wp\/v2\/pages\/31219\/revisions\/32438"}],"wp:attachment":[{"href":"https:\/\/artentika.art\/es\/wp-json\/wp\/v2\/media?parent=31219"}],"curies":[{"name":"wp","href":"https:\/\/api.w.org\/{rel}","templated":true}]}}