{"id":31371,"date":"2024-03-13T16:42:20","date_gmt":"2024-03-13T15:42:20","guid":{"rendered":"https:\/\/artentika.art\/patente\/"},"modified":"2024-03-26T18:42:51","modified_gmt":"2024-03-26T17:42:51","slug":"patente","status":"publish","type":"page","link":"https:\/\/artentika.art\/es\/patente\/","title":{"rendered":"Patente"},"content":{"rendered":"<p>[et_pb_section fb_built=\u00bb1&#8243; _builder_version=\u00bb4.24.2&#8243; _module_preset=\u00bbdefault\u00bb background_color=\u00bb#F9FBFD\u00bb border_width_bottom=\u00bb1px\u00bb border_color_bottom=\u00bb#7569CC\u00bb global_colors_info=\u00bb{}\u00bb da_is_popup=\u00bboff\u00bb da_exit_intent=\u00bboff\u00bb da_has_close=\u00bbon\u00bb da_alt_close=\u00bboff\u00bb da_dark_close=\u00bboff\u00bb da_not_modal=\u00bbon\u00bb da_is_singular=\u00bboff\u00bb da_with_loader=\u00bboff\u00bb da_has_shadow=\u00bbon\u00bb da_disable_devices=\u00bboff|off|off\u00bb][et_pb_row _builder_version=\u00bb4.24.2&#8243; _module_preset=\u00bbdefault\u00bb global_colors_info=\u00bb{}\u00bb][et_pb_column type=\u00bb4_4&#8243; _builder_version=\u00bb4.24.2&#8243; _module_preset=\u00bbdefault\u00bb global_colors_info=\u00bb{}\u00bb][et_pb_text _builder_version=\u00bb4.24.2&#8243; _module_preset=\u00bbdefault\u00bb header_font=\u00bb|700|||||||\u00bb header_text_align=\u00bbcenter\u00bb header_font_size=\u00bb60px\u00bb global_colors_info=\u00bb{}\u00bb]<\/p>\n<h1><span style=\"color: #2d73c8;\">Patente<\/span><\/h1>\n<p>[\/et_pb_text][\/et_pb_column][\/et_pb_row][\/et_pb_section][et_pb_section fb_built=\u00bb1&#8243; _builder_version=\u00bb4.24.2&#8243; _module_preset=\u00bbdefault\u00bb background_color=\u00bb#F9FBFD\u00bb global_colors_info=\u00bb{}\u00bb da_is_popup=\u00bboff\u00bb da_exit_intent=\u00bboff\u00bb da_has_close=\u00bbon\u00bb da_alt_close=\u00bboff\u00bb da_dark_close=\u00bboff\u00bb da_not_modal=\u00bbon\u00bb da_is_singular=\u00bboff\u00bb da_with_loader=\u00bboff\u00bb da_has_shadow=\u00bbon\u00bb da_disable_devices=\u00bboff|off|off\u00bb][et_pb_row column_structure=\u00bb1_2,1_2&#8243; _builder_version=\u00bb4.24.2&#8243; _module_preset=\u00bbdefault\u00bb global_colors_info=\u00bb{}\u00bb][et_pb_column type=\u00bb1_2&#8243; _builder_version=\u00bb4.24.2&#8243; _module_preset=\u00bbdefault\u00bb global_colors_info=\u00bb{}\u00bb][et_pb_text _builder_version=\u00bb4.24.2&#8243; _module_preset=\u00bbdefault\u00bb text_text_color=\u00bb#0A0A0A\u00bb text_font_size=\u00bb18px\u00bb header_2_font=\u00bb|700|||||||\u00bb header_2_font_size=\u00bb30px\u00bb global_colors_info=\u00bb{}\u00bb]<\/p>\n<h2>US20210042703A1<\/h2>\n<p>&nbsp;<\/p>\n<p>Inventada por su Director General, Albertus Geldenhuys, Artentika es la \u00fanica empresa del mundo a la que se ha concedido una patente de los Estados Unidos por su tecnolog\u00eda de autenticaci\u00f3n de obras de arte. Cubre el \u00abProcesamiento digital de datos de minucias para el an\u00e1lisis de artefactos culturales\u00bb y es v\u00e1lido hasta el 17.01.2039. La patente es un activo muy valioso, entre otras cosas porque EE.UU. representa casi la mitad del mercado mundial del arte. Las principales ventajas competitivas que aporta nuestra patente en el mercado mundial de la conservaci\u00f3n cultural pueden resumirse como sigue. Reiteramos que nuestro an\u00e1lisis digital de una obra es examinado por un experto en el artista antes de emitir cualquier informe.<\/p>\n<p>[\/et_pb_text][\/et_pb_column][et_pb_column type=\u00bb1_2&#8243; _builder_version=\u00bb4.24.2&#8243; _module_preset=\u00bbdefault\u00bb global_colors_info=\u00bb{}\u00bb][et_pb_image src=\u00bbhttps:\/\/artentika.art\/wp-content\/uploads\/2024\/03\/patent.png\u00bb title_text=\u00bbpatente\u00bb align=\u00bbcenter\u00bb _builder_version=\u00bb4.24.2&#8243; _module_preset=\u00bbdefault\u00bb max_height=\u00bb600px\u00bb hover_enabled=\u00bb0&#8243; global_colors_info=\u00bb{}\u00bb sticky_enabled=\u00bb0&#8243;][\/et_pb_image][\/et_pb_column][\/et_pb_row][\/et_pb_section][et_pb_section fb_built=\u00bb1&#8243; _builder_version=\u00bb4.24.2&#8243; _module_preset=\u00bbdefault\u00bb background_color=\u00bb#F9FBFD\u00bb custom_padding=\u00bb||100px|||\u00bb global_colors_info=\u00bb{}\u00bb da_is_popup=\u00bboff\u00bb da_exit_intent=\u00bboff\u00bb da_has_close=\u00bbon\u00bb da_alt_close=\u00bboff\u00bb da_dark_close=\u00bboff\u00bb da_not_modal=\u00bbon\u00bb da_is_singular=\u00bboff\u00bb da_with_loader=\u00bboff\u00bb da_has_shadow=\u00bbon\u00bb da_disable_devices=\u00bboff|off|off\u00bb][et_pb_row column_structure=\u00bb1_2,1_2&#8243; use_custom_gutter=\u00bbon\u00bb gutter_width=\u00bb4&#8243; _builder_version=\u00bb4.24.2&#8243; _module_preset=\u00bbdefault\u00bb max_width=\u00bb1600px\u00bb global_colors_info=\u00bb{}\u00bb][et_pb_column type=\u00bb1_2&#8243; _builder_version=\u00bb4.24.2&#8243; _module_preset=\u00bbdefault\u00bb global_colors_info=\u00bb{}\u00bb][et_pb_text _builder_version=\u00bb4.24.2&#8243; _module_preset=\u00bbdefault\u00bb text_font_size=\u00bb18px\u00bb header_3_font=\u00bb|600|||||||\u00bb header_3_font_size=\u00bb23px\u00bb header_3_line_height=\u00bb1.7em\u00bb background_color=\u00bb#E5E8F6&#8243; custom_padding=\u00bb30px|40px|30px|40px|true|true\u00bb border_radii=\u00bbon|48px|48px|48px|48px\u00bb border_width_all=\u00bb2px\u00bb border_color_all=\u00bb#7569CC\u00bb global_colors_info=\u00bb{}\u00bb]<\/p>\n<h3>Tecnolog\u00eda novedosa e innovadora<\/h3>\n<p><span style=\"color: #0a0a0a;\">El m\u00e9todo exclusivo de la patente para procesar los puntos caracter\u00edsticos de los datos digitales ofrece un enfoque revolucionario del an\u00e1lisis y la autenticaci\u00f3n de artefactos, proporcionando un nivel de exactitud y precisi\u00f3n incomparable con los m\u00e9todos convencionales.<\/span><\/p>\n<p>[\/et_pb_text][\/et_pb_column][et_pb_column type=\u00bb1_2&#8243; _builder_version=\u00bb4.24.2&#8243; _module_preset=\u00bbdefault\u00bb global_colors_info=\u00bb{}\u00bb][et_pb_text _builder_version=\u00bb4.24.2&#8243; _module_preset=\u00bbdefault\u00bb text_font_size=\u00bb18px\u00bb header_3_font=\u00bb|600|||||||\u00bb header_3_font_size=\u00bb23px\u00bb header_3_line_height=\u00bb1.7em\u00bb background_color=\u00bb#E5E8F6&#8243; custom_padding=\u00bb30px|40px|30px|40px|true|true\u00bb border_radii=\u00bbon|48px|48px|48px|48px\u00bb border_width_all=\u00bb2px\u00bb border_color_all=\u00bb#7569CC\u00bb locked=\u00bboff\u00bb global_colors_info=\u00bb{}\u00bb]<\/p>\n<h3>An\u00e1lisis de artefactos y autenticaci\u00f3n mejorados  <\/h3>\n<p><span style=\"color: #0a0000;\">La tecnolog\u00eda patentada permite extraer caracter\u00edsticas e informaci\u00f3n significativas de los artefactos culturales, lo que mejora los resultados de autenticaci\u00f3n, clasificaci\u00f3n y conservaci\u00f3n.  <\/span><\/p>\n<p>[\/et_pb_text][\/et_pb_column][\/et_pb_row][et_pb_row column_structure=\u00bb1_2,1_2&#8243; use_custom_gutter=\u00bbon\u00bb gutter_width=\u00bb4&#8243; _builder_version=\u00bb4.24.2&#8243; _module_preset=\u00bbdefault\u00bb max_width=\u00bb1600px\u00bb global_colors_info=\u00bb{}\u00bb][et_pb_column type=\u00bb1_2&#8243; _builder_version=\u00bb4.24.2&#8243; _module_preset=\u00bbdefault\u00bb global_colors_info=\u00bb{}\u00bb][et_pb_text _builder_version=\u00bb4.24.2&#8243; _module_preset=\u00bbdefault\u00bb text_text_color=\u00bb#0A0A0A\u00bb text_font_size=\u00bb18px\u00bb header_3_font=\u00bb|600|||||||\u00bb header_3_font_size=\u00bb23px\u00bb header_3_line_height=\u00bb1.7em\u00bb background_color=\u00bb#eef4fa\u00bb custom_padding=\u00bb30px|40px|30px|40px|true|true\u00bb border_radii=\u00bbon|48px|48px|48px|48px\u00bb border_width_all=\u00bb2px\u00bb border_color_all=\u00bb#2D73C8&#8243; global_colors_info=\u00bb{}\u00bb]<\/p>\n<h3>Conservaci\u00f3n proactiva de artefactos<\/h3>\n<p><span style=\"color: #0a0000;\">Al supervisar el estado de los artefactos a lo largo del tiempo, la tecnolog\u00eda de la patente permite adoptar medidas de conservaci\u00f3n proactivas, evitando su deterioro y garantizando la conservaci\u00f3n a largo plazo del patrimonio cultural.<\/span><\/p>\n<p>[\/et_pb_text][\/et_pb_column][et_pb_column type=\u00bb1_2&#8243; _builder_version=\u00bb4.24.2&#8243; _module_preset=\u00bbdefault\u00bb global_colors_info=\u00bb{}\u00bb][et_pb_text _builder_version=\u00bb4.24.2&#8243; _module_preset=\u00bbdefault\u00bb text_text_color=\u00bb#0A0A0A\u00bb text_font_size=\u00bb18px\u00bb header_3_font=\u00bb|600|||||||\u00bb header_3_font_size=\u00bb23px\u00bb header_3_line_height=\u00bb1.7em\u00bb background_color=\u00bb#eef4fa\u00bb custom_padding=\u00bb30px|40px|30px|40px|true|true\u00bb border_radii=\u00bbon|48px|48px|48px|48px\u00bb border_width_all=\u00bb2px\u00bb border_color_all=\u00bb#2D73C8&#8243; locked=\u00bboff\u00bb global_colors_info=\u00bb{}\u00bb]<\/p>\n<h3>Amplia aplicabilidad a todos los tipos de artefactos  <\/h3>\n<p>La tecnolog\u00eda de la patente es aplicable a una amplia gama de artefactos culturales, desde pinturas y esculturas hasta cer\u00e1micas y manuscritos, lo que la convierte en una herramienta vers\u00e1til para las instituciones del patrimonio cultural.  <\/p>\n<p>[\/et_pb_text][\/et_pb_column][\/et_pb_row][et_pb_row column_structure=\u00bb1_2,1_2&#8243; use_custom_gutter=\u00bbon\u00bb gutter_width=\u00bb4&#8243; _builder_version=\u00bb4.24.2&#8243; _module_preset=\u00bbdefault\u00bb max_width=\u00bb1600px\u00bb global_colors_info=\u00bb{}\u00bb][et_pb_column type=\u00bb1_2&#8243; _builder_version=\u00bb4.24.2&#8243; _module_preset=\u00bbdefault\u00bb global_colors_info=\u00bb{}\u00bb][et_pb_text _builder_version=\u00bb4.24.2&#8243; _module_preset=\u00bbdefault\u00bb text_text_color=\u00bb#0A0A0A\u00bb text_font_size=\u00bb18px\u00bb header_3_font=\u00bb|600|||||||\u00bb header_3_font_size=\u00bb23px\u00bb header_3_line_height=\u00bb1.7em\u00bb background_color=\u00bb#E5E8F6&#8243; custom_padding=\u00bb30px|40px|30px|40px|true|true\u00bb border_radii=\u00bbon|48px|48px|48px|48px\u00bb border_width_all=\u00bb2px\u00bb border_color_all=\u00bb#7569CC\u00bb global_colors_info=\u00bb{}\u00bb]<\/p>\n<h3>Potencial de integraci\u00f3n con los sistemas existentes  <\/h3>\n<p>La tecnolog\u00eda de la patente puede integrarse con los sistemas existentes de gesti\u00f3n y conservaci\u00f3n de artefactos, mejorando sus capacidades y proporcionando una soluci\u00f3n integral a las instituciones del patrimonio cultural.  <\/p>\n<p>[\/et_pb_text][\/et_pb_column][et_pb_column type=\u00bb1_2&#8243; _builder_version=\u00bb4.24.2&#8243; _module_preset=\u00bbdefault\u00bb global_colors_info=\u00bb{}\u00bb][et_pb_text _builder_version=\u00bb4.24.2&#8243; _module_preset=\u00bbdefault\u00bb text_text_color=\u00bb#0A0A0A\u00bb text_font_size=\u00bb18px\u00bb header_3_font=\u00bb|600|||||||\u00bb header_3_font_size=\u00bb23px\u00bb header_3_line_height=\u00bb1.7em\u00bb background_color=\u00bb#E5E8F6&#8243; custom_padding=\u00bb30px|40px|30px|40px|true|true\u00bb border_radii=\u00bbon|48px|48px|48px|48px\u00bb border_width_all=\u00bb2px\u00bb border_color_all=\u00bb#7569CC\u00bb locked=\u00bboff\u00bb global_colors_info=\u00bb{}\u00bb]<\/p>\n<h3>Panorama competitivo inigualable<\/h3>\n<p>El enfoque \u00fanico de la patente y sus resultados superiores la sit\u00faan como tecnolog\u00eda l\u00edder en el mercado de la preservaci\u00f3n cultural, proporcionando una ventaja competitiva sobre las soluciones existentes.  <\/p>\n<p>[\/et_pb_text][\/et_pb_column][\/et_pb_row][et_pb_row column_structure=\u00bb1_2,1_2&#8243; use_custom_gutter=\u00bbon\u00bb gutter_width=\u00bb4&#8243; _builder_version=\u00bb4.24.2&#8243; _module_preset=\u00bbdefault\u00bb max_width=\u00bb1600px\u00bb global_colors_info=\u00bb{}\u00bb][et_pb_column type=\u00bb1_2&#8243; _builder_version=\u00bb4.24.2&#8243; _module_preset=\u00bbdefault\u00bb global_colors_info=\u00bb{}\u00bb][et_pb_text _builder_version=\u00bb4.24.2&#8243; _module_preset=\u00bbdefault\u00bb text_text_color=\u00bb#0A0A0A\u00bb text_font_size=\u00bb18px\u00bb header_3_font=\u00bb|600|||||||\u00bb header_3_font_size=\u00bb23px\u00bb header_3_line_height=\u00bb1.7em\u00bb background_color=\u00bb#eef4fa\u00bb custom_padding=\u00bb30px|40px|30px|40px|true|true\u00bb border_radii=\u00bbon|48px|48px|48px|48px\u00bb border_width_all=\u00bb2px\u00bb border_color_all=\u00bb#2D73C8&#8243; global_colors_info=\u00bb{}\u00bb]<\/p>\n<h3>Potencial de concesi\u00f3n de licencias y generaci\u00f3n de ingresos  <\/h3>\n<p>El valor de la patente va m\u00e1s all\u00e1 de su aplicaci\u00f3n directa, ya que ofrece oportunidades de concesi\u00f3n de licencias a desarrolladores de software y proveedores de servicios del sector del patrimonio cultural.  <\/p>\n<p>[\/et_pb_text][\/et_pb_column][et_pb_column type=\u00bb1_2&#8243; _builder_version=\u00bb4.24.2&#8243; _module_preset=\u00bbdefault\u00bb global_colors_info=\u00bb{}\u00bb][et_pb_text _builder_version=\u00bb4.24.2&#8243; _module_preset=\u00bbdefault\u00bb text_text_color=\u00bb#0A0A0A\u00bb text_font_size=\u00bb18px\u00bb header_3_font=\u00bb|600|||||||\u00bb header_3_font_size=\u00bb23px\u00bb header_3_line_height=\u00bb1.7em\u00bb background_color=\u00bb#eef4fa\u00bb custom_padding=\u00bb30px|40px|30px|40px|true|true\u00bb border_radii=\u00bbon|48px|48px|48px|48px\u00bb border_width_all=\u00bb2px\u00bb border_color_all=\u00bb#2D73C8&#8243; locked=\u00bboff\u00bb global_colors_info=\u00bb{}\u00bb]<\/p>\n<h3>Contribuci\u00f3n a la conservaci\u00f3n del patrimonio cultural  <\/h3>\n<p>La tecnolog\u00eda patentada puede revolucionar la forma de preservar y comprender nuestro patrimonio cultural y tener un impacto significativo en todo este campo.<\/p>\n<p>[\/et_pb_text][\/et_pb_column][\/et_pb_row][\/et_pb_section]<\/p>\n","protected":false},"excerpt":{"rendered":"<p>PatenteUS20210042703A1 &nbsp; Inventada por su Director General, Albertus Geldenhuys, Artentika es la \u00fanica empresa del mundo a la que se ha concedido una patente de los Estados Unidos por su tecnolog\u00eda de autenticaci\u00f3n de obras de arte. Cubre el \u00abProcesamiento digital de datos de minucias para el an\u00e1lisis de artefactos culturales\u00bb y es v\u00e1lido hasta [&hellip;]<\/p>\n","protected":false},"author":1,"featured_media":0,"parent":0,"menu_order":0,"comment_status":"closed","ping_status":"closed","template":"","meta":{"_et_pb_use_builder":"on","_et_pb_old_content":"","_et_gb_content_width":"","footnotes":""},"class_list":["post-31371","page","type-page","status-publish","hentry"],"_links":{"self":[{"href":"https:\/\/artentika.art\/es\/wp-json\/wp\/v2\/pages\/31371","targetHints":{"allow":["GET"]}}],"collection":[{"href":"https:\/\/artentika.art\/es\/wp-json\/wp\/v2\/pages"}],"about":[{"href":"https:\/\/artentika.art\/es\/wp-json\/wp\/v2\/types\/page"}],"author":[{"embeddable":true,"href":"https:\/\/artentika.art\/es\/wp-json\/wp\/v2\/users\/1"}],"replies":[{"embeddable":true,"href":"https:\/\/artentika.art\/es\/wp-json\/wp\/v2\/comments?post=31371"}],"version-history":[{"count":3,"href":"https:\/\/artentika.art\/es\/wp-json\/wp\/v2\/pages\/31371\/revisions"}],"predecessor-version":[{"id":31389,"href":"https:\/\/artentika.art\/es\/wp-json\/wp\/v2\/pages\/31371\/revisions\/31389"}],"wp:attachment":[{"href":"https:\/\/artentika.art\/es\/wp-json\/wp\/v2\/media?parent=31371"}],"curies":[{"name":"wp","href":"https:\/\/api.w.org\/{rel}","templated":true}]}}