{"id":30828,"date":"2024-03-13T18:13:20","date_gmt":"2024-03-13T17:13:20","guid":{"rendered":"https:\/\/artentika.art\/application\/"},"modified":"2024-03-26T18:02:01","modified_gmt":"2024-03-26T17:02:01","slug":"application","status":"publish","type":"page","link":"https:\/\/artentika.art\/fr\/application\/","title":{"rendered":"Application"},"content":{"rendered":"<p>[et_pb_section fb_built=\u00a0\u00bb1&Prime; _builder_version=\u00a0\u00bb4.24.2&Prime; _module_preset=\u00a0\u00bbdefault\u00a0\u00bb background_color=\u00a0\u00bb#F9FBFD\u00a0\u00bb da_disable_devices=\u00a0\u00bboff|off|off\u00a0\u00bb border_width_bottom=\u00a0\u00bb1px\u00a0\u00bb border_color_bottom=\u00a0\u00bb#7569CC\u00a0\u00bb global_colors_info=\u00a0\u00bb{}\u00a0\u00bb da_is_popup=\u00a0\u00bboff\u00a0\u00bb da_exit_intent=\u00a0\u00bboff\u00a0\u00bb da_has_close=\u00a0\u00bbon\u00a0\u00bb da_alt_close=\u00a0\u00bboff\u00a0\u00bb da_dark_close=\u00a0\u00bboff\u00a0\u00bb da_not_modal=\u00a0\u00bbon\u00a0\u00bb da_is_singular=\u00a0\u00bboff\u00a0\u00bb da_with_loader=\u00a0\u00bboff\u00a0\u00bb da_has_shadow=\u00a0\u00bbon\u00a0\u00bb][et_pb_row _builder_version=\u00a0\u00bb4.24.2&Prime; _module_preset=\u00a0\u00bbdefault\u00a0\u00bb global_colors_info=\u00a0\u00bb{}\u00a0\u00bb][et_pb_column type=\u00a0\u00bb4_4&Prime; _builder_version=\u00a0\u00bb4.24.2&Prime; _module_preset=\u00a0\u00bbdefault\u00a0\u00bb global_colors_info=\u00a0\u00bb{}\u00a0\u00bb][et_pb_text content_last_edited=\u00a0\u00bboff|desktop\u00a0\u00bb _builder_version=\u00a0\u00bb4.24.2&Prime; _module_preset=\u00a0\u00bbdefault\u00a0\u00bb header_font=\u00a0\u00bb|700|||||||\u00a0\u00bb header_text_align=\u00a0\u00bbcenter\u00a0\u00bb header_font_size=\u00a0\u00bb67px\u00a0\u00bb hover_enabled=\u00a0\u00bb0&Prime; header_font_size_tablet=\u00a0\u00bb60px\u00a0\u00bb header_font_size_phone=\u00a0\u00bb38px\u00a0\u00bb header_font_size_last_edited=\u00a0\u00bbon|phone\u00a0\u00bb global_colors_info=\u00a0\u00bb{}\u00a0\u00bb sticky_enabled=\u00a0\u00bb0&Prime;]<\/p>\n<h1><span style=\"color: #2d73c8;\">Artentika Art Management App<\/span><\/h1>\n<p>[\/et_pb_text][\/et_pb_column][\/et_pb_row][\/et_pb_section][et_pb_section fb_built=\u00a0\u00bb1&Prime; _builder_version=\u00a0\u00bb4.24.2&Prime; _module_preset=\u00a0\u00bbdefault\u00a0\u00bb background_color=\u00a0\u00bb#F9FBFD\u00a0\u00bb da_disable_devices=\u00a0\u00bboff|off|off\u00a0\u00bb global_colors_info=\u00a0\u00bb{}\u00a0\u00bb da_is_popup=\u00a0\u00bboff\u00a0\u00bb da_exit_intent=\u00a0\u00bboff\u00a0\u00bb da_has_close=\u00a0\u00bbon\u00a0\u00bb da_alt_close=\u00a0\u00bboff\u00a0\u00bb da_dark_close=\u00a0\u00bboff\u00a0\u00bb da_not_modal=\u00a0\u00bbon\u00a0\u00bb da_is_singular=\u00a0\u00bboff\u00a0\u00bb da_with_loader=\u00a0\u00bboff\u00a0\u00bb da_has_shadow=\u00a0\u00bbon\u00a0\u00bb][et_pb_row column_structure=\u00a0\u00bb1_2,1_2&Prime; _builder_version=\u00a0\u00bb4.24.2&Prime; _module_preset=\u00a0\u00bbdefault\u00a0\u00bb global_colors_info=\u00a0\u00bb{}\u00a0\u00bb][et_pb_column type=\u00a0\u00bb1_2&Prime; _builder_version=\u00a0\u00bb4.24.2&Prime; _module_preset=\u00a0\u00bbdefault\u00a0\u00bb global_colors_info=\u00a0\u00bb{}\u00a0\u00bb][et_pb_text _builder_version=\u00a0\u00bb4.24.2&Prime; _module_preset=\u00a0\u00bbdefault\u00a0\u00bb text_text_color=\u00a0\u00bb#0A0A0A\u00a0\u00bb text_font_size=\u00a0\u00bb18px\u00a0\u00bb global_colors_info=\u00a0\u00bb{}\u00a0\u00bb]<\/p>\n<p>L&rsquo;AAMA est une application compl\u00e8te pour smartphone qui offre une s\u00e9rie d&rsquo;outils int\u00e9gr\u00e9s pour une gestion s\u00fbre des \u0153uvres d&rsquo;art. Il offre aux propri\u00e9taires d&rsquo;\u0153uvres d&rsquo;art et aux parties prenantes un cadre solide et rationalis\u00e9 pour la documentation, le suivi et la sauvegarde de leurs biens de valeur. L&rsquo;int\u00e9gration des fonctions d&rsquo;authentification, de v\u00e9rification, de suivi et de partage permet d&rsquo;\u00e9tablir une solution de gestion de l&rsquo;art s\u00e9curis\u00e9e et tout-en-un. L&rsquo;AAMA est compatible avec Android et iOS, et il est pr\u00e9vu d&rsquo;\u00e9tendre la prise en charge \u00e0 Windows, MacOS et Linux.<\/p>\n<p>Le backend de l&rsquo;application poss\u00e8de une solide capacit\u00e9 d&rsquo;identification un-\u00e0-plusieurs. Cette fonction permet au syst\u00e8me de croiser toutes les images re\u00e7ues avec l&rsquo;ensemble de sa base de donn\u00e9es existante. Cela permet \u00e0 l&rsquo;AAMA de d\u00e9terminer si une \u0153uvre a d\u00e9j\u00e0 \u00e9t\u00e9 enregistr\u00e9e, soit par un autre utilisateur, soit dans un contexte diff\u00e9rent. Les r\u00e9sultats seront communiqu\u00e9s aux parties concern\u00e9es.<\/p>\n<p>[\/et_pb_text][\/et_pb_column][et_pb_column type=\u00a0\u00bb1_2&Prime; _builder_version=\u00a0\u00bb4.24.2&Prime; _module_preset=\u00a0\u00bbdefault\u00a0\u00bb global_colors_info=\u00a0\u00bb{}\u00a0\u00bb][et_pb_text _builder_version=\u00a0\u00bb4.24.2&Prime; _module_preset=\u00a0\u00bbdefault\u00a0\u00bb text_text_color=\u00a0\u00bb#0A0A0A\u00a0\u00bb text_font_size=\u00a0\u00bb18px\u00a0\u00bb global_colors_info=\u00a0\u00bb{}\u00a0\u00bb]<\/p>\n<p>Caract\u00e9ristiques principales :<\/p>\n<ul>\n<li>Authentification : Les clients soumettent en toute s\u00e9curit\u00e9 les images des \u0153uvres et la documentation directement via l&rsquo;application, ce qui d\u00e9clenche le processus d&rsquo;authentification. Les autres communications se font directement entre le client et Artentika par le biais d&rsquo;un canal crypt\u00e9 pour une s\u00e9curit\u00e9 accrue.<\/li>\n<li>la v\u00e9rification, la curation et la conservation : L&rsquo;AAMA fournit un flux de travail automatis\u00e9 pour ces services, n\u00e9cessitant une intervention humaine minimale. Les clients t\u00e9l\u00e9chargent des photographies et des informations sur l&rsquo;\u0153uvre d&rsquo;art (artiste, support, dimensions) et re\u00e7oivent un retour d&rsquo;information imm\u00e9diat.<\/li>\n<li>V\u00e9rification One2One\u2122 : Ce logiciel propri\u00e9taire permet de comparer automatiquement des scans successifs d&rsquo;\u0153uvres d&rsquo;art. Il d\u00e9tecte les \u00e9carts les plus infimes entre deux photos d&rsquo;une \u0153uvre d&rsquo;art, jusqu&rsquo;\u00e0 une simple feuille dans une for\u00eat. Un enregistrement historique v\u00e9rifiable et horodat\u00e9 est cr\u00e9\u00e9, facilitant l&rsquo;identification de toute modification apport\u00e9e \u00e0 l&rsquo;\u0153uvre d&rsquo;art au fil du temps. Ce suivi robuste est pr\u00e9cieux dans les sc\u00e9narios stationnaires et en transit.<\/li>\n<li>Collaboration : L&rsquo;AAMA offre un partage transparent des donn\u00e9es entre les utilisateurs, ce qui favorise la collaboration et enrichit l&rsquo;appr\u00e9ciation de l&rsquo;art au sein de r\u00e9seaux s\u00e9lectionn\u00e9s.<\/li>\n<\/ul>\n<p>[\/et_pb_text][\/et_pb_column][\/et_pb_row][\/et_pb_section][et_pb_section fb_built=\u00a0\u00bb1&Prime; _builder_version=\u00a0\u00bb4.24.2&Prime; _module_preset=\u00a0\u00bbdefault\u00a0\u00bb background_color=\u00a0\u00bb#F9FBFD\u00a0\u00bb custom_margin_tablet=\u00a0\u00bb\u00a0\u00bb custom_margin_phone=\u00a0\u00bb||||false|false\u00a0\u00bb custom_margin_last_edited=\u00a0\u00bbon|phone\u00a0\u00bb custom_padding=\u00a0\u00bb0px||||false|false\u00a0\u00bb da_disable_devices=\u00a0\u00bboff|off|off\u00a0\u00bb global_colors_info=\u00a0\u00bb{}\u00a0\u00bb da_is_popup=\u00a0\u00bboff\u00a0\u00bb da_exit_intent=\u00a0\u00bboff\u00a0\u00bb da_has_close=\u00a0\u00bbon\u00a0\u00bb da_alt_close=\u00a0\u00bboff\u00a0\u00bb da_dark_close=\u00a0\u00bboff\u00a0\u00bb da_not_modal=\u00a0\u00bbon\u00a0\u00bb da_is_singular=\u00a0\u00bboff\u00a0\u00bb da_with_loader=\u00a0\u00bboff\u00a0\u00bb da_has_shadow=\u00a0\u00bbon\u00a0\u00bb][et_pb_row column_structure=\u00a0\u00bb1_3,1_3,1_3&Prime; _builder_version=\u00a0\u00bb4.24.2&Prime; _module_preset=\u00a0\u00bbdefault\u00a0\u00bb global_colors_info=\u00a0\u00bb{}\u00a0\u00bb][et_pb_column type=\u00a0\u00bb1_3&Prime; _builder_version=\u00a0\u00bb4.24.2&Prime; _module_preset=\u00a0\u00bbdefault\u00a0\u00bb global_colors_info=\u00a0\u00bb{}\u00a0\u00bb][et_pb_blurb title=\u00a0\u00bbFigure 1 : Page d&#039;accueil\u00a0\u00bb image=\u00a0\u00bbhttps:\/\/artentika.art\/wp-content\/uploads\/2024\/03\/screenshot12.png\u00a0\u00bb image_icon_width_tablet=\u00a0\u00bb60%\u00a0\u00bb image_icon_width_phone=\u00a0\u00bb60%\u00a0\u00bb image_icon_width_last_edited=\u00a0\u00bbon|tablet\u00a0\u00bb _builder_version=\u00a0\u00bb4.24.2&Prime; _module_preset=\u00a0\u00bbdefault\u00a0\u00bb header_text_align=\u00a0\u00bbcenter\u00a0\u00bb header_font_size=\u00a0\u00bb22px\u00a0\u00bb global_colors_info=\u00a0\u00bb{}\u00a0\u00bb][\/et_pb_blurb][\/et_pb_column][et_pb_column type=\u00a0\u00bb1_3&Prime; _builder_version=\u00a0\u00bb4.24.2&Prime; _module_preset=\u00a0\u00bbdefault\u00a0\u00bb global_colors_info=\u00a0\u00bb{}\u00a0\u00bb][et_pb_blurb title=\u00a0\u00bbFigure 2 : Ajout d&#039;un travail I\u00a0\u00bb image=\u00a0\u00bbhttps:\/\/artentika.art\/wp-content\/uploads\/2024\/03\/screenshot22.png\u00a0\u00bb image_icon_width_tablet=\u00a0\u00bb60%\u00a0\u00bb image_icon_width_phone=\u00a0\u00bb60%\u00a0\u00bb image_icon_width_last_edited=\u00a0\u00bbon|tablet\u00a0\u00bb _builder_version=\u00a0\u00bb4.24.2&Prime; _module_preset=\u00a0\u00bbdefault\u00a0\u00bb header_text_align=\u00a0\u00bbcenter\u00a0\u00bb header_font_size=\u00a0\u00bb22px\u00a0\u00bb global_colors_info=\u00a0\u00bb{}\u00a0\u00bb][\/et_pb_blurb][\/et_pb_column][et_pb_column type=\u00a0\u00bb1_3&Prime; _builder_version=\u00a0\u00bb4.24.2&Prime; _module_preset=\u00a0\u00bbdefault\u00a0\u00bb global_colors_info=\u00a0\u00bb{}\u00a0\u00bb][et_pb_blurb title=\u00a0\u00bbFigure 3 : Ajout d&#039;un ouvrage II\u00a0\u00bb image=\u00a0\u00bbhttps:\/\/artentika.art\/wp-content\/uploads\/2024\/03\/screenshot32.png\u00a0\u00bb image_icon_width_tablet=\u00a0\u00bb60%\u00a0\u00bb image_icon_width_phone=\u00a0\u00bb60%\u00a0\u00bb image_icon_width_last_edited=\u00a0\u00bbon|tablet\u00a0\u00bb _builder_version=\u00a0\u00bb4.24.2&Prime; _module_preset=\u00a0\u00bbdefault\u00a0\u00bb header_text_align=\u00a0\u00bbcenter\u00a0\u00bb header_font_size=\u00a0\u00bb22px\u00a0\u00bb global_colors_info=\u00a0\u00bb{}\u00a0\u00bb][\/et_pb_blurb][\/et_pb_column][\/et_pb_row][et_pb_row column_structure=\u00a0\u00bb1_3,1_3,1_3&Prime; _builder_version=\u00a0\u00bb4.24.2&Prime; _module_preset=\u00a0\u00bbdefault\u00a0\u00bb global_colors_info=\u00a0\u00bb{}\u00a0\u00bb][et_pb_column type=\u00a0\u00bb1_3&Prime; _builder_version=\u00a0\u00bb4.24.2&Prime; _module_preset=\u00a0\u00bbdefault\u00a0\u00bb global_colors_info=\u00a0\u00bb{}\u00a0\u00bb][et_pb_blurb title=\u00a0\u00bbFigure 4 : Visualisation d&#039;un objet\u00a0\u00bb image=\u00a0\u00bbhttps:\/\/artentika.art\/wp-content\/uploads\/2024\/03\/screenshot42.jpg\u00a0\u00bb image_icon_width_tablet=\u00a0\u00bb60%\u00a0\u00bb image_icon_width_phone=\u00a0\u00bb60%\u00a0\u00bb image_icon_width_last_edited=\u00a0\u00bbon|tablet\u00a0\u00bb _builder_version=\u00a0\u00bb4.24.2&Prime; _module_preset=\u00a0\u00bbdefault\u00a0\u00bb header_text_align=\u00a0\u00bbcenter\u00a0\u00bb header_font_size=\u00a0\u00bb22px\u00a0\u00bb global_colors_info=\u00a0\u00bb{}\u00a0\u00bb][\/et_pb_blurb][\/et_pb_column][et_pb_column type=\u00a0\u00bb1_3&Prime; _builder_version=\u00a0\u00bb4.24.2&Prime; _module_preset=\u00a0\u00bbdefault\u00a0\u00bb global_colors_info=\u00a0\u00bb{}\u00a0\u00bb][et_pb_blurb title=\u00a0\u00bbFigure 5 : R\u00e9sultat de la comparaison\u00a0\u00bb image=\u00a0\u00bbhttps:\/\/artentika.art\/wp-content\/uploads\/2024\/03\/screenshotresults.jpg\u00a0\u00bb image_icon_width_tablet=\u00a0\u00bb60%\u00a0\u00bb image_icon_width_phone=\u00a0\u00bb60%\u00a0\u00bb image_icon_width_last_edited=\u00a0\u00bbon|tablet\u00a0\u00bb _builder_version=\u00a0\u00bb4.24.2&Prime; _module_preset=\u00a0\u00bbdefault\u00a0\u00bb header_text_align=\u00a0\u00bbcenter\u00a0\u00bb header_font_size=\u00a0\u00bb22px\u00a0\u00bb global_colors_info=\u00a0\u00bb{}\u00a0\u00bb][\/et_pb_blurb][\/et_pb_column][et_pb_column type=\u00a0\u00bb1_3&Prime; _builder_version=\u00a0\u00bb4.24.2&Prime; _module_preset=\u00a0\u00bbdefault\u00a0\u00bb global_colors_info=\u00a0\u00bb{}\u00a0\u00bb][et_pb_blurb title=\u00a0\u00bbFigure 6 : Historique de l&#039;analyse\u00a0\u00bb image=\u00a0\u00bbhttps:\/\/artentika.art\/wp-content\/uploads\/2024\/03\/screenshot62.jpg\u00a0\u00bb image_icon_width_tablet=\u00a0\u00bb60%\u00a0\u00bb image_icon_width_phone=\u00a0\u00bb60%\u00a0\u00bb image_icon_width_last_edited=\u00a0\u00bbon|tablet\u00a0\u00bb _builder_version=\u00a0\u00bb4.24.2&Prime; _module_preset=\u00a0\u00bbdefault\u00a0\u00bb header_text_align=\u00a0\u00bbcenter\u00a0\u00bb header_font_size=\u00a0\u00bb22px\u00a0\u00bb global_colors_info=\u00a0\u00bb{}\u00a0\u00bb][\/et_pb_blurb][\/et_pb_column][\/et_pb_row][et_pb_row column_structure=\u00a0\u00bb1_3,1_3,1_3&Prime; _builder_version=\u00a0\u00bb4.24.2&Prime; _module_preset=\u00a0\u00bbdefault\u00a0\u00bb max_width=\u00a0\u00bb1600px\u00a0\u00bb global_colors_info=\u00a0\u00bb{}\u00a0\u00bb][et_pb_column type=\u00a0\u00bb1_3&Prime; _builder_version=\u00a0\u00bb4.24.2&Prime; _module_preset=\u00a0\u00bbdefault\u00a0\u00bb global_colors_info=\u00a0\u00bb{}\u00a0\u00bb][et_pb_blurb title=\u00a0\u00bbFigure 7 : Image de r\u00e9f\u00e9rence\u00a0\u00bb image=\u00a0\u00bbhttps:\/\/artentika.art\/wp-content\/uploads\/2024\/03\/reference.jpg\u00a0\u00bb image_icon_width_tablet=\u00a0\u00bb60%\u00a0\u00bb image_icon_width_phone=\u00a0\u00bb60%\u00a0\u00bb image_icon_width_last_edited=\u00a0\u00bbon|tablet\u00a0\u00bb _builder_version=\u00a0\u00bb4.24.2&Prime; _module_preset=\u00a0\u00bbdefault\u00a0\u00bb header_text_align=\u00a0\u00bbcenter\u00a0\u00bb header_font_size=\u00a0\u00bb22px\u00a0\u00bb body_text_align=\u00a0\u00bbcenter\u00a0\u00bb body_font_size=\u00a0\u00bb18px\u00a0\u00bb global_colors_info=\u00a0\u00bb{}\u00a0\u00bb]<\/p>\n<p><span>Date : 10-02-2023<\/span><br \/><span>Appareil : iPhone 13<\/span><\/p>\n<p>[\/et_pb_blurb][\/et_pb_column][et_pb_column type=\u00a0\u00bb1_3&Prime; _builder_version=\u00a0\u00bb4.24.2&Prime; _module_preset=\u00a0\u00bbdefault\u00a0\u00bb global_colors_info=\u00a0\u00bb{}\u00a0\u00bb][et_pb_blurb title=\u00a0\u00bbFigure 8 : Image avec discordance\u00a0\u00bb image=\u00a0\u00bbhttps:\/\/artentika.art\/wp-content\/uploads\/2024\/03\/newscanwithredsquare.jpg\u00a0\u00bb image_icon_width_tablet=\u00a0\u00bb60%\u00a0\u00bb image_icon_width_phone=\u00a0\u00bb60%\u00a0\u00bb image_icon_width_last_edited=\u00a0\u00bbon|tablet\u00a0\u00bb _builder_version=\u00a0\u00bb4.24.2&Prime; _module_preset=\u00a0\u00bbdefault\u00a0\u00bb header_text_align=\u00a0\u00bbcenter\u00a0\u00bb header_font_size=\u00a0\u00bb22px\u00a0\u00bb body_text_align=\u00a0\u00bbcenter\u00a0\u00bb body_font_size=\u00a0\u00bb18px\u00a0\u00bb global_colors_info=\u00a0\u00bb{}\u00a0\u00bb]<\/p>\n<p><span>Date : 22-02-2024  <\/span><br \/><span>Appareil : OnePlus 8<\/span><\/p>\n<p>[\/et_pb_blurb][\/et_pb_column][et_pb_column type=\u00a0\u00bb1_3&Prime; _builder_version=\u00a0\u00bb4.24.2&Prime; _module_preset=\u00a0\u00bbdefault\u00a0\u00bb global_colors_info=\u00a0\u00bb{}\u00a0\u00bb][et_pb_blurb title=\u00a0\u00bbFigure 9 : Zoom sur les divergences\u00a0\u00bb image=\u00a0\u00bbhttps:\/\/artentika.art\/wp-content\/uploads\/2024\/03\/damagezoomedin1.jpg\u00a0\u00bb image_icon_width_tablet=\u00a0\u00bb60%\u00a0\u00bb image_icon_width_phone=\u00a0\u00bb60%\u00a0\u00bb image_icon_width_last_edited=\u00a0\u00bbon|tablet\u00a0\u00bb _builder_version=\u00a0\u00bb4.24.2&Prime; _module_preset=\u00a0\u00bbdefault\u00a0\u00bb header_text_align=\u00a0\u00bbcenter\u00a0\u00bb header_font_size=\u00a0\u00bb22px\u00a0\u00bb global_colors_info=\u00a0\u00bb{}\u00a0\u00bb][\/et_pb_blurb][\/et_pb_column][\/et_pb_row][\/et_pb_section]<\/p>\n","protected":false},"excerpt":{"rendered":"<p>Artentika Art Management AppL&rsquo;AAMA est une application compl\u00e8te pour smartphone qui offre une s\u00e9rie d&rsquo;outils int\u00e9gr\u00e9s pour une gestion s\u00fbre des \u0153uvres d&rsquo;art. Il offre aux propri\u00e9taires d&rsquo;\u0153uvres d&rsquo;art et aux parties prenantes un cadre solide et rationalis\u00e9 pour la documentation, le suivi et la sauvegarde de leurs biens de valeur. L&rsquo;int\u00e9gration des fonctions d&rsquo;authentification, [&hellip;]<\/p>\n","protected":false},"author":1,"featured_media":0,"parent":0,"menu_order":0,"comment_status":"closed","ping_status":"closed","template":"","meta":{"_et_pb_use_builder":"on","_et_pb_old_content":"","_et_gb_content_width":"","footnotes":""},"class_list":["post-30828","page","type-page","status-publish","hentry"],"_links":{"self":[{"href":"https:\/\/artentika.art\/fr\/wp-json\/wp\/v2\/pages\/30828","targetHints":{"allow":["GET"]}}],"collection":[{"href":"https:\/\/artentika.art\/fr\/wp-json\/wp\/v2\/pages"}],"about":[{"href":"https:\/\/artentika.art\/fr\/wp-json\/wp\/v2\/types\/page"}],"author":[{"embeddable":true,"href":"https:\/\/artentika.art\/fr\/wp-json\/wp\/v2\/users\/1"}],"replies":[{"embeddable":true,"href":"https:\/\/artentika.art\/fr\/wp-json\/wp\/v2\/comments?post=30828"}],"version-history":[{"count":10,"href":"https:\/\/artentika.art\/fr\/wp-json\/wp\/v2\/pages\/30828\/revisions"}],"predecessor-version":[{"id":30865,"href":"https:\/\/artentika.art\/fr\/wp-json\/wp\/v2\/pages\/30828\/revisions\/30865"}],"wp:attachment":[{"href":"https:\/\/artentika.art\/fr\/wp-json\/wp\/v2\/media?parent=30828"}],"curies":[{"name":"wp","href":"https:\/\/api.w.org\/{rel}","templated":true}]}}