{"id":31027,"date":"2024-03-15T15:18:33","date_gmt":"2024-03-15T14:18:33","guid":{"rendered":"https:\/\/artentika.art\/politique-de-confidentialite\/"},"modified":"2024-03-26T18:42:39","modified_gmt":"2024-03-26T17:42:39","slug":"politique-de-confidentialite","status":"publish","type":"page","link":"https:\/\/artentika.art\/fr\/politique-de-confidentialite\/","title":{"rendered":"Politique de confidentialit\u00e9"},"content":{"rendered":"<p>[et_pb_section fb_built=\u00a0\u00bb1&Prime; _builder_version=\u00a0\u00bb4.24.2&Prime; _module_preset=\u00a0\u00bbdefault\u00a0\u00bb background_color=\u00a0\u00bb#F9FBFD\u00a0\u00bb border_width_bottom=\u00a0\u00bb1px\u00a0\u00bb border_color_bottom=\u00a0\u00bb#7569CC\u00a0\u00bb global_colors_info=\u00a0\u00bb{}\u00a0\u00bb][et_pb_row _builder_version=\u00a0\u00bb4.24.2&Prime; _module_preset=\u00a0\u00bbdefault\u00a0\u00bb global_colors_info=\u00a0\u00bb{}\u00a0\u00bb][et_pb_column type=\u00a0\u00bb4_4&Prime; _builder_version=\u00a0\u00bb4.24.2&Prime; _module_preset=\u00a0\u00bbdefault\u00a0\u00bb global_colors_info=\u00a0\u00bb{}\u00a0\u00bb][et_pb_text _builder_version=\u00a0\u00bb4.24.2&Prime; _module_preset=\u00a0\u00bbdefault\u00a0\u00bb header_font=\u00a0\u00bb|700|||||||\u00a0\u00bb header_text_align=\u00a0\u00bbcenter\u00a0\u00bb header_font_size=\u00a0\u00bb60px\u00a0\u00bb global_colors_info=\u00a0\u00bb{}\u00a0\u00bb]<\/p>\n<h1><span style=\"color: #2d73c8;\">Politique de confidentialit\u00e9<\/span><\/h1>\n<p>[\/et_pb_text][\/et_pb_column][\/et_pb_row][\/et_pb_section][et_pb_section fb_built=\u00a0\u00bb1&Prime; _builder_version=\u00a0\u00bb4.24.2&Prime; _module_preset=\u00a0\u00bbdefault\u00a0\u00bb background_color=\u00a0\u00bb#F9FBFD\u00a0\u00bb global_colors_info=\u00a0\u00bb{}\u00a0\u00bb][et_pb_row _builder_version=\u00a0\u00bb4.24.2&Prime; _module_preset=\u00a0\u00bbdefault\u00a0\u00bb global_colors_info=\u00a0\u00bb{}\u00a0\u00bb][et_pb_column type=\u00a0\u00bb4_4&Prime; _builder_version=\u00a0\u00bb4.24.2&Prime; _module_preset=\u00a0\u00bbdefault\u00a0\u00bb global_colors_info=\u00a0\u00bb{}\u00a0\u00bb][et_pb_text _builder_version=\u00a0\u00bb4.24.2&Prime; _module_preset=\u00a0\u00bbdefault\u00a0\u00bb text_text_color=\u00a0\u00bb#0A0A0A\u00a0\u00bb text_font_size=\u00a0\u00bb18px\u00a0\u00bb header_4_font=\u00a0\u00bb|600|||||||\u00a0\u00bb header_4_font_size=\u00a0\u00bb22px\u00a0\u00bb hover_enabled=\u00a0\u00bb0&Prime; global_colors_info=\u00a0\u00bb{}\u00a0\u00bb sticky_enabled=\u00a0\u00bb0&Prime;]<\/p>\n<h4><strong>Artentika (Pty) Limited accorde de l&rsquo;importance \u00e0 votre vie priv\u00e9e et s&rsquo;engage \u00e0 prot\u00e9ger vos donn\u00e9es personnelles conform\u00e9ment au r\u00e8glement g\u00e9n\u00e9ral sur la protection des donn\u00e9es de l&rsquo;UE (GDPR).<\/strong><\/h4>\n<p><span><\/span><\/p>\n<h4><span>Collecte et traitement des donn\u00e9es \u00e0 caract\u00e8re personnel  <\/span><\/h4>\n<p>Nous recueillons des donn\u00e9es personnelles aupr\u00e8s de nos clients, de nos partenaires commerciaux et des utilisateurs de nos sites web. Il s&rsquo;agit notamment de donn\u00e9es obtenues aupr\u00e8s de sources accessibles au public et de tiers.<\/p>\n<h4>Finalit\u00e9 du traitement des donn\u00e9es<\/h4>\n<p>Nous traitons les donn\u00e9es pour ex\u00e9cuter des contrats, respecter des obligations l\u00e9gales, fournir des services, faire du marketing (avec le consentement des int\u00e9ress\u00e9s), faire valoir des droits l\u00e9gaux et assurer des fonctions op\u00e9rationnelles.<\/p>\n<h4>Communications \u00e9lectroniques<\/h4>\n<p>Les courriers \u00e9lectroniques sont destin\u00e9s uniquement \u00e0 leur destinataire. L&rsquo;utilisation ou la distribution non autoris\u00e9e est interdite.<\/p>\n<h4>Cookies<\/h4>\n<p>Nous utilisons des cookies sur nos sites web \u00e0 des fins d&rsquo;identification. Vous pouvez configurer les param\u00e8tres de votre navigateur pour g\u00e9rer les cookies.<\/p>\n<h4>S\u00e9curit\u00e9 des donn\u00e9es<\/h4>\n<p>Nous avons mis en place des mesures de s\u00e9curit\u00e9 pour prot\u00e9ger les donn\u00e9es personnelles contre tout acc\u00e8s non autoris\u00e9 ou toute utilisation abusive.<\/p>\n<h4>P\u00e9riodes de conservation<\/h4>\n<p>Les donn\u00e9es personnelles sont conserv\u00e9es dans la mesure o\u00f9 la loi l&rsquo;exige ou pour des int\u00e9r\u00eats commerciaux l\u00e9gitimes. Lorsqu&rsquo;elles ne sont plus n\u00e9cessaires, les donn\u00e9es sont supprim\u00e9es ou rendues anonymes.<\/p>\n<h4>Obligation de fournir des donn\u00e9es \u00e0 caract\u00e8re personnel<\/h4>\n<p>La fourniture des donn\u00e9es personnelles n\u00e9cessaires est essentielle pour les relations commerciales et les obligations contractuelles.<\/p>\n<h4>Vos droits<\/h4>\n<p>Vous disposez de droits d&rsquo;acc\u00e8s, de rectification, d&rsquo;effacement de vos donn\u00e9es, de limitation du traitement, d&rsquo;opposition au traitement et de portabilit\u00e9 des donn\u00e9es. Contactez-nous pour obtenir de l&rsquo;aide dans l&rsquo;exercice de ces droits.<\/p>\n<h4>Modifications de la politique de confidentialit\u00e9<\/h4>\n<p>La pr\u00e9sente politique de confidentialit\u00e9 peut \u00eatre mise \u00e0 jour sans pr\u00e9avis. La derni\u00e8re version disponible sur notre site web est d&rsquo;application. Le cas \u00e9ch\u00e9ant, les modifications vous seront communiqu\u00e9es par courrier \u00e9lectronique ou par d&rsquo;autres moyens appropri\u00e9s.<\/p>\n<p>[\/et_pb_text][\/et_pb_column][\/et_pb_row][\/et_pb_section]<\/p>\n","protected":false},"excerpt":{"rendered":"<p>Politique de confidentialit\u00e9Artentika (Pty) Limited accorde de l&rsquo;importance \u00e0 votre vie priv\u00e9e et s&rsquo;engage \u00e0 prot\u00e9ger vos donn\u00e9es personnelles conform\u00e9ment au r\u00e8glement g\u00e9n\u00e9ral sur la protection des donn\u00e9es de l&rsquo;UE (GDPR). Collecte et traitement des donn\u00e9es \u00e0 caract\u00e8re personnel Nous recueillons des donn\u00e9es personnelles aupr\u00e8s de nos clients, de nos partenaires commerciaux et des utilisateurs [&hellip;]<\/p>\n","protected":false},"author":1,"featured_media":0,"parent":0,"menu_order":0,"comment_status":"closed","ping_status":"closed","template":"","meta":{"_et_pb_use_builder":"on","_et_pb_old_content":"","_et_gb_content_width":"","footnotes":""},"class_list":["post-31027","page","type-page","status-publish","hentry"],"_links":{"self":[{"href":"https:\/\/artentika.art\/fr\/wp-json\/wp\/v2\/pages\/31027","targetHints":{"allow":["GET"]}}],"collection":[{"href":"https:\/\/artentika.art\/fr\/wp-json\/wp\/v2\/pages"}],"about":[{"href":"https:\/\/artentika.art\/fr\/wp-json\/wp\/v2\/types\/page"}],"author":[{"embeddable":true,"href":"https:\/\/artentika.art\/fr\/wp-json\/wp\/v2\/users\/1"}],"replies":[{"embeddable":true,"href":"https:\/\/artentika.art\/fr\/wp-json\/wp\/v2\/comments?post=31027"}],"version-history":[{"count":9,"href":"https:\/\/artentika.art\/fr\/wp-json\/wp\/v2\/pages\/31027\/revisions"}],"predecessor-version":[{"id":31243,"href":"https:\/\/artentika.art\/fr\/wp-json\/wp\/v2\/pages\/31027\/revisions\/31243"}],"wp:attachment":[{"href":"https:\/\/artentika.art\/fr\/wp-json\/wp\/v2\/media?parent=31027"}],"curies":[{"name":"wp","href":"https:\/\/api.w.org\/{rel}","templated":true}]}}