{"id":31028,"date":"2024-03-14T13:18:29","date_gmt":"2024-03-14T12:18:29","guid":{"rendered":"https:\/\/artentika.art\/maisons-de-vente-aux-encheres\/"},"modified":"2024-03-31T18:22:50","modified_gmt":"2024-03-31T16:22:50","slug":"maisons-de-vente-aux-encheres","status":"publish","type":"page","link":"https:\/\/artentika.art\/fr\/maisons-de-vente-aux-encheres\/","title":{"rendered":"Maisons de vente aux ench\u00e8res"},"content":{"rendered":"<p>[et_pb_section fb_built=\u00a0\u00bb1&Prime; _builder_version=\u00a0\u00bb4.24.2&Prime; _module_preset=\u00a0\u00bbdefault\u00a0\u00bb background_color=\u00a0\u00bb#F9FBFD\u00a0\u00bb da_disable_devices=\u00a0\u00bboff|off|off\u00a0\u00bb border_width_bottom=\u00a0\u00bb1px\u00a0\u00bb border_color_bottom=\u00a0\u00bb#7569CC\u00a0\u00bb global_colors_info=\u00a0\u00bb{}\u00a0\u00bb da_is_popup=\u00a0\u00bboff\u00a0\u00bb da_exit_intent=\u00a0\u00bboff\u00a0\u00bb da_has_close=\u00a0\u00bbon\u00a0\u00bb da_alt_close=\u00a0\u00bboff\u00a0\u00bb da_dark_close=\u00a0\u00bboff\u00a0\u00bb da_not_modal=\u00a0\u00bbon\u00a0\u00bb da_is_singular=\u00a0\u00bboff\u00a0\u00bb da_with_loader=\u00a0\u00bboff\u00a0\u00bb da_has_shadow=\u00a0\u00bbon\u00a0\u00bb][et_pb_row _builder_version=\u00a0\u00bb4.24.2&Prime; _module_preset=\u00a0\u00bbdefault\u00a0\u00bb global_colors_info=\u00a0\u00bb{}\u00a0\u00bb][et_pb_column type=\u00a0\u00bb4_4&Prime; _builder_version=\u00a0\u00bb4.24.2&Prime; _module_preset=\u00a0\u00bbdefault\u00a0\u00bb global_colors_info=\u00a0\u00bb{}\u00a0\u00bb][et_pb_text _builder_version=\u00a0\u00bb4.24.2&Prime; _module_preset=\u00a0\u00bbdefault\u00a0\u00bb header_font=\u00a0\u00bb|700|||||||\u00a0\u00bb header_text_align=\u00a0\u00bbcenter\u00a0\u00bb header_font_size=\u00a0\u00bb60px\u00a0\u00bb global_colors_info=\u00a0\u00bb{}\u00a0\u00bb]<\/p>\n<h1><span style=\"color: #2d73c8;\">Maisons de vente aux ench\u00e8res<\/span><\/h1>\n<p>[\/et_pb_text][\/et_pb_column][\/et_pb_row][\/et_pb_section][et_pb_section fb_built=\u00a0\u00bb1&Prime; _builder_version=\u00a0\u00bb4.24.2&Prime; _module_preset=\u00a0\u00bbdefault\u00a0\u00bb background_color=\u00a0\u00bb#F9FBFD\u00a0\u00bb custom_padding=\u00a0\u00bb||100px|||\u00a0\u00bb da_disable_devices=\u00a0\u00bboff|off|off\u00a0\u00bb global_colors_info=\u00a0\u00bb{}\u00a0\u00bb da_is_popup=\u00a0\u00bboff\u00a0\u00bb da_exit_intent=\u00a0\u00bboff\u00a0\u00bb da_has_close=\u00a0\u00bbon\u00a0\u00bb da_alt_close=\u00a0\u00bboff\u00a0\u00bb da_dark_close=\u00a0\u00bboff\u00a0\u00bb da_not_modal=\u00a0\u00bbon\u00a0\u00bb da_is_singular=\u00a0\u00bboff\u00a0\u00bb da_with_loader=\u00a0\u00bboff\u00a0\u00bb da_has_shadow=\u00a0\u00bbon\u00a0\u00bb][et_pb_row _builder_version=\u00a0\u00bb4.24.2&Prime; _module_preset=\u00a0\u00bbdefault\u00a0\u00bb custom_padding=\u00a0\u00bb||18px|||\u00a0\u00bb global_colors_info=\u00a0\u00bb{}\u00a0\u00bb][et_pb_column type=\u00a0\u00bb4_4&Prime; _builder_version=\u00a0\u00bb4.24.2&Prime; _module_preset=\u00a0\u00bbdefault\u00a0\u00bb global_colors_info=\u00a0\u00bb{}\u00a0\u00bb][et_pb_text _builder_version=\u00a0\u00bb4.24.2&Prime; _module_preset=\u00a0\u00bbdefault\u00a0\u00bb text_text_color=\u00a0\u00bb#0A0A0A\u00a0\u00bb text_font_size=\u00a0\u00bb18px\u00a0\u00bb global_colors_info=\u00a0\u00bb{}\u00a0\u00bb]<\/p>\n<p><span>La v\u00e9rification par smartphone d&rsquo;Artentika offre aux maisons de vente aux ench\u00e8res un avantage consid\u00e9rable :  <\/span><\/p>\n<ul>\n<li><span>Processus transparent : Le consignateur et le commissaire-priseur documentent facilement l&rsquo;\u00e9tat de l&rsquo;\u0153uvre d&rsquo;art \u00e0 l&rsquo;aide de photos, ce qui permet de disposer d&rsquo;enregistrements v\u00e9rifiables tout au long de la cha\u00eene de vente.  <\/span><\/li>\n<li><span>Att\u00e9nuation des risques : D\u00e9tecter les divergences potentielles d\u00e8s la r\u00e9ception, am\u00e9liorer la transparence des articles et minimiser les litiges apr\u00e8s la vente.<\/span><\/li>\n<li><span>Confiance de l&rsquo;acheteur : L&rsquo;int\u00e9gration de la blockchain renforce la documentation sur la provenance, ce qui consolide l&rsquo;argumentaire sur la valeur \u00e0 long terme de l&rsquo;\u0153uvre d&rsquo;art.<\/span><\/li>\n<li><span>Rentable et \u00e9volutive : La solution rationalis\u00e9e d&rsquo;Artentika allie facilit\u00e9 d&rsquo;utilisation et prix abordable, ce qui permet un d\u00e9ploiement de routine sur l&rsquo;ensemble de votre volume de collecte.<\/span><\/li>\n<li><span>Gain potentiel de revenus : Repositionner l&rsquo;authentification d&rsquo;une d\u00e9pense \u00e0 un service \u00e0 valeur ajout\u00e9e. Les acheteurs du mill\u00e9naire et de la g\u00e9n\u00e9ration Z sont attir\u00e9s par la technologie et graviteront autour de vos offres, augmentant ainsi le potentiel de vente.<\/span><\/li>\n<\/ul>\n<p>[\/et_pb_text][et_pb_divider color=\u00a0\u00bb#7569CC\u00a0\u00bb _builder_version=\u00a0\u00bb4.24.2&Prime; _module_preset=\u00a0\u00bbdefault\u00a0\u00bb custom_margin=\u00a0\u00bb||-6px|||\u00a0\u00bb global_colors_info=\u00a0\u00bb{}\u00a0\u00bb][\/et_pb_divider][\/et_pb_column][\/et_pb_row][et_pb_row _builder_version=\u00a0\u00bb4.24.2&Prime; _module_preset=\u00a0\u00bbdefault\u00a0\u00bb custom_margin=\u00a0\u00bb-2px|auto||auto||\u00a0\u00bb global_colors_info=\u00a0\u00bb{}\u00a0\u00bb][et_pb_column type=\u00a0\u00bb4_4&Prime; _builder_version=\u00a0\u00bb4.24.2&Prime; _module_preset=\u00a0\u00bbdefault\u00a0\u00bb global_colors_info=\u00a0\u00bb{}\u00a0\u00bb][et_pb_text _builder_version=\u00a0\u00bb4.24.2&Prime; _module_preset=\u00a0\u00bbdefault\u00a0\u00bb header_4_font=\u00a0\u00bb|700|||||||\u00a0\u00bb header_4_text_align=\u00a0\u00bbcenter\u00a0\u00bb header_4_font_size=\u00a0\u00bb22px\u00a0\u00bb global_colors_info=\u00a0\u00bb{}\u00a0\u00bb]<\/p>\n<h4>Flux de travail<\/h4>\n<div id=\"gtx-trans\" style=\"position: absolute; left: -42px; top: 43.2656px;\">\n<div class=\"gtx-trans-icon\"><\/div>\n<\/div>\n<p>[\/et_pb_text][et_pb_image src=\u00a0\u00bbhttps:\/\/artentika.art\/wp-content\/uploads\/2024\/03\/One2OneWorkflowauctionhouse-removebg-preview.png\u00a0\u00bb title_text=\u00a0\u00bbOne2OneWorkflowauctionhouse-removebg-preview\u00a0\u00bb align=\u00a0\u00bbcenter\u00a0\u00bb _builder_version=\u00a0\u00bb4.24.2&Prime; _module_preset=\u00a0\u00bbdefault\u00a0\u00bb min_height=\u00a0\u00bb350px\u00a0\u00bb global_colors_info=\u00a0\u00bb{}\u00a0\u00bb][\/et_pb_image][\/et_pb_column][\/et_pb_row][\/et_pb_section][et_pb_section fb_built=\u00a0\u00bb1&Prime; _builder_version=\u00a0\u00bb4.24.2&Prime; _module_preset=\u00a0\u00bbdefault\u00a0\u00bb background_color=\u00a0\u00bb#F9FBFD\u00a0\u00bb da_disable_devices=\u00a0\u00bboff|off|off\u00a0\u00bb global_colors_info=\u00a0\u00bb{}\u00a0\u00bb da_is_popup=\u00a0\u00bboff\u00a0\u00bb da_exit_intent=\u00a0\u00bboff\u00a0\u00bb da_has_close=\u00a0\u00bbon\u00a0\u00bb da_alt_close=\u00a0\u00bboff\u00a0\u00bb da_dark_close=\u00a0\u00bboff\u00a0\u00bb da_not_modal=\u00a0\u00bbon\u00a0\u00bb da_is_singular=\u00a0\u00bboff\u00a0\u00bb da_with_loader=\u00a0\u00bboff\u00a0\u00bb da_has_shadow=\u00a0\u00bbon\u00a0\u00bb][et_pb_row _builder_version=\u00a0\u00bb4.24.2&Prime; _module_preset=\u00a0\u00bbdefault\u00a0\u00bb global_colors_info=\u00a0\u00bb{}\u00a0\u00bb][et_pb_column type=\u00a0\u00bb4_4&Prime; _builder_version=\u00a0\u00bb4.24.2&Prime; _module_preset=\u00a0\u00bbdefault\u00a0\u00bb global_colors_info=\u00a0\u00bb{}\u00a0\u00bb][et_pb_text _builder_version=\u00a0\u00bb4.24.2&Prime; _module_preset=\u00a0\u00bbdefault\u00a0\u00bb header_4_font=\u00a0\u00bb|600|||||||\u00a0\u00bb header_4_text_align=\u00a0\u00bbcenter\u00a0\u00bb header_4_font_size=\u00a0\u00bb32px\u00a0\u00bb text_orientation=\u00a0\u00bbcenter\u00a0\u00bb hover_enabled=\u00a0\u00bb0&Prime; global_colors_info=\u00a0\u00bb{}\u00a0\u00bb sticky_enabled=\u00a0\u00bb0&Prime;]<\/p>\n<h4>Comment pouvons-nous vous aider ?<\/h4>\n<div id=\"gtx-trans\" style=\"position: absolute; left: 147px; top: 43.2656px;\">\n<div class=\"gtx-trans-icon\"><\/div>\n<\/div>\n<p>[\/et_pb_text][et_pb_button button_text=\u00a0\u00bbR\u00e9server une consultation gratuite\u00a0\u00bb button_alignment=\u00a0\u00bbcenter\u00a0\u00bb _builder_version=\u00a0\u00bb4.24.2&Prime; _module_preset=\u00a0\u00bbdefault\u00a0\u00bb custom_button=\u00a0\u00bbon\u00a0\u00bb button_text_size=\u00a0\u00bb22px\u00a0\u00bb button_text_color=\u00a0\u00bb#FFFFFE\u00a0\u00bb button_bg_color=\u00a0\u00bb#2D73C8&Prime; button_border_width=\u00a0\u00bb0px\u00a0\u00bb button_border_color=\u00a0\u00bbRGBA(255,255,255,0)\u00a0\u00bb button_border_radius=\u00a0\u00bb14px\u00a0\u00bb button_icon=\u00a0\u00bb&#x3d;||divi||400&Prime; custom_margin=\u00a0\u00bb|||30px|false|false\u00a0\u00bb custom_padding=\u00a0\u00bb9px||9px||true|false\u00a0\u00bb global_colors_info=\u00a0\u00bb{}\u00a0\u00bb][\/et_pb_button][\/et_pb_column][\/et_pb_row][\/et_pb_section]<\/p>\n","protected":false},"excerpt":{"rendered":"<p>Maisons de vente aux ench\u00e8resLa v\u00e9rification par smartphone d&rsquo;Artentika offre aux maisons de vente aux ench\u00e8res un avantage consid\u00e9rable : Processus transparent : Le consignateur et le commissaire-priseur documentent facilement l&rsquo;\u00e9tat de l&rsquo;\u0153uvre d&rsquo;art \u00e0 l&rsquo;aide de photos, ce qui permet de disposer d&rsquo;enregistrements v\u00e9rifiables tout au long de la cha\u00eene de vente. Att\u00e9nuation des [&hellip;]<\/p>\n","protected":false},"author":1,"featured_media":0,"parent":0,"menu_order":0,"comment_status":"closed","ping_status":"closed","template":"","meta":{"_et_pb_use_builder":"on","_et_pb_old_content":"","_et_gb_content_width":"","footnotes":""},"class_list":["post-31028","page","type-page","status-publish","hentry"],"_links":{"self":[{"href":"https:\/\/artentika.art\/fr\/wp-json\/wp\/v2\/pages\/31028","targetHints":{"allow":["GET"]}}],"collection":[{"href":"https:\/\/artentika.art\/fr\/wp-json\/wp\/v2\/pages"}],"about":[{"href":"https:\/\/artentika.art\/fr\/wp-json\/wp\/v2\/types\/page"}],"author":[{"embeddable":true,"href":"https:\/\/artentika.art\/fr\/wp-json\/wp\/v2\/users\/1"}],"replies":[{"embeddable":true,"href":"https:\/\/artentika.art\/fr\/wp-json\/wp\/v2\/comments?post=31028"}],"version-history":[{"count":19,"href":"https:\/\/artentika.art\/fr\/wp-json\/wp\/v2\/pages\/31028\/revisions"}],"predecessor-version":[{"id":31996,"href":"https:\/\/artentika.art\/fr\/wp-json\/wp\/v2\/pages\/31028\/revisions\/31996"}],"wp:attachment":[{"href":"https:\/\/artentika.art\/fr\/wp-json\/wp\/v2\/media?parent=31028"}],"curies":[{"name":"wp","href":"https:\/\/api.w.org\/{rel}","templated":true}]}}