{"id":31032,"date":"2024-03-14T13:22:00","date_gmt":"2024-03-14T12:22:00","guid":{"rendered":"https:\/\/artentika.art\/protection-des-droits-dauteur\/"},"modified":"2024-03-31T18:22:50","modified_gmt":"2024-03-31T16:22:50","slug":"protection-des-droits-dauteur","status":"publish","type":"page","link":"https:\/\/artentika.art\/fr\/protection-des-droits-dauteur\/","title":{"rendered":"Protection des droits d&rsquo;auteur"},"content":{"rendered":"<p>[et_pb_section fb_built=\u00a0\u00bb1&Prime; _builder_version=\u00a0\u00bb4.24.2&Prime; _module_preset=\u00a0\u00bbdefault\u00a0\u00bb background_color=\u00a0\u00bb#F9FBFD\u00a0\u00bb border_width_bottom=\u00a0\u00bb1px\u00a0\u00bb border_color_bottom=\u00a0\u00bb#7569CC\u00a0\u00bb global_colors_info=\u00a0\u00bb{}\u00a0\u00bb da_is_popup=\u00a0\u00bboff\u00a0\u00bb da_exit_intent=\u00a0\u00bboff\u00a0\u00bb da_has_close=\u00a0\u00bbon\u00a0\u00bb da_alt_close=\u00a0\u00bboff\u00a0\u00bb da_dark_close=\u00a0\u00bboff\u00a0\u00bb da_not_modal=\u00a0\u00bbon\u00a0\u00bb da_is_singular=\u00a0\u00bboff\u00a0\u00bb da_with_loader=\u00a0\u00bboff\u00a0\u00bb da_has_shadow=\u00a0\u00bbon\u00a0\u00bb da_disable_devices=\u00a0\u00bboff|off|off\u00a0\u00bb][et_pb_row _builder_version=\u00a0\u00bb4.24.2&Prime; _module_preset=\u00a0\u00bbdefault\u00a0\u00bb global_colors_info=\u00a0\u00bb{}\u00a0\u00bb][et_pb_column type=\u00a0\u00bb4_4&Prime; _builder_version=\u00a0\u00bb4.24.2&Prime; _module_preset=\u00a0\u00bbdefault\u00a0\u00bb global_colors_info=\u00a0\u00bb{}\u00a0\u00bb][et_pb_text _builder_version=\u00a0\u00bb4.24.2&Prime; _module_preset=\u00a0\u00bbdefault\u00a0\u00bb header_font=\u00a0\u00bb|700|||||||\u00a0\u00bb header_text_align=\u00a0\u00bbcenter\u00a0\u00bb header_font_size=\u00a0\u00bb60px\u00a0\u00bb global_colors_info=\u00a0\u00bb{}\u00a0\u00bb]<\/p>\n<h1><span style=\"color: #2d73c8;\">Protection des droits d&rsquo;auteur<\/span><\/h1>\n<p>[\/et_pb_text][\/et_pb_column][\/et_pb_row][\/et_pb_section][et_pb_section fb_built=\u00a0\u00bb1&Prime; _builder_version=\u00a0\u00bb4.24.2&Prime; _module_preset=\u00a0\u00bbdefault\u00a0\u00bb background_color=\u00a0\u00bb#F9FBFD\u00a0\u00bb custom_padding=\u00a0\u00bb||5px|||\u00a0\u00bb global_colors_info=\u00a0\u00bb{}\u00a0\u00bb da_is_popup=\u00a0\u00bboff\u00a0\u00bb da_exit_intent=\u00a0\u00bboff\u00a0\u00bb da_has_close=\u00a0\u00bbon\u00a0\u00bb da_alt_close=\u00a0\u00bboff\u00a0\u00bb da_dark_close=\u00a0\u00bboff\u00a0\u00bb da_not_modal=\u00a0\u00bbon\u00a0\u00bb da_is_singular=\u00a0\u00bboff\u00a0\u00bb da_with_loader=\u00a0\u00bboff\u00a0\u00bb da_has_shadow=\u00a0\u00bbon\u00a0\u00bb da_disable_devices=\u00a0\u00bboff|off|off\u00a0\u00bb][et_pb_row _builder_version=\u00a0\u00bb4.24.2&Prime; _module_preset=\u00a0\u00bbdefault\u00a0\u00bb custom_padding=\u00a0\u00bb||18px|||\u00a0\u00bb global_colors_info=\u00a0\u00bb{}\u00a0\u00bb][et_pb_column type=\u00a0\u00bb4_4&Prime; _builder_version=\u00a0\u00bb4.24.2&Prime; _module_preset=\u00a0\u00bbdefault\u00a0\u00bb global_colors_info=\u00a0\u00bb{}\u00a0\u00bb][et_pb_text _builder_version=\u00a0\u00bb4.24.2&Prime; _module_preset=\u00a0\u00bbdefault\u00a0\u00bb text_text_color=\u00a0\u00bb#0A0A0A\u00a0\u00bb text_font_size=\u00a0\u00bb18px\u00a0\u00bb global_colors_info=\u00a0\u00bb{}\u00a0\u00bb]<\/p>\n<p>S\u00e9curisez vos droits gr\u00e2ce \u00e0 l&rsquo;int\u00e9gration du fichier blockchain d&rsquo;Artentika qui constitue une trace indiscutable pour faire valoir et d\u00e9fendre vos droits artistiques et financiers :<\/p>\n<ul>\n<li>Enregistrement inviolable : Les rapports d&rsquo;authentification et de conservation, y compris les photos horodat\u00e9es et les donn\u00e9es GPS, renforcent la preuve de la propri\u00e9t\u00e9 \u00e0 un moment pr\u00e9cis, cr\u00e9ant ainsi une cha\u00eene de conservation s\u00e9curis\u00e9e.<\/li>\n<li>R\u00e9solution des litiges : Le fichier blockchain fournit des preuves vitales en cas de vol, de contestation de la provenance ou de reproductions non autoris\u00e9es.<\/li>\n<li>Application des droits d&rsquo;auteur : Les donn\u00e9es de la blockchain facilitent les actions en mati\u00e8re de droits d&rsquo;auteur en \u00e9tablissant votre qualit\u00e9 d&rsquo;auteur \u00e0 l&rsquo;aide d&rsquo;une documentation immuable.<\/li>\n<li>Facilit\u00e9 d&rsquo;utilisation : Notre solution blockchain rationalis\u00e9e offre une protection claire et nette sans que vous ayez \u00e0 vous impliquer dans la technologie sous-jacente.<\/li>\n<\/ul>\n<p>[\/et_pb_text][et_pb_divider color=\u00a0\u00bb#7569CC\u00a0\u00bb _builder_version=\u00a0\u00bb4.24.2&Prime; _module_preset=\u00a0\u00bbdefault\u00a0\u00bb custom_margin=\u00a0\u00bb||-6px|||\u00a0\u00bb global_colors_info=\u00a0\u00bb{}\u00a0\u00bb][\/et_pb_divider][\/et_pb_column][\/et_pb_row][\/et_pb_section][et_pb_section fb_built=\u00a0\u00bb1&Prime; _builder_version=\u00a0\u00bb4.24.2&Prime; _module_preset=\u00a0\u00bbdefault\u00a0\u00bb background_color=\u00a0\u00bb#F9FBFD\u00a0\u00bb global_colors_info=\u00a0\u00bb{}\u00a0\u00bb da_is_popup=\u00a0\u00bboff\u00a0\u00bb da_exit_intent=\u00a0\u00bboff\u00a0\u00bb da_has_close=\u00a0\u00bbon\u00a0\u00bb da_alt_close=\u00a0\u00bboff\u00a0\u00bb da_dark_close=\u00a0\u00bboff\u00a0\u00bb da_not_modal=\u00a0\u00bbon\u00a0\u00bb da_is_singular=\u00a0\u00bboff\u00a0\u00bb da_with_loader=\u00a0\u00bboff\u00a0\u00bb da_has_shadow=\u00a0\u00bbon\u00a0\u00bb da_disable_devices=\u00a0\u00bboff|off|off\u00a0\u00bb][et_pb_row _builder_version=\u00a0\u00bb4.24.2&Prime; _module_preset=\u00a0\u00bbdefault\u00a0\u00bb global_colors_info=\u00a0\u00bb{}\u00a0\u00bb][et_pb_column type=\u00a0\u00bb4_4&Prime; _builder_version=\u00a0\u00bb4.24.2&Prime; _module_preset=\u00a0\u00bbdefault\u00a0\u00bb global_colors_info=\u00a0\u00bb{}\u00a0\u00bb][et_pb_text _builder_version=\u00a0\u00bb4.24.2&Prime; _module_preset=\u00a0\u00bbdefault\u00a0\u00bb header_4_font=\u00a0\u00bb|600|||||||\u00a0\u00bb header_4_text_align=\u00a0\u00bbcenter\u00a0\u00bb header_4_font_size=\u00a0\u00bb32px\u00a0\u00bb text_orientation=\u00a0\u00bbcenter\u00a0\u00bb hover_enabled=\u00a0\u00bb0&Prime; global_colors_info=\u00a0\u00bb{}\u00a0\u00bb sticky_enabled=\u00a0\u00bb0&Prime;]<\/p>\n<h4>Comment pouvons-nous vous aider ?<\/h4>\n<div id=\"gtx-trans\" style=\"position: absolute; left: -584px; top: -4.73438px;\">\n<div class=\"gtx-trans-icon\"><\/div>\n<\/div>\n<p>[\/et_pb_text][et_pb_button button_text=\u00a0\u00bbR\u00e9server une consultation gratuite\u00a0\u00bb button_alignment=\u00a0\u00bbcenter\u00a0\u00bb _builder_version=\u00a0\u00bb4.24.2&Prime; _module_preset=\u00a0\u00bbdefault\u00a0\u00bb custom_button=\u00a0\u00bbon\u00a0\u00bb button_text_size=\u00a0\u00bb22px\u00a0\u00bb button_text_color=\u00a0\u00bb#FFFFFE\u00a0\u00bb button_bg_color=\u00a0\u00bb#2D73C8&Prime; button_border_width=\u00a0\u00bb0px\u00a0\u00bb button_border_color=\u00a0\u00bbRGBA(255,255,255,0)\u00a0\u00bb button_border_radius=\u00a0\u00bb14px\u00a0\u00bb button_icon=\u00a0\u00bb&#x3d;||divi||400&Prime; custom_margin=\u00a0\u00bb|||30px|false|false\u00a0\u00bb custom_padding=\u00a0\u00bb9px||9px||true|false\u00a0\u00bb global_colors_info=\u00a0\u00bb{}\u00a0\u00bb][\/et_pb_button][\/et_pb_column][\/et_pb_row][\/et_pb_section]<\/p>\n","protected":false},"excerpt":{"rendered":"<p>Protection des droits d&rsquo;auteurS\u00e9curisez vos droits gr\u00e2ce \u00e0 l&rsquo;int\u00e9gration du fichier blockchain d&rsquo;Artentika qui constitue une trace indiscutable pour faire valoir et d\u00e9fendre vos droits artistiques et financiers : Enregistrement inviolable : Les rapports d&rsquo;authentification et de conservation, y compris les photos horodat\u00e9es et les donn\u00e9es GPS, renforcent la preuve de la propri\u00e9t\u00e9 \u00e0 un [&hellip;]<\/p>\n","protected":false},"author":1,"featured_media":0,"parent":0,"menu_order":0,"comment_status":"closed","ping_status":"closed","template":"","meta":{"_et_pb_use_builder":"on","_et_pb_old_content":"","_et_gb_content_width":"","footnotes":""},"class_list":["post-31032","page","type-page","status-publish","hentry"],"_links":{"self":[{"href":"https:\/\/artentika.art\/fr\/wp-json\/wp\/v2\/pages\/31032","targetHints":{"allow":["GET"]}}],"collection":[{"href":"https:\/\/artentika.art\/fr\/wp-json\/wp\/v2\/pages"}],"about":[{"href":"https:\/\/artentika.art\/fr\/wp-json\/wp\/v2\/types\/page"}],"author":[{"embeddable":true,"href":"https:\/\/artentika.art\/fr\/wp-json\/wp\/v2\/users\/1"}],"replies":[{"embeddable":true,"href":"https:\/\/artentika.art\/fr\/wp-json\/wp\/v2\/comments?post=31032"}],"version-history":[{"count":17,"href":"https:\/\/artentika.art\/fr\/wp-json\/wp\/v2\/pages\/31032\/revisions"}],"predecessor-version":[{"id":31945,"href":"https:\/\/artentika.art\/fr\/wp-json\/wp\/v2\/pages\/31032\/revisions\/31945"}],"wp:attachment":[{"href":"https:\/\/artentika.art\/fr\/wp-json\/wp\/v2\/media?parent=31032"}],"curies":[{"name":"wp","href":"https:\/\/api.w.org\/{rel}","templated":true}]}}