{"id":31033,"date":"2024-03-14T13:22:20","date_gmt":"2024-03-14T12:22:20","guid":{"rendered":"https:\/\/artentika.art\/contentieux-de-lart\/"},"modified":"2024-03-31T18:22:50","modified_gmt":"2024-03-31T16:22:50","slug":"contentieux-de-lart","status":"publish","type":"page","link":"https:\/\/artentika.art\/fr\/contentieux-de-lart\/","title":{"rendered":"Contentieux de l&rsquo;art"},"content":{"rendered":"<p>[et_pb_section fb_built=\u00a0\u00bb1&Prime; _builder_version=\u00a0\u00bb4.24.2&Prime; _module_preset=\u00a0\u00bbdefault\u00a0\u00bb background_color=\u00a0\u00bb#F9FBFD\u00a0\u00bb border_width_bottom=\u00a0\u00bb1px\u00a0\u00bb border_color_bottom=\u00a0\u00bb#7569CC\u00a0\u00bb global_colors_info=\u00a0\u00bb{}\u00a0\u00bb da_is_popup=\u00a0\u00bboff\u00a0\u00bb da_exit_intent=\u00a0\u00bboff\u00a0\u00bb da_has_close=\u00a0\u00bbon\u00a0\u00bb da_alt_close=\u00a0\u00bboff\u00a0\u00bb da_dark_close=\u00a0\u00bboff\u00a0\u00bb da_not_modal=\u00a0\u00bbon\u00a0\u00bb da_is_singular=\u00a0\u00bboff\u00a0\u00bb da_with_loader=\u00a0\u00bboff\u00a0\u00bb da_has_shadow=\u00a0\u00bbon\u00a0\u00bb da_disable_devices=\u00a0\u00bboff|off|off\u00a0\u00bb][et_pb_row _builder_version=\u00a0\u00bb4.24.2&Prime; _module_preset=\u00a0\u00bbdefault\u00a0\u00bb global_colors_info=\u00a0\u00bb{}\u00a0\u00bb][et_pb_column type=\u00a0\u00bb4_4&Prime; _builder_version=\u00a0\u00bb4.24.2&Prime; _module_preset=\u00a0\u00bbdefault\u00a0\u00bb global_colors_info=\u00a0\u00bb{}\u00a0\u00bb][et_pb_text _builder_version=\u00a0\u00bb4.24.2&Prime; _module_preset=\u00a0\u00bbdefault\u00a0\u00bb header_font=\u00a0\u00bb|700|||||||\u00a0\u00bb header_text_align=\u00a0\u00bbcenter\u00a0\u00bb header_font_size=\u00a0\u00bb60px\u00a0\u00bb global_colors_info=\u00a0\u00bb{}\u00a0\u00bb]<\/p>\n<h1><span style=\"color: #2d73c8;\"><span style=\"color: #0a0a0a;\">Votre partenaire en mati\u00e8re de<\/span> litiges dans le domaine de l&rsquo;art<\/span><\/h1>\n<p>[\/et_pb_text][\/et_pb_column][\/et_pb_row][\/et_pb_section][et_pb_section fb_built=\u00a0\u00bb1&Prime; _builder_version=\u00a0\u00bb4.24.2&Prime; _module_preset=\u00a0\u00bbdefault\u00a0\u00bb background_color=\u00a0\u00bb#F9FBFD\u00a0\u00bb custom_padding=\u00a0\u00bb||5px|||\u00a0\u00bb global_colors_info=\u00a0\u00bb{}\u00a0\u00bb da_is_popup=\u00a0\u00bboff\u00a0\u00bb da_exit_intent=\u00a0\u00bboff\u00a0\u00bb da_has_close=\u00a0\u00bbon\u00a0\u00bb da_alt_close=\u00a0\u00bboff\u00a0\u00bb da_dark_close=\u00a0\u00bboff\u00a0\u00bb da_not_modal=\u00a0\u00bbon\u00a0\u00bb da_is_singular=\u00a0\u00bboff\u00a0\u00bb da_with_loader=\u00a0\u00bboff\u00a0\u00bb da_has_shadow=\u00a0\u00bbon\u00a0\u00bb da_disable_devices=\u00a0\u00bboff|off|off\u00a0\u00bb][et_pb_row _builder_version=\u00a0\u00bb4.24.2&Prime; _module_preset=\u00a0\u00bbdefault\u00a0\u00bb custom_padding=\u00a0\u00bb||18px|||\u00a0\u00bb global_colors_info=\u00a0\u00bb{}\u00a0\u00bb][et_pb_column type=\u00a0\u00bb4_4&Prime; _builder_version=\u00a0\u00bb4.24.2&Prime; _module_preset=\u00a0\u00bbdefault\u00a0\u00bb global_colors_info=\u00a0\u00bb{}\u00a0\u00bb][et_pb_text _builder_version=\u00a0\u00bb4.24.2&Prime; _module_preset=\u00a0\u00bbdefault\u00a0\u00bb text_text_color=\u00a0\u00bb#0A0A0A\u00a0\u00bb text_font_size=\u00a0\u00bb18px\u00a0\u00bb global_colors_info=\u00a0\u00bb{}\u00a0\u00bb]<\/p>\n<p>Dans le monde complexe du droit de l&rsquo;art, o\u00f9 l&rsquo;authenticit\u00e9, les conflits de propri\u00e9t\u00e9, les revendications de droits d&rsquo;auteur et les cas de restitution d\u00e9pendent d&rsquo;une analyse approfondie, Artentika fournit une solution scientifique valid\u00e9e par les plus grands connaisseurs d&rsquo;art :<\/p>\n<ul>\n<li>Analyse de pointe : Nous utilisons des techniques d&rsquo;imagerie et d&rsquo;analyse des mat\u00e9riaux de pointe, qui d\u00e9passent les capacit\u00e9s de l&rsquo;inspection humaine traditionnelle. Cela permet de d\u00e9celer des anomalies subtiles, des traces de restauration et des incoh\u00e9rences susceptibles de r\u00e9v\u00e9ler des falsifications ou des dommages.<\/li>\n<li>Des informations aliment\u00e9es par l&rsquo;IA : Nos algorithmes d&rsquo;intelligence artificielle traitent de grandes quantit\u00e9s de donn\u00e9es, en reconnaissant des mod\u00e8les et en identifiant des signes potentiels de pr\u00e9occupation qui ne sont pas visibles \u00e0 l&rsquo;\u0153il nu.<\/li>\n<li>La touche humaine : Aucune technologie ne remplace l&rsquo;\u0153il avis\u00e9 et les connaissances approfondies d&rsquo;un expert en art. C&rsquo;est pourquoi chaque analyse Artentika est soumise \u00e0 une validation rigoureuse, ligne par ligne, par un connaisseur d&rsquo;art sp\u00e9cialis\u00e9 dans l&rsquo;artiste concern\u00e9.<\/li>\n<li>Double assurance : Lorsqu&rsquo;une \u0153uvre est soumise \u00e0 notre processus d&rsquo;authentification \u00e0 la fois technologique et humain, les r\u00e9sultats sont consign\u00e9s dans un rapport cosign\u00e9 par l&rsquo;expert en art et notre scientifique en chef. Ce niveau de preuves v\u00e9rifiables inspire une confiance in\u00e9gal\u00e9e.<\/li>\n<\/ul>\n<p>[\/et_pb_text][et_pb_divider color=\u00a0\u00bb#7569CC\u00a0\u00bb _builder_version=\u00a0\u00bb4.24.2&Prime; _module_preset=\u00a0\u00bbdefault\u00a0\u00bb custom_margin=\u00a0\u00bb||-6px|||\u00a0\u00bb custom_padding=\u00a0\u00bb||0px|||\u00a0\u00bb global_colors_info=\u00a0\u00bb{}\u00a0\u00bb][\/et_pb_divider][et_pb_text _builder_version=\u00a0\u00bb4.24.2&Prime; _module_preset=\u00a0\u00bbdefault\u00a0\u00bb text_text_color=\u00a0\u00bb#0A0A0A\u00a0\u00bb text_font_size=\u00a0\u00bb18px\u00a0\u00bb custom_margin=\u00a0\u00bb29px|||||\u00a0\u00bb global_colors_info=\u00a0\u00bb{}\u00a0\u00bb]<\/p>\n<p>Avantages pour les cabinets d&rsquo;avocats :<\/p>\n<ul>\n<li>\u00c9valuation de l&rsquo;authenticit\u00e9 irr\u00e9prochable : Confirmez ou contestez la provenance d&rsquo;une \u0153uvre d&rsquo;art gr\u00e2ce \u00e0 un m\u00e9lange convaincant de preuves bas\u00e9es sur l&rsquo;IA et d&rsquo;authentification par des experts. Renforcer les demandes de restitution ou se d\u00e9fendre contre elles gr\u00e2ce \u00e0 une documentation irr\u00e9futable sur les origines d&rsquo;une \u0153uvre d&rsquo;art.<\/li>\n<li>\u00c9valuation pr\u00e9cise des dommages : \u00c9valuer l&rsquo;\u00e9tendue des dommages, d\u00e9tecter les tentatives de restauration et quantifier les demandes d&rsquo;indemnisation d&rsquo;une mani\u00e8re objective et scientifiquement v\u00e9rifiable.<\/li>\n<li>Renforcez vos arguments avec une documentation incontestable : Nos rapports d\u00e9taill\u00e9s \u00e9tayent vos affirmations concernant la contrefa\u00e7on, les droits d&rsquo;utilisation \u00e9quitable et la propri\u00e9t\u00e9 l\u00e9gitime dans les litiges relatifs aux droits d&rsquo;auteur. Soutenir les arguments historiques sur les origines d&rsquo;une \u0153uvre d&rsquo;art dans les cas complexes de restitution.<\/li>\n<li>Att\u00e9nuation des risques gr\u00e2ce \u00e0 une diligence raisonnable : Identifier de mani\u00e8re proactive les vuln\u00e9rabilit\u00e9s potentielles li\u00e9es \u00e0 l&rsquo;authenticit\u00e9 ou \u00e0 l&rsquo;\u00e9tat d&rsquo;une \u0153uvre d&rsquo;art, afin de prot\u00e9ger les investissements substantiels de vos clients.<\/li>\n<\/ul>\n<p>[\/et_pb_text][\/et_pb_column][\/et_pb_row][\/et_pb_section][et_pb_section fb_built=\u00a0\u00bb1&Prime; _builder_version=\u00a0\u00bb4.24.2&Prime; _module_preset=\u00a0\u00bbdefault\u00a0\u00bb background_color=\u00a0\u00bb#F9FBFD\u00a0\u00bb global_colors_info=\u00a0\u00bb{}\u00a0\u00bb da_is_popup=\u00a0\u00bboff\u00a0\u00bb da_exit_intent=\u00a0\u00bboff\u00a0\u00bb da_has_close=\u00a0\u00bbon\u00a0\u00bb da_alt_close=\u00a0\u00bboff\u00a0\u00bb da_dark_close=\u00a0\u00bboff\u00a0\u00bb da_not_modal=\u00a0\u00bbon\u00a0\u00bb da_is_singular=\u00a0\u00bboff\u00a0\u00bb da_with_loader=\u00a0\u00bboff\u00a0\u00bb da_has_shadow=\u00a0\u00bbon\u00a0\u00bb da_disable_devices=\u00a0\u00bboff|off|off\u00a0\u00bb][et_pb_row _builder_version=\u00a0\u00bb4.24.2&Prime; _module_preset=\u00a0\u00bbdefault\u00a0\u00bb global_colors_info=\u00a0\u00bb{}\u00a0\u00bb][et_pb_column type=\u00a0\u00bb4_4&Prime; _builder_version=\u00a0\u00bb4.24.2&Prime; _module_preset=\u00a0\u00bbdefault\u00a0\u00bb global_colors_info=\u00a0\u00bb{}\u00a0\u00bb][et_pb_text _builder_version=\u00a0\u00bb4.24.2&Prime; _module_preset=\u00a0\u00bbdefault\u00a0\u00bb header_4_font=\u00a0\u00bb|600|||||||\u00a0\u00bb header_4_text_align=\u00a0\u00bbcenter\u00a0\u00bb header_4_font_size=\u00a0\u00bb32px\u00a0\u00bb text_orientation=\u00a0\u00bbcenter\u00a0\u00bb hover_enabled=\u00a0\u00bb0&Prime; global_colors_info=\u00a0\u00bb{}\u00a0\u00bb sticky_enabled=\u00a0\u00bb0&Prime;]<\/p>\n<h4>Comment pouvons-nous vous aider ?<\/h4>\n<div id=\"gtx-trans\" style=\"position: absolute; left: 270px; top: 43.2656px;\">\n<div class=\"gtx-trans-icon\"><\/div>\n<\/div>\n<p>[\/et_pb_text][et_pb_button button_url=\u00a0\u00bbhttps:\/\/artentika.art\/fr\/contact\/\u00a0\u00bb button_text=\u00a0\u00bbR\u00e9server une consultation gratuite\u00a0\u00bb button_alignment=\u00a0\u00bbcenter\u00a0\u00bb _builder_version=\u00a0\u00bb4.24.2&Prime; _module_preset=\u00a0\u00bbdefault\u00a0\u00bb custom_button=\u00a0\u00bbon\u00a0\u00bb button_text_size=\u00a0\u00bb22px\u00a0\u00bb button_text_color=\u00a0\u00bb#FFFFFE\u00a0\u00bb button_bg_color=\u00a0\u00bb#2D73C8&Prime; button_border_width=\u00a0\u00bb0px\u00a0\u00bb button_border_color=\u00a0\u00bbRGBA(255,255,255,0)\u00a0\u00bb button_border_radius=\u00a0\u00bb14px\u00a0\u00bb button_icon=\u00a0\u00bb&#x3d;||divi||400&Prime; custom_margin=\u00a0\u00bb|||30px|false|false\u00a0\u00bb custom_padding=\u00a0\u00bb9px||9px||true|false\u00a0\u00bb global_colors_info=\u00a0\u00bb{}\u00a0\u00bb][\/et_pb_button][\/et_pb_column][\/et_pb_row][\/et_pb_section]<\/p>\n","protected":false},"excerpt":{"rendered":"<p>Votre partenaire en mati\u00e8re de litiges dans le domaine de l&rsquo;artDans le monde complexe du droit de l&rsquo;art, o\u00f9 l&rsquo;authenticit\u00e9, les conflits de propri\u00e9t\u00e9, les revendications de droits d&rsquo;auteur et les cas de restitution d\u00e9pendent d&rsquo;une analyse approfondie, Artentika fournit une solution scientifique valid\u00e9e par les plus grands connaisseurs d&rsquo;art : Analyse de pointe : [&hellip;]<\/p>\n","protected":false},"author":1,"featured_media":0,"parent":0,"menu_order":0,"comment_status":"closed","ping_status":"closed","template":"","meta":{"_et_pb_use_builder":"on","_et_pb_old_content":"","_et_gb_content_width":"","footnotes":""},"class_list":["post-31033","page","type-page","status-publish","hentry"],"_links":{"self":[{"href":"https:\/\/artentika.art\/fr\/wp-json\/wp\/v2\/pages\/31033","targetHints":{"allow":["GET"]}}],"collection":[{"href":"https:\/\/artentika.art\/fr\/wp-json\/wp\/v2\/pages"}],"about":[{"href":"https:\/\/artentika.art\/fr\/wp-json\/wp\/v2\/types\/page"}],"author":[{"embeddable":true,"href":"https:\/\/artentika.art\/fr\/wp-json\/wp\/v2\/users\/1"}],"replies":[{"embeddable":true,"href":"https:\/\/artentika.art\/fr\/wp-json\/wp\/v2\/comments?post=31033"}],"version-history":[{"count":17,"href":"https:\/\/artentika.art\/fr\/wp-json\/wp\/v2\/pages\/31033\/revisions"}],"predecessor-version":[{"id":31990,"href":"https:\/\/artentika.art\/fr\/wp-json\/wp\/v2\/pages\/31033\/revisions\/31990"}],"wp:attachment":[{"href":"https:\/\/artentika.art\/fr\/wp-json\/wp\/v2\/media?parent=31033"}],"curies":[{"name":"wp","href":"https:\/\/api.w.org\/{rel}","templated":true}]}}