{"id":31323,"date":"2024-03-13T16:42:20","date_gmt":"2024-03-13T15:42:20","guid":{"rendered":"https:\/\/artentika.art\/brevet\/"},"modified":"2024-03-26T18:42:50","modified_gmt":"2024-03-26T17:42:50","slug":"brevet","status":"publish","type":"page","link":"https:\/\/artentika.art\/fr\/brevet\/","title":{"rendered":"Brevet"},"content":{"rendered":"<p>[et_pb_section fb_built=\u00a0\u00bb1&Prime; _builder_version=\u00a0\u00bb4.24.2&Prime; _module_preset=\u00a0\u00bbdefault\u00a0\u00bb background_color=\u00a0\u00bb#F9FBFD\u00a0\u00bb border_width_bottom=\u00a0\u00bb1px\u00a0\u00bb border_color_bottom=\u00a0\u00bb#7569CC\u00a0\u00bb global_colors_info=\u00a0\u00bb{}\u00a0\u00bb da_is_popup=\u00a0\u00bboff\u00a0\u00bb da_exit_intent=\u00a0\u00bboff\u00a0\u00bb da_has_close=\u00a0\u00bbon\u00a0\u00bb da_alt_close=\u00a0\u00bboff\u00a0\u00bb da_dark_close=\u00a0\u00bboff\u00a0\u00bb da_not_modal=\u00a0\u00bbon\u00a0\u00bb da_is_singular=\u00a0\u00bboff\u00a0\u00bb da_with_loader=\u00a0\u00bboff\u00a0\u00bb da_has_shadow=\u00a0\u00bbon\u00a0\u00bb da_disable_devices=\u00a0\u00bboff|off|off\u00a0\u00bb][et_pb_row _builder_version=\u00a0\u00bb4.24.2&Prime; _module_preset=\u00a0\u00bbdefault\u00a0\u00bb global_colors_info=\u00a0\u00bb{}\u00a0\u00bb][et_pb_column type=\u00a0\u00bb4_4&Prime; _builder_version=\u00a0\u00bb4.24.2&Prime; _module_preset=\u00a0\u00bbdefault\u00a0\u00bb global_colors_info=\u00a0\u00bb{}\u00a0\u00bb][et_pb_text _builder_version=\u00a0\u00bb4.24.2&Prime; _module_preset=\u00a0\u00bbdefault\u00a0\u00bb header_font=\u00a0\u00bb|700|||||||\u00a0\u00bb header_text_align=\u00a0\u00bbcenter\u00a0\u00bb header_font_size=\u00a0\u00bb60px\u00a0\u00bb global_colors_info=\u00a0\u00bb{}\u00a0\u00bb]<\/p>\n<h1><span style=\"color: #2d73c8;\">Brevet<\/span><\/h1>\n<p>[\/et_pb_text][\/et_pb_column][\/et_pb_row][\/et_pb_section][et_pb_section fb_built=\u00a0\u00bb1&Prime; _builder_version=\u00a0\u00bb4.24.2&Prime; _module_preset=\u00a0\u00bbdefault\u00a0\u00bb background_color=\u00a0\u00bb#F9FBFD\u00a0\u00bb global_colors_info=\u00a0\u00bb{}\u00a0\u00bb da_is_popup=\u00a0\u00bboff\u00a0\u00bb da_exit_intent=\u00a0\u00bboff\u00a0\u00bb da_has_close=\u00a0\u00bbon\u00a0\u00bb da_alt_close=\u00a0\u00bboff\u00a0\u00bb da_dark_close=\u00a0\u00bboff\u00a0\u00bb da_not_modal=\u00a0\u00bbon\u00a0\u00bb da_is_singular=\u00a0\u00bboff\u00a0\u00bb da_with_loader=\u00a0\u00bboff\u00a0\u00bb da_has_shadow=\u00a0\u00bbon\u00a0\u00bb da_disable_devices=\u00a0\u00bboff|off|off\u00a0\u00bb][et_pb_row column_structure=\u00a0\u00bb1_2,1_2&Prime; _builder_version=\u00a0\u00bb4.24.2&Prime; _module_preset=\u00a0\u00bbdefault\u00a0\u00bb global_colors_info=\u00a0\u00bb{}\u00a0\u00bb][et_pb_column type=\u00a0\u00bb1_2&Prime; _builder_version=\u00a0\u00bb4.24.2&Prime; _module_preset=\u00a0\u00bbdefault\u00a0\u00bb global_colors_info=\u00a0\u00bb{}\u00a0\u00bb][et_pb_text _builder_version=\u00a0\u00bb4.24.2&Prime; _module_preset=\u00a0\u00bbdefault\u00a0\u00bb text_text_color=\u00a0\u00bb#0A0A0A\u00a0\u00bb text_font_size=\u00a0\u00bb18px\u00a0\u00bb header_2_font=\u00a0\u00bb|700|||||||\u00a0\u00bb header_2_font_size=\u00a0\u00bb30px\u00a0\u00bb global_colors_info=\u00a0\u00bb{}\u00a0\u00bb]<\/p>\n<h2>US20210042703A1<\/h2>\n<p>&nbsp;<\/p>\n<p>Invent\u00e9e par son PDG Albertus Geldenhuys, Artentika est la seule entreprise au monde \u00e0 avoir obtenu un brevet am\u00e9ricain pour une technologie d&rsquo;authentification de l&rsquo;art. Il porte sur le \u00ab\u00a0traitement des donn\u00e9es num\u00e9riques minutieuses pour l&rsquo;analyse des objets culturels\u00a0\u00bb et est valable jusqu&rsquo;au 17 janvier 2039. Le brevet est un atout tr\u00e8s pr\u00e9cieux, notamment parce que les \u00c9tats-Unis repr\u00e9sentent pr\u00e8s de la moiti\u00e9 du march\u00e9 mondial de l&rsquo;art. Les principaux avantages concurrentiels offerts par notre brevet sur le march\u00e9 mondial de la pr\u00e9servation culturelle peuvent \u00eatre r\u00e9sum\u00e9s comme suit. Nous rappelons que notre analyse num\u00e9rique d&rsquo;une \u0153uvre est examin\u00e9e par un expert de l&rsquo;artiste avant tout rapport.<\/p>\n<p>[\/et_pb_text][\/et_pb_column][et_pb_column type=\u00a0\u00bb1_2&Prime; _builder_version=\u00a0\u00bb4.24.2&Prime; _module_preset=\u00a0\u00bbdefault\u00a0\u00bb global_colors_info=\u00a0\u00bb{}\u00a0\u00bb][et_pb_image src=\u00a0\u00bbhttps:\/\/artentika.art\/wp-content\/uploads\/2024\/03\/patent.png\u00a0\u00bb title_text=\u00a0\u00bbbrevet\u00a0\u00bb align=\u00a0\u00bbcenter\u00a0\u00bb _builder_version=\u00a0\u00bb4.24.2&Prime; _module_preset=\u00a0\u00bbdefault\u00a0\u00bb max_height=\u00a0\u00bb600px\u00a0\u00bb hover_enabled=\u00a0\u00bb0&Prime; global_colors_info=\u00a0\u00bb{}\u00a0\u00bb sticky_enabled=\u00a0\u00bb0&Prime;][\/et_pb_image][\/et_pb_column][\/et_pb_row][\/et_pb_section][et_pb_section fb_built=\u00a0\u00bb1&Prime; _builder_version=\u00a0\u00bb4.24.2&Prime; _module_preset=\u00a0\u00bbdefault\u00a0\u00bb background_color=\u00a0\u00bb#F9FBFD\u00a0\u00bb custom_padding=\u00a0\u00bb||100px|||\u00a0\u00bb global_colors_info=\u00a0\u00bb{}\u00a0\u00bb da_is_popup=\u00a0\u00bboff\u00a0\u00bb da_exit_intent=\u00a0\u00bboff\u00a0\u00bb da_has_close=\u00a0\u00bbon\u00a0\u00bb da_alt_close=\u00a0\u00bboff\u00a0\u00bb da_dark_close=\u00a0\u00bboff\u00a0\u00bb da_not_modal=\u00a0\u00bbon\u00a0\u00bb da_is_singular=\u00a0\u00bboff\u00a0\u00bb da_with_loader=\u00a0\u00bboff\u00a0\u00bb da_has_shadow=\u00a0\u00bbon\u00a0\u00bb da_disable_devices=\u00a0\u00bboff|off|off\u00a0\u00bb][et_pb_row column_structure=\u00a0\u00bb1_2,1_2&Prime; use_custom_gutter=\u00a0\u00bbon\u00a0\u00bb gutter_width=\u00a0\u00bb4&Prime; _builder_version=\u00a0\u00bb4.24.2&Prime; _module_preset=\u00a0\u00bbdefault\u00a0\u00bb max_width=\u00a0\u00bb1600px\u00a0\u00bb global_colors_info=\u00a0\u00bb{}\u00a0\u00bb][et_pb_column type=\u00a0\u00bb1_2&Prime; _builder_version=\u00a0\u00bb4.24.2&Prime; _module_preset=\u00a0\u00bbdefault\u00a0\u00bb global_colors_info=\u00a0\u00bb{}\u00a0\u00bb][et_pb_text _builder_version=\u00a0\u00bb4.24.2&Prime; _module_preset=\u00a0\u00bbdefault\u00a0\u00bb text_font_size=\u00a0\u00bb18px\u00a0\u00bb header_3_font=\u00a0\u00bb|600|||||||\u00a0\u00bb header_3_font_size=\u00a0\u00bb23px\u00a0\u00bb header_3_line_height=\u00a0\u00bb1.7em\u00a0\u00bb background_color=\u00a0\u00bb#E5E8F6&Prime; custom_padding=\u00a0\u00bb30px|40px|30px|40px|true|true\u00a0\u00bb border_radii=\u00a0\u00bbon|48px|48px|48px|48px\u00a0\u00bb border_width_all=\u00a0\u00bb2px\u00a0\u00bb border_color_all=\u00a0\u00bb#7569CC\u00a0\u00bb global_colors_info=\u00a0\u00bb{}\u00a0\u00bb]<\/p>\n<h3>Technologie nouvelle et innovante<\/h3>\n<p><span style=\"color: #0a0a0a;\">La m\u00e9thode unique de traitement des points caract\u00e9ristiques des donn\u00e9es num\u00e9riques du brevet offre une approche r\u00e9volutionnaire de l&rsquo;analyse et de l&rsquo;authentification des artefacts, offrant un niveau d&rsquo;exactitude et de pr\u00e9cision in\u00e9gal\u00e9 par les m\u00e9thodes conventionnelles.<\/span><\/p>\n<p>[\/et_pb_text][\/et_pb_column][et_pb_column type=\u00a0\u00bb1_2&Prime; _builder_version=\u00a0\u00bb4.24.2&Prime; _module_preset=\u00a0\u00bbdefault\u00a0\u00bb global_colors_info=\u00a0\u00bb{}\u00a0\u00bb][et_pb_text _builder_version=\u00a0\u00bb4.24.2&Prime; _module_preset=\u00a0\u00bbdefault\u00a0\u00bb text_font_size=\u00a0\u00bb18px\u00a0\u00bb header_3_font=\u00a0\u00bb|600|||||||\u00a0\u00bb header_3_font_size=\u00a0\u00bb23px\u00a0\u00bb header_3_line_height=\u00a0\u00bb1.7em\u00a0\u00bb background_color=\u00a0\u00bb#E5E8F6&Prime; custom_padding=\u00a0\u00bb30px|40px|30px|40px|true|true\u00a0\u00bb border_radii=\u00a0\u00bbon|48px|48px|48px|48px\u00a0\u00bb border_width_all=\u00a0\u00bb2px\u00a0\u00bb border_color_all=\u00a0\u00bb#7569CC\u00a0\u00bb locked=\u00a0\u00bboff\u00a0\u00bb global_colors_info=\u00a0\u00bb{}\u00a0\u00bb]<\/p>\n<h3>Am\u00e9lioration de l&rsquo;analyse et de l&rsquo;authentification des artefacts  <\/h3>\n<p><span style=\"color: #0a0000;\">La technologie brevet\u00e9e permet d&rsquo;extraire des caract\u00e9ristiques et des informations significatives des objets culturels, ce qui am\u00e9liore l&rsquo;authentification, la classification et la pr\u00e9servation.  <\/span><\/p>\n<p>[\/et_pb_text][\/et_pb_column][\/et_pb_row][et_pb_row column_structure=\u00a0\u00bb1_2,1_2&Prime; use_custom_gutter=\u00a0\u00bbon\u00a0\u00bb gutter_width=\u00a0\u00bb4&Prime; _builder_version=\u00a0\u00bb4.24.2&Prime; _module_preset=\u00a0\u00bbdefault\u00a0\u00bb max_width=\u00a0\u00bb1600px\u00a0\u00bb global_colors_info=\u00a0\u00bb{}\u00a0\u00bb][et_pb_column type=\u00a0\u00bb1_2&Prime; _builder_version=\u00a0\u00bb4.24.2&Prime; _module_preset=\u00a0\u00bbdefault\u00a0\u00bb global_colors_info=\u00a0\u00bb{}\u00a0\u00bb][et_pb_text _builder_version=\u00a0\u00bb4.24.2&Prime; _module_preset=\u00a0\u00bbdefault\u00a0\u00bb text_text_color=\u00a0\u00bb#0A0A0A\u00a0\u00bb text_font_size=\u00a0\u00bb18px\u00a0\u00bb header_3_font=\u00a0\u00bb|600|||||||\u00a0\u00bb header_3_font_size=\u00a0\u00bb23px\u00a0\u00bb header_3_line_height=\u00a0\u00bb1.7em\u00a0\u00bb background_color=\u00a0\u00bb#eef4fa\u00a0\u00bb custom_padding=\u00a0\u00bb30px|40px|30px|40px|true|true\u00a0\u00bb border_radii=\u00a0\u00bbon|48px|48px|48px|48px\u00a0\u00bb border_width_all=\u00a0\u00bb2px\u00a0\u00bb border_color_all=\u00a0\u00bb#2D73C8&Prime; global_colors_info=\u00a0\u00bb{}\u00a0\u00bb]<\/p>\n<h3>Conservation proactive des artefacts<\/h3>\n<p><span style=\"color: #0a0000;\">En surveillant l&rsquo;\u00e9tat des artefacts au fil du temps, la technologie brevet\u00e9e permet de prendre des mesures de conservation proactives, de pr\u00e9venir la d\u00e9t\u00e9rioration et d&rsquo;assurer la pr\u00e9servation \u00e0 long terme du patrimoine culturel.<\/span><\/p>\n<p>[\/et_pb_text][\/et_pb_column][et_pb_column type=\u00a0\u00bb1_2&Prime; _builder_version=\u00a0\u00bb4.24.2&Prime; _module_preset=\u00a0\u00bbdefault\u00a0\u00bb global_colors_info=\u00a0\u00bb{}\u00a0\u00bb][et_pb_text _builder_version=\u00a0\u00bb4.24.2&Prime; _module_preset=\u00a0\u00bbdefault\u00a0\u00bb text_text_color=\u00a0\u00bb#0A0A0A\u00a0\u00bb text_font_size=\u00a0\u00bb18px\u00a0\u00bb header_3_font=\u00a0\u00bb|600|||||||\u00a0\u00bb header_3_font_size=\u00a0\u00bb23px\u00a0\u00bb header_3_line_height=\u00a0\u00bb1.7em\u00a0\u00bb background_color=\u00a0\u00bb#eef4fa\u00a0\u00bb custom_padding=\u00a0\u00bb30px|40px|30px|40px|true|true\u00a0\u00bb border_radii=\u00a0\u00bbon|48px|48px|48px|48px\u00a0\u00bb border_width_all=\u00a0\u00bb2px\u00a0\u00bb border_color_all=\u00a0\u00bb#2D73C8&Prime; locked=\u00a0\u00bboff\u00a0\u00bb global_colors_info=\u00a0\u00bb{}\u00a0\u00bb]<\/p>\n<h3>Large applicabilit\u00e9 \u00e0 tous les types d&rsquo;artefacts  <\/h3>\n<p>La technologie du brevet est applicable \u00e0 un large \u00e9ventail d&rsquo;objets culturels, des peintures et sculptures aux poteries et manuscrits, ce qui en fait un outil polyvalent pour les institutions charg\u00e9es du patrimoine culturel.  <\/p>\n<p>[\/et_pb_text][\/et_pb_column][\/et_pb_row][et_pb_row column_structure=\u00a0\u00bb1_2,1_2&Prime; use_custom_gutter=\u00a0\u00bbon\u00a0\u00bb gutter_width=\u00a0\u00bb4&Prime; _builder_version=\u00a0\u00bb4.24.2&Prime; _module_preset=\u00a0\u00bbdefault\u00a0\u00bb max_width=\u00a0\u00bb1600px\u00a0\u00bb global_colors_info=\u00a0\u00bb{}\u00a0\u00bb][et_pb_column type=\u00a0\u00bb1_2&Prime; _builder_version=\u00a0\u00bb4.24.2&Prime; _module_preset=\u00a0\u00bbdefault\u00a0\u00bb global_colors_info=\u00a0\u00bb{}\u00a0\u00bb][et_pb_text _builder_version=\u00a0\u00bb4.24.2&Prime; _module_preset=\u00a0\u00bbdefault\u00a0\u00bb text_text_color=\u00a0\u00bb#0A0A0A\u00a0\u00bb text_font_size=\u00a0\u00bb18px\u00a0\u00bb header_3_font=\u00a0\u00bb|600|||||||\u00a0\u00bb header_3_font_size=\u00a0\u00bb23px\u00a0\u00bb header_3_line_height=\u00a0\u00bb1.7em\u00a0\u00bb background_color=\u00a0\u00bb#E5E8F6&Prime; custom_padding=\u00a0\u00bb30px|40px|30px|40px|true|true\u00a0\u00bb border_radii=\u00a0\u00bbon|48px|48px|48px|48px\u00a0\u00bb border_width_all=\u00a0\u00bb2px\u00a0\u00bb border_color_all=\u00a0\u00bb#7569CC\u00a0\u00bb global_colors_info=\u00a0\u00bb{}\u00a0\u00bb]<\/p>\n<h3>Possibilit\u00e9 d&rsquo;int\u00e9gration avec les syst\u00e8mes existants  <\/h3>\n<p>La technologie du brevet peut \u00eatre int\u00e9gr\u00e9e aux syst\u00e8mes existants de gestion et de conservation des artefacts, am\u00e9liorant ainsi leurs capacit\u00e9s et offrant une solution compl\u00e8te aux institutions du patrimoine culturel.  <\/p>\n<p>[\/et_pb_text][\/et_pb_column][et_pb_column type=\u00a0\u00bb1_2&Prime; _builder_version=\u00a0\u00bb4.24.2&Prime; _module_preset=\u00a0\u00bbdefault\u00a0\u00bb global_colors_info=\u00a0\u00bb{}\u00a0\u00bb][et_pb_text _builder_version=\u00a0\u00bb4.24.2&Prime; _module_preset=\u00a0\u00bbdefault\u00a0\u00bb text_text_color=\u00a0\u00bb#0A0A0A\u00a0\u00bb text_font_size=\u00a0\u00bb18px\u00a0\u00bb header_3_font=\u00a0\u00bb|600|||||||\u00a0\u00bb header_3_font_size=\u00a0\u00bb23px\u00a0\u00bb header_3_line_height=\u00a0\u00bb1.7em\u00a0\u00bb background_color=\u00a0\u00bb#E5E8F6&Prime; custom_padding=\u00a0\u00bb30px|40px|30px|40px|true|true\u00a0\u00bb border_radii=\u00a0\u00bbon|48px|48px|48px|48px\u00a0\u00bb border_width_all=\u00a0\u00bb2px\u00a0\u00bb border_color_all=\u00a0\u00bb#7569CC\u00a0\u00bb locked=\u00a0\u00bboff\u00a0\u00bb global_colors_info=\u00a0\u00bb{}\u00a0\u00bb]<\/p>\n<h3>Un paysage concurrentiel in\u00e9gal\u00e9<\/h3>\n<p>L&rsquo;approche unique du brevet et ses r\u00e9sultats sup\u00e9rieurs le positionnent comme une technologie de pointe sur le march\u00e9 de la pr\u00e9servation culturelle, offrant un avantage concurrentiel par rapport aux solutions existantes.  <\/p>\n<p>[\/et_pb_text][\/et_pb_column][\/et_pb_row][et_pb_row column_structure=\u00a0\u00bb1_2,1_2&Prime; use_custom_gutter=\u00a0\u00bbon\u00a0\u00bb gutter_width=\u00a0\u00bb4&Prime; _builder_version=\u00a0\u00bb4.24.2&Prime; _module_preset=\u00a0\u00bbdefault\u00a0\u00bb max_width=\u00a0\u00bb1600px\u00a0\u00bb global_colors_info=\u00a0\u00bb{}\u00a0\u00bb][et_pb_column type=\u00a0\u00bb1_2&Prime; _builder_version=\u00a0\u00bb4.24.2&Prime; _module_preset=\u00a0\u00bbdefault\u00a0\u00bb global_colors_info=\u00a0\u00bb{}\u00a0\u00bb][et_pb_text _builder_version=\u00a0\u00bb4.24.2&Prime; _module_preset=\u00a0\u00bbdefault\u00a0\u00bb text_text_color=\u00a0\u00bb#0A0A0A\u00a0\u00bb text_font_size=\u00a0\u00bb18px\u00a0\u00bb header_3_font=\u00a0\u00bb|600|||||||\u00a0\u00bb header_3_font_size=\u00a0\u00bb23px\u00a0\u00bb header_3_line_height=\u00a0\u00bb1.7em\u00a0\u00bb background_color=\u00a0\u00bb#eef4fa\u00a0\u00bb custom_padding=\u00a0\u00bb30px|40px|30px|40px|true|true\u00a0\u00bb border_radii=\u00a0\u00bbon|48px|48px|48px|48px\u00a0\u00bb border_width_all=\u00a0\u00bb2px\u00a0\u00bb border_color_all=\u00a0\u00bb#2D73C8&Prime; global_colors_info=\u00a0\u00bb{}\u00a0\u00bb]<\/p>\n<h3>Potentiel en mati\u00e8re de licences et de g\u00e9n\u00e9ration de revenus  <\/h3>\n<p>La valeur du brevet va au-del\u00e0 de son application directe, offrant des possibilit\u00e9s de licence aux d\u00e9veloppeurs de logiciels et aux fournisseurs de services dans le secteur du patrimoine culturel.  <\/p>\n<p>[\/et_pb_text][\/et_pb_column][et_pb_column type=\u00a0\u00bb1_2&Prime; _builder_version=\u00a0\u00bb4.24.2&Prime; _module_preset=\u00a0\u00bbdefault\u00a0\u00bb global_colors_info=\u00a0\u00bb{}\u00a0\u00bb][et_pb_text _builder_version=\u00a0\u00bb4.24.2&Prime; _module_preset=\u00a0\u00bbdefault\u00a0\u00bb text_text_color=\u00a0\u00bb#0A0A0A\u00a0\u00bb text_font_size=\u00a0\u00bb18px\u00a0\u00bb header_3_font=\u00a0\u00bb|600|||||||\u00a0\u00bb header_3_font_size=\u00a0\u00bb23px\u00a0\u00bb header_3_line_height=\u00a0\u00bb1.7em\u00a0\u00bb background_color=\u00a0\u00bb#eef4fa\u00a0\u00bb custom_padding=\u00a0\u00bb30px|40px|30px|40px|true|true\u00a0\u00bb border_radii=\u00a0\u00bbon|48px|48px|48px|48px\u00a0\u00bb border_width_all=\u00a0\u00bb2px\u00a0\u00bb border_color_all=\u00a0\u00bb#2D73C8&Prime; locked=\u00a0\u00bboff\u00a0\u00bb global_colors_info=\u00a0\u00bb{}\u00a0\u00bb]<\/p>\n<h3>Contribution \u00e0 la pr\u00e9servation du patrimoine culturel  <\/h3>\n<p>La technologie brevet\u00e9e pourrait r\u00e9volutionner la mani\u00e8re dont nous pr\u00e9servons et comprenons notre patrimoine culturel, ce qui aurait un impact significatif sur l&rsquo;ensemble du secteur.<\/p>\n<p>[\/et_pb_text][\/et_pb_column][\/et_pb_row][\/et_pb_section]<\/p>\n","protected":false},"excerpt":{"rendered":"<p>BrevetUS20210042703A1 &nbsp; Invent\u00e9e par son PDG Albertus Geldenhuys, Artentika est la seule entreprise au monde \u00e0 avoir obtenu un brevet am\u00e9ricain pour une technologie d&rsquo;authentification de l&rsquo;art. Il porte sur le \u00ab\u00a0traitement des donn\u00e9es num\u00e9riques minutieuses pour l&rsquo;analyse des objets culturels\u00a0\u00bb et est valable jusqu&rsquo;au 17 janvier 2039. Le brevet est un atout tr\u00e8s pr\u00e9cieux, [&hellip;]<\/p>\n","protected":false},"author":1,"featured_media":0,"parent":0,"menu_order":0,"comment_status":"closed","ping_status":"closed","template":"","meta":{"_et_pb_use_builder":"on","_et_pb_old_content":"","_et_gb_content_width":"","footnotes":""},"class_list":["post-31323","page","type-page","status-publish","hentry"],"_links":{"self":[{"href":"https:\/\/artentika.art\/fr\/wp-json\/wp\/v2\/pages\/31323","targetHints":{"allow":["GET"]}}],"collection":[{"href":"https:\/\/artentika.art\/fr\/wp-json\/wp\/v2\/pages"}],"about":[{"href":"https:\/\/artentika.art\/fr\/wp-json\/wp\/v2\/types\/page"}],"author":[{"embeddable":true,"href":"https:\/\/artentika.art\/fr\/wp-json\/wp\/v2\/users\/1"}],"replies":[{"embeddable":true,"href":"https:\/\/artentika.art\/fr\/wp-json\/wp\/v2\/comments?post=31323"}],"version-history":[{"count":9,"href":"https:\/\/artentika.art\/fr\/wp-json\/wp\/v2\/pages\/31323\/revisions"}],"predecessor-version":[{"id":31384,"href":"https:\/\/artentika.art\/fr\/wp-json\/wp\/v2\/pages\/31323\/revisions\/31384"}],"wp:attachment":[{"href":"https:\/\/artentika.art\/fr\/wp-json\/wp\/v2\/media?parent=31323"}],"curies":[{"name":"wp","href":"https:\/\/api.w.org\/{rel}","templated":true}]}}