{"id":30728,"date":"2024-03-11T17:33:48","date_gmt":"2024-03-11T16:33:48","guid":{"rendered":"https:\/\/artentika.art\/autenticazione\/"},"modified":"2024-03-31T18:58:23","modified_gmt":"2024-03-31T16:58:23","slug":"autenticazione","status":"publish","type":"page","link":"https:\/\/artentika.art\/it\/autenticazione\/","title":{"rendered":"Autenticazione"},"content":{"rendered":"<p>[et_pb_section fb_built=&#8221;1&#8243; _builder_version=&#8221;4.24.2&#8243; _module_preset=&#8221;default&#8221; background_color=&#8221;#F9FBFD&#8221; da_disable_devices=&#8221;off|off|off&#8221; border_width_bottom=&#8221;1px&#8221; border_color_bottom=&#8221;#7569CC&#8221; global_colors_info=&#8221;{}&#8221; da_is_popup=&#8221;off&#8221; da_exit_intent=&#8221;off&#8221; da_has_close=&#8221;on&#8221; da_alt_close=&#8221;off&#8221; da_dark_close=&#8221;off&#8221; da_not_modal=&#8221;on&#8221; da_is_singular=&#8221;off&#8221; da_with_loader=&#8221;off&#8221; da_has_shadow=&#8221;on&#8221;][et_pb_row _builder_version=&#8221;4.24.2&#8243; _module_preset=&#8221;default&#8221; global_colors_info=&#8221;{}&#8221;][et_pb_column type=&#8221;4_4&#8243; _builder_version=&#8221;4.24.2&#8243; _module_preset=&#8221;default&#8221; global_colors_info=&#8221;{}&#8221;][et_pb_text _builder_version=&#8221;4.24.2&#8243; _module_preset=&#8221;default&#8221; header_font=&#8221;|700|||||||&#8221; header_text_align=&#8221;center&#8221; header_font_size=&#8221;67px&#8221; header_font_size_tablet=&#8221;60px&#8221; header_font_size_phone=&#8221;38px&#8221; header_font_size_last_edited=&#8221;on|phone&#8221; global_colors_info=&#8221;{}&#8221;]<\/p>\n<h1><span style=\"color: #2d73c8;\">Autenticazione<\/span><\/h1>\n<p>[\/et_pb_text][\/et_pb_column][\/et_pb_row][\/et_pb_section][et_pb_section fb_built=&#8221;1&#8243; _builder_version=&#8221;4.24.2&#8243; _module_preset=&#8221;default&#8221; background_color=&#8221;#F9FBFD&#8221; custom_padding=&#8221;||2px|||&#8221; da_disable_devices=&#8221;off|off|off&#8221; global_colors_info=&#8221;{}&#8221; da_is_popup=&#8221;off&#8221; da_exit_intent=&#8221;off&#8221; da_has_close=&#8221;on&#8221; da_alt_close=&#8221;off&#8221; da_dark_close=&#8221;off&#8221; da_not_modal=&#8221;on&#8221; da_is_singular=&#8221;off&#8221; da_with_loader=&#8221;off&#8221; da_has_shadow=&#8221;on&#8221;][et_pb_row _builder_version=&#8221;4.24.2&#8243; _module_preset=&#8221;default&#8221; global_colors_info=&#8221;{}&#8221;][et_pb_column type=&#8221;4_4&#8243; _builder_version=&#8221;4.24.2&#8243; _module_preset=&#8221;default&#8221; global_colors_info=&#8221;{}&#8221;][et_pb_text _builder_version=&#8221;4.24.2&#8243; _module_preset=&#8221;default&#8221; text_text_color=&#8221;#0A0A0A&#8221; text_font_size=&#8221;18px&#8221; hover_enabled=&#8221;0&#8243; global_colors_info=&#8221;{}&#8221; sticky_enabled=&#8221;0&#8243;]<\/p>\n<p>Il servizio di autenticazione artistica Artentika viene utilizzato per determinare la genuinit\u00e0 e l&#8217;attribuzione delle opere d&#8217;arte. Utilizziamo l&#8217;intelligenza artificiale per una valutazione preliminare e, se sono necessari ulteriori approfondimenti, ci rivolgiamo a un esperto di spicco dell&#8217;artista in questione.<\/p>\n<p>[\/et_pb_text][\/et_pb_column][\/et_pb_row][\/et_pb_section][et_pb_section fb_built=&#8221;1&#8243; _builder_version=&#8221;4.24.2&#8243; _module_preset=&#8221;default&#8221; background_color=&#8221;#F9FBFD&#8221; custom_padding=&#8221;||5px|||&#8221; da_disable_devices=&#8221;off|off|off&#8221; global_colors_info=&#8221;{}&#8221; da_is_popup=&#8221;off&#8221; da_exit_intent=&#8221;off&#8221; da_has_close=&#8221;on&#8221; da_alt_close=&#8221;off&#8221; da_dark_close=&#8221;off&#8221; da_not_modal=&#8221;on&#8221; da_is_singular=&#8221;off&#8221; da_with_loader=&#8221;off&#8221; da_has_shadow=&#8221;on&#8221;][et_pb_row _builder_version=&#8221;4.24.2&#8243; _module_preset=&#8221;default&#8221; global_colors_info=&#8221;{}&#8221;][et_pb_column type=&#8221;4_4&#8243; _builder_version=&#8221;4.24.2&#8243; _module_preset=&#8221;default&#8221; global_colors_info=&#8221;{}&#8221;][et_pb_text _builder_version=&#8221;4.24.2&#8243; _module_preset=&#8221;default&#8221; header_2_font=&#8221;|700|||||||&#8221; header_2_font_size=&#8221;42px&#8221; custom_margin=&#8221;||15px|||&#8221; global_colors_info=&#8221;{}&#8221;]<\/p>\n<h2>Il processo Artentika<\/h2>\n<p>[\/et_pb_text][et_pb_divider color=&#8221;#7569CC&#8221; _builder_version=&#8221;4.24.2&#8243; _module_preset=&#8221;default&#8221; global_colors_info=&#8221;{}&#8221;][\/et_pb_divider][et_pb_text _builder_version=&#8221;4.24.2&#8243; _module_preset=&#8221;default&#8221; text_text_color=&#8221;#0A0A0A&#8221; text_font_size=&#8221;18px&#8221; ol_font=&#8221;||||||||&#8221; header_6_font=&#8221;|800|||||||&#8221; header_6_text_align=&#8221;left&#8221; header_6_text_color=&#8221;#7569CC&#8221; header_6_font_size=&#8221;26px&#8221; global_colors_info=&#8221;{}&#8221;]<\/p>\n<h6>1 Invio di foto senza sforzo<\/h6>\n<p>Scattate una foto di alta qualit\u00e0 della vostra opera d&#8217;arte utilizzando una fotocamera standard o la nostra intuitiva App Artentika Art Management. L&#8217;applicazione semplifica il processo, caricando automaticamente l&#8217;immagine e offrendo indicazioni sulla qualit\u00e0 della foto. Il nostro sistema valuta immediatamente l&#8217;idoneit\u00e0 della foto per la nostra analisi, fornendo un feedback immediato.<\/p>\n<p>&nbsp;<\/p>\n<h6>2 Analisi preliminare alimentata dall&#8217;intelligenza artificiale<\/h6>\n<p>Una volta approvata, la foto viene sottoposta alla nostra analisi AI all&#8217;avanguardia. Questa fase determina in modo efficace se \u00e8 giustificata un&#8217;indagine completa.<\/p>\n<p>&nbsp;<\/p>\n<h6>3 Citazione per ulteriori indagini<\/h6>\n<p>Nel caso in cui i risultati dell&#8217;IA suggeriscano la necessit\u00e0 di un esame pi\u00f9 approfondito, presenteremo un preventivo dettagliato che specifichi la portata dell&#8217;indagine proposta. Avete sempre la possibilit\u00e0 di scegliere se procedere o meno.<\/p>\n<p>&nbsp;<\/p>\n<h6>4 Autenticazione completa e globale<\/h6>\n<p><span>I nostri specialisti esamineranno meticolosamente le vostre opere d&#8217;arte di persona, indipendentemente dalla loro ubicazione. Vengono utilizzati scanner all&#8217;avanguardia e non invasivi per scoprire i dettagli pi\u00f9 sottili necessari a confermare l&#8217;autenticit\u00e0. Il nostro rapporto di autenticazione scientifica viene esaminato da un&#8217;autorit\u00e0 riconosciuta a livello internazionale sull&#8217;artista in questione. Il rapporto finale \u00e8 co-firmato dall&#8217;esperto e da Artentika. Infine, si riceve un certificato a prova di manomissione che documenta l&#8217;autenticit\u00e0 o meno dell&#8217;opera d&#8217;arte.<\/span><\/p>\n<p>&nbsp;<\/p>\n<p>[\/et_pb_text][\/et_pb_column][\/et_pb_row][\/et_pb_section][et_pb_section fb_built=&#8221;1&#8243; custom_padding_last_edited=&#8221;on|phone&#8221; _builder_version=&#8221;4.24.2&#8243; _module_preset=&#8221;default&#8221; background_color=&#8221;#F9FBFD&#8221; custom_padding_tablet=&#8221;&#8221; custom_padding_phone=&#8221;0px||||false|false&#8221; da_disable_devices=&#8221;off|off|off&#8221; global_colors_info=&#8221;{}&#8221; da_is_popup=&#8221;off&#8221; da_exit_intent=&#8221;off&#8221; da_has_close=&#8221;on&#8221; da_alt_close=&#8221;off&#8221; da_dark_close=&#8221;off&#8221; da_not_modal=&#8221;on&#8221; da_is_singular=&#8221;off&#8221; da_with_loader=&#8221;off&#8221; da_has_shadow=&#8221;on&#8221;][et_pb_row _builder_version=&#8221;4.24.2&#8243; _module_preset=&#8221;default&#8221; global_colors_info=&#8221;{}&#8221;][et_pb_column type=&#8221;4_4&#8243; _builder_version=&#8221;4.24.2&#8243; _module_preset=&#8221;default&#8221; global_colors_info=&#8221;{}&#8221;][et_pb_text _builder_version=&#8221;4.24.2&#8243; _module_preset=&#8221;default&#8221; text_text_color=&#8221;#0A0A0A&#8221; text_font_size=&#8221;18px&#8221; header_2_font=&#8221;|700|||||||&#8221; header_2_font_size=&#8221;42px&#8221; custom_margin=&#8221;||15px|||&#8221; global_colors_info=&#8221;{}&#8221;]<\/p>\n<h2>Il vantaggio Artentika<\/h2>\n<p>&nbsp;<\/p>\n<p>Offriamo c<span>comunicazione chiara, trasparenza dei costi e flessibilit\u00e0 in ogni fase. La nostra metodologia proprietaria consente una pre-valutazione fotografica efficiente e automatizzata, seguita da un processo di autenticazione approfondito se giustificato. Ovunque si trovi la vostra opera d&#8217;arte, l&#8217;esame tecnico in loco e il controllo di esperti creano uno standard di rigore di livello mondiale.<\/span><\/p>\n<p>[\/et_pb_text][\/et_pb_column][\/et_pb_row][et_pb_row _builder_version=&#8221;4.24.2&#8243; _module_preset=&#8221;default&#8221; custom_padding=&#8221;100px|||||&#8221; global_colors_info=&#8221;{}&#8221;][et_pb_column type=&#8221;4_4&#8243; _builder_version=&#8221;4.24.2&#8243; _module_preset=&#8221;default&#8221; global_colors_info=&#8221;{}&#8221;][et_pb_text _builder_version=&#8221;4.24.2&#8243; _module_preset=&#8221;default&#8221; text_font=&#8221;|600|||||||&#8221; text_text_color=&#8221;#0A0A0A&#8221; text_font_size=&#8221;32px&#8221; text_orientation=&#8221;center&#8221; custom_margin=&#8221;||64px|||&#8221; hover_enabled=&#8221;0&#8243; global_colors_info=&#8221;{}&#8221; sticky_enabled=&#8221;0&#8243;]<\/p>\n<p>Siete pronti a far autenticare le vostre opere d&#8217;arte?<\/p>\n<p>[\/et_pb_text][et_pb_button button_url=&#8221;https:\/\/artentika.art\/it\/contatto\/&#8221; button_text=&#8221;Prenota una consulenza gratuita&#8221; button_alignment=&#8221;center&#8221; _builder_version=&#8221;4.24.2&#8243; _module_preset=&#8221;default&#8221; custom_button=&#8221;on&#8221; button_text_size=&#8221;22px&#8221; button_text_color=&#8221;#FFFFFE&#8221; button_bg_color=&#8221;#2D73C8&#8243; button_border_width=&#8221;0px&#8221; button_border_color=&#8221;RGBA(255,255,255,0)&#8221; button_border_radius=&#8221;14px&#8221; button_icon=&#8221;&#x3d;||divi||400&#8243; custom_margin=&#8221;||||false|false&#8221; custom_margin_tablet=&#8221;||||false|false&#8221; custom_margin_phone=&#8221;|||0px|false|false&#8221; custom_margin_last_edited=&#8221;on|desktop&#8221; custom_padding=&#8221;9px||9px||true|false&#8221; global_colors_info=&#8221;{}&#8221;][\/et_pb_button][\/et_pb_column][\/et_pb_row][\/et_pb_section]<\/p>\n","protected":false},"excerpt":{"rendered":"<p>AutenticazioneIl servizio di autenticazione artistica Artentika viene utilizzato per determinare la genuinit\u00e0 e l&#8217;attribuzione delle opere d&#8217;arte. Utilizziamo l&#8217;intelligenza artificiale per una valutazione preliminare e, se sono necessari ulteriori approfondimenti, ci rivolgiamo a un esperto di spicco dell&#8217;artista in questione.Il processo Artentika1 Invio di foto senza sforzo Scattate una foto di alta qualit\u00e0 della vostra [&hellip;]<\/p>\n","protected":false},"author":1,"featured_media":0,"parent":0,"menu_order":0,"comment_status":"closed","ping_status":"closed","template":"","meta":{"_et_pb_use_builder":"on","_et_pb_old_content":"","_et_gb_content_width":"","footnotes":""},"class_list":["post-30728","page","type-page","status-publish","hentry"],"_links":{"self":[{"href":"https:\/\/artentika.art\/it\/wp-json\/wp\/v2\/pages\/30728","targetHints":{"allow":["GET"]}}],"collection":[{"href":"https:\/\/artentika.art\/it\/wp-json\/wp\/v2\/pages"}],"about":[{"href":"https:\/\/artentika.art\/it\/wp-json\/wp\/v2\/types\/page"}],"author":[{"embeddable":true,"href":"https:\/\/artentika.art\/it\/wp-json\/wp\/v2\/users\/1"}],"replies":[{"embeddable":true,"href":"https:\/\/artentika.art\/it\/wp-json\/wp\/v2\/comments?post=30728"}],"version-history":[{"count":9,"href":"https:\/\/artentika.art\/it\/wp-json\/wp\/v2\/pages\/30728\/revisions"}],"predecessor-version":[{"id":32143,"href":"https:\/\/artentika.art\/it\/wp-json\/wp\/v2\/pages\/30728\/revisions\/32143"}],"wp:attachment":[{"href":"https:\/\/artentika.art\/it\/wp-json\/wp\/v2\/media?parent=30728"}],"curies":[{"name":"wp","href":"https:\/\/api.w.org\/{rel}","templated":true}]}}