{"id":31137,"date":"2024-03-14T13:22:20","date_gmt":"2024-03-14T12:22:20","guid":{"rendered":"https:\/\/artentika.art\/contenzioso-artistico\/"},"modified":"2024-03-31T18:22:50","modified_gmt":"2024-03-31T16:22:50","slug":"contenzioso-artistico","status":"publish","type":"page","link":"https:\/\/artentika.art\/it\/contenzioso-artistico\/","title":{"rendered":"Contenzioso artistico"},"content":{"rendered":"<p>[et_pb_section fb_built=&#8221;1&#8243; _builder_version=&#8221;4.24.2&#8243; _module_preset=&#8221;default&#8221; background_color=&#8221;#F9FBFD&#8221; border_width_bottom=&#8221;1px&#8221; border_color_bottom=&#8221;#7569CC&#8221; global_colors_info=&#8221;{}&#8221; da_is_popup=&#8221;off&#8221; da_exit_intent=&#8221;off&#8221; da_has_close=&#8221;on&#8221; da_alt_close=&#8221;off&#8221; da_dark_close=&#8221;off&#8221; da_not_modal=&#8221;on&#8221; da_is_singular=&#8221;off&#8221; da_with_loader=&#8221;off&#8221; da_has_shadow=&#8221;on&#8221; da_disable_devices=&#8221;off|off|off&#8221;][et_pb_row _builder_version=&#8221;4.24.2&#8243; _module_preset=&#8221;default&#8221; global_colors_info=&#8221;{}&#8221;][et_pb_column type=&#8221;4_4&#8243; _builder_version=&#8221;4.24.2&#8243; _module_preset=&#8221;default&#8221; global_colors_info=&#8221;{}&#8221;][et_pb_text _builder_version=&#8221;4.24.2&#8243; _module_preset=&#8221;default&#8221; header_font=&#8221;|700|||||||&#8221; header_text_align=&#8221;center&#8221; header_font_size=&#8221;60px&#8221; global_colors_info=&#8221;{}&#8221;]<\/p>\n<h1><span style=\"color: #2d73c8;\"><span style=\"color: #0a0a0a;\">Il vostro partner nel<\/span> contenzioso artistico<\/span><\/h1>\n<p>[\/et_pb_text][\/et_pb_column][\/et_pb_row][\/et_pb_section][et_pb_section fb_built=&#8221;1&#8243; _builder_version=&#8221;4.24.2&#8243; _module_preset=&#8221;default&#8221; background_color=&#8221;#F9FBFD&#8221; custom_padding=&#8221;||5px|||&#8221; global_colors_info=&#8221;{}&#8221; da_is_popup=&#8221;off&#8221; da_exit_intent=&#8221;off&#8221; da_has_close=&#8221;on&#8221; da_alt_close=&#8221;off&#8221; da_dark_close=&#8221;off&#8221; da_not_modal=&#8221;on&#8221; da_is_singular=&#8221;off&#8221; da_with_loader=&#8221;off&#8221; da_has_shadow=&#8221;on&#8221; da_disable_devices=&#8221;off|off|off&#8221;][et_pb_row _builder_version=&#8221;4.24.2&#8243; _module_preset=&#8221;default&#8221; custom_padding=&#8221;||18px|||&#8221; global_colors_info=&#8221;{}&#8221;][et_pb_column type=&#8221;4_4&#8243; _builder_version=&#8221;4.24.2&#8243; _module_preset=&#8221;default&#8221; global_colors_info=&#8221;{}&#8221;][et_pb_text _builder_version=&#8221;4.24.2&#8243; _module_preset=&#8221;default&#8221; text_text_color=&#8221;#0A0A0A&#8221; text_font_size=&#8221;18px&#8221; global_colors_info=&#8221;{}&#8221;]<\/p>\n<p>Nel complesso mondo del diritto dell&#8217;arte, dove l&#8217;autenticit\u00e0, le controversie sulla propriet\u00e0, i diritti d&#8217;autore e i casi di restituzione si basano su un&#8217;analisi approfondita, Artentika fornisce una soluzione basata sulla scienza e convalidata dai principali conoscitori d&#8217;arte:<\/p>\n<ul>\n<li>Analisi all&#8217;avanguardia: Utilizziamo tecniche di imaging e di analisi dei materiali all&#8217;avanguardia, superando le capacit\u00e0 dell&#8217;ispezione umana tradizionale. In questo modo si scoprono sottili anomalie, tracce di restauro e incongruenze potenzialmente indicative di falsificazioni o danni.<\/li>\n<li>Approfondimenti basati sull&#8217;intelligenza artificiale: I nostri algoritmi di intelligenza artificiale elaborano grandi quantit\u00e0 di dati, riconoscendo schemi e identificando potenziali segnali di preoccupazione trascurati a occhio nudo.<\/li>\n<li>Il tocco umano: Nessuna tecnologia pu\u00f2 sostituire l&#8217;occhio attento e la profonda conoscenza di un esperto d&#8217;arte. Ecco perch\u00e9 ogni analisi di Artentika \u00e8 sottoposta a una rigorosa convalida riga per riga da parte di un conoscitore d&#8217;arte specializzato nell&#8217;artista in questione.<\/li>\n<li>Doppia garanzia: Quando un&#8217;opera supera il nostro processo combinato di autenticazione tecnologica e umana, i risultati culminano in un rapporto co-firmato sia dall&#8217;esperto d&#8217;arte che dal nostro Chief Scientist. Questo livello di prove verificabili infonde una fiducia senza pari.<\/li>\n<\/ul>\n<p>[\/et_pb_text][et_pb_divider color=&#8221;#7569CC&#8221; _builder_version=&#8221;4.24.2&#8243; _module_preset=&#8221;default&#8221; custom_margin=&#8221;||-6px|||&#8221; custom_padding=&#8221;||0px|||&#8221; global_colors_info=&#8221;{}&#8221;][\/et_pb_divider][et_pb_text _builder_version=&#8221;4.24.2&#8243; _module_preset=&#8221;default&#8221; text_text_color=&#8221;#0A0A0A&#8221; text_font_size=&#8221;18px&#8221; custom_margin=&#8221;29px|||||&#8221; global_colors_info=&#8221;{}&#8221;]<\/p>\n<p>Vantaggi per gli studi legali:<\/p>\n<ul>\n<li>Valutazione dell&#8217;autenticit\u00e0 ineccepibile: Sostenete o contestate la provenienza delle opere d&#8217;arte con una miscela convincente di prove guidate dall&#8217;intelligenza artificiale e di autenticazione da parte di esperti. Per rafforzare le richieste di restituzione o per difendersi da esse, \u00e8 sufficiente una documentazione inconfutabile delle origini di un&#8217;opera d&#8217;arte.<\/li>\n<li>Valutazione precisa dei danni: Valutare l&#8217;entit\u00e0 del danno, individuare i tentativi di ripristino e quantificare le richieste di risarcimento in modo oggettivo e scientificamente verificabile.<\/li>\n<li>Rafforzate le argomentazioni con una documentazione inoppugnabile: I nostri report completi confermano le vostre affermazioni in merito a violazioni, diritti di uso corretto e legittima propriet\u00e0 nelle controversie sul diritto d&#8217;autore. Sostenere le argomentazioni storiche sulle origini di un&#8217;opera d&#8217;arte in casi complessi di restituzione.<\/li>\n<li>Mitigazione del rischio attraverso la due diligence: Identificare in modo proattivo le potenziali vulnerabilit\u00e0 legate all&#8217;autenticit\u00e0 o allo stato di un&#8217;opera d&#8217;arte, salvaguardando gli ingenti investimenti dei vostri clienti.<\/li>\n<\/ul>\n<p>[\/et_pb_text][\/et_pb_column][\/et_pb_row][\/et_pb_section][et_pb_section fb_built=&#8221;1&#8243; _builder_version=&#8221;4.24.2&#8243; _module_preset=&#8221;default&#8221; background_color=&#8221;#F9FBFD&#8221; global_colors_info=&#8221;{}&#8221; da_is_popup=&#8221;off&#8221; da_exit_intent=&#8221;off&#8221; da_has_close=&#8221;on&#8221; da_alt_close=&#8221;off&#8221; da_dark_close=&#8221;off&#8221; da_not_modal=&#8221;on&#8221; da_is_singular=&#8221;off&#8221; da_with_loader=&#8221;off&#8221; da_has_shadow=&#8221;on&#8221; da_disable_devices=&#8221;off|off|off&#8221;][et_pb_row _builder_version=&#8221;4.24.2&#8243; _module_preset=&#8221;default&#8221; global_colors_info=&#8221;{}&#8221;][et_pb_column type=&#8221;4_4&#8243; _builder_version=&#8221;4.24.2&#8243; _module_preset=&#8221;default&#8221; global_colors_info=&#8221;{}&#8221;][et_pb_text _builder_version=&#8221;4.24.2&#8243; _module_preset=&#8221;default&#8221; header_4_font=&#8221;|600|||||||&#8221; header_4_text_align=&#8221;center&#8221; header_4_font_size=&#8221;32px&#8221; text_orientation=&#8221;center&#8221; hover_enabled=&#8221;0&#8243; global_colors_info=&#8221;{}&#8221; sticky_enabled=&#8221;0&#8243;]<\/p>\n<h4>Come possiamo aiutarvi?<\/h4>\n<div id=\"gtx-trans\" style=\"position: absolute; left: 270px; top: 43.2656px;\">\n<div class=\"gtx-trans-icon\"><\/div>\n<\/div>\n<p>[\/et_pb_text][et_pb_button button_url=&#8221;https:\/\/artentika.art\/it\/contatto\/&#8221; button_text=&#8221;Prenota una consulenza gratuita&#8221; button_alignment=&#8221;center&#8221; _builder_version=&#8221;4.24.2&#8243; _module_preset=&#8221;default&#8221; custom_button=&#8221;on&#8221; button_text_size=&#8221;22px&#8221; button_text_color=&#8221;#FFFFFE&#8221; button_bg_color=&#8221;#2D73C8&#8243; button_border_width=&#8221;0px&#8221; button_border_color=&#8221;RGBA(255,255,255,0)&#8221; button_border_radius=&#8221;14px&#8221; button_icon=&#8221;&#x3d;||divi||400&#8243; custom_margin=&#8221;|||30px|false|false&#8221; custom_padding=&#8221;9px||9px||true|false&#8221; global_colors_info=&#8221;{}&#8221;][\/et_pb_button][\/et_pb_column][\/et_pb_row][\/et_pb_section]<\/p>\n","protected":false},"excerpt":{"rendered":"<p>Il vostro partner nel contenzioso artisticoNel complesso mondo del diritto dell&#8217;arte, dove l&#8217;autenticit\u00e0, le controversie sulla propriet\u00e0, i diritti d&#8217;autore e i casi di restituzione si basano su un&#8217;analisi approfondita, Artentika fornisce una soluzione basata sulla scienza e convalidata dai principali conoscitori d&#8217;arte: Analisi all&#8217;avanguardia: Utilizziamo tecniche di imaging e di analisi dei materiali all&#8217;avanguardia, [&hellip;]<\/p>\n","protected":false},"author":1,"featured_media":0,"parent":0,"menu_order":0,"comment_status":"closed","ping_status":"closed","template":"","meta":{"_et_pb_use_builder":"on","_et_pb_old_content":"","_et_gb_content_width":"","footnotes":""},"class_list":["post-31137","page","type-page","status-publish","hentry"],"_links":{"self":[{"href":"https:\/\/artentika.art\/it\/wp-json\/wp\/v2\/pages\/31137","targetHints":{"allow":["GET"]}}],"collection":[{"href":"https:\/\/artentika.art\/it\/wp-json\/wp\/v2\/pages"}],"about":[{"href":"https:\/\/artentika.art\/it\/wp-json\/wp\/v2\/types\/page"}],"author":[{"embeddable":true,"href":"https:\/\/artentika.art\/it\/wp-json\/wp\/v2\/users\/1"}],"replies":[{"embeddable":true,"href":"https:\/\/artentika.art\/it\/wp-json\/wp\/v2\/comments?post=31137"}],"version-history":[{"count":9,"href":"https:\/\/artentika.art\/it\/wp-json\/wp\/v2\/pages\/31137\/revisions"}],"predecessor-version":[{"id":31995,"href":"https:\/\/artentika.art\/it\/wp-json\/wp\/v2\/pages\/31137\/revisions\/31995"}],"wp:attachment":[{"href":"https:\/\/artentika.art\/it\/wp-json\/wp\/v2\/media?parent=31137"}],"curies":[{"name":"wp","href":"https:\/\/api.w.org\/{rel}","templated":true}]}}