{"id":31351,"date":"2024-03-13T16:42:20","date_gmt":"2024-03-13T15:42:20","guid":{"rendered":"https:\/\/artentika.art\/brevetto\/"},"modified":"2024-03-26T18:42:51","modified_gmt":"2024-03-26T17:42:51","slug":"brevetto","status":"publish","type":"page","link":"https:\/\/artentika.art\/it\/brevetto\/","title":{"rendered":"Brevetto"},"content":{"rendered":"<p>[et_pb_section fb_built=&#8221;1&#8243; _builder_version=&#8221;4.24.2&#8243; _module_preset=&#8221;default&#8221; background_color=&#8221;#F9FBFD&#8221; border_width_bottom=&#8221;1px&#8221; border_color_bottom=&#8221;#7569CC&#8221; global_colors_info=&#8221;{}&#8221; da_is_popup=&#8221;off&#8221; da_exit_intent=&#8221;off&#8221; da_has_close=&#8221;on&#8221; da_alt_close=&#8221;off&#8221; da_dark_close=&#8221;off&#8221; da_not_modal=&#8221;on&#8221; da_is_singular=&#8221;off&#8221; da_with_loader=&#8221;off&#8221; da_has_shadow=&#8221;on&#8221; da_disable_devices=&#8221;off|off|off&#8221;][et_pb_row _builder_version=&#8221;4.24.2&#8243; _module_preset=&#8221;default&#8221; global_colors_info=&#8221;{}&#8221;][et_pb_column type=&#8221;4_4&#8243; _builder_version=&#8221;4.24.2&#8243; _module_preset=&#8221;default&#8221; global_colors_info=&#8221;{}&#8221;][et_pb_text _builder_version=&#8221;4.24.2&#8243; _module_preset=&#8221;default&#8221; header_font=&#8221;|700|||||||&#8221; header_text_align=&#8221;center&#8221; header_font_size=&#8221;60px&#8221; global_colors_info=&#8221;{}&#8221;]<\/p>\n<h1><span style=\"color: #2d73c8;\">Brevetto<\/span><\/h1>\n<p>[\/et_pb_text][\/et_pb_column][\/et_pb_row][\/et_pb_section][et_pb_section fb_built=&#8221;1&#8243; _builder_version=&#8221;4.24.2&#8243; _module_preset=&#8221;default&#8221; background_color=&#8221;#F9FBFD&#8221; global_colors_info=&#8221;{}&#8221; da_is_popup=&#8221;off&#8221; da_exit_intent=&#8221;off&#8221; da_has_close=&#8221;on&#8221; da_alt_close=&#8221;off&#8221; da_dark_close=&#8221;off&#8221; da_not_modal=&#8221;on&#8221; da_is_singular=&#8221;off&#8221; da_with_loader=&#8221;off&#8221; da_has_shadow=&#8221;on&#8221; da_disable_devices=&#8221;off|off|off&#8221;][et_pb_row column_structure=&#8221;1_2,1_2&#8243; _builder_version=&#8221;4.24.2&#8243; _module_preset=&#8221;default&#8221; global_colors_info=&#8221;{}&#8221;][et_pb_column type=&#8221;1_2&#8243; _builder_version=&#8221;4.24.2&#8243; _module_preset=&#8221;default&#8221; global_colors_info=&#8221;{}&#8221;][et_pb_text _builder_version=&#8221;4.24.2&#8243; _module_preset=&#8221;default&#8221; text_text_color=&#8221;#0A0A0A&#8221; text_font_size=&#8221;18px&#8221; header_2_font=&#8221;|700|||||||&#8221; header_2_font_size=&#8221;30px&#8221; global_colors_info=&#8221;{}&#8221;]<\/p>\n<h2>US20210042703A1<\/h2>\n<p>&nbsp;<\/p>\n<p>Inventata dal CEO Albertus Geldenhuys, Artentika \u00e8 l&#8217;unica azienda al mondo ad aver ottenuto un brevetto statunitense per la tecnologia di autenticazione dell&#8217;arte. Riguarda &#8220;Elaborazione delle minuzie dei dati digitali per l&#8217;analisi dei manufatti culturali&#8221; ed \u00e8 valido fino al 17.01.2039. Il brevetto \u00e8 un bene molto prezioso, anche perch\u00e9 gli Stati Uniti rappresentano quasi la met\u00e0 del mercato mondiale dell&#8217;arte. I principali vantaggi competitivi offerti dal nostro brevetto nel mercato globale della conservazione culturale possono essere riassunti come segue. Ribadiamo che la nostra analisi digitale di un&#8217;opera viene esaminata da un esperto dell&#8217;artista prima di emettere qualsiasi rapporto.<\/p>\n<p>[\/et_pb_text][\/et_pb_column][et_pb_column type=&#8221;1_2&#8243; _builder_version=&#8221;4.24.2&#8243; _module_preset=&#8221;default&#8221; global_colors_info=&#8221;{}&#8221;][et_pb_image src=&#8221;https:\/\/artentika.art\/wp-content\/uploads\/2024\/03\/patent.png&#8221; title_text=&#8221;brevetto&#8221; align=&#8221;center&#8221; _builder_version=&#8221;4.24.2&#8243; _module_preset=&#8221;default&#8221; max_height=&#8221;600px&#8221; hover_enabled=&#8221;0&#8243; global_colors_info=&#8221;{}&#8221; sticky_enabled=&#8221;0&#8243;][\/et_pb_image][\/et_pb_column][\/et_pb_row][\/et_pb_section][et_pb_section fb_built=&#8221;1&#8243; _builder_version=&#8221;4.24.2&#8243; _module_preset=&#8221;default&#8221; background_color=&#8221;#F9FBFD&#8221; custom_padding=&#8221;||100px|||&#8221; global_colors_info=&#8221;{}&#8221; da_is_popup=&#8221;off&#8221; da_exit_intent=&#8221;off&#8221; da_has_close=&#8221;on&#8221; da_alt_close=&#8221;off&#8221; da_dark_close=&#8221;off&#8221; da_not_modal=&#8221;on&#8221; da_is_singular=&#8221;off&#8221; da_with_loader=&#8221;off&#8221; da_has_shadow=&#8221;on&#8221; da_disable_devices=&#8221;off|off|off&#8221;][et_pb_row column_structure=&#8221;1_2,1_2&#8243; use_custom_gutter=&#8221;on&#8221; gutter_width=&#8221;4&#8243; _builder_version=&#8221;4.24.2&#8243; _module_preset=&#8221;default&#8221; max_width=&#8221;1600px&#8221; global_colors_info=&#8221;{}&#8221;][et_pb_column type=&#8221;1_2&#8243; _builder_version=&#8221;4.24.2&#8243; _module_preset=&#8221;default&#8221; global_colors_info=&#8221;{}&#8221;][et_pb_text _builder_version=&#8221;4.24.2&#8243; _module_preset=&#8221;default&#8221; text_font_size=&#8221;18px&#8221; header_3_font=&#8221;|600|||||||&#8221; header_3_font_size=&#8221;23px&#8221; header_3_line_height=&#8221;1.7em&#8221; background_color=&#8221;#E5E8F6&#8243; custom_padding=&#8221;30px|40px|30px|40px|true|true&#8221; border_radii=&#8221;on|48px|48px|48px|48px&#8221; border_width_all=&#8221;2px&#8221; border_color_all=&#8221;#7569CC&#8221; global_colors_info=&#8221;{}&#8221;]<\/p>\n<h3>Tecnologia innovativa e inedita<\/h3>\n<p><span style=\"color: #0a0a0a;\">Il metodo unico del brevetto per l&#8217;elaborazione delle minuzie dei dati digitali offre un approccio rivoluzionario all&#8217;analisi e all&#8217;autenticazione dei manufatti, fornendo un livello di accuratezza e precisione ineguagliato dai metodi convenzionali.<\/span><\/p>\n<p>[\/et_pb_text][\/et_pb_column][et_pb_column type=&#8221;1_2&#8243; _builder_version=&#8221;4.24.2&#8243; _module_preset=&#8221;default&#8221; global_colors_info=&#8221;{}&#8221;][et_pb_text _builder_version=&#8221;4.24.2&#8243; _module_preset=&#8221;default&#8221; text_font_size=&#8221;18px&#8221; header_3_font=&#8221;|600|||||||&#8221; header_3_font_size=&#8221;23px&#8221; header_3_line_height=&#8221;1.7em&#8221; background_color=&#8221;#E5E8F6&#8243; custom_padding=&#8221;30px|40px|30px|40px|true|true&#8221; border_radii=&#8221;on|48px|48px|48px|48px&#8221; border_width_all=&#8221;2px&#8221; border_color_all=&#8221;#7569CC&#8221; locked=&#8221;off&#8221; global_colors_info=&#8221;{}&#8221;]<\/p>\n<h3>Analisi e autenticazione degli artefatti migliorate  <\/h3>\n<p><span style=\"color: #0a0000;\">La tecnologia del brevetto consente di estrarre caratteristiche e informazioni significative dagli artefatti culturali, migliorando l&#8217;autenticazione, la classificazione e la conservazione.  <\/span><\/p>\n<p>[\/et_pb_text][\/et_pb_column][\/et_pb_row][et_pb_row column_structure=&#8221;1_2,1_2&#8243; use_custom_gutter=&#8221;on&#8221; gutter_width=&#8221;4&#8243; _builder_version=&#8221;4.24.2&#8243; _module_preset=&#8221;default&#8221; max_width=&#8221;1600px&#8221; global_colors_info=&#8221;{}&#8221;][et_pb_column type=&#8221;1_2&#8243; _builder_version=&#8221;4.24.2&#8243; _module_preset=&#8221;default&#8221; global_colors_info=&#8221;{}&#8221;][et_pb_text _builder_version=&#8221;4.24.2&#8243; _module_preset=&#8221;default&#8221; text_text_color=&#8221;#0A0A0A&#8221; text_font_size=&#8221;18px&#8221; header_3_font=&#8221;|600|||||||&#8221; header_3_font_size=&#8221;23px&#8221; header_3_line_height=&#8221;1.7em&#8221; background_color=&#8221;#eef4fa&#8221; custom_padding=&#8221;30px|40px|30px|40px|true|true&#8221; border_radii=&#8221;on|48px|48px|48px|48px&#8221; border_width_all=&#8221;2px&#8221; border_color_all=&#8221;#2D73C8&#8243; global_colors_info=&#8221;{}&#8221;]<\/p>\n<h3>Conservazione proattiva dei manufatti<\/h3>\n<p><span style=\"color: #0a0000;\">Monitorando le condizioni dei manufatti nel tempo, la tecnologia del brevetto consente di adottare misure di conservazione proattive, prevenendo il deterioramento e garantendo la conservazione a lungo termine del patrimonio culturale.<\/span><\/p>\n<p>[\/et_pb_text][\/et_pb_column][et_pb_column type=&#8221;1_2&#8243; _builder_version=&#8221;4.24.2&#8243; _module_preset=&#8221;default&#8221; global_colors_info=&#8221;{}&#8221;][et_pb_text _builder_version=&#8221;4.24.2&#8243; _module_preset=&#8221;default&#8221; text_text_color=&#8221;#0A0A0A&#8221; text_font_size=&#8221;18px&#8221; header_3_font=&#8221;|600|||||||&#8221; header_3_font_size=&#8221;23px&#8221; header_3_line_height=&#8221;1.7em&#8221; background_color=&#8221;#eef4fa&#8221; custom_padding=&#8221;30px|40px|30px|40px|true|true&#8221; border_radii=&#8221;on|48px|48px|48px|48px&#8221; border_width_all=&#8221;2px&#8221; border_color_all=&#8221;#2D73C8&#8243; locked=&#8221;off&#8221; global_colors_info=&#8221;{}&#8221;]<\/p>\n<h3>Ampia applicabilit\u00e0 a tutti i tipi di artefatti  <\/h3>\n<p>La tecnologia del brevetto \u00e8 applicabile a un&#8217;ampia gamma di manufatti culturali, da dipinti e sculture a ceramiche e manoscritti, rendendola uno strumento versatile per le istituzioni culturali.  <\/p>\n<p>[\/et_pb_text][\/et_pb_column][\/et_pb_row][et_pb_row column_structure=&#8221;1_2,1_2&#8243; use_custom_gutter=&#8221;on&#8221; gutter_width=&#8221;4&#8243; _builder_version=&#8221;4.24.2&#8243; _module_preset=&#8221;default&#8221; max_width=&#8221;1600px&#8221; global_colors_info=&#8221;{}&#8221;][et_pb_column type=&#8221;1_2&#8243; _builder_version=&#8221;4.24.2&#8243; _module_preset=&#8221;default&#8221; global_colors_info=&#8221;{}&#8221;][et_pb_text _builder_version=&#8221;4.24.2&#8243; _module_preset=&#8221;default&#8221; text_text_color=&#8221;#0A0A0A&#8221; text_font_size=&#8221;18px&#8221; header_3_font=&#8221;|600|||||||&#8221; header_3_font_size=&#8221;23px&#8221; header_3_line_height=&#8221;1.7em&#8221; background_color=&#8221;#E5E8F6&#8243; custom_padding=&#8221;30px|40px|30px|40px|true|true&#8221; border_radii=&#8221;on|48px|48px|48px|48px&#8221; border_width_all=&#8221;2px&#8221; border_color_all=&#8221;#7569CC&#8221; global_colors_info=&#8221;{}&#8221;]<\/p>\n<h3>Potenziale di integrazione con i sistemi esistenti  <\/h3>\n<p>La tecnologia del brevetto pu\u00f2 essere integrata con i sistemi di gestione e conservazione dei manufatti esistenti, potenziandone le capacit\u00e0 e fornendo una soluzione completa per le istituzioni culturali.  <\/p>\n<p>[\/et_pb_text][\/et_pb_column][et_pb_column type=&#8221;1_2&#8243; _builder_version=&#8221;4.24.2&#8243; _module_preset=&#8221;default&#8221; global_colors_info=&#8221;{}&#8221;][et_pb_text _builder_version=&#8221;4.24.2&#8243; _module_preset=&#8221;default&#8221; text_text_color=&#8221;#0A0A0A&#8221; text_font_size=&#8221;18px&#8221; header_3_font=&#8221;|600|||||||&#8221; header_3_font_size=&#8221;23px&#8221; header_3_line_height=&#8221;1.7em&#8221; background_color=&#8221;#E5E8F6&#8243; custom_padding=&#8221;30px|40px|30px|40px|true|true&#8221; border_radii=&#8221;on|48px|48px|48px|48px&#8221; border_width_all=&#8221;2px&#8221; border_color_all=&#8221;#7569CC&#8221; locked=&#8221;off&#8221; global_colors_info=&#8221;{}&#8221;]<\/p>\n<h3>Un panorama competitivo ineguagliabile<\/h3>\n<p>L&#8217;approccio unico e i risultati superiori del brevetto lo posizionano come tecnologia leader nel mercato della conservazione culturale, offrendo un vantaggio competitivo rispetto alle soluzioni esistenti.  <\/p>\n<p>[\/et_pb_text][\/et_pb_column][\/et_pb_row][et_pb_row column_structure=&#8221;1_2,1_2&#8243; use_custom_gutter=&#8221;on&#8221; gutter_width=&#8221;4&#8243; _builder_version=&#8221;4.24.2&#8243; _module_preset=&#8221;default&#8221; max_width=&#8221;1600px&#8221; global_colors_info=&#8221;{}&#8221;][et_pb_column type=&#8221;1_2&#8243; _builder_version=&#8221;4.24.2&#8243; _module_preset=&#8221;default&#8221; global_colors_info=&#8221;{}&#8221;][et_pb_text _builder_version=&#8221;4.24.2&#8243; _module_preset=&#8221;default&#8221; text_text_color=&#8221;#0A0A0A&#8221; text_font_size=&#8221;18px&#8221; header_3_font=&#8221;|600|||||||&#8221; header_3_font_size=&#8221;23px&#8221; header_3_line_height=&#8221;1.7em&#8221; background_color=&#8221;#eef4fa&#8221; custom_padding=&#8221;30px|40px|30px|40px|true|true&#8221; border_radii=&#8221;on|48px|48px|48px|48px&#8221; border_width_all=&#8221;2px&#8221; border_color_all=&#8221;#2D73C8&#8243; global_colors_info=&#8221;{}&#8221;]<\/p>\n<h3>Potenziale per la concessione di licenze e la generazione di reddito  <\/h3>\n<p>Il valore del brevetto va oltre la sua applicazione diretta, offrendo opportunit\u00e0 di licenza a sviluppatori di software e fornitori di servizi nel settore dei beni culturali.  <\/p>\n<p>[\/et_pb_text][\/et_pb_column][et_pb_column type=&#8221;1_2&#8243; _builder_version=&#8221;4.24.2&#8243; _module_preset=&#8221;default&#8221; global_colors_info=&#8221;{}&#8221;][et_pb_text _builder_version=&#8221;4.24.2&#8243; _module_preset=&#8221;default&#8221; text_text_color=&#8221;#0A0A0A&#8221; text_font_size=&#8221;18px&#8221; header_3_font=&#8221;|600|||||||&#8221; header_3_font_size=&#8221;23px&#8221; header_3_line_height=&#8221;1.7em&#8221; background_color=&#8221;#eef4fa&#8221; custom_padding=&#8221;30px|40px|30px|40px|true|true&#8221; border_radii=&#8221;on|48px|48px|48px|48px&#8221; border_width_all=&#8221;2px&#8221; border_color_all=&#8221;#2D73C8&#8243; locked=&#8221;off&#8221; global_colors_info=&#8221;{}&#8221;]<\/p>\n<h3>Contributo alla conservazione del patrimonio culturale  <\/h3>\n<p>La tecnologia del brevetto ha il potenziale per rivoluzionare il modo in cui conserviamo e comprendiamo il nostro patrimonio culturale, con un impatto significativo sull&#8217;intero settore.<\/p>\n<p>[\/et_pb_text][\/et_pb_column][\/et_pb_row][\/et_pb_section]<\/p>\n","protected":false},"excerpt":{"rendered":"<p>BrevettoUS20210042703A1 &nbsp; Inventata dal CEO Albertus Geldenhuys, Artentika \u00e8 l&#8217;unica azienda al mondo ad aver ottenuto un brevetto statunitense per la tecnologia di autenticazione dell&#8217;arte. Riguarda &#8220;Elaborazione delle minuzie dei dati digitali per l&#8217;analisi dei manufatti culturali&#8221; ed \u00e8 valido fino al 17.01.2039. Il brevetto \u00e8 un bene molto prezioso, anche perch\u00e9 gli Stati Uniti [&hellip;]<\/p>\n","protected":false},"author":1,"featured_media":0,"parent":0,"menu_order":0,"comment_status":"closed","ping_status":"closed","template":"","meta":{"_et_pb_use_builder":"on","_et_pb_old_content":"","_et_gb_content_width":"","footnotes":""},"class_list":["post-31351","page","type-page","status-publish","hentry"],"_links":{"self":[{"href":"https:\/\/artentika.art\/it\/wp-json\/wp\/v2\/pages\/31351","targetHints":{"allow":["GET"]}}],"collection":[{"href":"https:\/\/artentika.art\/it\/wp-json\/wp\/v2\/pages"}],"about":[{"href":"https:\/\/artentika.art\/it\/wp-json\/wp\/v2\/types\/page"}],"author":[{"embeddable":true,"href":"https:\/\/artentika.art\/it\/wp-json\/wp\/v2\/users\/1"}],"replies":[{"embeddable":true,"href":"https:\/\/artentika.art\/it\/wp-json\/wp\/v2\/comments?post=31351"}],"version-history":[{"count":5,"href":"https:\/\/artentika.art\/it\/wp-json\/wp\/v2\/pages\/31351\/revisions"}],"predecessor-version":[{"id":31387,"href":"https:\/\/artentika.art\/it\/wp-json\/wp\/v2\/pages\/31351\/revisions\/31387"}],"wp:attachment":[{"href":"https:\/\/artentika.art\/it\/wp-json\/wp\/v2\/media?parent=31351"}],"curies":[{"name":"wp","href":"https:\/\/api.w.org\/{rel}","templated":true}]}}